{"id":9938,"date":"2022-01-14T17:21:48","date_gmt":"2022-01-14T14:21:48","guid":{"rendered":"https:\/\/www.karaisali.bel.tr\/?page_id=9938"},"modified":"2022-01-14T17:21:48","modified_gmt":"2022-01-14T14:21:48","slug":"kasim-2021-meclis-kararlari","status":"publish","type":"page","link":"https:\/\/www.karaisali.bel.tr\/?page_id=9938","title":{"rendered":"Kas\u0131m 2021 Meclis Kararlar\u0131"},"content":{"rendered":"<table>\n<tbody>\n<tr>\n<td>KARAR 75<\/td>\n<\/tr>\n<tr>\n<td>Belediyemiz Mali Hizmetler M\u00fcd\u00fcrl\u00fc\u011f\u00fcn\u00fcn 31\/10\/2021 tarih ve 2696 say\u0131l\u0131 yaz\u0131lar\u0131nda\u037e Fen \u0130\u015fleri  M\u00fcd\u00fcrl\u00fc\u011f\u00fcnce yol yap\u0131m\u0131nda kullanmak<br \/>\n\u00fczere 3.500.000,00\u00adTL GES projesi ve sosyal tesis hizmetlerinde (kapal\u0131 pazar yeri ve \u00fczeri GES yap\u0131m\u0131 ) kullan\u0131lmak \u00fczere 3.500.000,00\u00adTL<br \/>\nolmak \u00fczere toplam 7.000.000,00\u00adTL (YED\u0130M\u0130LYONT\u00dcRKL\u0130RASI)  ek b\u00fct\u00e7e talebinin Belediyemiz Meclisince g\u00f6r\u00fc\u015f\u00fclmek \u00fczere    Belediye<br \/>\nMeclisine havalesini arz ederim. Denilmekte olup, teklif hakk\u0131nda s\u00f6z isteyen olup, olmad\u0131\u011f\u0131 soruldu. Meclis Ba\u015fkan\u0131 teklifin Belediyemiz Plan B\u00fct\u00e7e<br \/>\nve M\u00fc\u015fterek Komisyonunda g\u00f6r\u00fc\u015f\u00fclmek \u00fczere havale edilmesini teklif ediyorum. Dedi. Teklif oylamaya sunuldu. Yap\u0131lan oylama sonucunda teklifin<br \/>\nkabul\u00fcne oy birli\u011fi ile karar verildi.\n<\/td>\n<\/tr>\n<tr>\n<td>KARAR 76<\/td>\n<\/tr>\n<tr>\n<td> Belediyemiz \u0130mar ve \u015eehircilik M\u00fc\u015fterek Komisyonunun \u0130l\u00e7emiz \u00c7evlik Mahallesi K\u0131z\u0131lda\u011f Yaylas\u0131 148 ada 65\u00ad66\u00ad67\u00ad68\u00ad69 aras\u0131nda kalan<br \/>\nsoka\u011fa isim verilmesi ile ilgili komisyon raporu yaz\u0131 ekinde sunulmu\u015f olup, Belediyemiz Meclisince g\u00f6r\u00fc\u015f\u00fclmek ve onaylanmak \u00fczere havalesini<br \/>\nOlurlar\u0131n\u0131za arz ederim. Denilmekte olup Komisyon Raporunda &#8221; \u0130l\u00e7emiz  \u00c7evlik Mahallesi K\u0131z\u0131lda\u011f Yaylas\u0131 148 ada 65\u00ad66\u00ad67\u00ad68\u00ad69\u00ad70 parseller<br \/>\naras\u0131nda kalan soka\u011f\u0131n ismi bulunmad\u0131\u011f\u0131ndan s\u00f6z konusu soka\u011fa UMUT SOKA\u011eI isminin verilmesinde sak\u0131nca bulunmam\u0131\u015ft\u0131r. \u0130l\u00e7emiz \u00c7evlik<br \/>\nMahallesi K\u0131z\u0131lda\u011f Yaylas\u0131 148 ada 65\u00ad66\u00ad67\u00ad68\u00ad69\u00ad70 parseller aras\u0131nda kalan soka\u011f\u0131n isminin Umut Soka\u011f\u0131 verilmesine komisyonumuzca oy<br \/>\nbirli\u011fi ile uygun bulunmu\u015f olup, komisyon raporunun Meclise sunulmas\u0131na karar verildi.Denilmekte olup, okunan komisyon raporu oylamaya sunuldu.<br \/>\nYap\u0131lan oylama neticesinde komisyon raporunun komisyondan geldi\u011fi gibi kabul edilmesine oy birli\u011fi ile karar verildi.\n<\/td>\n<\/tr>\n<tr>\n<td>KARAR 77<\/td>\n<\/tr>\n<tr>\n<td>  Belediyemiz Plan B\u00fctce ve M\u00fc\u015fterek Komisyonunun 2021 Y\u0131l\u0131 Ek B\u00fct\u00e7esi ile ilgili Komisyon Raporunda aynen\u037e Belediyemiz Meclisince<br \/>\nkomisyonumuzda g\u00f6r\u00fc\u015f\u00fclmek \u00fczere havale edilen Belediyemiz Mali Hizmetler M\u00fcd\u00fcrl\u00fc\u011f\u00fcn\u00fcn 31\/10\/2021 tarih ve 2696  say\u0131l\u0131 yaz\u0131lar\u0131 ekinde<br \/>\nkomisyonumuza sunulan tekliflerinde Fen \u0130\u015fleri M\u00fcd\u00fcrl\u00fc\u011f\u00fcnce yol yap\u0131m\u0131nda kullan\u0131lmak \u00fczere 3.500.000\u00adTL GES projesi , ve sosyal tesis<br \/>\nhizmetlerinde (Kapal\u0131 Pazar yeri ve \u00fczeri GES yap\u0131m\u0131) kullan\u0131lmak \u00fczere 3.500.000\u00adTL olmak \u00fczere toplam 7.000.000\u00adTL<br \/>\n(YED\u0130M\u0130LYONT\u00dcRKL\u0130RASI)  ek b\u00fct\u00e7e  teklifi   komisyonumuzca  g\u00f6r\u00fc\u015f\u00fclm\u00fc\u015f olup komisyonumuzca 2021 y\u0131l\u0131 ek b\u00fct\u00e7esinin uygunlu\u011funa,<br \/>\nkarar\u0131m\u0131z\u0131n Belediyemiz Meclisine sunulmas\u0131na oy birli\u011fi ile karar verildi. Denilmekte olup, okunan komisyon raporu oylamaya sunuldu. Yap\u0131lan<br \/>\noylama neticesinde komisyon raporunun komisyondan geldi\u011fi gibi kabul edilmesine  oy birli\u011fi ile karar verildi.\n<\/td>\n<\/tr>\n<tr>\n<td>KARAR 78<\/td>\n<\/tr>\n<tr>\n<td>  Belediyemiz Meclis \u00dcyelerinden Abdullah KA\u00c7AR &#8216;\u0131n g\u00fcndem d\u0131\u015f\u0131 teklifinde Belediyemiz Meclis \u00dcyelerinin  giderleri belediyemiz b\u00fct\u00e7esinden<br \/>\nkar\u015f\u0131lanmak \u00fczere Yurt d\u0131\u015f\u0131 ara\u015ft\u0131rma ve inceleme gezisi (Makedonya\u00ad Kosova\u00ad Karada\u011f \u00dclkeleri) yap\u0131lmas\u0131 ile ilgili teklif ekte sunulmu\u015f olup,<br \/>\nBelediyemiz Meclisince g\u00f6r\u00fc\u015f\u00fclerek karar al\u0131nmas\u0131n\u0131 Olurlar\u0131n\u0131za arz ederim. Denilmekte olup teklif oylamaya sunuldu. Yap\u0131lan oylama<br \/>\nneticesinde  Belediyemiz Meclis \u00dcyelerinin  konaklama , ula\u015f\u0131m ve ia\u015fe giderleri belediyemiz b\u00fct\u00e7esinden kar\u015f\u0131lanmak \u00fczere Makedonya\u00ad KosovaKarada\u011f \u00dclkelerine Yurt d\u0131\u015f\u0131 ara\u015ft\u0131rma ve inceleme gezisi yap\u0131lmas\u0131na oy birli\u011fi ile karar verildi.<\/td>\n<\/tr>\n<\/tbody>\n<\/table>\n","protected":false},"excerpt":{"rendered":"<p>KARAR 75 Belediyemiz Mali Hizmetler M\u00fcd\u00fcrl\u00fc\u011f\u00fcn\u00fcn 31\/10\/2021 tarih ve 2696 say\u0131l\u0131 yaz\u0131lar\u0131nda\u037e Fen \u0130\u015fleri M\u00fcd\u00fcrl\u00fc\u011f\u00fcnce yol yap\u0131m\u0131nda kullanmak \u00fczere 3.500.000,00\u00adTL GES projesi ve sosyal tesis hizmetlerinde (kapal\u0131 pazar yeri ve \u00fczeri GES yap\u0131m\u0131 ) kullan\u0131lmak \u00fczere 3.500.000,00\u00adTL olmak \u00fczere toplam 7.000.000,00\u00adTL (YED\u0130M\u0130LYONT\u00dcRKL\u0130RASI) ek b\u00fct\u00e7e talebinin Belediyemiz Meclisince g\u00f6r\u00fc\u015f\u00fclmek \u00fczere Belediye Meclisine havalesini arz ederim. Denilmekte [&hellip;]<\/p>\n","protected":false},"author":10,"featured_media":0,"parent":9425,"menu_order":202111,"comment_status":"closed","ping_status":"closed","template":"","meta":{"footnotes":""},"class_list":["post-9938","page","type-page","status-publish","hentry"],"_links":{"self":[{"href":"https:\/\/www.karaisali.bel.tr\/index.php?rest_route=\/wp\/v2\/pages\/9938","targetHints":{"allow":["GET"]}}],"collection":[{"href":"https:\/\/www.karaisali.bel.tr\/index.php?rest_route=\/wp\/v2\/pages"}],"about":[{"href":"https:\/\/www.karaisali.bel.tr\/index.php?rest_route=\/wp\/v2\/types\/page"}],"author":[{"embeddable":true,"href":"https:\/\/www.karaisali.bel.tr\/index.php?rest_route=\/wp\/v2\/users\/10"}],"replies":[{"embeddable":true,"href":"https:\/\/www.karaisali.bel.tr\/index.php?rest_route=%2Fwp%2Fv2%2Fcomments&post=9938"}],"version-history":[{"count":0,"href":"https:\/\/www.karaisali.bel.tr\/index.php?rest_route=\/wp\/v2\/pages\/9938\/revisions"}],"up":[{"embeddable":true,"href":"https:\/\/www.karaisali.bel.tr\/index.php?rest_route=\/wp\/v2\/pages\/9425"}],"wp:attachment":[{"href":"https:\/\/www.karaisali.bel.tr\/index.php?rest_route=%2Fwp%2Fv2%2Fmedia&parent=9938"}],"curies":[{"name":"wp","href":"https:\/\/api.w.org\/{rel}","templated":true}]}}