{"id":9934,"date":"2022-01-14T17:11:59","date_gmt":"2022-01-14T14:11:59","guid":{"rendered":"https:\/\/www.karaisali.bel.tr\/?page_id=9934"},"modified":"2022-01-14T17:11:59","modified_gmt":"2022-01-14T14:11:59","slug":"eylul-2021-meclis-kararlari","status":"publish","type":"page","link":"https:\/\/www.karaisali.bel.tr\/?page_id=9934","title":{"rendered":"Eyl\u00fcl 2021 Meclis Kararlar\u0131"},"content":{"rendered":"<table>\n<tbody>\n<tr>\n<td>KARAR 59<\/td>\n<\/tr>\n<tr>\n<td> Belediyemiz Mali Hizmetler M\u00fcd\u00fcrl\u00fc\u011f\u00fcn\u00fc 31\/08\/2021 tarih ve 2088 say\u0131l\u0131 yaz\u0131lar\u0131nda\u037e Belediye Ba\u015fkanl\u0131\u011f\u0131m\u0131za ba\u011fl\u0131 Karaisal\u0131 Belediyesi Personel Limited<br \/>\n\u015eirketinin belediyemize kesmi\u015f oldu\u011fu faturalar 2020 y\u0131l\u0131 i\u00e7erisinde Temizlik \u0130\u015fleri M\u00fcd\u00fcrl\u00fc\u011f\u00fc \u00fczerinden muhasebele\u015ftirilir iken 2021 y\u0131l\u0131 \u015fubat ay\u0131ndan sonra<br \/>\nDestek Hizmetleri M\u00fcd\u00fcrl\u00fc\u011f\u00fcne devredilmi\u015ftir. Dolay\u0131s\u0131yla Temizlik \u0130\u015fleri M\u00fcd\u00fcrl\u00fc\u011f\u00fcnde m\u00fcteahhitlik hizmetleri 46.01.09.61_05.03.01.01_503.05.01.04 nolu<br \/>\nb\u00fct\u00e7e kaleminden Destek Hizmetleri M\u00fcd\u00fcrl\u00fc\u011f\u00fc m\u00fcteahhitlik hizmetleri 46.010.9.23_1.03.09.01_5_03.05.01.04 nolu b\u00fct\u00e7e kalemine 4.500.000,00 TL b\u00fct\u00e7e<br \/>\naktar\u0131m\u0131 yap\u0131lmas\u0131 i\u00e7in Belediyemiz Meclisine havalesini Olurlar\u0131n\u0131za arz ederim. Denilmekte olup, okunan teklif hakk\u0131nda s\u00f6z isteyen olup, olmad\u0131\u011f\u0131 soruldu.<br \/>\n\u00dcyelerden Abdullah KA\u00c7AR s\u00f6z ald\u0131. Arkada\u015flar teklifin Belediyemiz Plan B\u00fct\u00e7e ve M\u00fc\u015fterek Komisyonda g\u00f6r\u00fc\u015f\u00fclmek \u00fczere havalesini teklif ediyorum. Dedi.<br \/>\nTeklif oylamaya sunuldu. Yap\u0131lan oylama neticesinde teklifin kabul\u00fcne oy birli\u011fi ile karar verildi.\n<\/td>\n<\/tr>\n<tr>\n<td>KARAR 60<\/td>\n<\/tr>\n<tr>\n<td>Belediyemiz \u0130mar ve \u015eehircilik M\u00fcd\u00fcrl\u00fc\u011f\u00fcn\u00fcn 24\/08\/2021 tarih ve 2037 say\u0131l\u0131 yaz\u0131lar\u0131nda\u037e Toroslar Elektrik Da\u011f\u0131t\u0131m A.\u015e\u2019nin 23.08.2021 Tarih<br \/>\nve 3407 Say\u0131l\u0131 yaz\u0131s\u0131n da \u037e \u0130l\u00e7emiz Karap\u0131nar Mahallesinde 2 adet alanda yatay\u00addikey yap\u0131la\u015fmalardan dolay\u0131 artan enerji ihtiyac\u0131n\u0131n sa\u011fl\u0131kl\u0131 ve<br \/>\ndevaml\u0131 bir \u015fekilde kar\u015f\u0131lanabilmesi ve direk \u00fcst\u00fc trafolar\u0131n yetersiz kalmas\u0131 nedeniyle, mevcut direk \u00fcst\u00fc trafolar\u0131n 34,5 KV\u2019l\u0131k monoblok k\u00f6\u015fk<br \/>\n(kompact tip)trafoya d\u00f6n\u00fc\u015ft\u00fcr\u00fclerek enerji ihtiyac\u0131n\u0131n yeniden d\u00fczenlenebilmesi amac\u0131yla trafo yerine ihtiya\u00e7 duyulmaktad\u0131r.Bu nedenle elektrik<br \/>\n\u015febekesinin fiziki durumu g\u00f6z \u00f6n\u00fcnde bulundurularak zeminde ve planda yap\u0131lan inceleme neticesinde tespit edilen ve teknik olarak trafo tesisine<br \/>\nuygun alan belirlenmi\u015ftir. Ekte planda g\u00f6sterilen alana \u015eirketimizce haz\u0131rlanan alt yap\u0131 yat\u0131r\u0131m projeleri kapsam\u0131nda trafo yap\u0131lmas\u0131 \u00f6ng\u00f6r\u00fclmekte ve<br \/>\nbu do\u011frultuda trafo yeri olarak talep edilmektedir. 3194 Say\u0131l\u0131 \u0130mar Kanununun ilgili maddeleri gere\u011fince gerekli kontrolerin yap\u0131larak trafo yeri<br \/>\nolarak plana i\u015flenmesinin uygunlu\u011funun kontrol edilmesi uygun g\u00f6r\u00fcld\u00fc\u011f\u00fc taktirde plan tadilat\u0131n\u0131n yap\u0131larak trafo yeri olarak tahsis edilmesi talep<br \/>\nedilmektedir, denilmektedir.<br \/>\n                S\u00f6z konusu olan \u0130l\u00e7emiz Karap\u0131nar Mahallesi 245 ada 19 parsel ve 350 ada 5 parselde yap\u0131lmas\u0131 planlanan 2 adet trafo tesisi i\u00e7in<br \/>\nhaz\u0131rlanan dosya ve paftalar M\u00fcd\u00fcrl\u00fc\u011f\u00fcm\u00fczce incelenmi\u015ftir. Yap\u0131lan incelemeler sonucun da trafolar\u0131n yap\u0131lmas\u0131nda sak\u0131nca bulunmam\u0131\u015ft\u0131r. \u0130l\u00e7emiz<br \/>\nKarap\u0131nar Mahallesi 245 ada 19 parsel ve 350 ada 5 parsel de yap\u0131lmas\u0131 planlanan 2 adet trafo monoblok k\u00f6\u015fk ( kompact tip) yap\u0131labilmesi i\u00e7in<br \/>\ngerekli Meclis Karar\u0131 al\u0131nmas\u0131n\u0131 Olurlar\u0131n\u0131za arz ederim. Denilmekte olup, teklif hakk\u0131nda s\u00f6z isteyen olup, olmad\u0131\u011f\u0131 soruldu. \u00dcyelerden Abdullah<br \/>\nKA\u00c7AR s\u00f6z ald\u0131. Arkada\u015flar teklifin \u0130mar ve \u015eehircilik M\u00fc\u015fterek Komisyonunda g\u00f6r\u00fc\u015f\u00fclmek \u00fczere havalesini teklif ediyorum. Dedi. Teklif<br \/>\noylamaya sunuldu. Yap\u0131lan oylama neticesinde teklifin kabul\u00fcne oy birli\u011fi ile karar verildi.\n<\/td>\n<\/tr>\n<tr>\n<td>KARAR 61<\/td>\n<\/tr>\n<tr>\n<td>    Belediyemiz Plan B\u00fct\u00e7e ve M\u00fc\u015fterek Komisyonunun 04\/08\/2021 tarih ve 5 nolu  biyogaz santrali kurulmas\u0131 ile ilgili komisyon raporu yaz\u0131m\u0131z<br \/>\nekinde sunulmu\u015f olup, Belediyemiz Meclisince g\u00f6r\u00fc\u015f\u00fclmek \u00fczere havalesini Olurlar\u0131n\u0131za arz ederdim. Denilmekte olup, Komisyon Raporunda aynen \u037e<br \/>\nBelediyemiz Meclisince komisyonumuzda g\u00f6r\u00fc\u015f\u00fclmek \u00fczere havale edilen\u037e Belediyemiz K\u0131rsal Hizmetler M\u00fcd\u00fcrl\u00fc\u011f\u00fcn\u00fcn 02\/08\/2021 tarih ve 1814<br \/>\nsay\u0131l\u0131 yaz\u0131s\u0131\u037e Kurulmak istenen tesis 3 Mw l\u0131k Biyogaz Santrali olarak adland\u0131r\u0131l\u0131r. Biyogaz santralleri genel prensip olarak\u037e hayvansal ve bitkisel<br \/>\nat\u0131klar\u0131n fermente edilerek metan gaz elde edilmesi, elde edilen gaz\u0131n yak\u0131t olarak kullan\u0131m\u0131 ile elektrik elde edilmesi ve nihai at\u0131k \u00e7amurunun da<br \/>\nkullan\u0131larak organik ve\/veya organomineral g\u00fcbre haline d\u00f6n\u00fc\u015ft\u00fcr\u00fclmesi \u00fczerine \u00e7al\u0131\u015f\u0131l\u0131r.<br \/>\nBu projenin iki \u00f6nemli gelir kalemi vard\u0131r.<br \/>\n1.Elektirik \u00fcretimi<br \/>\n2.Organik ve \/veya orgonomineral g\u00fcbre \u00fcretimi enerji konusunun \u00f6nemi de\u011ferlendirilirken \u015fu \u015fekilde ele almak gerekir\u037e<br \/>\nGeli\u015fen ve h\u0131zla b\u00fcy\u00fcyen d\u00fcnyada enerji hayat\u0131n devaml\u0131l\u0131\u011f\u0131n\u0131 vazge\u00e7ilmez bir par\u00e7as\u0131 durumundad\u0131r.<br \/>\nEnerji ihtiyac\u0131n\u0131n h\u0131zla artmas\u0131 alternatif kaynaklardan enerji \u00fcretmeyi zorunlu hale getirmi\u015ftir.<br \/>\n\u00dclkemizin cari a\u00e7\u0131k olu\u015fumunda en \u00f6nemli kalemi enerji olmas\u0131 anlam\u0131nda, \u00fclke ekonomisine katma de\u011fer sa\u011flamakta son derece \u00f6nemlidir<br \/>\nge\u00e7irilmesi tam da bu noktada \u00f6nem arz etmektedir.<br \/>\nKurulacak olan tesisin b\u00f6lgemize ve belediyemize sa\u011flayaca\u011f\u0131 katk\u0131lar \u015f\u00f6yledir\u037e<br \/>\nEnerji \u00fcretimi<br \/>\nAt\u0131k y\u00f6netimi<br \/>\n\u00dcretilecek g\u00fcbre ile b\u00f6lge \u00e7ift\u00e7isinin verim art\u0131\u015flar\u0131n\u0131n sa\u011flanmas\u0131<br \/>\nB\u00f6lgemizim Ye\u015fil Enerji \u00fcreten bir b\u00f6lge olarak kamuoyuna duyurulmas\u0131<br \/>\nB\u00f6lgede anla\u015fmal\u0131 ekim program\u0131 ile y\u00fcksek enerjili yem bitkilerinin ektirilmesi ve \u00fcreticinin daha y6\u00fcksek gelir elde etmesini sa\u011flayacak<\/td>\n<\/tr>\n<tr>\n<td>KARAR 62<\/td>\n<\/tr>\n<tr>\n<td>Belediyemiz \u0130mar ve \u015eehircilik M\u00fc\u015fterek Komisyonunun 4 nolu komisyon raporu yaz\u0131m\u0131z ekinde sunulmu\u015f olup, Belediyemiz Meclisince g\u00f6r\u00fc\u015f\u00fclmek<br \/>\n\u00fczere havalesini Olurlar\u0131n\u0131za arz ederim. Denilmekte olup, komisyon raporunda aynen\u037e Belediyemiz Meclisinin komisyonumuzda g\u00f6r\u00fc\u015f\u00fclmek \u00fczere havale<br \/>\netti\u011fi\u037e  Toroslar Elektrik Da\u011f\u0131t\u0131m A.\u015e\u2019nin 23.08.2021 Tarih ve 3407 Say\u0131l\u0131 yaz\u0131s\u0131n da \u037e \u0130l\u00e7emiz Karap\u0131nar Mahallesinde 2 adet alanda yatay\u00addikey<br \/>\nyap\u0131la\u015fmalardan dolay\u0131 artan enerji ihtiyac\u0131n\u0131n sa\u011fl\u0131kl\u0131 ve devaml\u0131 bir \u015fekilde kar\u015f\u0131lanabilmesi ve direk \u00fcst\u00fc trafolar\u0131n yetersiz kalmas\u0131 nedeniyle, mevcut direk<br \/>\n\u00fcst\u00fc trafolar\u0131n 34,5 KV\u2019l\u0131k monoblok k\u00f6\u015fk (kompact tip)trafoya d\u00f6n\u00fc\u015ft\u00fcr\u00fclerek enerji ihtiyac\u0131n\u0131n yeniden d\u00fczenlenebilmesi amac\u0131yla trafo yerine ihtiya\u00e7<br \/>\nduyulmaktad\u0131r. Bu nedenle elektrik \u015febekesinin fiziki durumu g\u00f6z \u00f6n\u00fcnde bulundurularak zeminde ve planda yap\u0131lan inceleme neticesinde tespit edilen ve teknik<br \/>\nolarak trafo tesisine uygun alan belirlenmi\u015ftir. Ekte planda g\u00f6sterilen alana \u015eirketimizce haz\u0131rlanan alt yap\u0131 yat\u0131r\u0131m projeleri kapsam\u0131nda trafo yap\u0131lmas\u0131<br \/>\n\u00f6ng\u00f6r\u00fclmekte ve bu do\u011frultuda trafo yeri olarak talep edilmektedir. 3194 Say\u0131l\u0131 \u0130mar Kanununun ilgili maddeleri gere\u011fince gerekli kontrollerin yap\u0131larak trafo<br \/>\nyeri olarak plana i\u015flenmesinin uygunlu\u011funun kontrol edilmesi uygun g\u00f6r\u00fcld\u00fc\u011f\u00fc taktirde plan tadilat\u0131n\u0131n yap\u0131larak trafo yeri olarak tahsis edilmesi talep<br \/>\nedilmektedir, denilmektedir. S\u00f6z konusu olan \u0130l\u00e7emiz Karap\u0131nar Mahallesi 245 ada 19 parsel ve 350 ada 5 parselde  yap\u0131lmas\u0131 planlanan 2 adet trafo tesisi i\u00e7in<br \/>\nhaz\u0131rlanan dosya ve paftalar M\u00fcd\u00fcrl\u00fc\u011f\u00fcm\u00fczce incelenmi\u015ftir. Yap\u0131lan incelemeler sonucun da trafolar\u0131n yap\u0131lmas\u0131nda sak\u0131nca bulunmam\u0131\u015ft\u0131r. \u0130l\u00e7emiz Karap\u0131nar<br \/>\nMahallesi 245 ada 19 parsel ve 350 ada 5 parsel de yap\u0131lmas\u0131 planlanan 2 adet trafo monoblok k\u00f6\u015fk ( kompact tip) yap\u0131lmas\u0131 komisyonumuzca oybirli\u011fi ile<br \/>\nuygun bulunmu\u015f olup, komisyon raporunun Meclise sunulmas\u0131na karar verildi. Denilmekte olup, okunan komisyon raporu oylamaya sunuldu. Yap\u0131lan oylama<br \/>\nneticesinde komisyon raporunun komisyondan geldi\u011fi gibi kabul edilmesine oy birli\u011fi ile karar verildi.\n<\/td>\n<\/tr>\n<tr>\n<td>KARAR 63<\/td>\n<\/tr>\n<tr>\n<td> Belediyemiz Plan B\u00fct\u00e7e ve M\u00fc\u015fterek Komisyonunun 7 nolu karar\u0131 yaz\u0131m\u0131z ekinde sunulmu\u015f olup, Belediyemiz Meclisince g\u00f6r\u00fc\u015f\u00fclmesi hususunda<br \/>\nOlurlar\u0131n\u0131za arz ederim. Denilmekte olup, komisyon raporunda aynen \u037e Belediyemiz Meclisince komisyonumuzda g\u00f6r\u00fc\u015f\u00fclmek \u00fczere havale edilen\u037e Belediyemiz<br \/>\nMali Hizmetler  M\u00fcd\u00fcrl\u00fc\u011f\u00fcn\u00fcn 31\/08\/2021 tarih ve 2088 say\u0131l\u0131 yaz\u0131lar\u0131nda \u037e    Belediye Ba\u015fkanl\u0131\u011f\u0131m\u0131za ba\u011fl\u0131 Karaisal\u0131 Belediyesi Personel Limited \u015eirketinin<br \/>\nbelediyemize hakkedi\u015f kar\u015f\u0131l\u0131\u011f\u0131 kesmi\u015f oldu\u011fu faturalar 2020 y\u0131l\u0131 i\u00e7erisinde Temizlik \u0130\u015fleri M\u00fcd\u00fcrl\u00fc\u011f\u00fc \u00fczerinden muhasebele\u015ftirilir iken 2021 y\u0131l\u0131 \u015fubat ay\u0131ndan<br \/>\nsonra Destek Hizmetleri M\u00fcd\u00fcrl\u00fc\u011f\u00fcne devredilmi\u015ftir. Dolay\u0131s\u0131yla Temizlik \u0130\u015fleri M\u00fcd\u00fcrl\u00fc\u011f\u00fcnde m\u00fcteahhitlik hizmetleri 46.01.09.61_05.03.01.01_503.05.01.04<br \/>\nnolu b\u00fct\u00e7e kaleminden Destek Hizmetleri M\u00fcd\u00fcrl\u00fc\u011f\u00fc m\u00fcteahhitlik hizmetleri 46.010.9.23_1.03.09.01_5_03.05.01.04 nolu b\u00fct\u00e7e kalemine 4.500.000,00 TL<br \/>\nb\u00fct\u00e7e aktar\u0131m\u0131 yap\u0131lmas\u0131  ile ilgili teklif komisyonumuzca g\u00f6r\u00fc\u015f\u00fclm\u00fc\u015f olup, idareden geldi\u011fi gibi kabul edilmesine,  Belediyemiz Meclisince g\u00f6r\u00fc\u015f\u00fclmek \u00fczere<br \/>\nsunulmas\u0131na oy birli\u011fi ile karar verildi. Denilmekte olup, okunan komisyon raporu hakk\u0131nda s\u00f6z isteyen olup olmad\u0131\u011f\u0131 soruldu. S\u00f6z isteyen olmay\u0131nca Ba\u015fkan<br \/>\nokunan komisyon raporunu komisyondan geldi\u011fi gibi  oylamaya sundu. Yap\u0131lan oylama neticesinde oy birli\u011fi ile karar verildi.<br \/>\n        GERE\u011e\u0130 \u0130\u00c7\u0130N MAL\u0130 H\u0130ZMETLER M\u00dcD\u00dcRL\u00dc\u011e\u00dcNE\n<\/td>\n<\/tr>\n<tr>\n<td>KARAR 64<\/td>\n<\/tr>\n<tr>\n<td>  Belediyemiz Plan B\u00fct\u00e7e ve M\u00fc\u015fterek Komisyonunun 6 nolu karar\u0131 yaz\u0131m\u0131z ekinde sunulmu\u015f olup, Belediyemiz Meclisince g\u00f6r\u00fc\u015f\u00fclmek \u00fczere<br \/>\nhavalesini Olurlar\u0131n\u0131za arz ederim. Denilmekte olup, Komisyon Raporunda aynen\u037e Belediyemiz Meclisince komisyonumuzda g\u00f6r\u00fc\u015f\u00fclmek \u00fczere havale<br \/>\nedilen\u037e Belediyemiz Fen \u0130\u015fleri M\u00fcd\u00fcrl\u00fc\u011f\u00fcn\u00fcn 01\/09\/2021 tarih ve 2105 say\u0131l\u0131 yaz\u0131lar\u0131nda \u037e  \u0130l\u00e7emiz 62 Mahalle de Yol ve Altyap\u0131 Yap\u0131m \u0130\u015fi i\u00e7in \u0130ller<br \/>\nBankas\u0131 A.\u015e.&#8217; den 3.500.000,00( \u00dc\u00e7 Milyon Be\u015fy\u00fcz Bin ) TL Kredi kullan\u0131lmas\u0131na, krediden kaynaklanacak anapara, faiz, denetim giderleri,<br \/>\nkomisyon, vergi, resim, har\u00e7, \u00fccret, v.s. \u00f6demelerin \u0130ller Bankas\u0131 A.\u015e. ce teminat olarak al\u0131nacak Belediyemiz gelirlerinden ve \u0130ller Bankas\u0131 A.\u015e. ile<br \/>\nHazine ve Maliye Bakanl\u0131\u011f\u0131nca da\u011f\u0131t\u0131lan yasal paylar\u0131m\u0131z\u0131n mevzuattan kaynaklanan herhangi bir kesinti oran\u0131na ba\u011fl\u0131 kalmaks\u0131z\u0131n tamam\u0131ndan (<br \/>\n%40&#8217;\u0131n d\u0131\u015f\u0131nda ve %100&#8217;\u00fcne kadar ) kar\u015f\u0131lanmas\u0131na, kredi teminat\u0131na konu gelirlerden krediye ili\u015fkin \u00f6demelerin kar\u015f\u0131lanamamas\u0131 halinde, bu krediyle<br \/>\nelde edilen tesis, in\u015faat ve her nevi gayrimenkul ile ara\u00e7, gere\u00e7 ve malzemenin , \u0130ller Bankas\u0131 A.\u015e.ce talep edildi\u011fi taktirde ayn\u0131 \u015fartlarda  ve talep<br \/>\ntarihinde \u0130ller Bankas\u0131 A.\u015e. ad\u0131na ipotek ve ya rehin edilmesine, \u0130ller Bankas\u0131 A.\u015e. ce Belediyemize kulland\u0131r\u0131lacak krediye ili\u015fkin olarak her t\u00fcrl\u00fc<br \/>\ns\u00f6zle\u015fmeyi ve evrak\u0131 imzalamaya ve kredi ile ilgili devam eden i\u015flemleri y\u00fcr\u00fctmeye , Belediyemiz m\u00fclkiyetindeki her t\u00fcrl\u00fc gayri menkul\u00fc \u0130ller Bankas\u0131<br \/>\nA.\u015e.ye ipotek vermeye, Belediyemizin her t\u00fcrl\u00fc gelir, hak ve alacaklar\u0131n\u0131 \u0130ller Bankas\u0131 A.\u015e. ye terhin ve temlik etmeye, Belediyemize ait her t\u00fcrl\u00fc ticari<br \/>\ni\u015fletmeyi \u0130ller Bankas\u0131 A.\u015e. ye rehin vermeye , \u0130ller Bankas\u0131 A.\u015e&#8217; nin mevcut mevzuat\u0131 ve bunda meydana gelebilecek her t\u00fcrl\u00fc de\u011fi\u015fiklik<br \/>\n\u00e7er\u00e7evesinde, 5393 say\u0131l\u0131 Belediye Kanunu&#8217;nun 68.Maddesinde yer alan  ko\u015fullar\u0131n\u0131n yerine getirilmesi kayd\u0131yla krediye konu i\u015fle ilgili her t\u00fcrl\u00fc i\u015flemi<br \/>\nyapmaya Belediye Ba\u015fkan\u0131 Saadettin ASLAN &#8216; a yetki verilmesi ile ilgili teklif komisyonumuzca g\u00f6r\u00fc\u015f\u00fclm\u00fc\u015f olup, idareden geldi\u011fi gibi kabul<br \/>\nedilmesine oy birli\u011fi ile karar verildi. denilmekte olup, okunan komisyon raporunu Ba\u015fkan oylamaya sundu. Yap\u0131lan oylama neticesinde teklifin<br \/>\nkabul\u00fcne , daha \u00f6nce al\u0131nan 05\/01\/2021 tarih ve 13 nolu Meclis karar\u0131n\u0131n iptal edilmesine  oy birli\u011fi ile karar verildi.<br \/>\n        GERE\u011e\u0130 \u0130\u00c7\u0130N FEN \u0130\u015eLER\u0130 M\u00dcD\u00dcRL\u00dc\u011e\u00dcNE\n<\/td>\n<\/tr>\n<\/tbody>\n<\/table>\n","protected":false},"excerpt":{"rendered":"<p>KARAR 59 Belediyemiz Mali Hizmetler M\u00fcd\u00fcrl\u00fc\u011f\u00fcn\u00fc 31\/08\/2021 tarih ve 2088 say\u0131l\u0131 yaz\u0131lar\u0131nda\u037e Belediye Ba\u015fkanl\u0131\u011f\u0131m\u0131za ba\u011fl\u0131 Karaisal\u0131 Belediyesi Personel Limited \u015eirketinin belediyemize kesmi\u015f oldu\u011fu faturalar 2020 y\u0131l\u0131 i\u00e7erisinde Temizlik \u0130\u015fleri M\u00fcd\u00fcrl\u00fc\u011f\u00fc \u00fczerinden muhasebele\u015ftirilir iken 2021 y\u0131l\u0131 \u015fubat ay\u0131ndan sonra Destek Hizmetleri M\u00fcd\u00fcrl\u00fc\u011f\u00fcne devredilmi\u015ftir. Dolay\u0131s\u0131yla Temizlik \u0130\u015fleri M\u00fcd\u00fcrl\u00fc\u011f\u00fcnde m\u00fcteahhitlik hizmetleri 46.01.09.61_05.03.01.01_503.05.01.04 nolu b\u00fct\u00e7e kaleminden Destek Hizmetleri M\u00fcd\u00fcrl\u00fc\u011f\u00fc [&hellip;]<\/p>\n","protected":false},"author":10,"featured_media":0,"parent":9425,"menu_order":202109,"comment_status":"closed","ping_status":"closed","template":"","meta":{"footnotes":""},"class_list":["post-9934","page","type-page","status-publish","hentry"],"_links":{"self":[{"href":"https:\/\/www.karaisali.bel.tr\/index.php?rest_route=\/wp\/v2\/pages\/9934","targetHints":{"allow":["GET"]}}],"collection":[{"href":"https:\/\/www.karaisali.bel.tr\/index.php?rest_route=\/wp\/v2\/pages"}],"about":[{"href":"https:\/\/www.karaisali.bel.tr\/index.php?rest_route=\/wp\/v2\/types\/page"}],"author":[{"embeddable":true,"href":"https:\/\/www.karaisali.bel.tr\/index.php?rest_route=\/wp\/v2\/users\/10"}],"replies":[{"embeddable":true,"href":"https:\/\/www.karaisali.bel.tr\/index.php?rest_route=%2Fwp%2Fv2%2Fcomments&post=9934"}],"version-history":[{"count":0,"href":"https:\/\/www.karaisali.bel.tr\/index.php?rest_route=\/wp\/v2\/pages\/9934\/revisions"}],"up":[{"embeddable":true,"href":"https:\/\/www.karaisali.bel.tr\/index.php?rest_route=\/wp\/v2\/pages\/9425"}],"wp:attachment":[{"href":"https:\/\/www.karaisali.bel.tr\/index.php?rest_route=%2Fwp%2Fv2%2Fmedia&parent=9934"}],"curies":[{"name":"wp","href":"https:\/\/api.w.org\/{rel}","templated":true}]}}