{"id":9932,"date":"2022-01-14T17:08:34","date_gmt":"2022-01-14T14:08:34","guid":{"rendered":"https:\/\/www.karaisali.bel.tr\/?page_id=9932"},"modified":"2022-01-14T17:08:46","modified_gmt":"2022-01-14T14:08:46","slug":"agustos-2021-meclis-kararlari","status":"publish","type":"page","link":"https:\/\/www.karaisali.bel.tr\/?page_id=9932","title":{"rendered":"A\u011fustos 2021 Meclis Kararlar\u0131"},"content":{"rendered":"<table>\n<tbody>\n<tr>\n<td>KARAR 57<\/td>\n<\/tr>\n<tr>\n<td>Belediyemiz K\u0131rsal Hizmetler M\u00fcd\u00fcrl\u00fc\u011f\u00fcn\u00fcn 02\/08\/2021 tarih ve 1814 say\u0131l\u0131 yaz\u0131s\u0131\u037e Kurulmak istenen tesis 3 Mw l\u0131k Biyogaz Santrali olarak<br \/>\nadland\u0131r\u0131l\u0131r. Biyogaz santralleri genel prensip olarak\u037e hayvansal ve bitkisel  at\u0131klar\u0131n fermente edilerek metan gaz elde edilmesi, elde edilen gaz\u0131n yak\u0131t<br \/>\nolarak kullan\u0131m\u0131 ile elektrik elde edilmesi ve nihai at\u0131k \u00e7amurunun da kullan\u0131larak organik ve\/veya organomineral g\u00fcbre haline d\u00f6n\u00fc\u015ft\u00fcr\u00fclmesi \u00fczerine<br \/>\n\u00e7al\u0131\u015f\u0131l\u0131r.<br \/>\nBu projenin iki \u00f6nemli gelir kalemi vard\u0131r.<br \/>\n1.Elektirik \u00fcretimi<br \/>\n2.Organik ve \/veya orgonomineral g\u00fcbre \u00fcretimi enerji konusunun \u00f6nemi de\u011ferlendirilirken \u015fu \u015fekilde ele almak gerekir\u037e<br \/>\n Geli\u015fen ve h\u0131zla b\u00fcy\u00fcyen d\u00fcnyada enerji hayat\u0131n devaml\u0131l\u0131\u011f\u0131n\u0131 vazge\u00e7ilmez bir par\u00e7as\u0131 durumundad\u0131r.<br \/>\nEnerji ihtiyac\u0131n\u0131n h\u0131zla artmas\u0131 alternatif kaynaklardan enerji \u00fcretmeyi zorunlu hale getirmi\u015ftir.<br \/>\n\u00dclkemizin cari a\u00e7\u0131k olu\u015fumunda en \u00f6nemli kalemi enerji olmas\u0131 anlam\u0131nda, \u00fclke ekonomisine katma de\u011fer sa\u011flamakta son derece \u00f6nemlidir ge\u00e7irilmesi<br \/>\ntam da bu noktada \u00f6nem arz etmektedir.<br \/>\nKurulacak olan tesisin b\u00f6lgemize ve belediyemize sa\u011flayaca\u011f\u0131 katk\u0131lar \u015f\u00f6yledir\u037e<br \/>\nEnerji \u00fcretimi<br \/>\nAt\u0131k y\u00f6netimi<br \/>\n\u00dcretilecek g\u00fcbre ile b\u00f6lge \u00e7ift\u00e7isinin verim art\u0131\u015flar\u0131n\u0131n sa\u011flanmas\u0131<br \/>\nB\u00f6lgemizim Ye\u015fil Enerji \u00fcreten bir b\u00f6lge olarak kamuoyuna duyurulmas\u0131<br \/>\nB\u00f6lgede anla\u015fmal\u0131 ekim program\u0131 ile y\u00fcksek enerjili yem bitkilerinin ektirilmesi ve \u00fcreticinin daha y6\u00fcksek gelir elde etmesini sa\u011flayacak bi\u00e7imde<br \/>\n\u00e7al\u0131\u015fmalar yap\u0131lmas\u0131<br \/>\n\u0130stihdam\u2026gibi bir \u00e7ok konuda katk\u0131 sa\u011flayacak bir projedir.<br \/>\n     Tar\u0131m Bakanl\u0131\u011f\u0131n\u0131n alm\u0131\u015f oldu\u011fu karar uyar\u0131nca T\u00fcrkiye de kimseyi g\u00fcbre kullan\u0131m\u0131n azalt\u0131lmas\u0131 ba\u011flam\u0131nda Avrupa Birli\u011fi normlar\u0131na uygun \u015fekilde<br \/>\n\u00e7al\u0131\u015fmalar  ba\u015flat\u0131lacakt\u0131r.<br \/>\n Bu anlamda organik ve organomineral g\u00fcbre kullan\u0131m\u0131n\u0131n art\u0131r\u0131lmas\u0131 ve te\u015fvik edilmesi gerekmektedir. Kurulmas\u0131 planlanan tesiste organik ve<br \/>\norganomineral g\u00fcbre \u00fcretilecek olmas\u0131 \u00fclke tar\u0131m\u0131 a\u00e7\u0131s\u0131ndan da \u00f6nem arz etmektedir. Bu konu ile ilgili Avrupa Birli\u011fi alm\u0131\u015f oldu\u011fu karar uyar\u0131nca da\n<\/td>\n<\/tr>\n<tr>\n<td>KARAR 58<\/td>\n<\/tr>\n<tr>\n<td>Belediyemiz Ba\u015fkanl\u0131k Makam\u0131n\u0131n 02\/08\/2021 tarih ve 1815 say\u0131l\u0131 yaz\u0131lar\u0131nda\u037e \u0130l\u00e7emiz tan\u0131t\u0131m\u0131na ve kalk\u0131nmas\u0131na katk\u0131da bulunmak \u00fczere<br \/>\nKarata\u015f Yumurtal\u0131k Turizm Birli\u011fine \u00fcye olunmas\u0131, Belediyemizi temsilen 2 meclis \u00fcyesinin birlik \u00fcyesi olarak belirlenmesi i\u00e7in Belediyemiz Meclisince<br \/>\nkarar al\u0131nmak \u00fczere Belediyemiz Meclisine havalesini Olurlar\u0131n\u0131za arz ederim. Denilmekte olup, teklif hakk\u0131nda s\u00f6z isteyen olup, olmad\u0131\u011f\u0131 soruldu.<br \/>\nS\u00f6z isteyen olmad\u0131\u011f\u0131ndan Birlik \u00fcyesi se\u00e7imine ge\u00e7ildi. Yap\u0131lan se\u00e7im sonras\u0131nda \u00fcyelerden Celalettin S\u00dcRME (14) oy ile Cemal DEM\u0130RDA\u011e (14)<br \/>\noy alarak  asil \u00fcye , Ayhan I\u015eIK ise yedek \u00fcye olarak Karata\u015f Yumurtal\u0131k Turizm Birli\u011finde g\u00f6rev yapmak \u00fczere se\u00e7ildiler<\/td>\n<\/tr>\n<\/tbody>\n<\/table>\n","protected":false},"excerpt":{"rendered":"<p>KARAR 57 Belediyemiz K\u0131rsal Hizmetler M\u00fcd\u00fcrl\u00fc\u011f\u00fcn\u00fcn 02\/08\/2021 tarih ve 1814 say\u0131l\u0131 yaz\u0131s\u0131\u037e Kurulmak istenen tesis 3 Mw l\u0131k Biyogaz Santrali olarak adland\u0131r\u0131l\u0131r. Biyogaz santralleri genel prensip olarak\u037e hayvansal ve bitkisel at\u0131klar\u0131n fermente edilerek metan gaz elde edilmesi, elde edilen gaz\u0131n yak\u0131t olarak kullan\u0131m\u0131 ile elektrik elde edilmesi ve nihai at\u0131k \u00e7amurunun da kullan\u0131larak organik ve\/veya [&hellip;]<\/p>\n","protected":false},"author":10,"featured_media":0,"parent":9425,"menu_order":202108,"comment_status":"closed","ping_status":"closed","template":"","meta":{"footnotes":""},"class_list":["post-9932","page","type-page","status-publish","hentry"],"_links":{"self":[{"href":"https:\/\/www.karaisali.bel.tr\/index.php?rest_route=\/wp\/v2\/pages\/9932","targetHints":{"allow":["GET"]}}],"collection":[{"href":"https:\/\/www.karaisali.bel.tr\/index.php?rest_route=\/wp\/v2\/pages"}],"about":[{"href":"https:\/\/www.karaisali.bel.tr\/index.php?rest_route=\/wp\/v2\/types\/page"}],"author":[{"embeddable":true,"href":"https:\/\/www.karaisali.bel.tr\/index.php?rest_route=\/wp\/v2\/users\/10"}],"replies":[{"embeddable":true,"href":"https:\/\/www.karaisali.bel.tr\/index.php?rest_route=%2Fwp%2Fv2%2Fcomments&post=9932"}],"version-history":[{"count":0,"href":"https:\/\/www.karaisali.bel.tr\/index.php?rest_route=\/wp\/v2\/pages\/9932\/revisions"}],"up":[{"embeddable":true,"href":"https:\/\/www.karaisali.bel.tr\/index.php?rest_route=\/wp\/v2\/pages\/9425"}],"wp:attachment":[{"href":"https:\/\/www.karaisali.bel.tr\/index.php?rest_route=%2Fwp%2Fv2%2Fmedia&parent=9932"}],"curies":[{"name":"wp","href":"https:\/\/api.w.org\/{rel}","templated":true}]}}