{"id":9930,"date":"2022-01-14T17:06:13","date_gmt":"2022-01-14T14:06:13","guid":{"rendered":"https:\/\/www.karaisali.bel.tr\/?page_id=9930"},"modified":"2022-01-14T17:07:01","modified_gmt":"2022-01-14T14:07:01","slug":"temmuz-2021-meclis-kararlari","status":"publish","type":"page","link":"https:\/\/www.karaisali.bel.tr\/?page_id=9930","title":{"rendered":"Temmuz 2021 Meclis Kararlar\u0131"},"content":{"rendered":"<table>\n<tbody>\n<tr>\n<td>KARAR 55<\/td>\n<\/tr>\n<tr>\n<td>Belediyemiz Fen \u0130\u015fleri M\u00fcd\u00fcrl\u00fc\u011f\u00fcn\u00fcn 23\/06\/2021 tarih ve 1492 say\u0131l\u0131 yaz\u0131lar\u0131nda\u037e Karaisal\u0131 Kaymakaml\u0131\u011f\u0131 SYDV D\u00f6ner Sermaye \u0130\u015fletme<br \/>\nM\u00fcd\u00fcrl\u00fc\u011f\u00fcn\u00fcn 22.06.2021 Tarih ve 84 Say\u0131l\u0131 yaz\u0131s\u0131nda \u037e M\u00fclkiyeti Belediye Ba\u015fkanl\u0131\u011f\u0131m\u0131za ait intifa hakk\u0131 SYDV D\u00f6ner Sermaye \u0130\u015fletmesinde olan<br \/>\n\u0130l\u00e7emiz Selamp\u0131nar (  \u00c7eceli Mahallesi) Mahallesi 359 ada 2 parsel \u00fczerinde bulunan Spor kompleksinin intifa hakk\u0131n\u0131n kald\u0131r\u0131lmas\u0131 Y\u00f6netim<br \/>\nKurulumuzca uygun g\u00f6r\u00fclm\u00fc\u015f olup, \u0130ntifa hakk\u0131n\u0131n kald\u0131r\u0131lmas\u0131 i\u00e7in gerekli tapuya ait ba\u015fvuru i\u015flemlerinin ba\u015flan\u0131lmas\u0131 hususun da,<br \/>\ndenilmektedir.        S\u00f6z konusu olan M\u00fclkiyeti Belediye Ba\u015fkanl\u0131\u011f\u0131m\u0131za ait intifa hakk\u0131 SYDV D\u00f6ner Sermaye \u0130\u015fletmesinde olan \u0130l\u00e7emiz Selamp\u0131nar<br \/>\n(  \u00c7eceli Mahallesi) Mahallesi 359 ada 2 parsel \u00fczerinde bulunan Spor kompleksinin intifa hakk\u0131n\u0131n kald\u0131r\u0131lmas\u0131 i\u00e7in gerekli Meclis Karar\u0131n\u0131n<br \/>\nal\u0131nmas\u0131n\u0131 Olurlar\u0131n\u0131za arz ederim. Denilmekte olup, teklif hakk\u0131nda s\u00f6z isteyen olup, olmad\u0131\u011f\u0131 soruldu. \u00dcyelerden Mustafa EK\u0130C\u0130 s\u00f6z ald\u0131.<br \/>\nArkada\u015flar teklifin m\u00fcd\u00fcrl\u00fc\u011f\u00fcnden geldi\u011fi gibi kabul edilmesini teklif ediyorum. Dedi. Teklif oylamaya sunuldu. Yap\u0131lan oylama neticesinde teklifin<br \/>\nkabul\u00fcne, M\u00fclkiyeti Belediye Ba\u015fkanl\u0131\u011f\u0131m\u0131za ait intifa hakk\u0131 SYDV D\u00f6ner Sermaye \u0130\u015fletmesinde olan \u0130l\u00e7emiz Selamp\u0131nar (  \u00c7eceli Mahallesi)<br \/>\nMahallesi 359 ada 2 parsel \u00fczerinde bulunan Spor kompleksinin intifa hakk\u0131n\u0131n kald\u0131r\u0131lmas\u0131na oy birli\u011fi ile karar verildi.<br \/>\n        GERE\u011e\u0130 \u0130\u00c7\u0130N FEN \u0130\u015eLER\u0130 M\u00dcD\u00dcRL\u00dc\u011e\u00dc\n<\/td>\n<\/tr>\n<tr>\n<td>KARAR 56<\/td>\n<\/tr>\n<tr>\n<td>Belediyemiz Mali Hizmetler M\u00fcd\u00fcrl\u00fc\u011f\u00fcn\u00fcn 28\/06\/2021 tarih ve 1546 say\u0131l\u0131 yaz\u0131lar\u0131nda \u037e M\u00fclkiyeti Belediye Ba\u015fkanl\u0131\u011f\u0131m\u0131za ait 01 BC 708<br \/>\nplakal\u0131 BMC Fatih markal\u0131 akaryak\u0131t tankerinin 5393 say\u0131l\u0131 Belediye Kanununun 18\/ e maddesi gere\u011fince arac\u0131n bak\u0131m , onar\u0131m, sigorta vb. giderleri<br \/>\nBelediyemizce kar\u015f\u0131lanmak \u00fczere Belediyemiz Akaryak\u0131t \u0130stasyonuna  tahsis edilmesi i\u00e7in Belediyemiz Meclisine havalesini Olurlar\u0131n\u0131za arz ederim.<br \/>\nDenilmekte olup, teklif hakk\u0131nda s\u00f6z isteyen olup, olmad\u0131\u011f\u0131 soruldu. \u00dcyelerden Mustafa EK\u0130C\u0130 s\u00f6z ald\u0131. Arkada\u015flar teklifin m\u00fcd\u00fcrl\u00fc\u011f\u00fcnden geldi\u011fi<br \/>\ngibi kabul edilmesini teklif ediyorum. Dedi. Teklif oylamaya sunuldu. Yap\u0131lan oylama neticesinde teklifin m\u00fcd\u00fcrl\u00fc\u011f\u00fcnden geldi\u011fi gibi kabul edilmesine ,<br \/>\nM\u00fclkiyeti Belediye Ba\u015fkanl\u0131\u011f\u0131m\u0131za ait 01 BC 708 plakal\u0131 BMC Fatih markal\u0131 akaryak\u0131t tankerinin 5393 say\u0131l\u0131 Belediye Kanununun 18\/ e maddesi<br \/>\ngere\u011fince arac\u0131n bak\u0131m , onar\u0131m, sigorta vb. giderleri Belediyemizce kar\u015f\u0131lanmak \u00fczere Belediyemiz Akaryak\u0131t \u0130stasyonuna  tahsis edilmesine oy<br \/>\nbirli\u011fi ile karar verildi.<br \/>\n        GERE\u011e\u0130 \u0130\u00c7\u0130N MAL\u0130 H\u0130ZMETLER M\u00dcD\u00dcRL\u00dc\u011e\u00dcNE<\/td>\n<\/tr>\n<\/tbody>\n<\/table>\n","protected":false},"excerpt":{"rendered":"<p>KARAR 55 Belediyemiz Fen \u0130\u015fleri M\u00fcd\u00fcrl\u00fc\u011f\u00fcn\u00fcn 23\/06\/2021 tarih ve 1492 say\u0131l\u0131 yaz\u0131lar\u0131nda\u037e Karaisal\u0131 Kaymakaml\u0131\u011f\u0131 SYDV D\u00f6ner Sermaye \u0130\u015fletme M\u00fcd\u00fcrl\u00fc\u011f\u00fcn\u00fcn 22.06.2021 Tarih ve 84 Say\u0131l\u0131 yaz\u0131s\u0131nda \u037e M\u00fclkiyeti Belediye Ba\u015fkanl\u0131\u011f\u0131m\u0131za ait intifa hakk\u0131 SYDV D\u00f6ner Sermaye \u0130\u015fletmesinde olan \u0130l\u00e7emiz Selamp\u0131nar ( \u00c7eceli Mahallesi) Mahallesi 359 ada 2 parsel \u00fczerinde bulunan Spor kompleksinin intifa hakk\u0131n\u0131n kald\u0131r\u0131lmas\u0131 Y\u00f6netim [&hellip;]<\/p>\n","protected":false},"author":10,"featured_media":0,"parent":9425,"menu_order":202107,"comment_status":"closed","ping_status":"closed","template":"","meta":{"footnotes":""},"class_list":["post-9930","page","type-page","status-publish","hentry"],"_links":{"self":[{"href":"https:\/\/www.karaisali.bel.tr\/index.php?rest_route=\/wp\/v2\/pages\/9930","targetHints":{"allow":["GET"]}}],"collection":[{"href":"https:\/\/www.karaisali.bel.tr\/index.php?rest_route=\/wp\/v2\/pages"}],"about":[{"href":"https:\/\/www.karaisali.bel.tr\/index.php?rest_route=\/wp\/v2\/types\/page"}],"author":[{"embeddable":true,"href":"https:\/\/www.karaisali.bel.tr\/index.php?rest_route=\/wp\/v2\/users\/10"}],"replies":[{"embeddable":true,"href":"https:\/\/www.karaisali.bel.tr\/index.php?rest_route=%2Fwp%2Fv2%2Fcomments&post=9930"}],"version-history":[{"count":0,"href":"https:\/\/www.karaisali.bel.tr\/index.php?rest_route=\/wp\/v2\/pages\/9930\/revisions"}],"up":[{"embeddable":true,"href":"https:\/\/www.karaisali.bel.tr\/index.php?rest_route=\/wp\/v2\/pages\/9425"}],"wp:attachment":[{"href":"https:\/\/www.karaisali.bel.tr\/index.php?rest_route=%2Fwp%2Fv2%2Fmedia&parent=9930"}],"curies":[{"name":"wp","href":"https:\/\/api.w.org\/{rel}","templated":true}]}}