{"id":9567,"date":"2021-06-01T12:47:04","date_gmt":"2021-06-01T09:47:04","guid":{"rendered":"https:\/\/www.karaisali.bel.tr\/?page_id=9567"},"modified":"2021-06-03T10:29:16","modified_gmt":"2021-06-03T07:29:16","slug":"macera-parki","status":"publish","type":"page","link":"https:\/\/www.karaisali.bel.tr\/?page_id=9567","title":{"rendered":"Macera Park\u0131"},"content":{"rendered":"<p><a href=\"https:\/\/www.karaisali.bel.tr\/wp-content\/uploads\/2021\/06\/macera-parki-1.jpg\"><img loading=\"lazy\" decoding=\"async\" class=\"img-responsive aligncenter wp-image-9585 size-full\" src=\"https:\/\/www.karaisali.bel.tr\/wp-content\/uploads\/2021\/06\/macera-parki-1.jpg\" alt=\"\" width=\"1197\" height=\"895\" srcset=\"https:\/\/www.karaisali.bel.tr\/wp-content\/uploads\/2021\/06\/macera-parki-1.jpg 1197w, https:\/\/www.karaisali.bel.tr\/wp-content\/uploads\/2021\/06\/macera-parki-1-300x224.jpg 300w, https:\/\/www.karaisali.bel.tr\/wp-content\/uploads\/2021\/06\/macera-parki-1-1024x766.jpg 1024w, https:\/\/www.karaisali.bel.tr\/wp-content\/uploads\/2021\/06\/macera-parki-1-768x574.jpg 768w\" sizes=\"auto, (max-width: 1197px) 100vw, 1197px\" \/><\/a><\/p>\n<p>\u201cMacera Park\u0131\u201d Karaisal\u0131 Belediyesi ile \u00c7ukurova Kalk\u0131nma Ajans\u0131n\u0131n \u201cTurizmin Geli\u015ftirilmesi K\u00fc\u00e7\u00fck \u00d6l\u00e7ekli Altyap\u0131 Program\u0131 Projesi \u201c kapsam\u0131nda TR62\/18\/TG\/0002 numaral\u0131, \u201cKaraisal\u0131 Da Varda, Huzur Orda\u201d ad\u0131 ile ortak yapt\u0131\u011f\u0131 projedir. Macera park\u0131 yerli ve yabanc\u0131 t\u00fcm ziyaret\u00e7ilere a\u00e7\u0131k olan mesire ve piknik alan\u0131d\u0131r. Karaisal\u0131- Varda K\u00f6pr\u00fcs\u00fc 16,8 km olup bu yolun 13,3. km sinde bulunmaktad\u0131r. Yakla\u015f\u0131k 10,7 hektar alana sahip etraf\u0131 telle \u00e7evrilidir. \u0130\u00e7erisinde muazzam \u00e7am a\u011fa\u00e7lar\u0131 bulunmakta olup orman bitki \u00f6rt\u00fcs\u00fcne zarar verilmeden olu\u015fturulmu\u015ftur. \u0130\u00e7erisinde \u00e7ocuklar i\u00e7in park aletleri, yine gen\u00e7lerimizin ve de \u00e7ocuklar\u0131m\u0131z\u0131n e\u011flenceli vakit ge\u00e7irebilece\u011fi macera park\u0131\/zipline hatt\u0131 bulunmaktad\u0131r. Ziyaret\u00e7ilerimizin ihtiyac\u0131 olan i\u00e7me suyu, wc, mescit, piknik masas\u0131, bank bulunmaktad\u0131r. Mangal keyfi yapmak isteyen t\u00fcm ziyaret\u00e7ilerimize a\u00e7\u0131k e\u015fsiz bir do\u011fa alan\u0131d\u0131r.<\/p>\n<p><iframe loading=\"lazy\" title=\"YouTube video player\" src=\"https:\/\/www.youtube.com\/embed\/aYewe_C1sDQ?autoplay=1\" width=\"1280\" height=\"720\" frameborder=\"0\" allowfullscreen=\"allowfullscreen\"><\/iframe><\/p>\n\n\t\t<style type=\"text\/css\">\n\t\t\t#gallery-1 {\n\t\t\t\tmargin: auto;\n\t\t\t}\n\t\t\t#gallery-1 .gallery-item {\n\t\t\t\tfloat: left;\n\t\t\t\tmargin-top: 10px;\n\t\t\t\ttext-align: center;\n\t\t\t\twidth: 50%;\n\t\t\t}\n\t\t\t#gallery-1 img {\n\t\t\t\tborder: 2px solid #cfcfcf;\n\t\t\t}\n\t\t\t#gallery-1 .gallery-caption {\n\t\t\t\tmargin-left: 0;\n\t\t\t}\n\t\t\t\/* see gallery_shortcode() in wp-includes\/media.php *\/\n\t\t<\/style>\n\t\t<div id='gallery-1' class='gallery galleryid-9567 gallery-columns-2 gallery-size-medium'><dl class='gallery-item'>\n\t\t\t<dt class='gallery-icon landscape'>\n\t\t\t\t<img loading=\"lazy\" decoding=\"async\" width=\"300\" height=\"225\" src=\"https:\/\/www.karaisali.bel.tr\/wp-content\/uploads\/2021\/06\/macera-parki-2-300x225.jpg\" class=\"attachment-medium size-medium\" alt=\"\" srcset=\"https:\/\/www.karaisali.bel.tr\/wp-content\/uploads\/2021\/06\/macera-parki-2-300x225.jpg 300w, https:\/\/www.karaisali.bel.tr\/wp-content\/uploads\/2021\/06\/macera-parki-2-1024x768.jpg 1024w, https:\/\/www.karaisali.bel.tr\/wp-content\/uploads\/2021\/06\/macera-parki-2-768x576.jpg 768w, https:\/\/www.karaisali.bel.tr\/wp-content\/uploads\/2021\/06\/macera-parki-2-1536x1152.jpg 1536w, https:\/\/www.karaisali.bel.tr\/wp-content\/uploads\/2021\/06\/macera-parki-2.jpg 1600w\" sizes=\"auto, (max-width: 300px) 100vw, 300px\" \/>\n\t\t\t<\/dt><\/dl><dl class='gallery-item'>\n\t\t\t<dt class='gallery-icon landscape'>\n\t\t\t\t<img loading=\"lazy\" decoding=\"async\" width=\"300\" height=\"225\" src=\"https:\/\/www.karaisali.bel.tr\/wp-content\/uploads\/2021\/06\/macera-parki-8-300x225.jpg\" class=\"attachment-medium size-medium\" alt=\"\" srcset=\"https:\/\/www.karaisali.bel.tr\/wp-content\/uploads\/2021\/06\/macera-parki-8-300x225.jpg 300w, https:\/\/www.karaisali.bel.tr\/wp-content\/uploads\/2021\/06\/macera-parki-8-1024x768.jpg 1024w, https:\/\/www.karaisali.bel.tr\/wp-content\/uploads\/2021\/06\/macera-parki-8-768x576.jpg 768w, https:\/\/www.karaisali.bel.tr\/wp-content\/uploads\/2021\/06\/macera-parki-8-1536x1152.jpg 1536w, https:\/\/www.karaisali.bel.tr\/wp-content\/uploads\/2021\/06\/macera-parki-8.jpg 1600w\" sizes=\"auto, (max-width: 300px) 100vw, 300px\" \/>\n\t\t\t<\/dt><\/dl><br style=\"clear: both\" \/><dl class='gallery-item'>\n\t\t\t<dt class='gallery-icon landscape'>\n\t\t\t\t<img loading=\"lazy\" decoding=\"async\" width=\"300\" height=\"225\" src=\"https:\/\/www.karaisali.bel.tr\/wp-content\/uploads\/2021\/06\/macera-parki-10-300x225.jpg\" class=\"attachment-medium size-medium\" alt=\"\" srcset=\"https:\/\/www.karaisali.bel.tr\/wp-content\/uploads\/2021\/06\/macera-parki-10-300x225.jpg 300w, https:\/\/www.karaisali.bel.tr\/wp-content\/uploads\/2021\/06\/macera-parki-10-1024x768.jpg 1024w, https:\/\/www.karaisali.bel.tr\/wp-content\/uploads\/2021\/06\/macera-parki-10-768x576.jpg 768w, https:\/\/www.karaisali.bel.tr\/wp-content\/uploads\/2021\/06\/macera-parki-10-1536x1152.jpg 1536w, https:\/\/www.karaisali.bel.tr\/wp-content\/uploads\/2021\/06\/macera-parki-10.jpg 1600w\" sizes=\"auto, (max-width: 300px) 100vw, 300px\" \/>\n\t\t\t<\/dt><\/dl><dl class='gallery-item'>\n\t\t\t<dt class='gallery-icon landscape'>\n\t\t\t\t<img loading=\"lazy\" decoding=\"async\" width=\"300\" height=\"225\" src=\"https:\/\/www.karaisali.bel.tr\/wp-content\/uploads\/2021\/06\/macera-parki-9-300x225.jpg\" class=\"attachment-medium size-medium\" alt=\"\" srcset=\"https:\/\/www.karaisali.bel.tr\/wp-content\/uploads\/2021\/06\/macera-parki-9-300x225.jpg 300w, https:\/\/www.karaisali.bel.tr\/wp-content\/uploads\/2021\/06\/macera-parki-9-1024x768.jpg 1024w, https:\/\/www.karaisali.bel.tr\/wp-content\/uploads\/2021\/06\/macera-parki-9-768x576.jpg 768w, https:\/\/www.karaisali.bel.tr\/wp-content\/uploads\/2021\/06\/macera-parki-9-1536x1152.jpg 1536w, https:\/\/www.karaisali.bel.tr\/wp-content\/uploads\/2021\/06\/macera-parki-9.jpg 1600w\" sizes=\"auto, (max-width: 300px) 100vw, 300px\" \/>\n\t\t\t<\/dt><\/dl><br style=\"clear: both\" \/><dl class='gallery-item'>\n\t\t\t<dt class='gallery-icon landscape'>\n\t\t\t\t<img loading=\"lazy\" decoding=\"async\" width=\"300\" height=\"225\" src=\"https:\/\/www.karaisali.bel.tr\/wp-content\/uploads\/2021\/06\/macera-parki-5-300x225.jpg\" class=\"attachment-medium size-medium\" alt=\"\" srcset=\"https:\/\/www.karaisali.bel.tr\/wp-content\/uploads\/2021\/06\/macera-parki-5-300x225.jpg 300w, https:\/\/www.karaisali.bel.tr\/wp-content\/uploads\/2021\/06\/macera-parki-5-1024x768.jpg 1024w, https:\/\/www.karaisali.bel.tr\/wp-content\/uploads\/2021\/06\/macera-parki-5-768x576.jpg 768w, https:\/\/www.karaisali.bel.tr\/wp-content\/uploads\/2021\/06\/macera-parki-5-1536x1152.jpg 1536w, https:\/\/www.karaisali.bel.tr\/wp-content\/uploads\/2021\/06\/macera-parki-5.jpg 1600w\" sizes=\"auto, (max-width: 300px) 100vw, 300px\" \/>\n\t\t\t<\/dt><\/dl><dl class='gallery-item'>\n\t\t\t<dt class='gallery-icon landscape'>\n\t\t\t\t<img loading=\"lazy\" decoding=\"async\" width=\"300\" height=\"225\" src=\"https:\/\/www.karaisali.bel.tr\/wp-content\/uploads\/2021\/06\/macera-parki-11-300x225.jpg\" class=\"attachment-medium size-medium\" alt=\"\" srcset=\"https:\/\/www.karaisali.bel.tr\/wp-content\/uploads\/2021\/06\/macera-parki-11-300x225.jpg 300w, https:\/\/www.karaisali.bel.tr\/wp-content\/uploads\/2021\/06\/macera-parki-11-1024x768.jpg 1024w, https:\/\/www.karaisali.bel.tr\/wp-content\/uploads\/2021\/06\/macera-parki-11-768x576.jpg 768w, https:\/\/www.karaisali.bel.tr\/wp-content\/uploads\/2021\/06\/macera-parki-11-1536x1152.jpg 1536w, https:\/\/www.karaisali.bel.tr\/wp-content\/uploads\/2021\/06\/macera-parki-11.jpg 1600w\" sizes=\"auto, (max-width: 300px) 100vw, 300px\" \/>\n\t\t\t<\/dt><\/dl><br style=\"clear: both\" \/><dl class='gallery-item'>\n\t\t\t<dt class='gallery-icon landscape'>\n\t\t\t\t<img loading=\"lazy\" decoding=\"async\" width=\"300\" height=\"225\" src=\"https:\/\/www.karaisali.bel.tr\/wp-content\/uploads\/2021\/06\/macera-parki-15-300x225.jpg\" class=\"attachment-medium size-medium\" alt=\"\" srcset=\"https:\/\/www.karaisali.bel.tr\/wp-content\/uploads\/2021\/06\/macera-parki-15-300x225.jpg 300w, https:\/\/www.karaisali.bel.tr\/wp-content\/uploads\/2021\/06\/macera-parki-15-1024x768.jpg 1024w, https:\/\/www.karaisali.bel.tr\/wp-content\/uploads\/2021\/06\/macera-parki-15-768x576.jpg 768w, https:\/\/www.karaisali.bel.tr\/wp-content\/uploads\/2021\/06\/macera-parki-15-1536x1152.jpg 1536w, https:\/\/www.karaisali.bel.tr\/wp-content\/uploads\/2021\/06\/macera-parki-15.jpg 1600w\" sizes=\"auto, (max-width: 300px) 100vw, 300px\" \/>\n\t\t\t<\/dt><\/dl><dl class='gallery-item'>\n\t\t\t<dt class='gallery-icon landscape'>\n\t\t\t\t<img loading=\"lazy\" decoding=\"async\" width=\"300\" height=\"225\" src=\"https:\/\/www.karaisali.bel.tr\/wp-content\/uploads\/2021\/06\/macera-parki-14-300x225.jpg\" class=\"attachment-medium size-medium\" alt=\"\" srcset=\"https:\/\/www.karaisali.bel.tr\/wp-content\/uploads\/2021\/06\/macera-parki-14-300x225.jpg 300w, https:\/\/www.karaisali.bel.tr\/wp-content\/uploads\/2021\/06\/macera-parki-14-1024x768.jpg 1024w, https:\/\/www.karaisali.bel.tr\/wp-content\/uploads\/2021\/06\/macera-parki-14-768x576.jpg 768w, https:\/\/www.karaisali.bel.tr\/wp-content\/uploads\/2021\/06\/macera-parki-14-1536x1152.jpg 1536w, https:\/\/www.karaisali.bel.tr\/wp-content\/uploads\/2021\/06\/macera-parki-14.jpg 1600w\" sizes=\"auto, (max-width: 300px) 100vw, 300px\" \/>\n\t\t\t<\/dt><\/dl><br style=\"clear: both\" \/><dl class='gallery-item'>\n\t\t\t<dt class='gallery-icon landscape'>\n\t\t\t\t<img loading=\"lazy\" decoding=\"async\" width=\"300\" height=\"225\" src=\"https:\/\/www.karaisali.bel.tr\/wp-content\/uploads\/2021\/06\/macera-parki-3-300x225.jpg\" class=\"attachment-medium size-medium\" alt=\"\" srcset=\"https:\/\/www.karaisali.bel.tr\/wp-content\/uploads\/2021\/06\/macera-parki-3-300x225.jpg 300w, https:\/\/www.karaisali.bel.tr\/wp-content\/uploads\/2021\/06\/macera-parki-3-1024x768.jpg 1024w, https:\/\/www.karaisali.bel.tr\/wp-content\/uploads\/2021\/06\/macera-parki-3-768x576.jpg 768w, https:\/\/www.karaisali.bel.tr\/wp-content\/uploads\/2021\/06\/macera-parki-3-1536x1152.jpg 1536w, https:\/\/www.karaisali.bel.tr\/wp-content\/uploads\/2021\/06\/macera-parki-3.jpg 1600w\" sizes=\"auto, (max-width: 300px) 100vw, 300px\" \/>\n\t\t\t<\/dt><\/dl><dl class='gallery-item'>\n\t\t\t<dt class='gallery-icon landscape'>\n\t\t\t\t<img loading=\"lazy\" decoding=\"async\" width=\"300\" height=\"225\" src=\"https:\/\/www.karaisali.bel.tr\/wp-content\/uploads\/2021\/06\/macera-parki-4-300x225.jpg\" class=\"attachment-medium size-medium\" alt=\"\" srcset=\"https:\/\/www.karaisali.bel.tr\/wp-content\/uploads\/2021\/06\/macera-parki-4-300x225.jpg 300w, https:\/\/www.karaisali.bel.tr\/wp-content\/uploads\/2021\/06\/macera-parki-4-1024x768.jpg 1024w, https:\/\/www.karaisali.bel.tr\/wp-content\/uploads\/2021\/06\/macera-parki-4-768x576.jpg 768w, https:\/\/www.karaisali.bel.tr\/wp-content\/uploads\/2021\/06\/macera-parki-4-1536x1152.jpg 1536w, https:\/\/www.karaisali.bel.tr\/wp-content\/uploads\/2021\/06\/macera-parki-4.jpg 1600w\" sizes=\"auto, (max-width: 300px) 100vw, 300px\" \/>\n\t\t\t<\/dt><\/dl><br style=\"clear: both\" \/><dl class='gallery-item'>\n\t\t\t<dt class='gallery-icon landscape'>\n\t\t\t\t<img loading=\"lazy\" decoding=\"async\" width=\"300\" height=\"225\" src=\"https:\/\/www.karaisali.bel.tr\/wp-content\/uploads\/2021\/06\/macera-parki-12-300x225.jpg\" class=\"attachment-medium size-medium\" alt=\"\" srcset=\"https:\/\/www.karaisali.bel.tr\/wp-content\/uploads\/2021\/06\/macera-parki-12-300x225.jpg 300w, https:\/\/www.karaisali.bel.tr\/wp-content\/uploads\/2021\/06\/macera-parki-12-1024x768.jpg 1024w, https:\/\/www.karaisali.bel.tr\/wp-content\/uploads\/2021\/06\/macera-parki-12-768x576.jpg 768w, https:\/\/www.karaisali.bel.tr\/wp-content\/uploads\/2021\/06\/macera-parki-12-1536x1152.jpg 1536w, https:\/\/www.karaisali.bel.tr\/wp-content\/uploads\/2021\/06\/macera-parki-12.jpg 1600w\" sizes=\"auto, (max-width: 300px) 100vw, 300px\" \/>\n\t\t\t<\/dt><\/dl><dl class='gallery-item'>\n\t\t\t<dt class='gallery-icon landscape'>\n\t\t\t\t<img loading=\"lazy\" decoding=\"async\" width=\"300\" height=\"225\" src=\"https:\/\/www.karaisali.bel.tr\/wp-content\/uploads\/2021\/06\/macera-parki-13-300x225.jpg\" class=\"attachment-medium size-medium\" alt=\"\" srcset=\"https:\/\/www.karaisali.bel.tr\/wp-content\/uploads\/2021\/06\/macera-parki-13-300x225.jpg 300w, https:\/\/www.karaisali.bel.tr\/wp-content\/uploads\/2021\/06\/macera-parki-13-1024x768.jpg 1024w, https:\/\/www.karaisali.bel.tr\/wp-content\/uploads\/2021\/06\/macera-parki-13-768x576.jpg 768w, https:\/\/www.karaisali.bel.tr\/wp-content\/uploads\/2021\/06\/macera-parki-13-1536x1152.jpg 1536w, https:\/\/www.karaisali.bel.tr\/wp-content\/uploads\/2021\/06\/macera-parki-13.jpg 1600w\" sizes=\"auto, (max-width: 300px) 100vw, 300px\" \/>\n\t\t\t<\/dt><\/dl><br style=\"clear: both\" \/><dl class='gallery-item'>\n\t\t\t<dt class='gallery-icon portrait'>\n\t\t\t\t<img loading=\"lazy\" decoding=\"async\" width=\"225\" height=\"300\" src=\"https:\/\/www.karaisali.bel.tr\/wp-content\/uploads\/2021\/06\/macera-parki-16-225x300.jpg\" class=\"attachment-medium size-medium\" alt=\"\" srcset=\"https:\/\/www.karaisali.bel.tr\/wp-content\/uploads\/2021\/06\/macera-parki-16-225x300.jpg 225w, https:\/\/www.karaisali.bel.tr\/wp-content\/uploads\/2021\/06\/macera-parki-16-768x1024.jpg 768w, https:\/\/www.karaisali.bel.tr\/wp-content\/uploads\/2021\/06\/macera-parki-16-1152x1536.jpg 1152w, https:\/\/www.karaisali.bel.tr\/wp-content\/uploads\/2021\/06\/macera-parki-16.jpg 1200w\" sizes=\"auto, (max-width: 225px) 100vw, 225px\" \/>\n\t\t\t<\/dt><\/dl><dl class='gallery-item'>\n\t\t\t<dt class='gallery-icon portrait'>\n\t\t\t\t<img loading=\"lazy\" decoding=\"async\" width=\"225\" height=\"300\" src=\"https:\/\/www.karaisali.bel.tr\/wp-content\/uploads\/2021\/06\/macera-parki-6-225x300.jpg\" class=\"attachment-medium size-medium\" alt=\"\" srcset=\"https:\/\/www.karaisali.bel.tr\/wp-content\/uploads\/2021\/06\/macera-parki-6-225x300.jpg 225w, https:\/\/www.karaisali.bel.tr\/wp-content\/uploads\/2021\/06\/macera-parki-6-768x1024.jpg 768w, https:\/\/www.karaisali.bel.tr\/wp-content\/uploads\/2021\/06\/macera-parki-6-1152x1536.jpg 1152w, https:\/\/www.karaisali.bel.tr\/wp-content\/uploads\/2021\/06\/macera-parki-6.jpg 1200w\" sizes=\"auto, (max-width: 225px) 100vw, 225px\" \/>\n\t\t\t<\/dt><\/dl><br style=\"clear: both\" \/><dl class='gallery-item'>\n\t\t\t<dt class='gallery-icon portrait'>\n\t\t\t\t<img loading=\"lazy\" decoding=\"async\" width=\"225\" height=\"300\" src=\"https:\/\/www.karaisali.bel.tr\/wp-content\/uploads\/2021\/06\/macera-parki-17-225x300.jpg\" class=\"attachment-medium size-medium\" alt=\"\" srcset=\"https:\/\/www.karaisali.bel.tr\/wp-content\/uploads\/2021\/06\/macera-parki-17-225x300.jpg 225w, https:\/\/www.karaisali.bel.tr\/wp-content\/uploads\/2021\/06\/macera-parki-17-768x1024.jpg 768w, https:\/\/www.karaisali.bel.tr\/wp-content\/uploads\/2021\/06\/macera-parki-17-1152x1536.jpg 1152w, https:\/\/www.karaisali.bel.tr\/wp-content\/uploads\/2021\/06\/macera-parki-17.jpg 1200w\" sizes=\"auto, (max-width: 225px) 100vw, 225px\" \/>\n\t\t\t<\/dt><\/dl><dl class='gallery-item'>\n\t\t\t<dt class='gallery-icon portrait'>\n\t\t\t\t<img loading=\"lazy\" decoding=\"async\" width=\"225\" height=\"300\" src=\"https:\/\/www.karaisali.bel.tr\/wp-content\/uploads\/2021\/06\/macera-parki-7-225x300.jpg\" class=\"attachment-medium size-medium\" alt=\"\" srcset=\"https:\/\/www.karaisali.bel.tr\/wp-content\/uploads\/2021\/06\/macera-parki-7-225x300.jpg 225w, https:\/\/www.karaisali.bel.tr\/wp-content\/uploads\/2021\/06\/macera-parki-7-768x1024.jpg 768w, https:\/\/www.karaisali.bel.tr\/wp-content\/uploads\/2021\/06\/macera-parki-7-1152x1536.jpg 1152w, https:\/\/www.karaisali.bel.tr\/wp-content\/uploads\/2021\/06\/macera-parki-7.jpg 1200w\" sizes=\"auto, (max-width: 225px) 100vw, 225px\" \/>\n\t\t\t<\/dt><\/dl><br style=\"clear: both\" \/>\n\t\t<\/div>\n\n","protected":false},"excerpt":{"rendered":"<p>\u201cMacera Park\u0131\u201d Karaisal\u0131 Belediyesi ile \u00c7ukurova Kalk\u0131nma Ajans\u0131n\u0131n \u201cTurizmin Geli\u015ftirilmesi K\u00fc\u00e7\u00fck \u00d6l\u00e7ekli Altyap\u0131 Program\u0131 Projesi \u201c kapsam\u0131nda TR62\/18\/TG\/0002 numaral\u0131, \u201cKaraisal\u0131 Da Varda, Huzur Orda\u201d ad\u0131 ile ortak yapt\u0131\u011f\u0131 projedir. Macera park\u0131 yerli ve yabanc\u0131 t\u00fcm ziyaret\u00e7ilere a\u00e7\u0131k olan mesire ve piknik alan\u0131d\u0131r. Karaisal\u0131- Varda K\u00f6pr\u00fcs\u00fc 16,8 km olup bu yolun 13,3. km sinde bulunmaktad\u0131r. Yakla\u015f\u0131k [&hellip;]<\/p>\n","protected":false},"author":10,"featured_media":0,"parent":0,"menu_order":0,"comment_status":"closed","ping_status":"closed","template":"","meta":{"footnotes":""},"class_list":["post-9567","page","type-page","status-publish","hentry"],"_links":{"self":[{"href":"https:\/\/www.karaisali.bel.tr\/index.php?rest_route=\/wp\/v2\/pages\/9567","targetHints":{"allow":["GET"]}}],"collection":[{"href":"https:\/\/www.karaisali.bel.tr\/index.php?rest_route=\/wp\/v2\/pages"}],"about":[{"href":"https:\/\/www.karaisali.bel.tr\/index.php?rest_route=\/wp\/v2\/types\/page"}],"author":[{"embeddable":true,"href":"https:\/\/www.karaisali.bel.tr\/index.php?rest_route=\/wp\/v2\/users\/10"}],"replies":[{"embeddable":true,"href":"https:\/\/www.karaisali.bel.tr\/index.php?rest_route=%2Fwp%2Fv2%2Fcomments&post=9567"}],"version-history":[{"count":0,"href":"https:\/\/www.karaisali.bel.tr\/index.php?rest_route=\/wp\/v2\/pages\/9567\/revisions"}],"wp:attachment":[{"href":"https:\/\/www.karaisali.bel.tr\/index.php?rest_route=%2Fwp%2Fv2%2Fmedia&parent=9567"}],"curies":[{"name":"wp","href":"https:\/\/api.w.org\/{rel}","templated":true}]}}