{"id":9541,"date":"2021-05-26T11:31:12","date_gmt":"2021-05-26T08:31:12","guid":{"rendered":"https:\/\/www.karaisali.bel.tr\/?page_id=9541"},"modified":"2021-05-26T11:39:55","modified_gmt":"2021-05-26T08:39:55","slug":"mayis-2021-meclis-kararlari","status":"publish","type":"page","link":"https:\/\/www.karaisali.bel.tr\/?page_id=9541","title":{"rendered":"May\u0131s 2021 Meclis Kararlar\u0131"},"content":{"rendered":"<table>\n<tbody>\n<tr>\n<td>KARAR 45<\/td>\n<\/tr>\n<tr>\n<td>Belediyemiz Mali Hizmetler M\u00fcd\u00fcrl\u00fc\u011f\u00fcnce haz\u0131rlanan 2020 y\u0131l\u0131 Kesin Hesaplar\u0131 ekte sunulmu\u015f olup, 5393 Say\u0131l\u0131 Belediye Kanununun 18\/b maddesi ve 64. maddesi gere\u011fince Belediyemiz Meclisinde g\u00f6r\u00fc\u015f\u00fclmek \u00fczere havalesini Olurlar\u0131n\u0131za arz ederim. Denilmekte olup, teklif hakk\u0131nda s\u00f6z isteyen olup olmad\u0131\u011f\u0131 soruldu. \u00dcyelerden Abdullah KA\u00c7AR s\u00f6z ald\u0131. Arkada\u015flar teklifin Belediyemiz Plan B\u00fct\u00e7e ve M\u00fc\u015fterek Komisyonunda g\u00f6r\u00fc\u015f\u00fclmek \u00fczere havalesini teklif ediyorum. Dedi. Teklif oylamaya sunuldu. Yap\u0131lan oylama neticesinde teklifin kabul\u00fcne oy birli\u011fi ile karar verildi.<\/td>\n<\/tr>\n<tr>\n<tr>\n<td>KARAR 46<\/td>\n<\/tr>\n<tr>\n<td>Belediyemiz Meclisinin 02\/02\/2021 tarih ve 25 nolu karar\u0131 ile Belediyemize ait 59 mahallenin k\u0131rsal alanlar stat\u00fcs\u00fcne giren yerler olarak belirlenmi\u015f olup, Adana B\u00fcy\u00fck\u015fehir Belediyesince 2006 y\u0131l\u0131nda ba\u011flanan yerlerin bu stat\u00fcden \u00e7\u0131kar\u0131lmas\u0131 talep edilmi\u015f olup, 02\/02\/2021 tarih ve 25 nolu Meclis Karar\u0131m\u0131zla al\u0131nan karar\u0131n bu talep \u00fczerine 51 mahalle olarak d\u00fczeltilerek 25 nolu karar\u0131n iptal edilmesi \u037e &#8221;31\/12\/2021 Tarihli T\u00fcrkiye \u0130statislik Kurumu verilerine g\u00f6re t\u00fcm illerde n\u00fcfusu 20.000&#8217;den az olan yerle\u015fim yerleri &#8221; \u015feklinde\u037e K\u0131rsal Mahalle ise &#8221;K\u00f6y veya belde belediyesi iken mahalleye d\u00f6n\u00fc\u015fen ve b\u00fcy\u00fck\u015fehir belediyesi s\u0131n\u0131rlar\u0131 i\u00e7inde bulunup sosyoekonomik durumu, \u015fehir merkezine uzakl\u0131\u011f\u0131, belediye hizmetlerine eri\u015febilirli\u011fi, mevcut yap\u0131la\u015fma durumu ve benzeri hususlar dikkate al\u0131narak ilgili il\u00e7e belediye meclisinin karar\u0131 ve teklifi \u00fczerine b\u00fcy\u00fck\u015fehir belediye meclisinin en ge\u00e7 doksan g\u00fcn i\u00e7erisinde alaca\u011f\u0131 karar ile k\u0131rsal yerle\u015fim \u00f6zelli\u011fi ta\u015f\u0131d\u011f\u0131 tespit edilen mahalleler&#8221; olarak tan\u0131mlanmaktad\u0131r, denilmektedir. K\u0131rsal Kalk\u0131nma Destekleri Kapsam\u0131nda Tar\u0131ma Dayal\u0131 Ekonomik Altyap\u0131 Yat\u0131r\u0131mlar\u0131n\u0131n Desteklenmesine ili\u015fkin de\u011ferlendirme \u00e7al\u0131\u015fmalar\u0131nda kullan\u0131lmak \u00fczere \u0130l\u00e7emiz \u037e&#8217;<br \/>\n&#8216; Ak\u00e7al\u0131, Alt\u0131nova, A\u015fa\u011f\u0131belemedik, A\u015fa\u011f\u0131y\u00f6r\u00fckler, Ayakk\u0131f, Barakda\u011f, Bekirli, Beydemir, Bolacal\u0131, Bucak,\u00c7akall\u0131, \u00c7evlik, \u00c7ocuklar, \u00c7orlu, \u00c7ukur, Demir\u00e7it, D\u00f6\u015fekevi, Durak,E\u011flence, Emelcik,Etekli, Fettahl\u0131, Filikli, Gildirli, G\u00f6khasanl\u0131, G\u00fcl\u00fc\u015fl\u00fc, Hac\u0131l\u0131, Hac\u0131musal\u0131, Kaleda\u011f, Karahasanl\u0131, Karak\u0131l\u0131\u00e7, Karakuyu, K\u0131ralan, K\u0131r\u0131kl\u0131, K\u00f6r\u00fckl\u00fc, Ku\u015f\u00e7usofulu, Kuyucu, Kuzgun, Mara\u015fl\u0131, Merkez Boztahta, Murt\u00e7ukuru, Nergizlik, Nuhlu, \u00d6merli, Sad\u0131kali, Tat\u0131k, Topakta\u015f, Topkaral\u0131, Torunsolakl\u0131, T\u00fcmenli, Yaz\u0131ba\u015f\u0131 &#8221; Mahallelerimiz K\u0131rsal Mahalle stat\u00fcs\u00fcne giren alanlar tan\u0131m\u0131na giren yerler oldu\u011funa dair gerekli Meclis Karar\u0131 al\u0131nmas\u0131n\u0131 Olurlar\u0131n\u0131za arz ederim. Denilmekte olup, teklif oylamaya sunuldu, Yap\u0131lan oylama neticesinde teklifin m\u00fcd\u00fcrl\u00fc\u011f\u00fcnden geldi\u011fi gibi kabul edilmesine oy birli\u011fi ile karar verildi.<br \/>\nT.C.<br \/>\nADANA KARA\u0130SALI \u0130L\u00c7E BELED\u0130YES\u0130<br \/>\nBELED\u0130YE MECL\u0130S\u0130<br \/>\nBa\u015fkan Vekili<br \/>\nCemal DEM\u0130RDA\u011e<br \/>\nBelediye Meclisi \u00dcyesi<br \/>\nKatip<br \/>\nTurgay BULUT<br \/>\nBelediye Meclisi<\/td>\n<\/tr>\n<tr>\n<tr>\n<td>KARAR 47<\/td>\n<\/tr>\n<tr>\n<td>\u0130lgi say\u0131l\u0131 yaz\u0131da \u0130stenilen G\u00f6khasanl\u0131 Mahallesinde 3402 say\u0131l\u0131 Kadastro kanunun h\u00fckemlerince yap\u0131lacak olan Kadastro ekibinde bilirki\u015fi olarak g\u00f6rev yapmak \u00fczere a\u015fa\u011f\u0131da \u0130sim, TC kimlik numaralar\u0131 ve Telefon numaral\u0131 yaz\u0131l\u0131 6 ki\u015finin belirlenmesi i\u00e7in Belediyemiz Meclisince g\u00f6r\u00fc\u015f\u00fclmek \u00fczere havalesini Olurlar\u0131n\u0131za arz ederim.<br \/>\nADI SOYADI TC NO TELEFONU<br \/>\nAL\u0130 G\u00d6KTA\u015e 198910XXXXX 0537 383 XXXX<br \/>\nYA\u015eAR DA\u015e 191170XXXXX 0537 251 XXXX<br \/>\nHACI RESUL G\u00d6KKAYA 200590XXXXX 0506 053 XXXX<br \/>\nMEHMET REF\u0130K G\u00d6KYERMEZ 205030XXXXX 0533 811 XXXX<br \/>\nFURKAN DEM\u0130R 195040XXXXX 0537 265 XXXX<br \/>\nDURMU\u015e AL\u0130 G\u00dcZELO\u011eLU 196870XXXXX 0537 724 XXXX<\/p>\n<p>Denilmekte olup, teklif hakk\u0131nda s\u00f6z isteyen olup olmad\u0131\u011f\u0131 soruldu. \u00dcyelerden Rifat K\u00d6RO\u011eLU s\u00f6z ald\u0131. Arkada\u015flar teklifin Tar\u0131m Orman Mahalle ve M\u00fc\u015fterek Komisyonunda g\u00f6r\u00fc\u015f\u00fclmek havalesini teklif ediyorum. Dedi. Teklif oylamaya sunuldu. Yap\u0131lan oylama neticesinde teklifin kabul\u00fcne oy birli\u011fi ile karar verildi.<br \/>\nT.C.<br \/>\nADANA KARA\u0130SALI \u0130L\u00c7E BELED\u0130YES\u0130<br \/>\nBELED\u0130YE MECL\u0130S\u0130<br \/>\nBa\u015fkan Vekili<br \/>\nCemal DEM\u0130RDA\u011e<br \/>\nBelediye Meclisi \u00dcyesi<br \/>\nKatip<br \/>\nTurgay BULUT<br \/>\nBelediye Meclisi<\/td>\n<\/tr>\n<tr>\n<tr>\n<td>KARAR 48<\/td>\n<\/tr>\n<tr>\n<td>G\u00fcndemde bulunan Madde gere\u011fi \u037e Belediyemiz Plan B\u00fct\u00e7e ve M\u00fc\u015fterek Komisyonunun 2020 Y\u0131l\u0131 Kesin Hesaplar\u0131 ile ilgili komisyon raporunun g\u00f6r\u00fc\u015f\u00fclmesine ge\u00e7ildi. Komisyon raporunda aynen &#8220;Belediyemiz Meclisince komisyonumuzda g\u00f6r\u00fc\u015f\u00fclmek \u00fczere havale edilen\u037e Belediyemiz Mali Hizmetler M\u00fcd\u00fcrl\u00fc\u011f\u00fcnce 5393 say\u0131l\u0131 Belediye Kanununun 18\/b maddesi ve 64. maddesi gere\u011fince haz\u0131rlanan 2020 Y\u0131l\u0131 Kesin Hesaplar\u0131 komisyonumuzca tek tek okunarak incelenmi\u015ftir. Okunan 2020 Y\u0131l\u0131 Kesin Hesab\u0131 Komisyonumuzca uygun bulunmu\u015f olup, Belediyemiz Meclisince g\u00f6r\u00fc\u015f\u00fclmek \u00fczere sunulmas\u0131na oy birli\u011fi ile karar verildi.&#8221; Denilmekte olup okunan komisyon raporu hakk\u0131nda s\u00f6z isteyen olup, olmad\u0131\u011f\u0131 soruldu. S\u00f6z isteyen olmay\u0131nca oylamaya sunuldu. yap\u0131lan oylama neticesinde oy birli\u011fi ile kabul\u00fcne karar verildi.<\/td>\n<\/tr>\n<tr>\n<tr>\n<td>KARAR 49<\/td>\n<\/tr>\n<tr>\n<td>Belediyemiz Tar\u0131m Orman ve Mahalle M\u00fc\u015fterek Komisyonunun G\u00f6khasanl\u0131 Mahallesi kadastro \u00e7al\u0131\u015fmalar\u0131nda g\u00f6rev yapacak bilirki\u015filerin belirlenmesi ile ilgili komisyon raporunun g\u00f6r\u00fc\u015f\u00fclmesine ge\u00e7ildi. Komisyon raporunda aynen &#8221; Belediyemiz Meclisinin komisyonumuzda g\u00f6r\u00fc\u015f\u00fclmek \u00fczere havale etti\u011fi\u037e Karaisal\u0131 Belediyesi Yaz\u0131 \u0130\u015fleri M\u00fcd\u00fcrl\u00fc\u011f\u00fcn\u00fcn 14\/05\/2021 tarih ve 1109 say\u0131l\u0131 yaz\u0131s\u0131 ve Adana Valili\u011fi Kadastro M\u00fcd\u00fcrl\u00fc\u011f\u00fcn\u00fcn 14\/04\/2021 tarih ve 1155956 say\u0131l\u0131 yaz\u0131lar\u0131nda \u0130stenilen G\u00f6khasanl\u0131 Mahallesinde 3402 say\u0131l\u0131 Kadastro kanunun h\u00fck\u00fcmlerince yap\u0131lacak olan Kadastro ekibinde bilirki\u015fi olarak g\u00f6rev yapmak \u00fczere a\u015fa\u011f\u0131da \u0130sim, TC kimlik numaralar\u0131 ,Telefon numaral\u0131 ve adresleri yaz\u0131l\u0131 6 ki\u015finin belirlenmesine komisyonumuzca oy birli\u011fi ile karar verili<\/p>\n<p>\tADI SOYADI TC NO TELEFONU ADRES\u0130<br \/>\nAL\u0130 G\u00d6KTA\u015e 198910XXXXX 0537 383 XXXX G\u00f6khasanl\u0131 Mahallesi<br \/>\nYA\u015eAR DA\u015e 191170XXXXX 0537 251 XXXX<br \/>\nHACI RESUL G\u00d6KKAYA 200590XXXXX 0506 053 XXXX<br \/>\nMEHMET REF\u0130K G\u00d6KYERMEZ 205030XXXXX 0533 811 XXXX<br \/>\nFURKAN DEM\u0130R 195040XXXXX 0537 265 XXXX<br \/>\nDURMU\u015e AL\u0130 G\u00dcZELO\u011eLU 196870XXXXX 0537 724 XXXX\n\t<\/td>\n<\/tr>\n<tr>\n<\/tbody>\n<\/table>\n","protected":false},"excerpt":{"rendered":"<p>KARAR 45 Belediyemiz Mali Hizmetler M\u00fcd\u00fcrl\u00fc\u011f\u00fcnce haz\u0131rlanan 2020 y\u0131l\u0131 Kesin Hesaplar\u0131 ekte sunulmu\u015f olup, 5393 Say\u0131l\u0131 Belediye Kanununun 18\/b maddesi ve 64. maddesi gere\u011fince Belediyemiz Meclisinde g\u00f6r\u00fc\u015f\u00fclmek \u00fczere havalesini Olurlar\u0131n\u0131za arz ederim. Denilmekte olup, teklif hakk\u0131nda s\u00f6z isteyen olup olmad\u0131\u011f\u0131 soruldu. \u00dcyelerden Abdullah KA\u00c7AR s\u00f6z ald\u0131. Arkada\u015flar teklifin Belediyemiz Plan B\u00fct\u00e7e ve M\u00fc\u015fterek Komisyonunda g\u00f6r\u00fc\u015f\u00fclmek [&hellip;]<\/p>\n","protected":false},"author":10,"featured_media":0,"parent":9425,"menu_order":202105,"comment_status":"closed","ping_status":"closed","template":"","meta":{"footnotes":""},"class_list":["post-9541","page","type-page","status-publish","hentry"],"_links":{"self":[{"href":"https:\/\/www.karaisali.bel.tr\/index.php?rest_route=\/wp\/v2\/pages\/9541","targetHints":{"allow":["GET"]}}],"collection":[{"href":"https:\/\/www.karaisali.bel.tr\/index.php?rest_route=\/wp\/v2\/pages"}],"about":[{"href":"https:\/\/www.karaisali.bel.tr\/index.php?rest_route=\/wp\/v2\/types\/page"}],"author":[{"embeddable":true,"href":"https:\/\/www.karaisali.bel.tr\/index.php?rest_route=\/wp\/v2\/users\/10"}],"replies":[{"embeddable":true,"href":"https:\/\/www.karaisali.bel.tr\/index.php?rest_route=%2Fwp%2Fv2%2Fcomments&post=9541"}],"version-history":[{"count":0,"href":"https:\/\/www.karaisali.bel.tr\/index.php?rest_route=\/wp\/v2\/pages\/9541\/revisions"}],"up":[{"embeddable":true,"href":"https:\/\/www.karaisali.bel.tr\/index.php?rest_route=\/wp\/v2\/pages\/9425"}],"wp:attachment":[{"href":"https:\/\/www.karaisali.bel.tr\/index.php?rest_route=%2Fwp%2Fv2%2Fmedia&parent=9541"}],"curies":[{"name":"wp","href":"https:\/\/api.w.org\/{rel}","templated":true}]}}