{"id":9539,"date":"2021-05-26T11:30:06","date_gmt":"2021-05-26T08:30:06","guid":{"rendered":"https:\/\/www.karaisali.bel.tr\/?page_id=9539"},"modified":"2021-05-26T11:47:35","modified_gmt":"2021-05-26T08:47:35","slug":"nisan-2021-meclis-kararlari","status":"publish","type":"page","link":"https:\/\/www.karaisali.bel.tr\/?page_id=9539","title":{"rendered":"Nisan 2021 Meclis Kararlar\u0131"},"content":{"rendered":"<table>\n<tbody>\n<tr>\n<td>KARAR 31<\/td>\n<\/tr>\n<tr>\n<td>Belediyemiz Emlak ve \u0130stimlak M\u00fcd\u00fcrl\u00fc\u011f\u00fcn\u00fcn 30\/03\/2021 tarih ve 793 say\u0131l\u0131 yaz\u0131lar\u0131nda\u037e \u0130l\u00e7emiz Selamp\u0131nar Mahallesi 222 ada 6 parselde<br \/>\nkay\u0131tl\u0131 826 m2 arsan\u0131n 199 m2 hissesi Belediye Ba\u015fkanl\u0131\u011f\u0131m\u0131za ait olup\u037e Karaisal\u0131 \u0130l\u00e7e M\u00fcft\u00fcl\u00fc\u011f\u00fc merkez yat\u0131l\u0131 Erkek Kur&#8217;an kursu \u00f6\u011frencilerinin<br \/>\nistifadesine sunulmak \u00fczere spor tesisi yap\u0131lmas\u0131 i\u00e7in Belediye Ba\u015fkanl\u0131\u011f\u0131m\u0131z\u0131n 222 ada 6 parseldeki 199 m2 lik hissesini Gen\u00e7lik Hizmetleri ve spor \u0130l<br \/>\nM\u00fcd\u00fcrl\u00fc\u011f\u00fcne tahsisi istenmektedir. S\u00f6z konusu 199 m2 hissenin tahsis yap\u0131labilmesi i\u00e7in Belediye Meclisinde G\u00f6r\u00fc\u015f\u00fclmesini Oluudlar\u0131n\u0131za arz<br \/>\nederim. Denilmekte olup, Teklif hakk\u0131nda s\u00f6z isteyen olup olmad\u0131\u011f\u0131 soruldu. \u00dcyelerden Rifat K\u00d6RO\u011eLU s\u00f6z ald\u0131. Teklifin \u0130mar Bay\u0131nd\u0131rl\u0131k ve<br \/>\nM\u00fc\u015fterek Komisyonlarda g\u00f6r\u00fc\u015f\u00fclmek \u00fczere havalesini teklif ediyorum. Dedi. Teklif oylamaya sunuldu. Yap\u0131lan oylama neticesinde teklifin kabul\u00fcne<br \/>\noy birli\u011fi ile karar verildi.\n\t<\/td>\n<\/tr>\n<tr>\n<td>KARAR 32<\/td>\n<\/tr>\n<tr>\n<td>\u00c7evre ve \u015eehircilik Bakanl\u0131\u011f\u0131 Yerel Y\u00f6netimler Genel M\u00fcd\u00fcrl\u00fc\u011f\u00fcn\u00fcn 09\/03\/2021 tarih ve 2021\/2 nolu genelgesi gere\u011fince Meclis Katibi \u00dcye<br \/>\nSe\u00e7imi 2021N\u0130SAN<br \/>\nay\u0131nda yap\u0131lmas\u0131 belirtilmi\u015f olup, 5393 Say\u0131l\u0131 Belediye Kanunun 19. maddesinde\u037e Madde 19Belediye<br \/>\nmeclisi, se\u00e7im<br \/>\nsonu\u00e7lar\u0131n\u0131n il\u00e2n\u0131n\u0131 takip eden be\u015finci g\u00fcn belediye ba\u015fkan\u0131n\u0131n ba\u015fkanl\u0131\u011f\u0131nda kendili\u011finden toplan\u0131r. Meclis bu toplant\u0131da, \u00fcyeleri aras\u0131ndan, gizli oyla<br \/>\nmeclis birinci ve ikinci ba\u015fkan vekili ile en az iki k\u00e2tip \u00fcyeyi ilk iki y\u0131l i\u00e7in g\u00f6rev yapmak \u00fczere se\u00e7er. \u0130lk iki y\u0131ldan sonra se\u00e7ilecek ba\u015fkanl\u0131k divan\u0131<br \/>\nyap\u0131lacak ilk mahall\u00ee idareler se\u00e7imlerine kadar g\u00f6rev yapar. &#8221; denilmekte olup, Belediyemiz Meclisinde g\u00f6rev yapmak \u00fczere 2 katip \u00fcye se\u00e7imi<br \/>\nyap\u0131lmas\u0131 i\u00e7in teklifin Belediyemiz Meclisinde g\u00f6r\u00fc\u015f\u00fclmek \u00fczere havalesini arz ederim. Denilmekte olup, gizli oylama ile yap\u0131lan 2 Adet Meclis \u00dcye<br \/>\nKatip \u00dcye Se\u00e7imi sonras\u0131 \u00fcyelerden Turgay BULUT (15) oy, Mustafa \u00d6ZKAYA (15) oy alarak Meclis Katip \u00dcyesi olarak g\u00f6rev yapmak \u00fczere<br \/>\nse\u00e7ildiler.<br \/>\nT.C.<br \/>\nADANA KARA\u0130SALI \u0130L\u00c7E BELED\u0130YES\u0130<br \/>\nBELED\u0130YE MECL\u0130S\u0130<br \/>\nBa\u015fkan\n\t<\/td>\n<\/tr>\n<tr>\n<td>KARAR 33<\/td>\n<\/tr>\n<tr>\n<td>\u00c7evre ve \u015eehircilik Bakanl\u0131\u011f\u0131n\u0131n 09\/03\/2021 tarih ve 2021\/2 nolu Genelgesi gere\u011fince Enc\u00fcmen \u00dcye Se\u00e7imi 2021N\u0130SAN<br \/>\nay\u0131nda yap\u0131lmas\u0131<br \/>\nbelirtilmi\u015f olup\u037e 5393 Say\u0131l\u0131 Belediye Kanunun 33\/b maddesinde\u037e Madde 33\/b\u037e Di\u011fer belediyelerde, belediye meclisinin her y\u0131l kendi \u00fcyeleri<br \/>\naras\u0131ndan bir y\u0131l i\u00e7in gizli oyla se\u00e7ece\u011fi iki \u00fcye, mal\u00ee hizmetler birim amiri ve belediye ba\u015fkan\u0131n\u0131n birim amirleri aras\u0131ndan bir y\u0131l i\u00e7in se\u00e7ece\u011fi bir \u00fcye<br \/>\nolmak \u00fczere be\u015f ki\u015fiden olu\u015fur&#8221; Denilmekte olup, Belediyemiz Enc\u00fcmeninde g\u00f6rev yapmak \u00fczere 2 adet Enc\u00fcmen \u00dcyesi se\u00e7imi i\u00e7in teklifimizin<br \/>\nBelediyemiz Meclisine havalesini arz ederim. Denilmekte olup, yap\u0131lan gizli oylama neticesinde Esat K\u00d6SE (15) Oy, Ahmet GELEN (15) oy alarak<br \/>\n1 y\u0131l Enc\u00fcmen \u00dcyesi olarak g\u00f6rev yapmak \u00fczere se\u00e7ildiler.\n\t<\/td>\n<\/tr>\n<tr>\n<td>KARAR 34<\/td>\n<\/tr>\n<tr>\n<td>\u00c7evre ve \u015eehircilik Bakanl\u0131\u011f\u0131n\u0131n 09\/03\/2021 tarih ve 2021\/2 say\u0131l\u0131 genelgesi gere\u011fi Meclis 1. ve 2. Ba\u015fkanvekili se\u00e7imleri 2021N\u0130SAN<br \/>\nay\u0131nda yap\u0131laca\u011f\u0131 belirtilmi\u015f olup\u037e 5393 Belediye Kanunun Madde 19Belediye<br \/>\nmeclisi, se\u00e7im sonu\u00e7lar\u0131n\u0131n il\u00e2n\u0131n\u0131 takip eden be\u015finci g\u00fcn<br \/>\nbelediye ba\u015fkan\u0131n\u0131n ba\u015fkanl\u0131\u011f\u0131nda kendili\u011finden toplan\u0131r. Meclis bu toplant\u0131da, \u00fcyeleri aras\u0131ndan, gizli oyla meclis birinci ve ikinci ba\u015fkan vekili ile en<br \/>\naz iki k\u00e2tip \u00fcyeyi ilk iki y\u0131l i\u00e7in g\u00f6rev yapmak \u00fczere se\u00e7er. \u0130lk iki y\u0131ldan sonra se\u00e7ilecek ba\u015fkanl\u0131k divan\u0131 yap\u0131lacak ilk mahall\u00ee idarelerse\u00e7imlerine<br \/>\nkadar g\u00f6rev yapar. &#8221; Denilmekte olup, Belediyemiz Meclis 1. ve 2. Ba\u015fkanvekili se\u00e7imi yap\u0131lmak \u00fczere teklifin Belediyemiz Meclisine havalesini arz<br \/>\nederim. Denilmekte olup, yap\u0131lan gizli oylama neticesinde \u037e \u00dcyelerden Cemal DEM\u0130R (15) oy alarak Meclis Birinci Ba\u015fkanvekili , Osman<br \/>\nKURDAK (15) oy alarak \u0130kinci Ba\u015fkanvekili olarak g\u00f6rev yapmak \u00fczere se\u00e7ildiler.\n\t<\/td>\n<\/tr>\n<tr>\n<td>KARAR 35<\/td>\n<\/tr>\n<tr>\n<td>Belediyemiz Mali Hizmetler M\u00fcd\u00fcrl\u00fc\u011f\u00fcn\u00fcn 29\/03\/2021 tarih ve 768 say\u0131l\u0131 yaz\u0131lar\u0131nda\u037e Belediye Ba\u015fkanl\u0131\u011f\u0131m\u0131zca 2020 y\u0131l\u0131 faaliyet raporunun g\u00f6r\u00fc\u015f\u00fclmek<br \/>\n\u00fczere meclisimize havalesini arz ederim. Denilmekte olup, 2020 y\u0131l\u0131 Faaliyet Raporunun g\u00f6r\u00fc\u015f\u00fclmesine ge\u00e7ildi. Meclis 1. Ba\u015fkanvekili Cemal DEM\u0130RDA\u011e<br \/>\n5393 Say\u0131l\u0131 Belediye Kanununun 56. maddesi gere\u011fince Belediye Ba\u015fkan\u0131 Saadettin ASLAN \u2018\u0131n yerine ge\u00e7erek Faaliyet Raporunun g\u00f6r\u00fc\u015f\u00fclmesine ge\u00e7ildi.<br \/>\nMeclis 1. Ba\u015fkanvekili Cemal DEM\u0130RDA\u011e Belediyemizce haz\u0131rlanan 2020 y\u0131l faaliyet raporunun okunmas\u0131n\u0131 teklif etti. Haz\u0131rlanan faaliyet raporu tek tek<br \/>\nokundu. Okunan 2020 Y\u0131l\u0131 Faaliyet Raporu oylamaya sunuldu. Yap\u0131lan oylama neticesinde Belediyemiz 2020 y\u0131l\u0131 Faaliyet Raporunun kabul edilmesine oy birli\u011fi<br \/>\nile karar verildi.<br \/>\nT.C.<br \/>\nADANA KARA\u0130SALI \u0130L\u00c7E BELED\u0130YES\u0130<br \/>\nBELED\u0130YE MECL\u0130S\u0130<br \/>\nBa\u015fkan\n\t<\/td>\n<\/tr>\n<tr>\n<td>KARAR 36<\/td>\n<\/tr>\n<tr>\n<td>Belediyemiz Mali Hizmetler M\u00fcd\u00fcrl\u00fc\u011f\u00fcn\u00fcn 29\/03\/2021 tarih ve 773 say\u0131l\u0131 yaz\u0131lar\u0131nda \u037e Belediye Ba\u015fkanl\u0131\u011f\u0131m\u0131zca 2020 y\u0131l\u0131 \u0130\u00e7 denetim raporunun<br \/>\ng\u00f6r\u00fc\u015f\u00fclmek \u00fczere meclisimize havalesini arz ederim. Denilmekte olup, Belediyemiz Denetim Komisyonunun 5393 Say\u0131l\u0131 Belediye Kanununun 25. maddesi<br \/>\ngere\u011fince haz\u0131rlam\u0131\u015f oldu\u011fu 2020 y\u0131l\u0131 Denetim Raporu tek tek okunarak g\u00f6r\u00fc\u015f\u00fcld\u00fc.\n\t<\/td>\n<\/tr>\n<tr>\n<td>KARAR 37<\/td>\n<\/tr>\n<tr>\n<td>\u00c7evre ve \u015eehircilik Bakanl\u0131\u011f\u0131 Yerel Y\u00f6netimler Genel M\u00fcd\u00fcrl\u00fc\u011f\u00fcn\u00fcn 09\/03\/2021 tarih ve 2021\/2 nolu genelgesi gere\u011fince\u037e 5393 Say\u0131l\u0131<br \/>\nBelediye Kanununun 24. maddesi gere\u011fince Belediye Ba\u015fkanl\u0131\u011f\u0131m\u0131z Plan ve B\u00fct\u00e7e Komisyonunda g\u00f6rev yapmak \u00fczere 5 adet \u00fcye se\u00e7ilmesi i\u00e7in<br \/>\nteklifimizin Belediyemiz Meclisince g\u00f6r\u00fc\u015f\u00fclmek \u00fczere havalesini Olurlar\u0131n\u0131za arz ederim. Denilmekte olup yap\u0131lan a\u00e7\u0131k oylama se\u00e7im sonucu Esat<br \/>\nK\u00d6SE (15) OY, Kudret DEM\u0130RC\u0130O\u011eLU (15) oy, Celalettin S\u00dcRME (15) oy , Turgay BULUT (15) ve Ayhan I\u015eIK (15) oy alarak Plan ve<br \/>\nB\u00fct\u00e7e Komisyonunda 1 y\u0131l g\u00f6rev yapmak \u00fczere se\u00e7ildiler.\n\t<\/td>\n<\/tr>\n<tr>\n<td>KARAR 38<\/td>\n<\/tr>\n<tr>\n<td>vre ve \u015eehircilik Bakanl\u0131\u011f\u0131 Yerel Y\u00f6netimler Genel M\u00fcd\u00fcrl\u00fc\u011f\u00fcn\u00fcn 09\/03\/2021 tarih ve 2021\/2 nolu genelgesi gere\u011fince5393 Say\u0131l\u0131<br \/>\nBelediye Kanununun 24. maddesi gere\u011fince Belediye Ba\u015fkanl\u0131\u011f\u0131m\u0131z \u00c7evre Sa\u011fl\u0131k Komisyonunda g\u00f6rev yapmak \u00fczere 5 adet \u00fcye se\u00e7ilmesi i\u00e7in<br \/>\nteklifimizin Belediyemiz Meclisince g\u00f6r\u00fc\u015f\u00fclmek \u00fczere havalesini Olurlar\u0131n\u0131za arz ederim. Denilmekte olup, yap\u0131lan a\u00e7\u0131k oylama sonucu Kudret<br \/>\nDEM\u0130RC\u0130O\u011eLU (15) , Cemal DEM\u0130RDA\u011e (15) Saniye USTA (15) , Ahmet GELEN (15) Oy ile Recep KOCA (15) alarak 1 y\u0131l \u00c7evre ve<br \/>\nSa\u011fl\u0131k Komisyonunda g\u00f6rev yapmak \u00fczere se\u00e7ildiler.\n\t<\/td>\n<\/tr>\n<tr>\n<td>KARAR 39<\/td>\n<\/tr>\n<tr>\n<td>\u00c7evre ve \u015eehircilik Bakanl\u0131\u011f\u0131 Yerel Y\u00f6netimler Genel M\u00fcd\u00fcrl\u00fc\u011f\u00fcn\u00fcn 09\/03\/2021 tarih ve 2021\/2 nolu genelgesi gere\u011fince 5393 Say\u0131l\u0131<br \/>\nBelediye Kanununun 24. maddesi gere\u011fince Belediye Ba\u015fkanl\u0131\u011f\u0131m\u0131z E\u011ft. K\u00fclt\u00fcr ve Spor Komisyonunda g\u00f6rev yapmak \u00fczere 5 adet \u00fcye se\u00e7ilmesi<br \/>\ni\u00e7in teklifimizin Belediyemiz Meclisince g\u00f6r\u00fc\u015f\u00fclmek \u00fczere havalesini Olurlar\u0131n\u0131za arz ederim. Denilmekte olup, yap\u0131lan a\u00e7\u0131k oylama se\u00e7imi sonucu<br \/>\nMustafa \u00d6ZKAYA (15) , Ayd\u0131n NERG\u0130Z (15) oy, Mustafa EK\u0130C\u0130 (15) , Turgay BULUT (15) oy, Ayhan I\u015eIK (15) oy alarak 1 y\u0131l E\u011fitim K\u00fclt\u00fcr<br \/>\nve Spor Komisyonunda g\u00f6rev yapmak \u00fczere se\u00e7ildiler.<br \/>\nT.C.<br \/>\nADANA KARA\u0130SALI \u0130L\u00c7E BELED\u0130YES\u0130<br \/>\nBELED\u0130YE MECL\u0130S\u0130<br \/>\nBa\u015fkan\n\t<\/td>\n<\/tr>\n<tr>\n<td>KARAR 40<\/td>\n<\/tr>\n<tr>\n<td>\u00c7evre ve \u015eehircilik Bakanl\u0131\u011f\u0131 Yerel Y\u00f6netimler Genel M\u00fcd\u00fcrl\u00fc\u011f\u00fcn\u00fcn 09\/03\/2021 tarih ve 2021\/2 nolu genelgesi gere\u011fince 5393 Say\u0131l\u0131<br \/>\nBelediye Kanununun 24. maddesi gere\u011fince Belediye Ba\u015fkanl\u0131\u011f\u0131m\u0131z \u0130mar ve Bay\u0131nd\u0131rl\u0131k Komisyonunda g\u00f6rev yapmak \u00fczere 5 adet \u00fcye se\u00e7ilmesi<br \/>\ni\u00e7in teklifimizin Belediyemiz Meclisince g\u00f6r\u00fc\u015f\u00fclmek \u00fczere havalesini Olurlar\u0131n\u0131za arz ederim. Denilmekte olup, yap\u0131lan a\u00e7\u0131k oylama se\u00e7imi sonucu<br \/>\nMeclis \u00dcyelerinden Abdullah KA\u00c7AR (15) , Rifat K\u00d6RO\u011eLU (15) Saniye (15), Celalettin S\u00dcRME (15) Recep KOCA (15) oy alarak 1 y\u0131l<br \/>\n\u0130mar ve Bay\u0131nd\u0131rl\u0131k Komisyonunda g\u00f6rev yapmak \u00fczere se\u00e7ildiler\n\t<\/td>\n<\/tr>\n<tr>\n<td>KARAR 41<\/td>\n<\/tr>\n<tr>\n<td>\u00c7evre ve \u015eehircilik Bakanl\u0131\u011f\u0131 Yerel Y\u00f6netimler Genel M\u00fcd\u00fcrl\u00fc\u011f\u00fcn\u00fcn 09\/03\/2021 tarih ve 2021\/2 nolu genelgesi gere\u011fince 5393 Say\u0131l\u0131<br \/>\nBelediye Kanununun 24. maddesi gere\u011fince Belediye Ba\u015fkanl\u0131\u011f\u0131m\u0131z Tar\u0131m Orman ve Mahalle Komisyonunda g\u00f6rev yapmak \u00fczere 5 adet \u00fcye<br \/>\nse\u00e7ilmesi i\u00e7in teklifimizin Belediyemiz Meclisince g\u00f6r\u00fc\u015f\u00fclmek \u00fczere havalesini Olurlar\u0131n\u0131za arz ederim. Denilmekte olup, yap\u0131lan a\u00e7\u0131k oylama se\u00e7imi<br \/>\nsonucunda Ayd\u0131n NERG\u0130Z (15) , Mustafa EK\u0130C\u0130 (15) , Mustafa \u00d6ZKAYA (15) , Osman KURDAK (15) , Ayhan I\u015eIK (15) oy alarak 1 y\u0131l<br \/>\nTar\u0131m Orman ve Mahalle Komisyonunda g\u00f6rev yapmak \u00fczere se\u00e7ildiler.\n\t<\/td>\n<\/tr>\n<tr>\n<td>KARAR 42<\/td>\n<\/tr>\n<tr>\n<td>Belediyemiz \u0130mar ve \u015eehircilik M\u00fcd\u00fcrl\u00fc\u011f\u00fcn\u00fcn 29\/03\/2021 tarih ve 772 say\u0131l\u0131 yaz\u0131lar\u0131nda\u037e 24.12.2020 Tarih ve 31344 Say\u0131l\u0131 Resmi Gazetede<br \/>\nyay\u0131nlanarak y\u00fcr\u00fcrl\u00fc\u011fe girmi\u015f olan Altyap\u0131 ile ilgili y\u00f6netmelik gere\u011fince \u0130l\u00e7e Belediyelerince bu y\u00f6netmeli\u011fi kendi meclisinde belirtmeleri gerekmektedir. Bu<br \/>\nnedenle M\u00fcd\u00fcrl\u00fc\u011f\u00fcm\u00fczce haz\u0131rlanan ekte sunulmu\u015f olan, M\u00fcd\u00fcrl\u00fc\u011f\u00fcm\u00fcz b\u00fcnyesinde faaliyet g\u00f6steren Altyap\u0131 Koordinasyon Birimi<br \/>\n(AYKOB) Y\u00f6netmeli\u011finin kabul edilmesi i\u00e7in gerekli Meclis Karar\u0131 al\u0131nmas\u0131n\u0131 Olur&#8217;lar\u0131n\u0131za arz ederim. Denilmekte olup, Belediyemiz Meclisince g\u00f6r\u00fc\u015f\u00fcld\u00fc.<br \/>\nAltyap\u0131 Koordinasyon Birimi (AYKOB) Y\u00f6netmeli\u011finin idareden geldi\u011fi gibi kabul edilmesine oy birli\u011fi ile karar verildi.\n\t<\/td>\n<\/tr>\n<tr>\n<td>KARAR 43<\/td>\n<\/tr>\n<tr>\n<td>Belediyemiz Yaz\u0131 \u0130\u015fleri M\u00fcd\u00fcrl\u00fc\u011f\u00fcn\u00fcn 02\/04\/2021 tarih ve 814 say\u0131l\u0131 yaz\u0131lar\u0131nda \u037e Belediyemiz Denetim Komisyonunda g\u00f6rev almak \u00fczere<br \/>\nyap\u0131lan gizli oylama se\u00e7imi sonucunda Meclis \u00dcyelerinden Mustafa \u00d6ZKAYA, Celalettin S\u00dcRME, Ayd\u0131n NERG\u0130Z, Turgay BULUT ve Ayhan<br \/>\nI\u015eIK denetim komisyonuna se\u00e7ilmi\u015flerdi. Sehven 05\/01\/2021 tarih ve 8 nolu Meclis Karar\u0131nda Meclis \u00dcyesi Ayhan I\u015eIK yerine Kudret<br \/>\nDEM\u0130RC\u0130O\u011eLU yaz\u0131lm\u0131\u015f olup, Karar\u0131n d\u00fczeltilmesi i\u00e7in Belediyemiz Meclisinde g\u00f6r\u00fc\u015f\u00fclmek \u00fczere havalesini Olurlar\u0131n\u0131za arz ederim. Denilmekte<br \/>\nolup, Belediyemiz Meclisince g\u00f6r\u00fc\u015f\u00fcld\u00fc. Yap\u0131lan g\u00f6r\u00fc\u015fme neticesinde Belediyemiz Denetim Komisyonunda g\u00f6rev yapacak \u00fcyelerin Mustafa<br \/>\n\u00d6ZKAYA, Celalettin S\u00dcRME, Ayd\u0131n NERG\u0130Z, Turgay BULUT ve Ayhan I\u015eIK olarak d\u00fczeltilmesine oy birli\u011fi ile karar verildi.\n\t<\/td>\n<\/tr>\n<tr>\n<td>KARAR 44<\/td>\n<\/tr>\n<tr>\n<td>Belediyemiz Yaz\u0131 \u0130\u015fleri M\u00fcd\u00fcrl\u00fc\u011f\u00fcn\u00fcn 02\/04\/2021 tarih ve 815 say\u0131l\u0131 yaz\u0131lar\u0131nda\u037e Belediyemiz \u0130mar Bay\u0131nd\u0131rl\u0131k ve M\u00fc\u015fterek Komisyonunun 1<br \/>\nnolu tahsis ile ilgili Komisyon Karar\u0131n\u0131n Belediyemiz Meclisinde g\u00f6r\u00fc\u015f\u00fclmesi ve onaylanmas\u0131 i\u00e7in Belediyemiz Meclisine havalesini arz ederim.<br \/>\nDenilmekte olup, Komisyon Raporunda aynen\u037e&#8221; Belediyemiz Meclisinin komisyonumuzda g\u00f6r\u00fc\u015f\u00fclmek \u00fczere havale etti\u011fi Belediyemiz Emlak ve<br \/>\n\u0130stimlak M\u00fcd\u00fcrl\u00fc\u011f\u00fcn\u00fcn 30\/03\/2021 tarih ve 793 say\u0131l\u0131 yaz\u0131lar\u0131nda \u201c \u0130l\u00e7emiz Selamp\u0131nar Mahallesi 222 ada 6 parselde kay\u0131tl\u0131 826 m2 arsan\u0131n 199 m2<br \/>\nhissesi Belediye Ba\u015fkanl\u0131\u011f\u0131m\u0131za ait olup\u037e Karaisal\u0131 \u0130l\u00e7e M\u00fcft\u00fcl\u00fc\u011f\u00fc merkez yat\u0131l\u0131 Erkek Kur&#8217;an kursu \u00f6\u011frencilerinin istifadesine sunulmak \u00fczere spor<br \/>\ntesisi yap\u0131lmas\u0131 i\u00e7in Belediye Ba\u015fkanl\u0131\u011f\u0131m\u0131z\u0131n 222 ada 6 parseldeki 199 m2 lik hissesini Gen\u00e7lik Hizmetleri ve spor \u0130l M\u00fcd\u00fcrl\u00fc\u011f\u00fcne tahsisi<br \/>\nistenmektedir. S\u00f6z konusu 199 m2 hissenin tahsis yap\u0131labilmesi i\u00e7in Belediye Meclisinde G\u00f6r\u00fc\u015f\u00fclmesini Olurlar\u0131n\u0131za arz ederim. Denilmekte olup,<br \/>\nteklifin m\u00fcd\u00fcrl\u00fc\u011f\u00fcnden geldi\u011fi gibi kabul edilmesine , m\u00fclkiyeti Belediye Ba\u015fkanl\u0131\u011f\u0131m\u0131za ait 222 ada 6 parseldeki 199 m2 lik hissesini Gen\u00e7lik<br \/>\nHizmetleri ve spor \u0130l M\u00fcd\u00fcrl\u00fc\u011f\u00fcne tahsis edilmesine komisyonumuzca oy birli\u011fi ile karar verildi. Denilmekte olup okunan komisyon raporu hakk\u0131nda<br \/>\ns\u00f6z isteyen olup, olmad\u0131\u011f\u0131 soruldu. \u00dcyelerden Rifat K\u00d6RO\u011eLU s\u00f6z ald\u0131. Arkada\u015flar okunan komisyon raporunun komisyondan geldi\u011fi gibi kabul<br \/>\nedilmesini teklifi ediyorum. Dedi. Teklif oylamaya sunuldu. Yap\u0131lan oylama neticesinde teklifin kabul\u00fcne 5393 Say\u0131l\u0131 Belediye Kanununun 18\/e<br \/>\nmaddesi uyar\u0131nca m\u00fclkiyeti Belediye Ba\u015fkanl\u0131\u011f\u0131m\u0131za ait 222 ada 6 parseldeki 199 m2 lik hissesini Gen\u00e7lik Hizmetleri ve spor \u0130l M\u00fcd\u00fcrl\u00fc\u011f\u00fcne tahsis<br \/>\nedilmesine oy birli\u011fi ile karar verildi.<br \/>\nT.C.<br \/>\nADANA KARA\u0130SALI \u0130L\u00c7E BELED\u0130YES\u0130<br \/>\nBELED\u0130YE MECL\u0130S\u0130<br \/>\nBa\u015fkan\n\t<\/td>\n<\/tr>\n<\/tbody>\n<\/table>\n","protected":false},"excerpt":{"rendered":"<p>KARAR 31 Belediyemiz Emlak ve \u0130stimlak M\u00fcd\u00fcrl\u00fc\u011f\u00fcn\u00fcn 30\/03\/2021 tarih ve 793 say\u0131l\u0131 yaz\u0131lar\u0131nda\u037e \u0130l\u00e7emiz Selamp\u0131nar Mahallesi 222 ada 6 parselde kay\u0131tl\u0131 826 m2 arsan\u0131n 199 m2 hissesi Belediye Ba\u015fkanl\u0131\u011f\u0131m\u0131za ait olup\u037e Karaisal\u0131 \u0130l\u00e7e M\u00fcft\u00fcl\u00fc\u011f\u00fc merkez yat\u0131l\u0131 Erkek Kur&#8217;an kursu \u00f6\u011frencilerinin istifadesine sunulmak \u00fczere spor tesisi yap\u0131lmas\u0131 i\u00e7in Belediye Ba\u015fkanl\u0131\u011f\u0131m\u0131z\u0131n 222 ada 6 parseldeki 199 m2 [&hellip;]<\/p>\n","protected":false},"author":10,"featured_media":0,"parent":9425,"menu_order":202104,"comment_status":"closed","ping_status":"closed","template":"","meta":{"footnotes":""},"class_list":["post-9539","page","type-page","status-publish","hentry"],"_links":{"self":[{"href":"https:\/\/www.karaisali.bel.tr\/index.php?rest_route=\/wp\/v2\/pages\/9539","targetHints":{"allow":["GET"]}}],"collection":[{"href":"https:\/\/www.karaisali.bel.tr\/index.php?rest_route=\/wp\/v2\/pages"}],"about":[{"href":"https:\/\/www.karaisali.bel.tr\/index.php?rest_route=\/wp\/v2\/types\/page"}],"author":[{"embeddable":true,"href":"https:\/\/www.karaisali.bel.tr\/index.php?rest_route=\/wp\/v2\/users\/10"}],"replies":[{"embeddable":true,"href":"https:\/\/www.karaisali.bel.tr\/index.php?rest_route=%2Fwp%2Fv2%2Fcomments&post=9539"}],"version-history":[{"count":0,"href":"https:\/\/www.karaisali.bel.tr\/index.php?rest_route=\/wp\/v2\/pages\/9539\/revisions"}],"up":[{"embeddable":true,"href":"https:\/\/www.karaisali.bel.tr\/index.php?rest_route=\/wp\/v2\/pages\/9425"}],"wp:attachment":[{"href":"https:\/\/www.karaisali.bel.tr\/index.php?rest_route=%2Fwp%2Fv2%2Fmedia&parent=9539"}],"curies":[{"name":"wp","href":"https:\/\/api.w.org\/{rel}","templated":true}]}}