{"id":9335,"date":"2020-12-12T15:41:29","date_gmt":"2020-12-12T12:41:29","guid":{"rendered":"https:\/\/www.karaisali.bel.tr\/?page_id=9335"},"modified":"2020-12-12T15:45:21","modified_gmt":"2020-12-12T12:45:21","slug":"aralik-2020-meclis-kararlari","status":"publish","type":"page","link":"https:\/\/www.karaisali.bel.tr\/?page_id=9335","title":{"rendered":"Aral\u0131k 2020 Meclis Kararlar\u0131"},"content":{"rendered":"<table>\n<tbody>\n<tr>\n<td>KARAR 58<\/td>\n<\/tr>\n<tr>\n<td>G\u00fcndemde bulunan madde gere\u011fi\u037e Belediyemiz Zab\u0131ta M\u00fcd\u00fcrl\u00fc\u011f\u00fcn\u00fcn 25\/11\/2020 tarih ve 2879 say\u0131l\u0131 yaz\u0131lar\u0131nda \u037e G\u00f6revi gere\u011fi Zab\u0131ta<br \/>\nHizmetlerinin s\u00fcreklili\u011fini sa\u011flamak i\u00e7in Ulusal Bayram, Genel Tatil, Hafta Tatili ve g\u00fcn\u00fcn 24 saatinde s\u00fcrekli hizmet veren zab\u0131tan\u0131n \u00e7al\u0131\u015fma s\u00fcresi ve<br \/>\nsaatleri 657 Devlet Memurlar\u0131 Kanununda belirtilen \u00e7al\u0131\u015fma s\u00fcresi ve saatlerine ba\u011fl\u0131 kalmaks\u0131z\u0131n hizmetin aksat\u0131lmadan y\u00fcr\u00fct\u00fclmesini sa\u011flayacak<br \/>\n\u015fekilde d\u00fczenlenmi\u015ftir. Zab\u0131ta Hizmetlerinde g\u00f6rev yapan personele, B\u00fct\u00e7e Kanununun &#8220;K cetveli&#8221; ile belirlenen &#8220;Ayl\u0131k Maktu Fazla \u00c7al\u0131\u015fma \u00dccreti&#8221;<br \/>\n\u00f6denmektedir.<br \/>\nBelediyemiz emrinde 657 say\u0131l\u0131 Devlet Memurlar\u0131 Kanununa tabi olarak g\u00f6rev yapan zab\u0131ta personeline 2020 y\u0131l\u0131 i\u00e7in \u00f6denecek mesai<br \/>\n\u00fccretinin Bakanlar Kurulunun belirleyece\u011fi tavan \u00fczerinden \u00f6denmesi i\u00e7in 5393 say\u0131l\u0131 Belediye Kanununun 51.maddesi gere\u011fince Belediye Meclisince<br \/>\ngerekli karar\u0131n al\u0131nmas\u0131 hususunu arz ederim. Denilmekte olup teklif hakk\u0131nda s\u00f6z isteyen olup olmad\u0131\u011f\u0131 soruldu. \u00dcyelerden Mustafa EK\u0130C\u0130 s\u00f6z ald\u0131.<br \/>\nArkada\u015flar teklifin m\u00fcd\u00fcrl\u00fc\u011f\u00fcnden geldi\u011fi gibi kabul edilmesini teklif ediyorum. Dedi. Teklif oylamaya sunuldu. Yap\u0131lan oylama neticesinde teklifin<br \/>\nkabul\u00fcne oybirli\u011fi ile karar verildi.<\/td>\n<\/tr>\n<tr>\n<td>KARAR 59<\/td>\n<\/tr>\n<tr>\n<td>Belediyemiz Fen \u0130\u015fleri M\u00fcd\u00fcrl\u00fc\u011f\u00fcn\u00fcn 12\/11\/2020 tarih ve 2777 say\u0131l\u0131 yaz\u0131lar\u0131nda \u037eBelediye Ba\u015fkanl\u0131\u011f\u0131m\u0131za ait T\u00fcrkiye Vak\u0131flar Bankas\u0131 ve<br \/>\nT\u00fcrkiye Ziraat Bankas\u0131nda bulunan a\u015fa\u011f\u0131da IBAN Numaralar\u0131 verilen hesaplar kamuya tahsisli proje hesaplar\u0131 olup, s\u00f6z konusu hesaplara haciz<br \/>\nkonulmamas\u0131 i\u00e7in gerekli Meclis Karar\u0131 al\u0131nmas\u0131n\u0131 Olurlar\u0131n\u0131za arz ederim. Denilmekte olup, teklif hakk\u0131nda s\u00f6z isteyen olup olmad\u0131\u011f\u0131 soruldu.<br \/>\n\u00dcyelerden Mustafa EK\u0130C\u0130 s\u00f6z ald\u0131. Arkada\u015flar teklifin m\u00fcd\u00fcrl\u00fc\u011f\u00fcnden geldi\u011fi gibi kabul edilmesini teklif ediyorum. Dedi Teklif oylamaya sunuldu.<br \/>\nYap\u0131lan oylama neticesinde teklifin kabul\u00fcne , a\u015fa\u011f\u0131da Banka ve Proje Hesap numaral\u0131 yaz\u0131l\u0131 banka hesaplar\u0131na haciz konulmamas\u0131na oy birli\u011fi ile<br \/>\nkarar verildi.\n<\/td>\n<\/tr>\n<tr>\n<td>KARAR 60<\/td>\n<\/tr>\n<tr>\n<td> G\u00fcndemde bulunan madde gere\u011fi \u037e Belediyemiz \u0130nsan Kaynaklar\u0131 ve E\u011fitim M\u00fcd\u00fcrl\u00fc\u011f\u00fcn\u00fcn 28\/11\/2020 tarih ve 2901 say\u0131l\u0131 yaz\u0131lar\u0131nda\u037e<br \/>\nBelediyeler ve Mahalli \u0130dare Birliklerinde kullan\u0131lacak ge\u00e7ici i\u015f pozisyonlar\u0131 bu kurum ve kurulu\u015flar i\u00e7in norm kadro standartlar\u0131 cetvellerinde<br \/>\nbelirlenen memur norm kadro standard\u0131 toplam\u0131n\u0131n y\u00fczde yirmisini ge\u00e7memek \u00fczere bulunacak say\u0131n\u0131n yuvarlanmas\u0131 ve tam y\u0131l esas\u0131na g\u00f6re<br \/>\nhesaplanmas\u0131 sonucu adam\/ay say\u0131s\u0131na g\u00f6re meclis taraf\u0131ndan y\u0131ll\u0131k olarak belirlenir. Denilmektedir. \u0130lgili y\u00f6netmelik gere\u011fince  Belediyemizde 167<br \/>\nadet memur kadrosu bulundu\u011fundan Belediye Ba\u015fkanl\u0131\u011f\u0131m\u0131zca 2021 y\u0131l\u0131nda 167&#215;20\/100= 34 34&#215;12=408 adam\/ay  olarak ge\u00e7ici i\u015f\u00e7i \u00e7al\u0131\u015ft\u0131r\u0131lmak<br \/>\n\u00fczere vize al\u0131nmas\u0131 hususunda karar al\u0131nmak \u00fczere         Belediyemiz Meclisine havalesini Olurlar\u0131n\u0131za arz ederim. Denilmekte olup, teklif hakk\u0131nda s\u00f6z<br \/>\nisteyen olup olmad\u0131\u011f\u0131 soruldu. \u00dcyelerden Mustafa EK\u0130C\u0130 s\u00f6z ald\u0131. Arkada\u015flar teklifin m\u00fcd\u00fcrl\u00fc\u011f\u00fcnden geldi\u011fi gibi kabul edilmesini teklif ediyorum.<br \/>\nDedi. Teklif oylamaya sunuldu. Yap\u0131lan oylama neticesinde teklifin kabul\u00fcne oy birli\u011fi ile karar verildi.\n<\/td>\n<\/tr>\n<tr>\n<td>KARAR 61<\/td>\n<\/tr>\n<tr>\n<td> G\u00fcndemde Bulunan Madde Gere\u011fi: Belediyemiz \u0130mar ve \u015eehircilik M\u00fc\u015fterek Komisyonunun   Adana ili Karaisal\u0131 il\u00e7esi Karak\u0131l\u0131\u00e7 Mahallesi ve<br \/>\nPozant\u0131 il\u00e7esi Belemedik Mahallesi s\u0131n\u0131rlar\u0131 i\u00e7erisinde yer alan Toros Hidroelektrik Santraline 1\/1000 \u00f6l\u00e7ekli imar Plan\u0131 ile ilgili Komisyon Raporunun<br \/>\nG\u00f6r\u00fc\u015f\u00fclmesine ge\u00e7ildi. Ba\u015fkan Saadettin ASLAN s\u00f6z ald\u0131. Arkada\u015flar S\u00f6z konusu Adana ili Karaisal\u0131 il\u00e7esi Karak\u0131l\u0131\u00e7 Mahallesi ve Pozant\u0131 il\u00e7esi<br \/>\nBelemedik Mahallesi s\u0131n\u0131rlar\u0131 i\u00e7erisinde yer alan Toros Hidroelektrik Santraline ait 12 hektar alanda haz\u0131rlanan imar plan\u0131n\u0131n Belediyemiz  \u0130mar ve<br \/>\n\u015eehircilik M\u00fcd\u00fcrl\u00fc\u011f\u00fcnce yeniden yerinde incelenmesi i\u00e7in komisyon raporunu tekrar g\u00f6r\u00fc\u015fmek \u00fczere komisyonda b\u0131rak\u0131lmas\u0131n\u0131 teklif ediyorum. Dedi.<br \/>\nTeklif oylamaya sunuldu. Yap\u0131lan oylama neticesinde teklifin kabul\u00fcne oy birli\u011fi ile karar verildi.\n<\/td>\n<\/tr>\n<tr>\n<td>KARAR 62<\/td>\n<\/tr>\n<tr>\n<td>G\u00fcndemde bulunan madde gere\u011fi\u037e Plan B\u00fct\u00e7e M\u00fc\u015fterek Komisyonunun  12\/11\/2020 tarih ve 7 nolu \u0130ller Bankas\u0131ndan Kredi bor\u00e7lanmas\u0131 ile<br \/>\nilgili komisyon raporunun Belediyemiz Meclisinde g\u00f6r\u00fc\u015f\u00fclmesi hususunu Olurlar\u0131n\u0131za arz ederim denilmekte olup, komisyon raporunda aynen<br \/>\n&#8220;Belediyemiz Meclisince komisyonumuzda g\u00f6r\u00fc\u015f\u00fclmek \u00fczere havale edilen Belediyemiz Fen \u0130\u015fleri M\u00fcd\u00fcrl\u00fc\u011f\u00fcn\u00fcn 02\/11\/2020 tarih ve 2660 say\u0131l\u0131<br \/>\nyaz\u0131lar\u0131 ve Belediyemiz Meclisinin 03\/11\/2020 tarih ve 55 say\u0131l\u0131 karar\u0131 ile  komisyonumuza havale edilen; \u0130l\u00e7emiz 62 Mahalle de Yol ve Altyap\u0131<br \/>\nYap\u0131m \u0130\u015fi i\u00e7in \u0130ller Bankas\u0131 A.\u015e.&#8217; den 7.500.000,00\u00adTL ( Yedi Milyon Be\u015f Y\u00fcz Bin T\u00fcrk Liras\u0131) Kredi kullan\u0131lmas\u0131na, krediden kaynaklanacak<br \/>\nanapara, faiz, denetim giderleri, komisyon, vergi, resim, har\u00e7, \u00fccret, v.s. \u00f6demelerin \u0130ller Bankas\u0131 A.\u015e. ce teminat olarak al\u0131nacak Belediyemiz<br \/>\ngelirlerinden ve \u0130ller Bankas\u0131 A.\u015e. ile Hazine ve Maliye Bakanl\u0131\u011f\u0131nca da\u011f\u0131t\u0131lan yasal paylar\u0131m\u0131z\u0131n mevzuattan kaynaklanan herhangi bir kesinti oran\u0131na<br \/>\nba\u011fl\u0131 kalmaks\u0131z\u0131n tamam\u0131ndan ( %40&#8217;\u0131n d\u0131\u015f\u0131nda ve %100&#8217;\u00fcne kadar ) kar\u015f\u0131lanmas\u0131na, kredi teminat\u0131na konu gelirlerden krediye ili\u015fkin \u00f6demelerin<br \/>\nkar\u015f\u0131lanamamas\u0131 halinde, bu krediyle elde edilen tesis, in\u015faat ve her nevi gayrimenkul ile ara\u00e7, gere\u00e7 ve malzemenin , \u0130ller Bankas\u0131 A.\u015e.ce talep<br \/>\nedildi\u011fi taktirde ayn\u0131 \u015fartlarda  ve talep tarihinde \u0130ller Bankas\u0131 A.\u015e. ad\u0131na ipotek ve ya rehin edilmesine, \u0130ller Bankas\u0131 A.\u015e. ce Belediyemize<br \/>\nkulland\u0131r\u0131lacak krediye ili\u015fkin olarak her t\u00fcrl\u00fc s\u00f6zle\u015fmeyi ve evrak\u0131 imzalamaya ve kredi ile ilgili devam eden i\u015flemleri y\u00fcr\u00fctmeye , Belediyemiz<br \/>\nm\u00fclkiyetindeki her t\u00fcrl\u00fc gayri menkul\u00fc \u0130ller Bankas\u0131 A.\u015e.ye ipotek vermeye, Belediyemizin her t\u00fcrl\u00fc gelir, hak ve alacaklar\u0131n\u0131 \u0130ller Bankas\u0131 A.\u015e. ye<br \/>\nterhin ve temlik etmeye, Belediyemize ait her t\u00fcrl\u00fc ticari i\u015fletmeyi \u0130ller Bankas\u0131 A.\u015e. ye rehin vermeye , \u0130ller Bankas\u0131 A.\u015e&#8217; nin mevcut mevzuat\u0131 ve<br \/>\nbunda meydana gelebilecek her t\u00fcrl\u00fc de\u011fi\u015fiklik \u00e7er\u00e7evesinde, 5393 say\u0131l\u0131 Belediye Kanunu&#8217;nun 68.Maddesinde yer alan  ko\u015fullar\u0131n\u0131n yerine getirilmesi<br \/>\nkayd\u0131yla krediye konu i\u015fle ilgili her t\u00fcrl\u00fc i\u015flemi yapmaya Belediye Ba\u015fkan\u0131 Saadettin ASLAN &#8216; a yetki verilmesi  ile ilgili teklif komisyonumuzca<br \/>\ng\u00f6r\u00fc\u015f\u00fcld\u00fc.  Komisyonumuzca teklifin kabul\u00fcne oy \u00e7oklu\u011fu ile karar verildi. (Meclis \u00fcyelerinden Kabul oyu verenler\u037e Rifat K\u00d6RO\u011eLU, Abdullah<br \/>\nKA\u00c7AR, Mustafa \u00d6ZKAYA, Cemal DEM\u0130RDA\u011e, Ayd\u0131n NERG\u0130Z, Esat K\u00d6SE  Red Oyu Verenler: Recep KOCA, Mustafa EK\u0130C\u0130, Saniye<br \/>\nUSTA, Celalettin S\u00dcRME, Turgay BULUT 4 Meclis \u00fcyesi mazeretli olarak kat\u0131lmam\u0131\u015ft\u0131r.) denilmekte olup, okunan komisyon raporu hakk\u0131nda s\u00f6z<br \/>\nisteyen olup olmad\u0131\u011f\u0131 soruldu. S\u00f6z isteyen olmay\u0131nca Ba\u015fkan s\u00f6z ald\u0131. Okunan komisyon raporunun komisyondan geldi\u011fi gibi kabul edilmesini teklif<br \/>\nediyorum. Dedi. Teklif oylamaya sunuldu. yap\u0131lan oylama neticesinde teklifin kabul\u00fcne oy \u00e7oklu\u011fu ile karar verildi. Kabul oyu verenler; Saadettin<br \/>\nASLAN, Rifat K\u00d6RO\u011eLU, Abdullah KA\u00c7AR, Mustafa \u00d6ZKAYA, Cemal DEM\u0130RDA\u011e, Ayd\u0131n NERG\u0130Z, Esat K\u00d6SE     Red Oyu Verenler:<br \/>\nRecep KOCA, Mustafa EK\u0130C\u0130, Saniye USTA, Celalettin S\u00dcRME, Turgay BULUT 4 Meclis \u00fcyesi mazeretli olarak kat\u0131lmam\u0131\u015ft\u0131r.)<\/td>\n<\/tr>\n<\/tbody>\n<\/table>\n","protected":false},"excerpt":{"rendered":"<p>KARAR 58 G\u00fcndemde bulunan madde gere\u011fi\u037e Belediyemiz Zab\u0131ta M\u00fcd\u00fcrl\u00fc\u011f\u00fcn\u00fcn 25\/11\/2020 tarih ve 2879 say\u0131l\u0131 yaz\u0131lar\u0131nda \u037e G\u00f6revi gere\u011fi Zab\u0131ta Hizmetlerinin s\u00fcreklili\u011fini sa\u011flamak i\u00e7in Ulusal Bayram, Genel Tatil, Hafta Tatili ve g\u00fcn\u00fcn 24 saatinde s\u00fcrekli hizmet veren zab\u0131tan\u0131n \u00e7al\u0131\u015fma s\u00fcresi ve saatleri 657 Devlet Memurlar\u0131 Kanununda belirtilen \u00e7al\u0131\u015fma s\u00fcresi ve saatlerine ba\u011fl\u0131 kalmaks\u0131z\u0131n hizmetin aksat\u0131lmadan y\u00fcr\u00fct\u00fclmesini [&hellip;]<\/p>\n","protected":false},"author":10,"featured_media":0,"parent":8495,"menu_order":202012,"comment_status":"closed","ping_status":"closed","template":"","meta":{"footnotes":""},"class_list":["post-9335","page","type-page","status-publish","hentry"],"_links":{"self":[{"href":"https:\/\/www.karaisali.bel.tr\/index.php?rest_route=\/wp\/v2\/pages\/9335","targetHints":{"allow":["GET"]}}],"collection":[{"href":"https:\/\/www.karaisali.bel.tr\/index.php?rest_route=\/wp\/v2\/pages"}],"about":[{"href":"https:\/\/www.karaisali.bel.tr\/index.php?rest_route=\/wp\/v2\/types\/page"}],"author":[{"embeddable":true,"href":"https:\/\/www.karaisali.bel.tr\/index.php?rest_route=\/wp\/v2\/users\/10"}],"replies":[{"embeddable":true,"href":"https:\/\/www.karaisali.bel.tr\/index.php?rest_route=%2Fwp%2Fv2%2Fcomments&post=9335"}],"version-history":[{"count":0,"href":"https:\/\/www.karaisali.bel.tr\/index.php?rest_route=\/wp\/v2\/pages\/9335\/revisions"}],"up":[{"embeddable":true,"href":"https:\/\/www.karaisali.bel.tr\/index.php?rest_route=\/wp\/v2\/pages\/8495"}],"wp:attachment":[{"href":"https:\/\/www.karaisali.bel.tr\/index.php?rest_route=%2Fwp%2Fv2%2Fmedia&parent=9335"}],"curies":[{"name":"wp","href":"https:\/\/api.w.org\/{rel}","templated":true}]}}