{"id":9317,"date":"2020-11-11T11:24:47","date_gmt":"2020-11-11T08:24:47","guid":{"rendered":"https:\/\/www.karaisali.bel.tr\/?page_id=9317"},"modified":"2020-11-11T11:24:55","modified_gmt":"2020-11-11T08:24:55","slug":"kasim-2020-meclis-kararlari","status":"publish","type":"page","link":"https:\/\/www.karaisali.bel.tr\/?page_id=9317","title":{"rendered":"Kas\u0131m 2020 Meclis Kararlar\u0131"},"content":{"rendered":"<table>\n<tbody>\n<tr>\n<td>KARAR 51<\/td>\n<\/tr>\n<tr>\n<td>  \u0130l\u00e7emiz \u00c7akall\u0131 Mahallesi sakinlerinden Ersoy SOFUO\u011eLU nun \u00d6z \u00c7ukurova \u0130\u015f Makinalar\u0131 San. Tic. Ltd. \u015firketine ait 1986 model Komatsu<br \/>\nMarka 65482 \u015fase , 84854 motor seri nolu Greyderi Belediyemiz hizmetlerinde kullanmak \u00fczere Belediyemize hibe edilmesine ait dilek\u00e7e ve tescil<br \/>\nbelgesi  fotokopisi ekte sunulmu\u015f olup Belediyemiz Meclisince g\u00f6r\u00fc\u015f\u00fclmek \u00fczere Belediyemiz Meclisine havalesini arz ederim. Denilmekte olup teklif<br \/>\nhakk\u0131nda s\u00f6z isteyen olup olmad\u0131\u011f\u0131 soruldu. \u00dcyelerden Cemal DEM\u0130RDA\u011e s\u00f6z ald\u0131. Arkada\u015flar teklifin m\u00fcd\u00fcrl\u00fc\u011f\u00fcnden geldi\u011fi gibi kabul edilmesini<br \/>\ntekli ediyorum. Dedi. Teklif oylamaya sunuldu. Yap\u0131lan oylama neticesinde teklifin kabul\u00fcne \u0130l\u00e7emiz \u00c7akall\u0131 Mahallesi sakinlerinden Ersoy<br \/>\nSOFUO\u011eLU nun \u00d6z \u00c7ukurova \u0130\u015f Makinalar\u0131 San. Tic. Ltd. \u015firketine ait 1986 model Komatsu Marka 65482 \u015fase , 84854 motor seri nolu<br \/>\nGreyderi Belediyemiz hizmetlerinde kullanmak \u00fczere Belediyemize hibe edilmesine oy birli\u011fi ile karar verildi.<br \/>\n        GERE\u011e\u0130 TEM\u0130ZL\u0130K \u0130\u015eLER\u0130 M\u00dcD\u00dcRL\u00dc\u011e\u00dcNE <\/td>\n<\/tr>\n<tr>\n<td>KARAR 52<\/td>\n<\/tr>\n<tr>\n<td>  Belediyemiz Mali Hizmetler M\u00fcd\u00fcrl\u00fc\u011f\u00fcn\u00fcn 27\/10\/2021 tarih ve 2613 say\u0131l\u0131 yaz\u0131lar\u0131nda\u037e Belediyemiz Mali Hizmetler M\u00fcd\u00fcrl\u00fc\u011f\u00fcnce 2021 y\u0131l\u0131<br \/>\nfiyat tarifeleri haz\u0131rlanm\u0131\u015f olup, Belediyemiz Meclisinde g\u00f6r\u00fc\u015f\u00fclmek \u00fczere havalesini arz ederim. Denilmekte olup, teklif hakk\u0131nda s\u00f6z isteyen olup,<br \/>\nolmad\u0131\u011f\u0131 soruldu. \u00dcyelerden Rifat K\u00d6RO\u011eLU s\u00f6z ald\u0131. Arkada\u015flar teklifin plan b\u00fct\u00e7e ve m\u00fc\u015fterek komisyonda g\u00f6r\u00fc\u015f\u00fclmek \u00fczere havalesini teklif<br \/>\nediyorum. Dedi. Teklif oylamaya sunuldu. Yap\u0131lan oylama neticesinde teklifin kabul\u00fcne oy birli\u011fi ile karar verildi.\n<\/td>\n<\/tr>\n<tr>\n<td>KARAR 53<\/td>\n<\/tr>\n<tr>\n<td>Belediyemiz Fen \u0130\u015fleri M\u00fcd\u00fcrl\u00fc\u011f\u00fcn\u00fcn 27\/10\/2020 tarih ve 2611 say\u0131l\u0131 yaz\u0131lar\u0131nda \u037e Bereket Enerji \u00dcretim A.\u015e. taraf\u0131ndan sunulan Adana \u0130li,<br \/>\nKaraisal\u0131 \u0130l\u00e7esi, Karak\u0131l\u0131\u00e7 Mahallesi ve Pozant\u0131 \u0130l\u00e7esi Belemedik Mahallesi s\u0131n\u0131rlar\u0131 i\u00e7erisinde yer alan Toros Hidroelektrik Santrali i\u00e7in yakla\u015f\u0131k 12<br \/>\nhektar alanda haz\u0131rlanan 1\/5000 \u00f6l\u00e7ekli Naz\u0131m \u0130mar Plan\u0131 de\u011fi\u015fikli\u011fi 13.02.2020 Tarih ve 36 Say\u0131l\u0131 Adana B\u00fcy\u00fck\u015fehir Belediyesi Meclisince kabul<br \/>\nedilmi\u015ftir.Adana B\u00fcy\u00fck\u015fehir Belediyesi Meclisinin 13.02.2020 Tarih ve 36 Say\u0131l\u0131 karar\u0131nda onaylanan 1\/5000 \u00f6l\u00e7ekli naz\u0131m imar plan\u0131na uygun<br \/>\nhaz\u0131rlanm\u0131\u015f bulunan 1\/1000 \u00f6l\u00e7ekli Uygulama \u0130mar Plan\u0131 ekte sunulmu\u015f olup, Plan\u0131n onay\u0131 hususun da gerekli Meclis Karar\u0131n\u0131n al\u0131nmas\u0131n\u0131 Olurlar\u0131n\u0131za<br \/>\narz ederim. Denilmekte olup, teklif hakk\u0131nda s\u00f6z isteyen olup, olmad\u0131\u011f\u0131 soruldu. \u00dcyelerden Rifat K\u00d6RO\u011eLU s\u00f6z ald\u0131. Arkada\u015flar teklifin \u0130mar<br \/>\n\u015eehircilik ve M\u00fc\u015fterek komisyonda g\u00f6r\u00fc\u015f\u00fclmek \u00fczere havale edilmesini teklif ediyorum. Dedi. Teklif oylamaya sunuldu. Yap\u0131lan oylama neticesinde<br \/>\nteklifin kabul\u00fcne oy birli\u011fi ile karar verildi.<\/td>\n<\/tr>\n<tr>\n<td>KARAR 54<\/td>\n<\/tr>\n<tr>\n<td>Belediye Ba\u015fkanl\u0131\u011f\u0131m\u0131za C\u0130MER arac\u0131l\u0131\u011f\u0131 ile \u015eehit Kadir GEN\u00c7&#8217;in yak\u0131nlar\u0131 2016 y\u0131l\u0131nda Hendek Operasyonunda \u015eehit olan Kadir GEN\u00c7<br \/>\nisminin ya\u015fat\u0131lmas\u0131 i\u00e7in Karaisal\u0131 &#8216;da hastane, park cadde yada herhangi bir okula isminin verilmesi ile ilgili talepleri Belediyemizce de\u011ferlendirilmi\u015f<br \/>\nolup, Karaisal\u0131 \u00adAdana yolu istikametinde G\u00fcven\u00e7 Mahallesine giren , mahalle i\u00e7erisinden devam eden ve Karaisal\u0131 \u00adAdana istikametinden \u00e7\u0131kan<br \/>\ncaddenin \u015fehidimizin de G\u00fcven\u00e7 Mahallesi sakinlerinden olmas\u0131 nedeniyle \u015eehit Kadir GEN\u00c7 Caddesi isminin verilmesi ve ya\u015fat\u0131lmas\u0131 i\u00e7in teklifimizin<br \/>\nBelediyemiz Meclisince g\u00f6r\u00fc\u015f\u00fclmek \u00fczere havalesini Olurlar\u0131n\u0131za arz ederim.Denilmekte olup, teklif hakk\u0131nda s\u00f6z isteyen olup olmad\u0131\u011f\u0131 soruldu.<br \/>\n\u00dcyelerden Rifat K\u00d6RO\u011eLU s\u00f6z ald\u0131. Arkada\u015flar m\u00fcd\u00fcrl\u00fc\u011f\u00fcnden geldi\u011fi kabul edilmesini teklif ediyorum. Dedi. Ba\u015fkan s\u00f6z ald\u0131. Arkada\u015flar teklifin<br \/>\n&#8220;\u015eehit Jandarma Uzman \u00c7avu\u015f Kadir Gen\u00e7 Caddesi&#8221; olarak d\u00fczeltilerek kabul edilmesini teklif ediyorum. Dedi. Teklif oylamaya sunuldu. Yap\u0131lan<br \/>\noylama neticesinde teklifin kabul\u00fcne oy birli\u011fi ile karar verildi.\n<\/td>\n<\/tr>\n<tr>\n<td>KARAR 55<\/td>\n<\/tr>\n<tr>\n<td>Belediyemiz Fen \u0130\u015fleri M\u00fcd\u00fcrl\u00fc\u011f\u00fcn\u00fcn 02\/11\/2020 tarih ve 2660 say\u0131l\u0131 yaz\u0131lar\u0131nda\u037e \u0130l\u00e7emiz 62 Mahalle de Yol ve Altyap\u0131 Yap\u0131m \u0130\u015fi i\u00e7in \u0130ller<br \/>\nBankas\u0131 A.\u015e.&#8217; den 9.694.762,00( Dokuz Milyon Alt\u0131 Y\u00fcz Doksan D\u00f6rt Bin Yedi Y\u00fcz Altm\u0131\u015f \u0130ki T\u00fcrk Liras\u0131) TL Kredi kullan\u0131lmas\u0131na, krediden<br \/>\nkaynaklanacak anapara, faiz, denetim giderleri, komisyon, vergi, resim, har\u00e7, \u00fccret, v.s. \u00f6demelerin \u0130ller Bankas\u0131 A.\u015e. ce teminat olarak al\u0131nacak<br \/>\nBelediyemiz gelirlerinden ve \u0130ller Bankas\u0131 A.\u015e. ile Hazine ve Maliye Bakanl\u0131\u011f\u0131nca da\u011f\u0131t\u0131lan yasal paylar\u0131m\u0131z\u0131n mevzuattan kaynaklanan herhangi bir<br \/>\nkesinti oran\u0131na ba\u011fl\u0131 kalmaks\u0131z\u0131n tamam\u0131ndan ( %40&#8217;\u0131n d\u0131\u015f\u0131nda ve %100&#8217;\u00fcne kadar ) kar\u015f\u0131lanmas\u0131na, kredi teminat\u0131na konu gelirlerden krediye ili\u015fkin<br \/>\n\u00f6demelerin kar\u015f\u0131lanamamas\u0131 halinde, bu krediyle elde edilen tesis, in\u015faat ve her nevi gayrimenkul ile ara\u00e7, gere\u00e7 ve malzemenin , \u0130ller Bankas\u0131 A.\u015e.ce<br \/>\ntalep edildi\u011fi taktirde ayn\u0131 \u015fartlarda ve talep tarihinde \u0130ller Bankas\u0131 A.\u015e. ad\u0131na ipotek ve ya rehin edilmesine, \u0130ller Bankas\u0131 A.\u015e. ce Belediyemize<br \/>\nkulland\u0131r\u0131lacak krediye ili\u015fkin olarak her t\u00fcrl\u00fc s\u00f6zle\u015fmeyi ve evrak\u0131 imzalamaya ve kredi ile ilgili devam eden i\u015flemleri y\u00fcr\u00fctmeye , Belediyemiz<br \/>\nm\u00fclkiyetindeki her t\u00fcrl\u00fc gayri menkul\u00fc \u0130ller Bankas\u0131 A.\u015e.ye ipotek vermeye, Belediyemizin her t\u00fcrl\u00fc gelir, hak ve alacaklar\u0131n\u0131 \u0130ller Bankas\u0131 A.\u015e. ye<br \/>\nterhin ve temlik etmeye, Belediyemize ait her t\u00fcrl\u00fc ticari i\u015fletmeyi \u0130ller Bankas\u0131 A.\u015e. ye rehin vermeye , \u0130ller Bankas\u0131 A.\u015e&#8217; nin mevcut mevzuat\u0131 ve<br \/>\nbunda meydana gelebilecek her t\u00fcrl\u00fc de\u011fi\u015fiklik \u00e7er\u00e7evesinde, 5393 say\u0131l\u0131 Belediye Kanunu&#8217;nun 68.Maddesinde yer alan ko\u015fullar\u0131n\u0131n yerine<br \/>\ngetirilmesi kayd\u0131yla krediye konu i\u015fle ilgili her t\u00fcrl\u00fc i\u015flemi yapmaya Belediye Ba\u015fkan\u0131 Saadettin ASLAN &#8216; a yetki verilmesi hususun da gerekli Meclis<br \/>\nKarar\u0131 al\u0131nmas\u0131n\u0131 Olurlar\u0131n\u0131za arz ederim.Denilmekte olup, teklif hakk\u0131nda s\u00f6z isteyen olup, olmad\u0131\u011f\u0131 soruldu. \u00dcyelerden Mustafa EK\u0130C\u0130 s\u00f6z ald\u0131.<br \/>\nArkada\u015flar teklifin plan b\u00fct\u00e7e ve m\u00fc\u015fterek komisyonda g\u00f6r\u00fc\u015f\u00fclmek \u00fczere havale edilmesini teklif ediyorum. Dedi. Teklif oylamaya sunuldu. yap\u0131lan<br \/>\noylama neticesinde teklifin kabul\u00fcne oy birli\u011fi ile karar verildi.\n<\/td>\n<\/tr>\n<tr>\n<td>KARAR 56<\/td>\n<\/tr>\n<tr>\n<td>    Belediyemiz Temizlik \u0130\u015fleri M\u00fcd\u00fcrl\u00fc\u011f\u00fcn\u00fcn 03\/11\/2020 tarih ve 2662 say\u0131l\u0131 yaz\u0131lar\u0131nda \u037e T\u00fcrkiye Belediyeler Birli\u011fi taraf\u0131ndan yap\u0131lan S\u0131f\u0131r At\u0131k<br \/>\nProje yar\u0131\u015fmas\u0131nda \u00dclkemiz Genelinde ilk 30 Belediye aras\u0131na giren Belediyemiz taraf\u0131ndan yap\u0131lan projenin \u00d6d\u00fcl\u00fc olan 500.000,00 TL<br \/>\n(Be\u015fy\u00fczbinT\u00fcrkLiras\u0131)&#8217; nin Belediye Ba\u015fkanl\u0131\u011f\u0131m\u0131z hesaplar\u0131na aktar\u0131lmas\u0131 i\u00e7in T\u00fcrkiye Belediyeler Birli\u011fi ile Belediyemiz Ba\u015fkanl\u0131\u011f\u0131m\u0131z aras\u0131nda<br \/>\nyap\u0131lacak b\u00fct\u00fcn i\u015flemler i\u00e7in Belediye Ba\u015fkan\u0131m\u0131z Saadettin ASLAN&#8217;\u0131n yetkilendirilmesi i\u00e7in Meclis Karar\u0131 al\u0131nmas\u0131 hususunu\u037e Olurlar\u0131n\u0131za arz ederim.<br \/>\nDenilmekte olup, teklif hakk\u0131nda s\u00f6z isteyen olup, olmad\u0131\u011f\u0131 soruldu. \u00dcyelerden Mustafa EK\u0130C\u0130 s\u00f6z ald\u0131. Arkada\u015flar teklifin m\u00fcd\u00fcrl\u00fc\u011f\u00fcnden geldi\u011fi<br \/>\ngibi kabul edilmesini teklif ediyorum. Dedi. Teklif oylamaya sunuldu. Yap\u0131lan oylama neticesinde teklifin kabul\u00fcne oy birli\u011fi ile karar verildi.<br \/>\nGERE\u011e\u0130 \u0130\u00c7\u0130N TEM\u0130ZL\u0130K \u0130\u015eLER\u0130 M\u00dcD\u00dcRL\u00dc\u011e\u00dcNE\n<\/td>\n<\/tr>\n<tr>\n<td>KARAR 57<\/td>\n<\/tr>\n<tr>\n<td>  Belediyemiz Plan B\u00fct\u00e7e ve M\u00fc\u015fterek Komisyonunun 2021 y\u0131l\u0131 Fiyat Tarifeleri ile ilgili komisyon raporu ekte sunulmu\u015f olup, Belediyemiz<br \/>\nMeclisince g\u00f6r\u00fc\u015f\u00fclmesi hususunda Olurlar\u0131n\u0131z\u0131 arz ederim. Denilmekte olup, komisyon raporunda aynen\u037e<\/p>\n<p>Belediyemiz Meclisince komisyonumuzda g\u00f6r\u00fc\u015f\u00fclmek \u00fczere havale edilen Belediyemiz Mali Hizmetler M\u00fcd\u00fcrl\u00fc\u011f\u00fcnce haz\u0131rlanan  komisyonumuza<br \/>\nsunulan   2021 y\u0131l\u0131  fiyat tarifeleri komisyonumuzca incelenmi\u015f,  a\u015fa\u011f\u0131daki \u015fekilde kararla\u015ft\u0131r\u0131lm\u0131\u015f olup, karar\u0131m\u0131z\u0131n Belediyemiz Meclisine sunulmas\u0131na<br \/>\noy birli\u011fi ile karar verildi.\n<\/td>\n<\/tr>\n<\/tbody>\n<\/table>\n","protected":false},"excerpt":{"rendered":"<p>KARAR 51 \u0130l\u00e7emiz \u00c7akall\u0131 Mahallesi sakinlerinden Ersoy SOFUO\u011eLU nun \u00d6z \u00c7ukurova \u0130\u015f Makinalar\u0131 San. Tic. Ltd. \u015firketine ait 1986 model Komatsu Marka 65482 \u015fase , 84854 motor seri nolu Greyderi Belediyemiz hizmetlerinde kullanmak \u00fczere Belediyemize hibe edilmesine ait dilek\u00e7e ve tescil belgesi fotokopisi ekte sunulmu\u015f olup Belediyemiz Meclisince g\u00f6r\u00fc\u015f\u00fclmek \u00fczere Belediyemiz Meclisine havalesini arz ederim. [&hellip;]<\/p>\n","protected":false},"author":10,"featured_media":0,"parent":8495,"menu_order":202011,"comment_status":"closed","ping_status":"closed","template":"","meta":{"footnotes":""},"class_list":["post-9317","page","type-page","status-publish","hentry"],"_links":{"self":[{"href":"https:\/\/www.karaisali.bel.tr\/index.php?rest_route=\/wp\/v2\/pages\/9317","targetHints":{"allow":["GET"]}}],"collection":[{"href":"https:\/\/www.karaisali.bel.tr\/index.php?rest_route=\/wp\/v2\/pages"}],"about":[{"href":"https:\/\/www.karaisali.bel.tr\/index.php?rest_route=\/wp\/v2\/types\/page"}],"author":[{"embeddable":true,"href":"https:\/\/www.karaisali.bel.tr\/index.php?rest_route=\/wp\/v2\/users\/10"}],"replies":[{"embeddable":true,"href":"https:\/\/www.karaisali.bel.tr\/index.php?rest_route=%2Fwp%2Fv2%2Fcomments&post=9317"}],"version-history":[{"count":0,"href":"https:\/\/www.karaisali.bel.tr\/index.php?rest_route=\/wp\/v2\/pages\/9317\/revisions"}],"up":[{"embeddable":true,"href":"https:\/\/www.karaisali.bel.tr\/index.php?rest_route=\/wp\/v2\/pages\/8495"}],"wp:attachment":[{"href":"https:\/\/www.karaisali.bel.tr\/index.php?rest_route=%2Fwp%2Fv2%2Fmedia&parent=9317"}],"curies":[{"name":"wp","href":"https:\/\/api.w.org\/{rel}","templated":true}]}}