{"id":9294,"date":"2020-10-30T16:05:51","date_gmt":"2020-10-30T13:05:51","guid":{"rendered":"https:\/\/www.karaisali.bel.tr\/?page_id=9294"},"modified":"2020-10-30T16:07:50","modified_gmt":"2020-10-30T13:07:50","slug":"eylul-2020-meclis-kararlari","status":"publish","type":"page","link":"https:\/\/www.karaisali.bel.tr\/?page_id=9294","title":{"rendered":"Eyl\u00fcl 2020 Meclis Kararlar\u0131"},"content":{"rendered":"<table>\n<tbody>\n<tr>\n<td>KARAR 40<\/td>\n<\/tr>\n<tr>\n<td>5393 Say\u0131l\u0131 Belediye Kanununun 24. maddesi gere\u011fince Belediye Ba\u015fkanl\u0131\u011f\u0131m\u0131z Plan ve B\u00fct\u00e7e Komisyonunda g\u00f6rev yapmak \u00fczere 5 adet \u00fcye se\u00e7ilmesi i\u00e7in teklifimizin Belediyemiz Meclisince g\u00f6r\u00fc\u015f\u00fclmek \u00fczere havalesini Olurlar\u0131n\u0131za arz ederim. Denilmekte olup,  Belediyemiz Meclisince g\u00f6r\u00fc\u015f\u00fcld\u00fc. Yap\u0131lan a\u00e7\u0131k oylama neticesinde  5 adet Plan ve B\u00fct\u00e7e Komisyonunda g\u00f6rev yapmak \u00fczere \u00dcyelerden Mustafa EK\u0130C\u0130 (15) oy, Saniye USTA (15) oy, Abdullah KA\u00c7AR (15) oy , Cemal DEM\u0130RDA\u011e (15) oy, Ayhan I\u015eIK (15) oy alarak Plan ve B\u00fct\u00e7e Komisyonunda 1 y\u0131l g\u00f6rev yapmak \u00fczere se\u00e7ildiler.\n<\/td>\n<\/tr>\n<tr>\n<td>KARAR 41<\/td>\n<\/tr>\n<tr>\n<td>  5393 Say\u0131l\u0131 Belediye Kanununun 24. maddesi gere\u011fince Belediye Ba\u015fkanl\u0131\u011f\u0131m\u0131z Tar\u0131m Orman ve Mahalle  Komisyonunda g\u00f6rev yapmak \u00fczere 5 adet \u00fcye se\u00e7ilmesi i\u00e7in teklifimizin Belediyemiz Meclisince g\u00f6r\u00fc\u015f\u00fclmek \u00fczere havalesini Olurlar\u0131n\u0131za arz ederim. Denilmekte olup Belediyemiz Meclisince g\u00f6r\u00fc\u015f\u00fcld\u00fc. Yap\u0131lan a\u00e7\u0131k oylama sonucunda \u0130mar ve Bay\u0131nd\u0131rl\u0131k Komisyonunda g\u00f6rev yapmak \u00fczere Osman KURDAK(15) oy, Celalettin S\u00dcRME (15) oy, Kudret DEM\u0130RC\u0130O\u011eLU (15) oy, Mustafa \u00d6ZKAYA  (15) oy, Ayhan I\u015eIK  (15) oy alarak 1 y\u0131l g\u00f6rev yapmak \u00fczere se\u00e7ildiler.\n<\/td>\n<\/tr>\n<tr>\n<td>KARAR 42<\/td>\n<\/tr>\n<tr>\n<td> 5393 Say\u0131l\u0131 Belediye Kanununun 24. maddesi gere\u011fince Belediye Ba\u015fkanl\u0131\u011f\u0131m\u0131z \u0130mar ve Bay\u0131nd\u0131rl\u0131k Komisyonunda g\u00f6rev yapmak \u00fczere 5 adet \u00fcye se\u00e7ilmesi i\u00e7in teklifimizin Belediyemiz Meclisince g\u00f6r\u00fc\u015f\u00fclmek \u00fczere havalesini Olurlar\u0131n\u0131za arz ederim. Denilmekte olup, Belediyemiz Meclisince g\u00f6r\u00fc\u015f\u00fcld\u00fc. Yap\u0131lan a\u00e7\u0131k oylama neticesinde Mustafa EK\u0130C\u0130 (15) oy, Ahmet GELEN (15) oy, Esat K\u00d6SE (15) oy, Rifat K\u00d6RO\u011eLU (15) oy , Recep KOCA (15) oy alarak 1 y\u0131l g\u00f6rev yapmak \u00fczere \u0130mar ve Bay\u0131nd\u0131rl\u0131k Komisyonunda g\u00f6rev yapmak \u00fczere se\u00e7ildiler.<\/td>\n<\/tr>\n<tr>\n<td>KARAR 43<\/td>\n<\/tr>\n<tr>\n<td>5393 Say\u0131l\u0131 Belediye Kanununun 24. maddesi gere\u011fince Belediye Ba\u015fkanl\u0131\u011f\u0131m\u0131z E\u011fitim K\u00fclt\u00fcr ve Spor Komisyonunda g\u00f6rev yapmak \u00fczere 5 adet \u00fcye se\u00e7ilmesi i\u00e7in teklifimizin Belediyemiz Meclisince g\u00f6r\u00fc\u015f\u00fclmek \u00fczere havalesini Olurlar\u0131n\u0131za arz ederim. Denilmekte olup, Yap\u0131lan a\u00e7\u0131k oylama sonucu Turgay BULUT (15) oy, Ahmet GELEN (15)  oy, Mustafa \u00d6ZKAYA (15) oy, Rifat K\u00d6RO\u011eLU (15) oy, Recep KOCA (15) oy alarak 1 y\u0131l E\u011fitim K\u00fclt\u00fcr ve Spor Komisyonunda g\u00f6rev yapmak \u00fczere se\u00e7ildiler.<\/td>\n<\/tr>\n<tr>\n<td>KARAR 44<\/td>\n<\/tr>\n<tr>\n<td> 5393 Say\u0131l\u0131 Belediye Kanununun 24. maddesi gere\u011fince Belediye Ba\u015fkanl\u0131\u011f\u0131m\u0131z \u00c7evre Sa\u011fl\u0131k Komisyonunda g\u00f6rev yapmak \u00fczere 5 adet \u00fcye se\u00e7ilmesi i\u00e7in teklifimizin Belediyemiz Meclisince g\u00f6r\u00fc\u015f\u00fclmek \u00fczere havalesini Olurlar\u0131n\u0131za arz ederim. Denilmekte olup, Yap\u0131lan a\u00e7\u0131k oylama neticesinde Saniye USTA (15) oy, Celalettin S\u00dcRME (15) , Ayd\u0131n NERG\u0130Z (15) , Kudret DEM\u0130RC\u0130O\u011eLU (15) , Ayhan I\u015eIK (15) oy alarak \u00c7evre ve Sa\u011fl\u0131k Komisyonunda 1 y\u0131l g\u00f6rev yapmak \u00fczere se\u00e7ildiler.\n<\/td>\n<\/tr>\n<tr>\n<td>KARAR 45<\/td>\n<\/tr>\n<tr>\n<td> 5393 say\u0131l\u0131 Belediye Kanununun 14.maddesinde uyar\u0131nca \u037e (De\u011fi\u015fik \u0130kinci C\u00fcmle:12\/11\/2012 \u00ad 6360\/17 md.) &#8221; Gerekti\u011finde sporu te\u015fvik etmek amac\u0131yla gen\u00e7lere spor malzemesi verir, amat\u00f6r spor kul\u00fcplerine ayni ve nakdi yard\u0131m yapar ve gerekli deste\u011fi sa\u011flar, her t\u00fcrl\u00fc amat\u00f6r spor kar\u015f\u0131la\u015fmalar\u0131 d\u00fczenler, yurt i\u00e7i ve yurt d\u0131\u015f\u0131 m\u00fcsabakalarda \u00fcst\u00fcn ba\u015far\u0131 g\u00f6steren veya derece alan \u00f6\u011frencilere, sporculara teknik y\u00f6netici ve antren\u00f6rlere belediye meclisi karar\u0131yla \u00f6d\u00fcl verebilir. G\u0131da Bankac\u0131l\u0131\u011f\u0131 yapabilir.&#8221; denilmektedir.        Yukar\u0131da bahse konu kanun kapsam\u0131nda Amat\u00f6r Spor Kul\u00fcb\u00fc Derneklerine Ayni ve Nakdi Yard\u0131m\u0131n yap\u0131labilmesi i\u00e7in Belediye Meclisi taraf\u0131ndan Belediye Ba\u015fkan\u0131 Saadettin ASLAN&#8217; a Yetki Verilmesi hususunu\u037eGere\u011fi i\u00e7in Bilgilerinize arz ederim. Denilmekte olup, Teklif hakk\u0131nda s\u00f6z isteyen olup olmad\u0131\u011f\u0131 soruldu. \u00dcyelerden Mustafa EK\u0130C\u0130 s\u00f6z ald\u0131. Arkada\u015flar teklifin Plan B\u00fct\u00e7e ve M\u00fc\u015fterek komisyonunda g\u00f6r\u00fc\u015f\u00fclmek \u00fczere havalesini teklif  ediyorum. Dedi. Teklif oylamaya sunuldu. Yap\u0131lan oylama neticesinde teklifin kabul\u00fcne oy birli\u011fi ile karar verildi.\n<\/td>\n<\/tr>\n<tr>\n<td>KARAR 46<\/td>\n<\/tr>\n<tr>\n<td> Karaisal\u0131&#8217; da \u00c7eceli Sosyal Hizmetler Derne\u011finin 28\/08\/2020 tarihli ve bila say\u0131l\u0131 dilek\u00e7esiyle Ba\u015fkanl\u0131\u011f\u0131m\u0131za m\u00fcracatta bulunarak, Derneklerine ba\u011f\u0131\u015flanan gerek G\u0131da Bankac\u0131l\u0131\u011f\u0131 kapsam\u0131ndaki yard\u0131mlar\u0131n\u0131n gerekse di\u011fer ayni yard\u0131mlar\u0131n ta\u015f\u0131nmas\u0131, depolanmas\u0131, muhta\u00e7 ki\u015filerin tespit edilmesi, yeni m\u00fcracaatlar\u0131n de\u011ferlendirilmesi ve yard\u0131mlar\u0131n dezavantajl\u0131 vatanda\u015flara bulu\u015fturulmas\u0131 i\u015flemlerinin sa\u011fl\u0131kl\u0131 bir \u015fekilde y\u00fcr\u00fct\u00fclmesi i\u00e7in:        Belediyemizle yap\u0131lacak olan ortak bir protokol ve Proje kapsam\u0131nda hizmet \u00fcretmek istemektedirler.        Bu kapsamda :Belediyeler kanununun 75. maddesine g\u00f6re Belediye Ba\u015fkan\u0131na \u0130\u015f Birli\u011fi Protokol\u00fc yapma konusunda Yetki Verilmesi ve uygun g\u00f6r\u00fcld\u00fc\u011f\u00fc takdirde gerekli Meclis Karar\u0131 al\u0131nmas\u0131 hususunu\u037e gere\u011fi i\u00e7in bilgilerinize arz ederim. Denilmekte olup teklif hakk\u0131nda s\u00f6z isteyen olup olmad\u0131\u011f\u0131 soruldu. \u00dcyelerden Mustafa EK\u0130C\u0130 s\u00f6z ald\u0131. Arkada\u015flar teklifin Plan B\u00fctce ve M\u00fc\u015fterek Komisyonunda g\u00f6r\u00fc\u015f\u00fclmek \u00fczere havalesini teklif ediyorum. Dedi. Teklif oylamaya sunuldu. Yap\u0131lan oylama neticesinde teklifin kabul\u00fcne oy birli\u011fi ile karar verildi.\n<\/td>\n<\/tr>\n<tr>\n<td>KARAR 47<\/td>\n<\/tr>\n<tr>\n<td>Belediyemiz Plan ve B\u00fct\u00e7e Komisyon Raporu ekte sunulmu\u015f olup, Belediyemiz Meclisince g\u00f6r\u00fc\u015f\u00fclmek \u00fczere havalesini Olurlar\u0131n\u0131za arz ederim. Denilmekte olup, Komisyon raporunda aynen &#8221; Belediyemiz Meclisince komisyonumuzda g\u00f6r\u00fc\u015f\u00fclmek \u00fczere havale edilen \u037e Belediye Ba\u015fkanl\u0131\u011f\u0131m\u0131zca al\u0131nan har\u00e7lardan ifraz ve tevhid harc\u0131 Belediye gelirleri Kanununun 84. Maddesine g\u00f6re 3. Grup Belediyelerde konutlar i\u00e7in 0,07 TL\/m2 i\u015fyei i\u00e7inde 0,10\u00adTL\/m2 olarak belirlenmi\u015ftir. Tar\u0131msal arazi ve arsalarda ifraz ve tevhid harc\u0131 olarak net bir rakam olmad\u0131\u011f\u0131 i\u00e7in arsa, ba\u011f, bah\u00e7e, tarla v.s. ta\u015f\u0131nmazlarda ifraz tevhid harc\u0131n\u0131n belirlenmesi i\u00e7in gerekli Meclis Karar\u0131n\u0131n al\u0131nmas\u0131n\u0131 arz ederim. Denilmekte olup, komisyonumuzca g\u00f6r\u00fc\u015f\u00fcld\u00fc. M\u00fczakere olundu. M\u00fczakere neticesinde ; Bakanlar Kurulunun 13.04.2005 tarihli ve 2005\/8730 say\u0131l\u0131 karar\u0131na g\u00f6re belediye gruplar\u0131 baz\u0131nda al\u0131nmas\u0131 gereken ifraz ve tevhit har\u00e7lar\u0131 belirlenmi\u015ftir. Belediyemiz 3. Grup olarak belirlenmi\u015f olup, komisyonumuza sunulan teklifin reddine , komisyon karar\u0131m\u0131z\u0131n g\u00f6r\u00fc\u015f\u00fclmek \u00fczere Belediyemiz Meclisine sunulmas\u0131na oy birli\u011fi ile karar verildi. Denilmekte olup, Ba\u015fkan s\u00f6z ald\u0131. Arkada\u015flar komisyon raporunu oylamaya sunuyorum dedi. Yap\u0131lan oylama sonucu teklif oy birli\u011fi ile kabul edildi.\n<\/td>\n<\/tr>\n<\/tbody>\n<\/table>\n","protected":false},"excerpt":{"rendered":"<p>KARAR 40 5393 Say\u0131l\u0131 Belediye Kanununun 24. maddesi gere\u011fince Belediye Ba\u015fkanl\u0131\u011f\u0131m\u0131z Plan ve B\u00fct\u00e7e Komisyonunda g\u00f6rev yapmak \u00fczere 5 adet \u00fcye se\u00e7ilmesi i\u00e7in teklifimizin Belediyemiz Meclisince g\u00f6r\u00fc\u015f\u00fclmek \u00fczere havalesini Olurlar\u0131n\u0131za arz ederim. Denilmekte olup, Belediyemiz Meclisince g\u00f6r\u00fc\u015f\u00fcld\u00fc. Yap\u0131lan a\u00e7\u0131k oylama neticesinde 5 adet Plan ve B\u00fct\u00e7e Komisyonunda g\u00f6rev yapmak \u00fczere \u00dcyelerden Mustafa EK\u0130C\u0130 (15) oy, [&hellip;]<\/p>\n","protected":false},"author":10,"featured_media":0,"parent":8495,"menu_order":202009,"comment_status":"closed","ping_status":"closed","template":"","meta":{"footnotes":""},"class_list":["post-9294","page","type-page","status-publish","hentry"],"_links":{"self":[{"href":"https:\/\/www.karaisali.bel.tr\/index.php?rest_route=\/wp\/v2\/pages\/9294","targetHints":{"allow":["GET"]}}],"collection":[{"href":"https:\/\/www.karaisali.bel.tr\/index.php?rest_route=\/wp\/v2\/pages"}],"about":[{"href":"https:\/\/www.karaisali.bel.tr\/index.php?rest_route=\/wp\/v2\/types\/page"}],"author":[{"embeddable":true,"href":"https:\/\/www.karaisali.bel.tr\/index.php?rest_route=\/wp\/v2\/users\/10"}],"replies":[{"embeddable":true,"href":"https:\/\/www.karaisali.bel.tr\/index.php?rest_route=%2Fwp%2Fv2%2Fcomments&post=9294"}],"version-history":[{"count":0,"href":"https:\/\/www.karaisali.bel.tr\/index.php?rest_route=\/wp\/v2\/pages\/9294\/revisions"}],"up":[{"embeddable":true,"href":"https:\/\/www.karaisali.bel.tr\/index.php?rest_route=\/wp\/v2\/pages\/8495"}],"wp:attachment":[{"href":"https:\/\/www.karaisali.bel.tr\/index.php?rest_route=%2Fwp%2Fv2%2Fmedia&parent=9294"}],"curies":[{"name":"wp","href":"https:\/\/api.w.org\/{rel}","templated":true}]}}