{"id":8846,"date":"2020-07-23T09:19:23","date_gmt":"2020-07-23T06:19:23","guid":{"rendered":"https:\/\/www.karaisali.bel.tr\/?page_id=8846"},"modified":"2020-07-23T09:19:23","modified_gmt":"2020-07-23T06:19:23","slug":"temmuz-2020-meclis-kararlari","status":"publish","type":"page","link":"https:\/\/www.karaisali.bel.tr\/?page_id=8846","title":{"rendered":"Temmuz 2020 Meclis Kararlar\u0131"},"content":{"rendered":"<table>\n<tbody>\n<tr>\n<td>KARAR 32<\/td>\n<\/tr>\n<tr>\n<td>\nG\u00fcndemde bulunan madde gere\u011fi;    5393 say\u0131l\u0131 Belediye Kanununun 64. maddesi  uyar\u0131nca haz\u0131rlanan Belediyemiz  2019 y\u0131l\u0131 Kesin Hesaplar\u0131 maddeler halinde tek tek okunarak   2019 Kesin Hesaplar\u0131n\u0131n Belediyemiz Enc\u00fcmeninin 18\/04\/2019 tarih ve 22 say\u0131l\u0131 karar\u0131 ile g\u00f6r\u00fc\u015f\u00fcld\u00fc\u011f\u00fc,   2019 y\u0131l\u0131 b\u00fct\u00e7esi 30.000.000,00-TL (OTUZM\u0130LYONT\u00dcRKL\u0130RASI) olup, 2019 y\u0131l\u0131 net geliri 19.543.731,62-TL  oldu\u011fu , ger\u00e7ekle\u015fme oran\u0131 % 65,14 oldu\u011fu   gider hesab\u0131 23.199.473,94-TL olup, ger\u00e7ekle\u015fme oran\u0131 % 77,33 oldu\u011fu  ,Gelirin gideri kar\u015f\u0131lama oran\u0131 % 84,24  oldu\u011fu  incelenmi\u015f olup  ,      Belediyemiz Meclisince g\u00f6r\u00fc\u015f\u00fcld\u00fc. Teklif hakk\u0131nda  s\u00f6z isteyen olup, olmad\u0131\u011f\u0131 soruldu. \u00dcyelerden Rifat K\u00d6RO\u011eLU s\u00f6z ald\u0131. Arkada\u015flar okunan 2019 y\u0131l\u0131 Kesin Hesab\u0131n\u0131n m\u00fcd\u00fcrl\u00fc\u011f\u00fcnden geldi\u011fi gibi  kabul edilmesini teklifi ediyorum. Dedi. Teklif oylamaya sunuldu. Yap\u0131lan oylama neticesinde teklifin kabul\u00fcne  oy birli\u011fi ile karar verildi.\n<\/td>\n<\/tr>\n<tr>\n<td>KARAR 32<\/td>\n<\/tr>\n<tr>\n<td>\nG\u00fcndemde bulunan madde gere\u011fi ; 2019 y\u0131l\u0131 Faaliyet Raporunun g\u00f6r\u00fc\u015f\u00fclmesine ge\u00e7ildi. Meclis 1. Ba\u015fkanvekili Mustafa EK\u0130C\u0130 5393 Say\u0131l\u0131 Belediye Kanununun 56. maddesi gere\u011fince  Belediye Ba\u015fkan\u0131 Saadettin ASLAN \u2018\u0131n yerine ge\u00e7erek Faaliyet Raporunun g\u00f6r\u00fc\u015f\u00fclmesine ge\u00e7ildi. 1. Ba\u015fkanvekili Mustafa EK\u0130C\u0130    Belediyemizce haz\u0131rlanan 2019 y\u0131l  faaliyet raporunun okunmas\u0131n\u0131 teklif etti. Haz\u0131rlanan faaliyet raporu  tek tek okundu. Okunan 2019 Y\u0131l\u0131 Faaliyet Raporu oylamaya sunuldu. Yap\u0131lan oylama neticesinde Belediyemiz 2019 y\u0131l\u0131 Faaliyet Raporunun kabul edilmesine oy birli\u011fi  ile karar verildi.\n<\/td>\n<\/tr>\n<tr>\n<td>KARAR 34<\/td>\n<\/tr>\n<tr>\n<td>\nG\u00fcndemde bulunan madde gere\u011fi; Belediyemiz Denetim Komisyonunun 5393 Say\u0131l\u0131 Belediye Kanununun 25. maddesi gere\u011fince haz\u0131rlam\u0131\u015f oldu\u011fu 2019 y\u0131l\u0131 Denetim Raporu tek tek okunarak g\u00f6r\u00fc\u015f\u00fcld\u00fc.\n<\/td>\n<\/tr>\n<tr>\n<td>KARAR 35<\/td>\n<\/tr>\n<tr>\n<td>\nBelediyemiz Temizlik \u0130\u015fleri  M\u00fcd\u00fcrl\u00fc\u011f\u00fcn\u00fcn 08\/05\/2020 tarih ve 918 say\u0131l\u0131 yaz\u0131lar\u0131nda ; \u00c7evre \u015eehircilik Bakanl\u0131\u011f\u0131n\u0131n\u00a0\u015fartl\u0131 nakdi\u00a0yard\u0131m yolu ile\u00a0sat\u0131n al\u0131nan 2020 model, Isuzu marka, 01\u00a0AEF 157 plakal\u0131, NNANPR6BH02000410 \u015fase nolu\u00a0Kamyonun (\u00c7\u00f6p Arac\u0131) \u00fczerine rehin haciz i\u015flemi yap\u0131lamayaca\u011f\u0131 hususun da gerekli meclis\u00a0karar\u0131n\u0131n\u00a0al\u0131nmas\u0131n\u0131;\u00a0Olurlar\u0131n\u0131za arz ederim.<br \/>\ndenilmekte     olup Ba\u015fkan s\u00f6z ald\u0131 g\u00fcndem maddesi ilgili bir d\u00fc\u015f\u00fcnce teklif var m\u0131 dedi. Meclis \u00dcyelerinden Rifat K\u00d6RO\u011eLU s\u00f6z ald\u0131. Teklifin M\u00fcd\u00fcrl\u00fc\u011f\u00fcnden geldi\u011fi gibi  kabul edilmesini teklif ediyorum. Dedi. Ba\u015fkan s\u00f6z ald\u0131. Teklifi oylamaya sunuyorum. Dedi teklif oylamaya sunuldu. Yap\u0131lan oylama sonucu teklif. Oy birli\u011fi ile kabul edildi\n<\/td>\n<\/tr>\n<tr>\n<td>KARAR 36<\/td>\n<\/tr>\n<tr>\n<td>\nKaraisal\u0131 Kaymakaml\u0131\u011f\u0131 Sosyal\u00a0 Yard\u0131mla\u015fma ve Dayan\u0131\u015fma\u00a0 Vakf\u0131 D\u00f6ner Sermaye\u00a0 \u0130\u015fletme M\u00fcd\u00fcrl\u00fc\u011f\u00fc taraf\u0131ndan 18.06.2020 Per\u015fembe g\u00fcn\u00fc saat:10.00\u2019da \u00a0\u00a02886 Say\u0131l\u0131 Devlet \u0130hale Kanunun 45. Maddesi uyar\u0131nca\u00a0\u00a0 A\u00e7\u0131k Teklif Usul\u00fc \u0130le ihale edilen ve\u00a0 7.260,00 TL + %18 KDV\u00a0 bedelle Belediyemiz uhdesinde kalan Adana \u0130li Karaisal\u0131 \u0130l\u00e7esi Selamp\u0131nar Mahallesi 510 Ada 13 Parsel \u00fczerinde bulunan toplam 225,00 metrekare 2 adet d\u00fckkan\u0131n 3 y\u0131ll\u0131\u011f\u0131na kiralamas\u0131 i\u015fi i\u00e7in Karaisal\u0131 Kaymakaml\u0131\u011f\u0131 Sosyal\u00a0 Yard\u0131mla\u015fma ve Dayan\u0131\u015fma\u00a0 Vakf\u0131 D\u00f6ner Sermaye\u00a0 \u0130\u015fletme M\u00fcd\u00fcrl\u00fc\u011f\u00fc ile Belediyemiz aras\u0131nda s\u00f6zle\u015fme imzalanacak olup; s\u00f6zle\u015fmeyi imzalamak \u00fczere Belediye Ba\u015fkan\u0131m\u0131z Saadettin ASLAN\u2019 a Belediyemiz Meclisi taraf\u0131ndan yetki verilmesi hususunu Olurlar\u0131n\u0131za arz ederim. Denilmekte olup, teklif hakk\u0131nda s\u00f6z isteyen olup, olmad\u0131\u011f\u0131 soruldu. Meclis Ba\u015fkan\u0131 s\u00f6z ald\u0131. Arkada\u015flar teklifin   m\u00fcd\u00fcrl\u00fc\u011f\u00fcnden geldi\u011fi gibi, Karaisal\u0131 Kaymakaml\u0131\u011f\u0131 Sosyal\u00a0 Yard\u0131mla\u015fma ve Dayan\u0131\u015fma\u00a0 Vakf\u0131 D\u00f6ner Sermaye\u00a0 \u0130\u015fletme M\u00fcd\u00fcrl\u00fc\u011f\u00fc ile Belediyemiz aras\u0131nda  s\u00f6zle\u015fme yapmak \u00fczere Belediye Ba\u015fkan\u0131m\u0131z Saadettin ASLAN&#8217;a (TC:13858256536)  yetki verilmesine oy birli\u011fi ile karar verildi.\n<\/td>\n<\/tr>\n<\/tbody>\n<\/table>\n","protected":false},"excerpt":{"rendered":"<p>KARAR 32 G\u00fcndemde bulunan madde gere\u011fi; 5393 say\u0131l\u0131 Belediye Kanununun 64. maddesi uyar\u0131nca haz\u0131rlanan Belediyemiz 2019 y\u0131l\u0131 Kesin Hesaplar\u0131 maddeler halinde tek tek okunarak 2019 Kesin Hesaplar\u0131n\u0131n Belediyemiz Enc\u00fcmeninin 18\/04\/2019 tarih ve 22 say\u0131l\u0131 karar\u0131 ile g\u00f6r\u00fc\u015f\u00fcld\u00fc\u011f\u00fc, 2019 y\u0131l\u0131 b\u00fct\u00e7esi 30.000.000,00-TL (OTUZM\u0130LYONT\u00dcRKL\u0130RASI) olup, 2019 y\u0131l\u0131 net geliri 19.543.731,62-TL oldu\u011fu , ger\u00e7ekle\u015fme oran\u0131 % 65,14 oldu\u011fu [&hellip;]<\/p>\n","protected":false},"author":10,"featured_media":0,"parent":8495,"menu_order":202007,"comment_status":"closed","ping_status":"closed","template":"","meta":{"footnotes":""},"class_list":["post-8846","page","type-page","status-publish","hentry"],"_links":{"self":[{"href":"https:\/\/www.karaisali.bel.tr\/index.php?rest_route=\/wp\/v2\/pages\/8846","targetHints":{"allow":["GET"]}}],"collection":[{"href":"https:\/\/www.karaisali.bel.tr\/index.php?rest_route=\/wp\/v2\/pages"}],"about":[{"href":"https:\/\/www.karaisali.bel.tr\/index.php?rest_route=\/wp\/v2\/types\/page"}],"author":[{"embeddable":true,"href":"https:\/\/www.karaisali.bel.tr\/index.php?rest_route=\/wp\/v2\/users\/10"}],"replies":[{"embeddable":true,"href":"https:\/\/www.karaisali.bel.tr\/index.php?rest_route=%2Fwp%2Fv2%2Fcomments&post=8846"}],"version-history":[{"count":0,"href":"https:\/\/www.karaisali.bel.tr\/index.php?rest_route=\/wp\/v2\/pages\/8846\/revisions"}],"up":[{"embeddable":true,"href":"https:\/\/www.karaisali.bel.tr\/index.php?rest_route=\/wp\/v2\/pages\/8495"}],"wp:attachment":[{"href":"https:\/\/www.karaisali.bel.tr\/index.php?rest_route=%2Fwp%2Fv2%2Fmedia&parent=8846"}],"curies":[{"name":"wp","href":"https:\/\/api.w.org\/{rel}","templated":true}]}}