{"id":8844,"date":"2020-07-23T09:16:32","date_gmt":"2020-07-23T06:16:32","guid":{"rendered":"https:\/\/www.karaisali.bel.tr\/?page_id=8844"},"modified":"2020-07-23T09:16:32","modified_gmt":"2020-07-23T06:16:32","slug":"mayis-2020-meclis-kararlari","status":"publish","type":"page","link":"https:\/\/www.karaisali.bel.tr\/?page_id=8844","title":{"rendered":"May\u0131s 2020 Meclis Kararlar\u0131"},"content":{"rendered":"<table>\n<tbody>\n<tr>\n<td>KARAR 30<\/td>\n<\/tr>\n<tr>\n<td>\nBelediyemiz personellerinin alacaklar\u0131 ile Sosyal G\u00fcvenlik Kurumu  ve Vergi bor\u00e7lar\u0131m\u0131z i\u00e7in \u0130ller Bankas\u0131 A.\u015e. \u2018den 1.950.000-TL (B\u0130RM\u0130LYONDOKUZY\u00dcZELL\u0130B\u0130NT\u00dcRKL\u0130RASI) kullan\u0131lmas\u0131na , krediden kaynaklanacak anapara, faiz, denetim giderleri , komisyon, vergi, resim, har\u00e7, \u00fccret, vs. \u00f6demelerin \u0130ller Bankas\u0131 A.\u015e. ve Hazine ve Maliye Bakanl\u0131\u011f\u0131nca da\u011f\u0131t\u0131lan yasal paylar\u0131m\u0131z\u0131n mevzuattan kaynaklanan herhangi bir kesinti oran\u0131na ba\u011fl\u0131 kalmaks\u0131z\u0131n tamam\u0131ndan (%40\u2019\u0131n d\u0131\u015f\u0131nda ve % 100 \u2018\u00fcne kadar) kar\u015f\u0131lanmas\u0131na, kredi teminat\u0131na konu gelirlerden krediye ili\u015fkin \u00f6demelerin  kar\u015f\u0131lanamamas\u0131 halinde bu krediyle elde edilen tesis, in\u015faat ve her nevi gayrimenkul ile ara\u00e7 gere\u00e7 ve malzemenin \u0130ller Bankas\u0131 A.\u015e.\u2019ce talep edildi\u011fi takdirde ayn\u0131 \u015fartlarda ve talep tarihinde \u0130ller Bankas\u0131 A.\u015e. ad\u0131na ipotek veya rehin edilmesine , \u0130ller Bankas\u0131 A.\u015e.\u2019ce Belediyemize kulland\u0131r\u0131lacak krediye ili\u015fkin olarak her t\u00fcrl\u00fc s\u00f6zle\u015fmeyi ve evraklar\u0131 imzalamaya ve kredi ile ilgili devam eden i\u015flemleri y\u00fcr\u00fctmeye, Belediyemiz m\u00fclkiyetinde her t\u00fcrl\u00fc gayri menkul\u00fc \u0130ller Bankas\u0131 A.\u015e. \u2018ye ipotek vermeye, Belediyemizin her t\u00fcrl\u00fc gelir hak ve alacaklar\u0131n\u0131 \u0130ller Bankas\u0131 A.\u015e.\u2019ye terhin ve temlik etmeye , Belediyemize ait her t\u00fcrl\u00fc ticari i\u015fletmeyi \u0130ller Bankas\u0131 A.\u015e. ye rehin vermeye, \u0130ller Bankas\u0131 A.\u015e. \u2018nin mevcut mevzuat\u0131 ve bunda meydana gelebilecek her t\u00fcrl\u00fc de\u011fi\u015fiklik \u00e7er\u00e7evesinde 5393 say\u0131l\u0131 Belediye Kanununun 68. Maddesinde yer alan ko\u015fullar\u0131n yerine getirilmesi  kayd\u0131yla krediye konu i\u015fle ilgili her t\u00fcrl\u00fc i\u015flemi yapmaya Belediye Ba\u015fkan\u0131 Saadettin ASLAN \u2018\u0131n (TC:13858256536) yetkilendirilmesine karar verilmi\u015ftir.\n<\/td>\n<\/tr>\n<tr>\n<td>KARAR 31<\/td>\n<\/tr>\n<tr>\n<td>\nBelediye Meclis \u00c7al\u0131\u015fma Y\u00f6netmeli\u011finin 20. maddesinde &#8220;Madde 20 \u2014 Meclis, mahalli idareler se\u00e7iminden sonraki ilk toplant\u0131s\u0131nda, \u00fcyeleri aras\u0131ndan gizli oyla Kanunda belirtilen say\u0131da enc\u00fcmen \u00fcyesini se\u00e7er. Se\u00e7ilen bu \u00fcyeler gelecek y\u0131l\u0131n ayn\u0131 ay\u0131na kadar g\u00f6rev yapar ve her y\u0131l o ayda enc\u00fcmen se\u00e7imleri yenilenir. S\u00fcresi dolan \u00fcyeler yeniden se\u00e7ilebilir.&#8221; denilmekte olup, Belediyemiz Meclisince 2 adet meclis \u00fcye se\u00e7iminin gizli oylama usul\u00fc ile yap\u0131larak belirlenmesi i\u00e7in teklifin Belediyemiz Meclisine havalesini Olurlar\u0131n\u0131za arz ederim. Denilmekte olup,  Yap\u0131lan gizli oylama sonucu meclis \u00fcyelerinden Ayd\u0131n NERG\u0130Z 12 oy , Saniye USTA 15 oy  Recep KOCA iki oy ald\u0131. iki tane tek isim yaz\u0131l\u0131 oy \u00e7\u0131kt\u0131. Yap\u0131lan Gizli oylama Enc\u00fcmen \u00dcye se\u00e7iminde  Saniye USTA (15) oy Ayd\u0131n NERG\u0130Z (12) oy alarak 1 y\u0131l g\u00f6rev yapmak \u00fczere Enc\u00fcmen \u00dcyeli\u011fine se\u00e7ildiler.\n<\/td>\n<\/tr>\n<\/tbody>\n<\/table>\n","protected":false},"excerpt":{"rendered":"<p>KARAR 30 Belediyemiz personellerinin alacaklar\u0131 ile Sosyal G\u00fcvenlik Kurumu ve Vergi bor\u00e7lar\u0131m\u0131z i\u00e7in \u0130ller Bankas\u0131 A.\u015e. \u2018den 1.950.000-TL (B\u0130RM\u0130LYONDOKUZY\u00dcZELL\u0130B\u0130NT\u00dcRKL\u0130RASI) kullan\u0131lmas\u0131na , krediden kaynaklanacak anapara, faiz, denetim giderleri , komisyon, vergi, resim, har\u00e7, \u00fccret, vs. \u00f6demelerin \u0130ller Bankas\u0131 A.\u015e. ve Hazine ve Maliye Bakanl\u0131\u011f\u0131nca da\u011f\u0131t\u0131lan yasal paylar\u0131m\u0131z\u0131n mevzuattan kaynaklanan herhangi bir kesinti oran\u0131na ba\u011fl\u0131 kalmaks\u0131z\u0131n tamam\u0131ndan [&hellip;]<\/p>\n","protected":false},"author":10,"featured_media":0,"parent":8495,"menu_order":202005,"comment_status":"closed","ping_status":"closed","template":"","meta":{"footnotes":""},"class_list":["post-8844","page","type-page","status-publish","hentry"],"_links":{"self":[{"href":"https:\/\/www.karaisali.bel.tr\/index.php?rest_route=\/wp\/v2\/pages\/8844","targetHints":{"allow":["GET"]}}],"collection":[{"href":"https:\/\/www.karaisali.bel.tr\/index.php?rest_route=\/wp\/v2\/pages"}],"about":[{"href":"https:\/\/www.karaisali.bel.tr\/index.php?rest_route=\/wp\/v2\/types\/page"}],"author":[{"embeddable":true,"href":"https:\/\/www.karaisali.bel.tr\/index.php?rest_route=\/wp\/v2\/users\/10"}],"replies":[{"embeddable":true,"href":"https:\/\/www.karaisali.bel.tr\/index.php?rest_route=%2Fwp%2Fv2%2Fcomments&post=8844"}],"version-history":[{"count":0,"href":"https:\/\/www.karaisali.bel.tr\/index.php?rest_route=\/wp\/v2\/pages\/8844\/revisions"}],"up":[{"embeddable":true,"href":"https:\/\/www.karaisali.bel.tr\/index.php?rest_route=\/wp\/v2\/pages\/8495"}],"wp:attachment":[{"href":"https:\/\/www.karaisali.bel.tr\/index.php?rest_route=%2Fwp%2Fv2%2Fmedia&parent=8844"}],"curies":[{"name":"wp","href":"https:\/\/api.w.org\/{rel}","templated":true}]}}