{"id":8560,"date":"2020-02-20T17:00:01","date_gmt":"2020-02-20T14:00:01","guid":{"rendered":"https:\/\/www.karaisali.bel.tr\/?page_id=8560"},"modified":"2020-07-23T09:05:41","modified_gmt":"2020-07-23T06:05:41","slug":"subat-2020-meclis-kararlari","status":"publish","type":"page","link":"https:\/\/www.karaisali.bel.tr\/?page_id=8560","title":{"rendered":"\u015eubat 2020 Meclis Kararlar\u0131"},"content":{"rendered":"<table>\n<tbody>\n<tr>\n<td>KARAR 21<\/td>\n<\/tr>\n<tr>\n<td>\nAdana Valili\u011fi Kadastro M\u00fcd\u00fcrl\u00fc\u011f\u00fcn\u00fcn 29\/01\/2020 tarih ve E.358339 say\u0131l\u0131 yaz\u0131lar\u0131nda; Adana ili Karaisal\u0131 \u0130l\u00e7esi Fettahl\u0131 Mahallesinde 3502 say\u0131l\u0131 Kadastro Kanununun h\u00fck\u00fcmlerince yap\u0131lacak olan kadastro \u00e7al\u0131\u015fmalar\u0131nda kadastro ekibinde bilirki\u015fi olarak g\u00f6rev yapmak \u00fczere 1 (bir) adet bilirki\u015finin Belediyemiz Meclisince Belirlenmesi ile ilgili teklifi g\u00f6r\u00fc\u015f\u00fcld\u00fc. Tekli hakk\u0131nda s\u00f6z isteyen olup, olmad\u0131\u011f\u0131 soruldu. \u00dcyelerden Mustafa EK\u0130C\u0130 s\u00f6z ald\u0131. Arkada\u015flar teklifin g\u00f6r\u00fc\u015f\u00fclmek \u00fczere  Tar\u0131m Orman  ve Mahalle komisyonu ba\u015fkanl\u0131\u011f\u0131nda m\u00fc\u015fterek komisyonda g\u00f6r\u00fc\u015f\u00fclmek \u00fczere havalesini teklif ediyorum. Dedi. Teklif oylamaya sunuldu. Yap\u0131lan oylama neticesinde teklifin kabul\u00fcne oy birli\u011fi ile karar verildi.\n<\/td>\n<\/tr>\n<tr>\n<td>KARAR 22<\/td>\n<\/tr>\n<tr>\n<td>\nBelediye Ba\u015fkanl\u0131\u011f\u0131m\u0131z Yaz\u0131 \u0130\u015fleri M\u00fcd\u00fcrl\u00fc\u011f\u00fcn\u00fcn 03\/02\/2020 tarih ve 257 say\u0131l\u0131 yaz\u0131s\u0131n\u0131n  g\u00f6r\u00fc\u015f\u00fclmesine ge\u00e7ildi.. Milli Savunma Bakanl\u0131\u011f\u0131 Kara Kuvvetleri Komutanl\u0131\u011f\u0131 , Hava Kuvvetleri Komutanl\u0131\u011f\u0131 ve Deniz Kuvvetleri Komutanl\u0131\u011f\u0131na 04\/02\/2020 tarih ve 264 say\u0131l\u0131 talep yaz\u0131m\u0131za istinaden  Kara Kuvvetleri Komutanl\u0131\u011f\u0131 , Hava Kuvvetleri Komutanl\u0131\u011f\u0131 ve Deniz Kuvvetleri Komutanl\u0131\u011f\u0131  ile ba\u011fl\u0131 t\u00fcm birliklerinde bulunan kayd\u0131 silinmi\u015f ancak y\u0131k\u0131m\u0131 ger\u00e7ekle\u015ftirilemeyen bina ve tesislerin y\u0131k\u0131m i\u015finin belediyemizce yap\u0131lmas\u0131 uygun g\u00f6r\u00fclen y\u0131k\u0131mlar\u0131n yap\u0131labilmesi  Milli Savunma Bakanl\u0131\u011f\u0131 ta\u015f\u0131nmaz mal y\u00f6nergesi ve 5393 say\u0131l\u0131 Belediye Kanununun 75. maddesi h\u00fck\u00fcmleri do\u011frultusunda protokol d\u00fczenlenmesi ve taraflara protokol yap\u0131lmas\u0131 i\u00e7in Belediye Ba\u015fkan\u0131 Saadettin ASLAN &#8216;a yetki verilmesine Belediyemiz Meclisince oy birli\u011fi ile karar verildi.\n<\/td>\n<\/tr>\n<tr>\n<td>KARAR 23<\/td>\n<\/tr>\n<tr>\n<td>\nG\u00fcndemde bulunan madde gere\u011fi; \u0130l\u00e7emiz \u00c7evlik Mahallesi sakinlerinden Yusuf ZOPCUK &#8216;un  20\/01\/2020 tarihli dilek\u00e7eli talebinde; Adana ili Karaisal\u0131 il\u00e7esi \u00c7evlik Mahallesi s\u0131n\u0131rlar\u0131 i\u00e7erisinde bulunan 110 ada 209 parsel i\u00e7erisinde lokanta restoran i\u015fletmecisi olarak faaliyet g\u00f6stermekteyim. S\u00f6z konusu i\u015fletmeme Karaisal\u0131 Kaymakaml\u0131\u011f\u0131 &#8216;n\u0131n 13\/11\/2018 tarih ve E.1442 say\u0131l\u0131 yaz\u0131lar\u0131 ve ekindeki belgelere istinaden i\u00e7kili yerler b\u00f6lgesi olarak belirlenmesinde herhangi bir sak\u0131nca bulunmad\u0131\u011f\u0131 bildirilmi\u015fti.<br \/>\n\t\u0130l\u00e7emize Belediyenizce  verilen turizm hizmetleri haz\u0131rlanan ve tamamlanan projeler do\u011frultusunda il\u00e7e turizmi k\u0131sa mesafede kat kat artarak il\u00e7emizi hem tan\u0131t\u0131m hem de ekonomik y\u00f6nden ileri seviyelere getirmi\u015ftir. Turizmin canlanmas\u0131 sonucunda biz esnaflar i\u00e7inde bulunan kabu\u011fumuzu k\u0131rarak il\u00e7emize gelen yerli ve yabanc\u0131 turistlere en iyi hizmeti vermeyi hedeflemekte , gelen turist ve misafirleri en iyi \u015fekilde il\u00e7emize yak\u0131\u015f\u0131r bir bi\u00e7imde a\u011f\u0131rlamaktay\u0131z. s\u00f6z konusu i\u015fletmeme gelen yerli ve yabanc\u0131 turist ve misafirler bu turizm i\u00e7erisinde ad\u0131ma ait lokanta i\u015fletmemde alkol almak istiorlar bizlere alkol konusunda izin veremedi\u011fimiz i\u00e7in konum itibari ile bizleri yad\u0131rg\u0131yorlar bundan dolay\u0131 m\u00fc\u015fterilerimize mahcup oluyor .bizlerde ma\u011fdur oluyoruz. \u0130l\u00e7emizin turistik bir il\u00e7e olmas\u0131 T\u00fcrkiye&#8217;nin ve yurt d\u0131\u015f\u0131nda il\u00e7emize gelen misafirlerimizi daha iyi a\u011f\u0131rlamam\u0131z a\u00e7\u0131s\u0131ndan Adana ili Karaisal\u0131 il\u00e7esi \u00c7evlik Mahallesi s\u0131n\u0131rlar\u0131 i\u00e7erisinde  bulunan 110 ada 209 parsel parselin Karaisal\u0131 Kaymakaml\u0131\u011f\u0131nca verilen m\u00fcsaade do\u011frultusunda i\u00e7kili yerler b\u00f6lgesi olarak belirlenmesi hususunda gere\u011fini sayg\u0131lar\u0131mla arz ve talep ederim. Denilmekte olup, okunan talep hakk\u0131nda s\u00f6z isteyen olup, olmad\u0131\u011f\u0131 soruldu. \u00dcyelerden Mustafa EK\u0130C\u0130 s\u00f6z ald\u0131. Arkada\u015flar okunan talebin Belediyemiz \u0130mar ve \u015eehircilik Komisyonu Ba\u015fkanl\u0131\u011f\u0131nda m\u00fc\u015fterek komisyonda g\u00f6r\u00fc\u015f\u00fclmek  havalesini teklif ediyorum. Dedi . Teklif oylamaya sunuldu. Yap\u0131lan oylama neticesinde teklifin kabul\u00fcne oy birli\u011fi ile karar verildi.\n<\/td>\n<\/tr>\n<tr>\n<td>KARAR 24<\/td>\n<\/tr>\n<tr>\n<td>\nBelediyemiz Yaz\u0131 \u0130\u015fleri M\u00fcd\u00fcrl\u00fc\u011f\u00fcn\u00fcn 04\/02\/2020 tarih ve 265 say\u0131l\u0131 yaz\u0131lar\u0131nda ; Adana Valili\u011fi Kadastro M\u00fcd\u00fcrl\u00fc\u011f\u00fcn\u00fcn Adana ili Karaisal\u0131 \u0130l\u00e7esi K\u0131r\u0131kl\u0131 Mahallesinde 3402 say\u0131l\u0131 Kadastro Kanununun h\u00fck\u00fcmlerince yap\u0131lacak olan kadastro \u00e7al\u0131\u015fmalar\u0131nda kadastro ekibinde bilirki\u015fi olarak g\u00f6rev yapmak \u00fczere 1 (bir) adet bilirki\u015finin Belediyemiz Meclisince se\u00e7ilmesi   ile ilgili teklifi okundu. Teklif hakk\u0131nda s\u00f6z isteyen olup, olmad\u0131\u011f\u0131 soruldu. \u00dcyelerden  Abdullah KA\u00c7AR s\u00f6z ald\u0131. Arkada\u015flar teklifin Belediyemiz  Tar\u0131m Orman Mahalle komisyonu ba\u015fkanl\u0131\u011f\u0131nda m\u00fc\u015fterek komisyonda g\u00f6r\u00fc\u015f\u00fclmek \u00fczere havalesini teklif ediyorum. Dedi. Teklif oylamaya sunuldu. Yap\u0131lan oylama neticesinde  teklifin kabul\u00fcne oy birli\u011fi ile karar veridi.\n<\/td>\n<\/tr>\n<tr>\n<td>KARAR 25<\/td>\n<\/tr>\n<tr>\n<td>\nG\u00fcndemde bulunan madde gere\u011fi Belediyemiz  Tar\u0131m Orman ve Mahalle m\u00fc\u015fterek komisyonunun Karaisal\u0131 il\u00e7esi Fettahl\u0131 Mahallesinde Kadastro \u00e7al\u0131\u015fmalar\u0131nda g\u00f6rev yapacak 1 adet bilirki\u015finin belirlenmesi ile ilgili komisyon raporunun g\u00f6r\u00fc\u015f\u00fclmesine ge\u00e7ildi. Komisyon raporunda aynen &#8220;Belediyemiz Meclisince komisyonumuzda g\u00f6r\u00fc\u015f\u00fclmek \u00fczere Belediyemiz Meclisinin 04\/02\/2020 tarih ve 21  say\u0131l\u0131 karar\u0131 ile   havale edilen Adana Valili\u011fi Kadastro M\u00fcd\u00fcrl\u00fc\u011f\u00fcn\u00fcn 29\/01\/2020  tarih ve E.358339  say\u0131l\u0131 yaz\u0131lar\u0131 ile taleplerinde Adana ili Karaisal\u0131 \u0130l\u00e7esi FETTAHLI    Mahallesinde yap\u0131lacak olan Tapu Kadastro \u00e7al\u0131\u015fmalar\u0131nda bilirki\u015fi olarak g\u00f6rev yapmak \u00fczere 1 adet bilirki\u015fi belirlenmesi ile ilgili teklif komisyonumuzca g\u00f6r\u00fc\u015f\u00fcld\u00fc. Yap\u0131lan g\u00f6r\u00fc\u015fme ve ara\u015ft\u0131rma neticesinde ilgi yaz\u0131da belirtilen \u015fartlara uygun olan a\u015fa\u011f\u0131da   yaz\u0131l\u0131 ki\u015finin  Tapu Kadastro \u00e7al\u0131\u015fmalar\u0131nda bilirki\u015fi olarak g\u00f6rev yapmak \u00fczere belirlenmesine    komisyonumuzca uygun bulunmu\u015f olup,  Belediyemiz Meclisine sunulmas\u0131na oy birli\u011fi ile karar verildi.  <\/p>\n<p>FETTAHLI  MAHALLES\u0130 B\u0130L\u0130RK\u0130\u015e\u0130 L\u0130STES\u0130<\/p>\n<p>ADI\t\tSOYADI\tT.C. K\u0130ML\u0130K NO\tADRES<\/p>\n<p>ERM\u0130YE \t\u00d6CAL\t\t21265012560\t\tFettahl\u0131 Mahallesinde ikamet eder<\/p>\n<p>denilmekte olup, okunan komisyon raporu hakk\u0131nda s\u00f6z isteyen olup olmad\u0131\u011f\u0131 soruldu. \u00dcyelerden    Ba\u015fkan oylamaya sunuldu. . Arkada\u015flar okunan komisyon raporunun komisyondan geldi\u011fi gibi kabul edilmesini teklif ediyorum. Dedi. Teklif oylamaya sunuldu. Yap\u0131lan oylama neticesinde teklifin kabul\u00fcne oy birli\u011fi ile karar verildi.\n<\/td>\n<\/tr>\n<tr>\n<td>KARAR 26<\/td>\n<\/tr>\n<tr>\n<td>\nG\u00fcndemde bulunan madde gere\u011fi Belediyemiz \u0130mar ve \u015eehircilik M\u00fc\u015fterek Komisyonunun Karaisal\u0131 ilcesi \u00c7evlik Mahallesi 110 ada 209 parselin i\u00e7kili yerler b\u00f6lgesi olarak belirlenmesi ile ilgili komisyon raporunun g\u00f6r\u00fc\u015f\u00fclmesine ge\u00e7ildi. Komisyon raporunda aynen &#8220;Belediyemiz Meclisince komisyonumuzda g\u00f6r\u00fc\u015f\u00fclmek \u00fczere Belediyemiz Meclisinin 04\/02\/2020  tarih 23 nolu say\u0131l\u0131 karar\u0131 ile   havale edilen \u0130l\u00e7emiz sakinlerinden Yusuf ZOPCUK\u2019un  \u0130l\u00e7emiz  \u00c7evlik  Mahallesinde  bulunan  110    ada  209  parselin  i\u00e7kili  yer b\u00f6lgesi  olarak  tespit  edilmesi ile ilgili dilek\u00e7eli talebi komisyonumuzca g\u00f6r\u00fc\u015f\u00fcld\u00fc. S\u00f6z konusu yer i\u00e7in daha \u00f6nce \u0130\u015fyeri A\u00e7ma ve \u00c7al\u0131\u015ft\u0131rma Y\u00f6netmeli\u011finin 29. Maddesi gere\u011fince Kaymakaml\u0131k  Makam\u0131ndan  g\u00f6r\u00fc\u015f  istenmi\u015f ,  bahse  konu yer hakk\u0131nda  Yap\u0131lan  ara\u015ft\u0131rma  neticesinde  \u00c7evlik  Mahallesi  110    ada  209  parselin  \u0130\u015fyeri A\u00e7ma  ve  \u00c7al\u0131\u015fma  Ruhsat\u0131na  \u0130li\u015fkin  Y\u00f6netmeli\u011fin  29.  maddesindeki,  \u0130\u00e7kili  yer  b\u00f6lgesi  olarak belirlenmesinde herhangi bir sak\u0131nca bulunmad\u0131\u011f\u0131na dair Karaisal\u0131 Kaymakaml\u0131k Makam\u0131n\u0131n 13\/11\/2018 tarih ve 1442 say\u0131l\u0131 yaz\u0131lar\u0131  uygun g\u00f6r\u00fc\u015f verilmi\u015ftir. \u0130l\u00e7emiz  \u00c7evlik  Mahallesinde  bulunan  110    ada  209  parselin  i\u00e7kili  yer b\u00f6lgesi  olarak belirlenmesi i\u00e7in  Belediyemiz Meclisince karar al\u0131nmas\u0131 ile ilgili teklif komisyonumuzca incelenmi\u015f olup, teklifin reddine oy \u00e7oklu\u011fu ile karar verilmi\u015f olup, Komisyon raporumuzun Belediyemiz Meclisince sunulmas\u0131na oy birli\u011fi ile karar verildi. denilmekte olup, okunan komisyon raporu hakk\u0131nda s\u00f6z isteyen olup olmad\u0131\u011f\u0131 soruldu.Ba\u015fkan s\u00f6z ald\u0131.  Arkada\u015flar okunan komisyon raporunun komisyondan geldi\u011fi gibi kabul edilmesini teklif ediyorum. dedi. Teklif oylamaya sunuldu. Yap\u0131lan oylama neticesinde teklifin kabul\u00fcne oy \u00e7oklu\u011fu ile kabul edili.\n<\/td>\n<\/tr>\n<tr>\n<td>KARAR 27<\/td>\n<\/tr>\n<tr>\n<td>\nG\u00fcndemde bulunan madde gere\u011fi Belediyemiz  Tar\u0131m Orman ve Mahalle m\u00fc\u015fterek komisyonunun Karaisal\u0131 il\u00e7esi K\u0131r\u0131kl\u0131 Mahallesinde Kadastro \u00e7al\u0131\u015fmalar\u0131nda g\u00f6rev yapacak 1 adet bilirki\u015finin belirlenmesi ile ilgili komisyon raporunun g\u00f6r\u00fc\u015f\u00fclmesine ge\u00e7ildi. Komisyon raporunda  aynen &#8220;Belediyemiz Meclisince komisyonumuzda g\u00f6r\u00fc\u015f\u00fclmek \u00fczere Belediyemiz Meclisinin 04\/02\/2020 tarih ve 24  say\u0131l\u0131 karar\u0131 ile   havale edilen Adana Valili\u011fi Kadastro M\u00fcd\u00fcrl\u00fc\u011f\u00fcn\u00fcn 31\/01\/2020  tarih ve E.383135  say\u0131l\u0131 yaz\u0131lar\u0131 ile taleplerinde Adana ili Karaisal\u0131 \u0130l\u00e7esi KIRIKLI     Mahallesinde yap\u0131lacak olan Tapu Kadastro \u00e7al\u0131\u015fmalar\u0131nda bilirki\u015fi olarak g\u00f6rev yapmak \u00fczere 1 adet bilirki\u015fi belirlenmesi ile ilgili teklif komisyonumuzca g\u00f6r\u00fc\u015f\u00fcld\u00fc. Yap\u0131lan g\u00f6r\u00fc\u015fme ve ara\u015ft\u0131rma neticesinde ilgi yaz\u0131da belirtilen \u015fartlara uygun olan a\u015fa\u011f\u0131da   yaz\u0131l\u0131 ki\u015finin  Tapu Kadastro \u00e7al\u0131\u015fmalar\u0131nda bilirki\u015fi olarak g\u00f6rev yapmak \u00fczere belirlenmesine    komisyonumuzca uygun bulunmu\u015f olup,  Belediyemiz Meclisine sunulmas\u0131na oy birli\u011fi ile karar verildi.<\/p>\n<p>KIRIKLI  MAHALLES\u0130 B\u0130L\u0130RK\u0130\u015e\u0130 L\u0130STES\u0130<\/p>\n<p>ADI\t\tSOYADI\tT.C. K\u0130ML\u0130K NO\t\tADRES<\/p>\n<p>RAMAZAN\t\u00c7EL\u0130K\t10525369674\t\tK\u0131r\u0131kl\u0131 Mahallesinde ikamet eder<\/p>\n<p>denilmekte olup, okunan komisyon raporu hakk\u0131nda s\u00f6z isteyen olup olmad\u0131\u011f\u0131 soruldu. Ba\u015fkan s\u00f6z ald\u0131 arkada\u015flar okunan komisyon raporunun komisyondan geldi\u011fi gibi kabul edilmesini teklif ediyorum. Dedi. Teklif oylamaya sunuldu. Yap\u0131lan oylama neticesinde teklifin kabul\u00fcne oy birli\u011fi ile karar verildi.\n<\/td>\n<\/tr>\n<\/tbody>\n<\/table>\n","protected":false},"excerpt":{"rendered":"<p>KARAR 21 Adana Valili\u011fi Kadastro M\u00fcd\u00fcrl\u00fc\u011f\u00fcn\u00fcn 29\/01\/2020 tarih ve E.358339 say\u0131l\u0131 yaz\u0131lar\u0131nda; Adana ili Karaisal\u0131 \u0130l\u00e7esi Fettahl\u0131 Mahallesinde 3502 say\u0131l\u0131 Kadastro Kanununun h\u00fck\u00fcmlerince yap\u0131lacak olan kadastro \u00e7al\u0131\u015fmalar\u0131nda kadastro ekibinde bilirki\u015fi olarak g\u00f6rev yapmak \u00fczere 1 (bir) adet bilirki\u015finin Belediyemiz Meclisince Belirlenmesi ile ilgili teklifi g\u00f6r\u00fc\u015f\u00fcld\u00fc. Tekli hakk\u0131nda s\u00f6z isteyen olup, olmad\u0131\u011f\u0131 soruldu. \u00dcyelerden Mustafa EK\u0130C\u0130 [&hellip;]<\/p>\n","protected":false},"author":10,"featured_media":0,"parent":8495,"menu_order":202002,"comment_status":"closed","ping_status":"closed","template":"","meta":{"footnotes":""},"class_list":["post-8560","page","type-page","status-publish","hentry"],"_links":{"self":[{"href":"https:\/\/www.karaisali.bel.tr\/index.php?rest_route=\/wp\/v2\/pages\/8560","targetHints":{"allow":["GET"]}}],"collection":[{"href":"https:\/\/www.karaisali.bel.tr\/index.php?rest_route=\/wp\/v2\/pages"}],"about":[{"href":"https:\/\/www.karaisali.bel.tr\/index.php?rest_route=\/wp\/v2\/types\/page"}],"author":[{"embeddable":true,"href":"https:\/\/www.karaisali.bel.tr\/index.php?rest_route=\/wp\/v2\/users\/10"}],"replies":[{"embeddable":true,"href":"https:\/\/www.karaisali.bel.tr\/index.php?rest_route=%2Fwp%2Fv2%2Fcomments&post=8560"}],"version-history":[{"count":0,"href":"https:\/\/www.karaisali.bel.tr\/index.php?rest_route=\/wp\/v2\/pages\/8560\/revisions"}],"up":[{"embeddable":true,"href":"https:\/\/www.karaisali.bel.tr\/index.php?rest_route=\/wp\/v2\/pages\/8495"}],"wp:attachment":[{"href":"https:\/\/www.karaisali.bel.tr\/index.php?rest_route=%2Fwp%2Fv2%2Fmedia&parent=8560"}],"curies":[{"name":"wp","href":"https:\/\/api.w.org\/{rel}","templated":true}]}}