{"id":8395,"date":"2019-12-11T11:19:04","date_gmt":"2019-12-11T08:19:04","guid":{"rendered":"https:\/\/www.karaisali.bel.tr\/?page_id=8395"},"modified":"2019-12-11T11:19:04","modified_gmt":"2019-12-11T08:19:04","slug":"kasim-2019-meclis-kararlari","status":"publish","type":"page","link":"https:\/\/www.karaisali.bel.tr\/?page_id=8395","title":{"rendered":"Kas\u0131m 2019 Meclis Kararlar\u0131"},"content":{"rendered":"<table>\n<tbody>\n<tr>\n<td>KARAR 55<\/td>\n<\/tr>\n<tr>\n<td>G\u00fcndemde bulunan madde gere\u011fi ; Belediyemiz Emlak ve \u0130stimlak M\u00fcd\u00fcrl\u00fc\u011f\u00fcn\u00fcn 01\/11\/2019 tarih ve E.3461 say\u0131l\u0131 yaz\u0131lar\u0131nda ; M\u00fclkiyeti Belediye Ba\u015fkanl\u0131\u011f\u0131m\u0131za ait olan Adana \u0130li Karaisal\u0131 il\u00e7esi T\u00fcmenli Mahallesi Kahyalar sokak 0 ada 411 parselde bulunan kooperatif bina ve arsas\u0131na muhtarl\u0131k hizmetlerinde kullan\u0131lmak z\u00fcre 5393 say\u0131l\u0131 &#8220;Di\u011fer Kurulu\u015flarla \u0130li\u015fkiler &#8221; ba\u015fl\u0131kl\u0131 75. maddesinin 1. f\u0131kras\u0131n\u0131n d bendi gere\u011fince 25 y\u0131l tahsis edilmesi  i\u00e7in Meclis te g\u00f6r\u00fc\u015f\u00fclmesi hususunda havalesini arz ederim. Denilmekte olup, teklif hakk\u0131nda s\u00f6z isteyen olup olmad\u0131\u011f\u0131 soruldu. S\u00f6z isteyen olmay\u0131nca teklif oylamaya sunuldu. Yap\u0131lan oylama neticesinde M\u00fclkiyeti Belediye Ba\u015fkanl\u0131\u011f\u0131m\u0131za ait olan Adana ili Karaisal\u0131 \u0130l\u00e7esi T\u00fcmenli Mahallesi Kahyalar Sokakta 0 ada 411 parselde bulunan binan\u0131n muhtarl\u0131k binas\u0131 olarak kullan\u0131lmak \u00fczere 5393 say\u0131l\u0131 Belediye Kanununun 75 maddesi 1. f\u0131kras\u0131 de bendi gere\u011fince 25 y\u0131ll\u0131\u011f\u0131na tahsis edilmesine oy birli\u011fi ile karar verildi.\n<\/td>\n<\/tr>\n<tr>\n<td>KARAR 56<\/td>\n<\/tr>\n<tr>\n<td>Belediyemiz Yaz\u0131 \u0130\u015fleri M\u00fcd\u00fcrl\u00fc\u011f\u00fcn\u00fcn 04\/11\/2019 tarih ve E.3480 say\u0131l\u0131 yaz\u0131lar\u0131nda ; Karada\u011f B\u00fcy\u00fckel\u00e7ili\u011finden Belediye Ba\u015fkan\u0131m\u0131z Saadettin ASLAN \u2018a 23-25 KASIM 2019 tarihleri aras\u0131nda yap\u0131lacak olan Bar\u2019\u0131n kurtar\u0131lmas\u0131 kutlamalar\u0131na davet mektubu gelmi\u015f olup, yaz\u0131m\u0131z ekinde sunulmu\u015ftur. S\u00f6z konusu davete turizm, \u00e7evre, altyap\u0131, k\u00fclt\u00fcrel ve tarihsel doku vb. konularda kar\u015f\u0131l\u0131kl\u0131 fikir al\u0131\u015fveri\u015finde bulunmak ve yerel y\u00f6netimler olarak bilgi ve deneyimleri artt\u0131rarak ortak projeler \u00fcretmek amac\u0131yla Belediye Ba\u015fkan\u0131m\u0131z Saadettin ASLAN\u2019\u0131n davete kat\u0131laca\u011f\u0131ndan gidi\u015f geli\u015fleri esnas\u0131nda ula\u015f\u0131m ve konaklama bedellerinin Belediyemiz b\u00fct\u00e7esinden kar\u015f\u0131lanmas\u0131 hususunda gerekli meclis karar\u0131n\u0131n al\u0131nmas\u0131n\u0131 arz ederim. Denilmekte olup, okunan teklif hakk\u0131nda s\u00f6z isteyen olup olmad\u0131\u011f\u0131 soruldu. S\u00f6z isteyen olmay\u0131nca Ba\u015fkan Saadettin ASLAN s\u00f6z ald\u0131. Arkada\u015flar s\u00f6z konusu davete iki meclis \u00fcyesinin talebi ile bir de g\u00f6revlendirilecek b\u00fcrokrat personelin s\u00f6z konusu davete gitmesine , gidi\u015f geli\u015fleri esnas\u0131nda ula\u015f\u0131m ve konaklama bedellerinin Belediyemiz b\u00fct\u00e7esinden kar\u015f\u0131lanmas\u0131n\u0131 teklif ediyorum. Dedi. Teklif oylamaya sunuldu. Yap\u0131lan oylama neticesinde teklifin kabul\u00fcne oy birli\u011fi ile karar verildi.<\/td>\n<\/tr>\n<tr>\n<td>KARAR 57<\/td>\n<\/tr>\n<tr>\n<td>G\u00fcndemde bulunan madde gere\u011fi;  Belediyemiz Yaz\u0131 \u0130\u015fleri M\u00fcd\u00fcrl\u00fc\u011f\u00fcn\u00fcn 08\/11\/2019 tarih ve   E.3524 say\u0131l\u0131 yaz\u0131lar\u0131nda  Adana Valili\u011fi Kadastro M\u00fcd\u00fcrl\u00fc\u011f\u00fcn\u00fcn \u0130l\u00e7emiz Beydemir Mahallesinde yap\u0131lacak olan kadastro \u00e7al\u0131\u015fmalar\u0131nda bilirki\u015fi olarak g\u00f6rev yapacak ki\u015filerin belirlenmesi ile ilgili teklifinde ;<br \/>\nAdana \u0130li, Karaisal\u0131 \u0130l\u00e7esi Beydemir mahallesinde yap\u0131lacak olan kadastro \u00e7al\u0131\u015fmalar\u0131nda bilirki\u015fi olarak g\u00f6rev alacak ki\u015filer belirlenmi\u015f olup a\u015fa\u011f\u0131daki tabloda haz\u0131rlanm\u0131\u015f olup Belediyemiz Meclisin de g\u00f6r\u00fc\u015f\u00fclmek \u00fczere O&#8217;lurlar\u0131n\u0131za arz ederim.<\/p>\n<p>Denilmekte olup, teklif hakk\u0131nda s\u00f6z isteyen olup, olmad\u0131\u011f\u0131 soruldu.  S\u00f6z isteyen olmay\u0131nca Ba\u015fkan s\u00f6z ald\u0131.  Arkada\u015flar teklifin m\u00fcd\u00fcrl\u00fc\u011f\u00fcnden geldi\u011fi gibi kabul edilmesini teklif ediyorum. Dedi. Teklif oylamaya sunuldu. Yap\u0131lan oylama neticesinde teklifin kabul\u00fcne oy birli\u011fi ile karar verildi.<\/td>\n<\/tr>\n<tr>\n<td>KARAR 58<\/td>\n<\/tr>\n<tr>\n<td>G\u00fcndem d\u0131\u015f\u0131 g\u00fcndeme al\u0131nan madde gere\u011fi; Belediyemiz Yaz\u0131 i\u015fleri M\u00fcd\u00fcrl\u00fc\u011f\u00fcn\u00fcn 08\/11\/2019 tarih ve 3525 say\u0131l\u0131 yaz\u0131lar\u0131nda Adana \u0130li, Karaisal\u0131 \u0130l\u00e7esi Nergizlik mahallesinde yap\u0131lacak olan kadastro \u00e7al\u0131\u015fmalar\u0131nda daha \u00f6nce bilirki\u015fi olarak se\u00e7ilen Eren NERG\u0130Z mahalle muhtar\u0131 olmas\u0131 nedeniyle kadastro ekibinde do\u011fal \u00fcye oldu\u011fundan yerine bir (1) adet bilirki\u015fi belirlenmesi istenmi\u015ftir. Eren NERG\u0130Z in yerine g\u00f6rev alacak olan ki\u015fi belirlenmi\u015f, olup a\u015fa\u011f\u0131daki tabloda haz\u0131rlanm\u0131\u015ft\u0131r. Belediyemiz Meclisin de g\u00f6r\u00fc\u015f\u00fclmek \u00fczere O&#8217;lurlar\u0131n\u0131za arz ederim.<\/p>\n<p>ADI SOYADI T.C.K\u0130ML\u0130K NUMARASI &#8211; TELEFON NUMARASI<\/p>\n<p>\u0130smail \u0130RD\u0130N &#8211; 10045386298 &#8211; 534 713 4251<\/p>\n<p>Denilmekte olup, teklif hakk\u0131nda s\u00f6z isteyen olup, olmad\u0131\u011f\u0131 soruldu. S\u00f6z isteyen olmay\u0131nca Ba\u015fkan s\u00f6z ald\u0131. Arkada\u015flar teklifin m\u00fcd\u00fcrl\u00fc\u011f\u00fcnden geldi\u011fi gibi kabul edilmesini teklif ediyorum. Dedi. Teklif oylamaya sunuldu. Yap\u0131lan oylama sonucu teklifin kabul\u00fcne oy birli\u011fi ile karar verildi.<\/td>\n<\/tr>\n<tr>\n<td>KARAR 59<\/td>\n<\/tr>\n<tr>\n<td>Belediyemiz Mali Hizmetler M\u00fcd\u00fcrl\u00fc\u011f\u00fcn\u00fcn 08\/11\/2019 tarih ve E.3526 sayl\u0131 yaz\u0131lar\u0131nda ; Belediyemiz s\u0131n\u0131rlar\u0131 i\u00e7erisinde yer alt\u0131 ve yer \u00fcst\u00fcnden ge\u00e7en GSM operat\u00f6rlerinin kullan\u0131lm\u0131\u015f oldu\u011fu ge\u00e7i\u015f i\u015fgaliyesi sabit ve mobil haberle\u015fme altyap\u0131s\u0131na ait \u00fccretlerinin belirlenmesi i\u00e7in meclise havalesini arz ederim. Denilmekte olup, Teklif hakk\u0131nda s\u00f6z isteyen olup, olmad\u0131\u011f\u0131 soruldu. S\u00f6z isteyen olmay\u0131nca Ba\u015fkan s\u00f6z ald\u0131. Arkada\u015flar teklifin Belediyemiz Plan ve B\u00fct\u00e7e M\u00fc\u015fterek Komisyonunda g\u00f6r\u00fc\u015f\u00fclmek \u00fczere havale edilmesini teklif ediyorum. Dedi. Teklif oylamaya  sunuldu. Yap\u0131lan oylama neticesinde teklifin kabul\u00fcne oy birli\u011fi ile karar veridi.\n<\/td>\n<\/tr>\n<tr>\n<td>KARAR 60<\/td>\n<\/tr>\n<tr>\n<td>G\u00fcndemde bulunan madde gere\u011fi ; Belediyemiz Plan B\u00fctce ve M\u00fc\u015fterek Komisyonunun 08\/11\/2019 tarih ve 12 nolu komisyon raporunun g\u00f6r\u00fc\u015f\u00fclmesine ge\u00e7ildi. Komisyon raporunda aynen ;<br \/>\nKOMISYON \u0130NCELEMES\u0130\t: Belediyemiz s\u0131n\u0131rlar\u0131 i\u00e7erisinde bulunan GSM operat\u00f6rlerinin yeralt\u0131 ve yer \u00fcst\u00fcnden ge\u00e7en ve kabinlerin i\u015fgallerinin \u00fccretlendirilmesi.<\/p>\n<p>KOM\u0130SYON G\u00d6R\u00dc\u015e\u00dc\t: 08\/11\/2019 tarihli ola\u011fan Meclis toplant\u0131s\u0131nda Plan B\u00fct\u00e7e ve Tetkik Komisyonu&#8217;na havale edilen GSM operat\u00f6rlerinin yer alt\u0131 ve yer \u00fcst\u00fcnden ge\u00e7en fiber optik kablolar\u0131 ve bunlar\u0131n kabin ve menhollerin \u00fccretlendirmesi g\u00f6r\u00fc\u015f\u00fclmesinde,<\/p>\n<p>Belediyemiz M\u00fccavir alan s\u0131n\u0131rlar\u0131 i\u00e7erisinde kalan Sorumluluk ve kullan\u0131m alanlar\u0131m\u0131zda bulunan yerlerde;<br \/>\n\tGsm Baz \u0130stasyonlar\u0131 ve Fiber Optik Altyap\u0131lar\u0131 i\u00e7in ;<br \/>\n1-) Belediyemiz m\u00fccavir alan s\u0131n\u0131rlar\u0131 i\u00e7erisindeki ta\u015f\u0131nmazlarda ve a\u00e7\u0131k alanlarda  kurulmu\u015f olan GSM baz istasyonlar\u0131, GSM operat\u00f6rleri ve benzeri t\u00fcm servis sa\u011flay\u0131c\u0131lar\u0131 i\u00e7in mevcut olan aktarma istasyonlar\u0131n\u0131n (Baz istasyonlar\u0131 ve Small Cell planlamalar\u0131) incelemesinde, baz istasyonlar\u0131n\u0131n kurulumlar\u0131n\u0131n imar mevzuat\u0131na ayk\u0131r\u0131 oldu\u011fu, 3194 say\u0131l\u0131 \u0130mar Kanunu&#8217;na g\u00f6re yap\u0131 olarak kabul edildikleri halde imar har\u00e7lar\u0131n\u0131 \u00f6demedikleri, fiber optik kabinlerin i\u015fgal etti\u011fi alanlara ili\u015fkin i\u015fgaliye bedellerinin \u00f6denmedi\u011fi; fiber optik kanallardan ge\u00e7irilen kablolar i\u00e7in ilgili \u015firketlerden ge\u00e7i\u015f hakk\u0131 bedellerinin al\u0131nmad\u0131\u011f\u0131 tespit edilmi\u015ftir. Bu kapsama al\u0131nmayan i\u015fgaliye bedeli ve ge\u00e7i\u015f hakk\u0131 bedellerinin hesaplanmas\u0131 i\u00e7in gereken teknik \u00e7al\u0131\u015fmalar\u0131n yap\u0131lmas\u0131, ilgili Anayasa Mahkemesi kararlar\u0131 Dan\u0131\u015ftay ve Say\u0131\u015ftay kararlar\u0131na ayk\u0131r\u0131 konumland\u0131r\u0131lm\u0131\u015f baz istasyonlar\u0131n\u0131n tespiti ve bunlarla ilgili yasal s\u00fcrecin ba\u015flat\u0131lmas\u0131, mevzuata kent esteti\u011fi ve kent dokusuna uygun yeni baz istasyonu sahalar\u0131n\u0131n belirlenmesi konular\u0131nda \u00e7\u00f6z\u00fcmler \u00fcretmek projeler haz\u0131rlamak ve belediyemiz personeline fark\u0131ndal\u0131k yaratacak e\u011fitimler vermek amac\u0131 ile konusunda uzman ki\u015fi, \u015firket ve hukuk b\u00fcrolar\u0131 ile s\u00f6zle\u015fme yap\u0131lmas\u0131na dair Karaisal\u0131 Belediye Ba\u015fkan\u0131 Saadettin ASLAN\u2019\u0131n yetkilendirilmesine,<br \/>\n2-)  3194 Say\u0131l\u0131 \u0130mar Kanununun 32 ve 42. Maddeleri gere\u011fi ka\u00e7ak ve Ruhsats\u0131z Gsm Baz \u0130stasyonlar\u0131, Fiber Optik Yeralt\u0131 Montajl\u0131 Saha Dolaplar\u0131 ( Menholler ), Yer \u00fcst\u00fc Montajl\u0131 Saha Dolaplar\u0131 ve Kabinler ve ilgili di\u011fer yap\u0131lar i\u00e7in gerekli i\u015flemlerin yap\u0131lmas\u0131na,<\/p>\n<p>\t\u0130\u015fgal Har\u00e7lar\u0131 ve Ecrimisil i\u00e7in ;<br \/>\n3-)   2464 Say\u0131l\u0131 Belediye Gelirleri Kanununun, Ek madde 6 . \u2013 52 . ve 84. Maddeleri ile Belediye Meclisinin yetkisinde ve 97. Madde gere\u011fince har\u00e7 veya kat\u0131l\u0131m pay\u0131 konusu yap\u0131lmayan ve ilgililerin iste\u011fine ba\u011fl\u0131 olarak ifa edecekleri her t\u00fcrl\u00fc hizmet i\u00e7in Belediye meclislerince d\u00fczenlenecek tarifeye g\u00f6re \u00fccret almaya yetkili oldu\u011fundan, 2464 say\u0131l\u0131 Belediye Gelirleri kanununun 52. Maddesi ve 19\/06\/2007 tarih ve 26557 say\u0131l\u0131 Resmi Gazetede yay\u0131nlanan Hazine Ta\u015f\u0131nmazlar\u0131n\u0131n \u0130daresi Hakk\u0131nda Y\u00f6netmeli\u011fin 85. Maddesi uyar\u0131nca ve Say\u0131\u015ftay 6. Dairesinin, Belediyeler ve Ba\u011fl\u0131 \u0130dareler Hakk\u0131nda 11.12.2014 Tarih ve 159 Say\u0131 ve 54 \u0130lam ve 12.02.2017 Tarih ve 227 \u0130lam Numara ve 432 Karar Say\u0131l\u0131 Har\u00e7 ve Di\u011fer Gelirlerle \u0130lgili Zimmet Kararlar\u0131, 01.09.2016 tarih ve 9818 say\u0131l\u0131 2.M\u00fckerrer resmi gazetede yay\u0131nlanarak y\u00fcr\u00fcrl\u00fc\u011fe giren 674 say\u0131l\u0131 KHK\u2019n\u0131n 38. Maddesi uyar\u0131nca Kamu alacaklar\u0131n\u0131n tahsili i\u00e7in gerekenlerin yap\u0131lmas\u0131na, <\/p>\n<p>\tFiber Optik Ge\u00e7i\u015f Hakk\u0131 \u00dccretleri i\u00e7in ;<br \/>\n4-)  27.12.2012 Tarih ve  28510 Say\u0131l\u0131 Resmi Gazete de Yay\u0131nlanarak Y\u00fcr\u00fcrl\u00fc\u011fe Giren,<br \/>\nSAB\u0130T VE MOB\u0130L HABERLE\u015eME ALTYAPISI VEYA \u015eEBEKELER\u0130NDE KULLANILAN HER T\u00dcRL\u00dc KABLO  ve BENZER\u0130 GEREC\u0130N TA\u015eINMAZLARDAN GE\u00c7\u0130R\u0130LMES\u0130NE \u0130L\u0130\u015eK\u0130N Y\u00d6NETMEL\u0130K, 18 Mart 2011 Tarih ve 27878 Say\u0131l\u0131 Resmi Gazetede Yay\u0131mlanarak Y\u00fcr\u00fcrl\u00fc\u011fe Giren \u2018\u2019 H\u00dcCRESEL S\u0130STEM ANTEN TES\u0130SLER\u0130N\u0130N TASARIMI, KURULUMU ve PAYLA\u015eIMINA \u0130L\u0130\u015eK\u0130N USUL VE ESASLAR HAKKINDA, 2 ARALIK 2010 Tarih ve 27773 Say\u0131l\u0131 Resmi Gazetede Yay\u0131mlanarak Y\u00fcr\u00fcrl\u00fc\u011fe Giren \u2018\u2019 ORTAK YERLE\u015e\u0130M VE TES\u0130S PAYLA\u015eIMINA \u0130L\u0130\u015eK\u0130N USUL VE ESASLAR HAKKINDA TEBL\u0130\u011e \u2019\u2019, 12.04.2013 Tarih ve 2013 \/ DK \u2013 ETD \/ 187 Karar Numaral\u0131 Bilgi Teknolojileri ve \u0130leti\u015fim Kurulu\u2019nun \u2018\u2019 TES\u0130S PAYLA\u015eIMI VE UYGULAMALARI\u2019\u2019 Karar\u0131, 11.10.2013 Tarih ve 13 \u2013 055 Say\u0131l\u0131  B\u0130LG\u0130 TEKNOLOJ\u0130LER\u0130 ve \u0130LET\u0130\u015e\u0130M KURUMU BA\u015eKANLI\u011eI\u2019n\u0131n \u2018\u2019 T\u00fcrk Telekom TES\u0130S PAYLA\u015eIMI TAR\u0130FELER\u0130 Karar\u0131 ve 2464 say\u0131l\u0131 Belediye gelirleri kanununun Ek madde 6 . 52 . ve 84. maddeleri ile Belediye Meclisinin yetkisinde ve 97. Madde gere\u011fince har\u00e7 veya kat\u0131l\u0131m pay\u0131 konusu yap\u0131lmayan ve ilgililerin iste\u011fine ba\u011fl\u0131 olarak ifa edecekleri her t\u00fcrl\u00fc hizmet i\u00e7in Belediye meclislerince d\u00fczenlenecek tarifeye g\u00f6re \u00fccret almaya yetkili oldu\u011fundan , Belediyemiz M\u00fccavir s\u0131n\u0131rlar\u0131 i\u00e7erisinde bulunan ve Belediyemiz M\u00fclkiyetinde fuzulen i\u015fgalinizden dolay\u0131 herhangi bir \u0130\u015fgal Harc\u0131 \u00d6demesinin yap\u0131lmad\u0131\u011f\u0131 ve i\u015fgalin halen devam etti\u011fi, 2464 say\u0131l\u0131 Belediye Gelirleri kanununun 52. Maddesi ve 19\/06\/2007 tarih ve 26557 say\u0131l\u0131 Resmi Gazetede yay\u0131nlanan Hazine Ta\u015f\u0131nmazlar\u0131n\u0131n \u0130daresi Hakk\u0131nda Y\u00f6netmeli\u011fin 85. Maddesi uyar\u0131nca ve Say\u0131\u015ftay 6. Dairesinin, Belediyeler ve Ba\u011fl\u0131 \u0130dareler Hakk\u0131nda 11.12.2014 Tarih ve 159 Say\u0131 ve 54 \u0130lam ve 12.02.2017 Tarih ve 227 \u0130lam Numara ve 432 Karar Say\u0131l\u0131 Har\u00e7 ve Di\u011fer Gelirlerle \u0130lgili Kararlar\u0131, 01.09.2016 tarih ve 9818 say\u0131l\u0131 2.M\u00fckerrer resmi gazetede yay\u0131nlanarak y\u00fcr\u00fcrl\u00fc\u011fe giren 674 say\u0131l\u0131 KHK\u2019n\u0131n 38. Maddesi uyar\u0131nca Belediyemiz meclisimizin alaca\u011f\u0131 karar\u0131 ile Kamu alacaklar\u0131n\u0131n tahsili  i\u00e7in Belediyemiz s\u0131n\u0131rlar\u0131 i\u00e7erisinde yer alt\u0131 ve yer \u00fcst\u00fcnden ge\u00e7en GSM Operat\u00f6rlerinden Ge\u00e7i\u015f \u0130\u015fgaliyesi sabit ve mobil haberle\u015fme alt yap\u0131s\u0131na ait ekteki  \u00fccret tarifesinin uygulanmas\u0131 komisyonumuzca uygun bulunmu\u015f olup,  karar\u0131m\u0131z\u0131n Belediyemiz Meclisine sunulmas\u0131na oy birli\u011fi ile karar verildi. Denilmekte olup, okunan komisyon raporu hakk\u0131nda s\u00f6z isteyen olup, olmad\u0131\u011f\u0131 soruldu. S\u00f6z isteyen olmay\u0131nca komisyon raporu oylamaya sunuldu. Yap\u0131lan oylama sonucunda okunan komisyon raporunun komisyondan geldi\u011fi gibi kabul\u00fcne oy birli\u011fi ile karar verildi.\n<\/td>\n<\/tr>\n<\/tbody>\n<\/table>\n","protected":false},"excerpt":{"rendered":"<p>KARAR 55 G\u00fcndemde bulunan madde gere\u011fi ; Belediyemiz Emlak ve \u0130stimlak M\u00fcd\u00fcrl\u00fc\u011f\u00fcn\u00fcn 01\/11\/2019 tarih ve E.3461 say\u0131l\u0131 yaz\u0131lar\u0131nda ; M\u00fclkiyeti Belediye Ba\u015fkanl\u0131\u011f\u0131m\u0131za ait olan Adana \u0130li Karaisal\u0131 il\u00e7esi T\u00fcmenli Mahallesi Kahyalar sokak 0 ada 411 parselde bulunan kooperatif bina ve arsas\u0131na muhtarl\u0131k hizmetlerinde kullan\u0131lmak z\u00fcre 5393 say\u0131l\u0131 &#8220;Di\u011fer Kurulu\u015flarla \u0130li\u015fkiler &#8221; ba\u015fl\u0131kl\u0131 75. maddesinin 1. [&hellip;]<\/p>\n","protected":false},"author":10,"featured_media":0,"parent":6285,"menu_order":201911,"comment_status":"closed","ping_status":"closed","template":"","meta":{"footnotes":""},"class_list":["post-8395","page","type-page","status-publish","hentry"],"_links":{"self":[{"href":"https:\/\/www.karaisali.bel.tr\/index.php?rest_route=\/wp\/v2\/pages\/8395","targetHints":{"allow":["GET"]}}],"collection":[{"href":"https:\/\/www.karaisali.bel.tr\/index.php?rest_route=\/wp\/v2\/pages"}],"about":[{"href":"https:\/\/www.karaisali.bel.tr\/index.php?rest_route=\/wp\/v2\/types\/page"}],"author":[{"embeddable":true,"href":"https:\/\/www.karaisali.bel.tr\/index.php?rest_route=\/wp\/v2\/users\/10"}],"replies":[{"embeddable":true,"href":"https:\/\/www.karaisali.bel.tr\/index.php?rest_route=%2Fwp%2Fv2%2Fcomments&post=8395"}],"version-history":[{"count":0,"href":"https:\/\/www.karaisali.bel.tr\/index.php?rest_route=\/wp\/v2\/pages\/8395\/revisions"}],"up":[{"embeddable":true,"href":"https:\/\/www.karaisali.bel.tr\/index.php?rest_route=\/wp\/v2\/pages\/6285"}],"wp:attachment":[{"href":"https:\/\/www.karaisali.bel.tr\/index.php?rest_route=%2Fwp%2Fv2%2Fmedia&parent=8395"}],"curies":[{"name":"wp","href":"https:\/\/api.w.org\/{rel}","templated":true}]}}