{"id":8393,"date":"2019-12-11T11:06:41","date_gmt":"2019-12-11T08:06:41","guid":{"rendered":"https:\/\/www.karaisali.bel.tr\/?page_id=8393"},"modified":"2019-12-11T11:06:41","modified_gmt":"2019-12-11T08:06:41","slug":"ekim-2019-meclis-kararlari","status":"publish","type":"page","link":"https:\/\/www.karaisali.bel.tr\/?page_id=8393","title":{"rendered":"Ekim 2019 Meclis Kararlar\u0131"},"content":{"rendered":"<table>\n<tbody>\n<tr>\n<td>KARAR 50<\/td>\n<\/tr>\n<tr>\n<td>Belediyemiz Mali Hizmetler M\u00fcd\u00fcrl\u00fc\u011f\u00fcn\u00fcn 30\/09\/2019 tarih ve 3143 say\u0131l\u0131 yaz\u0131lar\u0131nda; Belediye Bakanl\u0131\u011f\u0131m\u0131z 2020 Y\u0131l\u0131 B\u00fct\u00e7esi gelir ve gider tablosu yaz\u0131m\u0131z ekinde sunulmu\u015f olup, 5393 say\u0131l\u0131 Belediye Kanununun 18\/b maddesi gere\u011fince Belediyemiz Meclisinde g\u00f6r\u00fc\u015f\u00fclmek ve onaylanmak \u00fczere havalesini arz ederim. Denilmekte olup, teklif hakk\u0131nda s\u00f6z isteyen olup olmad\u0131\u011f\u0131 soruldu. \u00dcyelerden Mustafa Ekici s\u00f6z ald\u0131. Arkada\u015flar teklifin Plan B\u00fct\u00e7e ve M\u00fc\u015fterek Komisyonda g\u00f6r\u00fc\u015f\u00fclmek \u00fczere havalesini teklif ediyorum. Dedi. Teklif oylamaya konuldu. Yap\u0131lan oylama neticesinde kabul\u00fcne oy birli\u011fi ile karar verildi.<\/td>\n<\/tr>\n<tr>\n<td>KARAR 51<\/td>\n<\/tr>\n<tr>\n<td>G\u00fcndemde bulunan madde gere\u011fi Belediyemiz Plan B\u00fct\u00e7e ve M\u00fc\u015fterek Komisyonunun 2020 Y\u0131l\u0131 B\u00fct\u00e7esi ile ilgili komisyon raporunun g\u00f6r\u00fc\u015f\u00fclmesine ge\u00e7ildi. Komisyon Raporunda aynen &#8220;Belediyemiz Meclisince Plan B\u00fct\u00e7e ve M\u00fc\u015fterek Komisyonumuzda g\u00f6r\u00fc\u015f\u00fclmek \u00fczere 01\/10\/2019  tarih ve  50 say\u0131l\u0131 karar\u0131 ile havale edilen; Belediyemiz Mali Hizmetler M\u00fcd\u00fcrl\u00fc\u011f\u00fcn\u00fcn  30\/10\/2019 tarih ve E.3143  Say\u0131l\u0131 yaz\u0131lar\u0131 ekindeki 2020 y\u0131l\u0131  B\u00fct\u00e7esi gelir ve gider tablosu komisyonumuzca g\u00f6r\u00fc\u015f\u00fclmek \u00fczere Belediyemiz Meclis Toplant\u0131 salonunda 02\/10\/2019 tarihinde toplanm\u0131\u015f olup,  Komisyonumuzca 2019 Y\u0131l\u0131 B\u00fct\u00e7esi gelir ve gider tablolar\u0131 tek tek incelenerek 32.000.000,00-TL \u2018lik (OTUZ\u0130K\u0130M\u0130LYONT\u00dcRKL\u0130RASI)  b\u00fct\u00e7enin uygunlu\u011funa, karar\u0131m\u0131z\u0131n Belediyemiz Meclisine sunulmas\u0131na oy birli\u011fi ile karar verildi. Denilmekte olup, Komisyon raporu hakk\u0131nda s\u00f6z isteyen olup , olmad\u0131\u011f\u0131 soruldu. s\u00f6z isteyen olmay\u0131nca Ba\u015fkan s\u00f6z ald\u0131. Arkada\u015flar okunan  Belediyemize ait 2020 y\u0131l\u0131 b\u00fct\u00e7esi ile ilgili   komisyon raporunun ve ekinde sunulan b\u00fct\u00e7e tasla\u011f\u0131n\u0131n Belediyemiz meclisince g\u00f6r\u00fc\u015f\u00fclmek de\u011ferlendirme ve karara ba\u011flamak  \u00fczere havalesini teklif ediyorum. Dedi. Teklif oylamaya sunuldu. Yap\u0131lan oylama neticesinde teklifin kabul\u00fcne oy birli\u011fi ile karar verildi.\n<\/td>\n<\/tr>\n<tr>\n<td>KARAR 52<\/td>\n<\/tr>\n<tr>\n<td>G\u00fcndemde bulunan madde gere\u011fi Belediyemiz Mali Hizmetler M\u00fcd\u00fcrl\u00fc\u011f\u00fcnce haz\u0131rlanan 2020 Y\u0131l\u0131 fiyat tarifeleri ile ilgili teklifin g\u00f6r\u00fc\u015f\u00fclmesine ge\u00e7ildi. teklifte  Belediyemizce 2020 Y\u0131l\u0131nda uygulanacak olan fiyat tarifeleri yaz\u0131m\u0131z ekinde sunulmu\u015f olup Belediyemiz Meclisince g\u00f6r\u00fc\u015f\u00fclmek \u00fczere havalesini arz ederim. Denilmekte olup, teklif hakk\u0131nda s\u00f6z isteyen olup olmad\u0131\u011f\u0131 soruldu. \u00dcyelerden Mustafa Ekici s\u00f6z ald\u0131.Arkada\u015flar teklifin Belediyemiz Plan B\u00fct\u00e7e ve M\u00fc\u015fterek komisyonunda g\u00f6r\u00fc\u015f\u00fclmek \u00fczere havalesini teklif ediyorum. Dedi. Teklif oylamaya sunuldu. Yap\u0131lan Oylama neticesinde teklifin kabul\u00fcne oy birli\u011fi ile karar veridi.\n<\/td>\n<\/tr>\n<tr>\n<td>KARAR 53<\/td>\n<\/tr>\n<tr>\n<td>Ka\u011f\u0131t ortam\u0131nda meclis karar\u0131 olarak yaz\u0131ld\u0131.<\/td>\n<\/tr>\n<tr>\n<td>KARAR 54<\/td>\n<\/tr>\n<tr>\n<td>G\u00fcndemde bulunan madde gere\u011fi ; Belediyemiz Plan B\u00fct\u00e7e ve M\u00fc\u015fterek Komisyonunun  2020 y\u0131l\u0131 b\u00fct\u00e7esi ile ilgili 03\/10\/2019 tarih ve 11 nolu komisyon raporunun g\u00f6r\u00fc\u015f\u00fclmesine ge\u00e7ildi. Komisyon Raporunda aynen&#8221;&#8221;Belediyemiz Meclisince Plan B\u00fct\u00e7e ve M\u00fc\u015fterek Komisyonumuzda g\u00f6r\u00fc\u015f\u00fclmek \u00fczere 01\/10\/2019  tarih ve  50 say\u0131l\u0131 karar\u0131 ile havale edilen; Belediyemiz Mali Hizmetler M\u00fcd\u00fcrl\u00fc\u011f\u00fcn\u00fcn  30\/10\/2019 tarih ve E.3143  Say\u0131l\u0131 yaz\u0131lar\u0131 ekindeki 2020 y\u0131l\u0131  B\u00fct\u00e7esi gelir ve gider tablosu komisyonumuzca g\u00f6r\u00fc\u015f\u00fclmek \u00fczere Belediyemiz Meclis Toplant\u0131 salonunda 02\/10\/2019 tarihinde toplanm\u0131\u015f olup,  Komisyonumuzca 2020 Y\u0131l\u0131 B\u00fct\u00e7esi gelir ve gider tablolar\u0131 tek tek incelenerek 32.000.000,00-TL \u2018lik (OTUZ\u0130K\u0130M\u0130LYONT\u00dcRKL\u0130RASI)  b\u00fct\u00e7enin uygunlu\u011funa, karar\u0131m\u0131z\u0131n Belediyemiz Meclisine sunulmas\u0131na oy birli\u011fi ile karar verildi. Denilmekte olup, Komisyon raporu hakk\u0131nda s\u00f6z isteyen olup , olmad\u0131\u011f\u0131 soruldu. Meclis \u00dcyesi Rifat K\u00d6RO\u011eLU s\u00f6z ald\u0131. Arkada\u015flar okunan komisyon raporunun komisyondan geldi\u011fi gibi kabul edilmesini teklif ediyorum. dedi. Teklif oylamaya sunuldu. Yap\u0131lan oymama neticesinde 2020 y\u0131l\u0131 Gelir ve Gider B\u00fct\u00e7esinin 32.000.000,00-TL  (OTUZ\u0130K\u0130M\u0130LYONT\u00dcRKL\u0130RASI)  olarak belirlenmesine  oy birli\u011fi  ile   kabul\u00fcne karar verildi.\n<\/td>\n<\/tr>\n<\/tbody>\n<\/table>\n","protected":false},"excerpt":{"rendered":"<p>KARAR 50 Belediyemiz Mali Hizmetler M\u00fcd\u00fcrl\u00fc\u011f\u00fcn\u00fcn 30\/09\/2019 tarih ve 3143 say\u0131l\u0131 yaz\u0131lar\u0131nda; Belediye Bakanl\u0131\u011f\u0131m\u0131z 2020 Y\u0131l\u0131 B\u00fct\u00e7esi gelir ve gider tablosu yaz\u0131m\u0131z ekinde sunulmu\u015f olup, 5393 say\u0131l\u0131 Belediye Kanununun 18\/b maddesi gere\u011fince Belediyemiz Meclisinde g\u00f6r\u00fc\u015f\u00fclmek ve onaylanmak \u00fczere havalesini arz ederim. Denilmekte olup, teklif hakk\u0131nda s\u00f6z isteyen olup olmad\u0131\u011f\u0131 soruldu. \u00dcyelerden Mustafa Ekici s\u00f6z ald\u0131. [&hellip;]<\/p>\n","protected":false},"author":10,"featured_media":0,"parent":6285,"menu_order":201910,"comment_status":"closed","ping_status":"closed","template":"","meta":{"footnotes":""},"class_list":["post-8393","page","type-page","status-publish","hentry"],"_links":{"self":[{"href":"https:\/\/www.karaisali.bel.tr\/index.php?rest_route=\/wp\/v2\/pages\/8393","targetHints":{"allow":["GET"]}}],"collection":[{"href":"https:\/\/www.karaisali.bel.tr\/index.php?rest_route=\/wp\/v2\/pages"}],"about":[{"href":"https:\/\/www.karaisali.bel.tr\/index.php?rest_route=\/wp\/v2\/types\/page"}],"author":[{"embeddable":true,"href":"https:\/\/www.karaisali.bel.tr\/index.php?rest_route=\/wp\/v2\/users\/10"}],"replies":[{"embeddable":true,"href":"https:\/\/www.karaisali.bel.tr\/index.php?rest_route=%2Fwp%2Fv2%2Fcomments&post=8393"}],"version-history":[{"count":0,"href":"https:\/\/www.karaisali.bel.tr\/index.php?rest_route=\/wp\/v2\/pages\/8393\/revisions"}],"up":[{"embeddable":true,"href":"https:\/\/www.karaisali.bel.tr\/index.php?rest_route=\/wp\/v2\/pages\/6285"}],"wp:attachment":[{"href":"https:\/\/www.karaisali.bel.tr\/index.php?rest_route=%2Fwp%2Fv2%2Fmedia&parent=8393"}],"curies":[{"name":"wp","href":"https:\/\/api.w.org\/{rel}","templated":true}]}}