{"id":8390,"date":"2019-12-11T10:56:45","date_gmt":"2019-12-11T07:56:45","guid":{"rendered":"https:\/\/www.karaisali.bel.tr\/?page_id=8390"},"modified":"2019-12-11T11:02:50","modified_gmt":"2019-12-11T08:02:50","slug":"eylul-2019-meclis-kararlari","status":"publish","type":"page","link":"https:\/\/www.karaisali.bel.tr\/?page_id=8390","title":{"rendered":"Eyl\u00fcl 2019 Meclis Kararlar\u0131"},"content":{"rendered":"<table>\n<tbody>\n<tr>\n<td>KARAR 45<\/td>\n<\/tr>\n<tr>\n<td>G\u00fcndemde Bulunan Madde gere\u011fi; Adana Valili\u011fi  Kadastro M\u00fcd\u00fcrl\u00fc\u011f\u00fcn\u00fcn E.3360217 say\u0131l\u0131 yaz\u0131lar\u0131nda; Adana \u0130li Karaisal\u0131 \u0130l\u00e7esi NERG\u0130ZL\u0130K Mahallesinde 3402 say\u0131l\u0131 Kadastro Kanunun h\u00fck\u00fcmlerince yap\u0131lacak olan kadastro \u00e7al\u0131\u015fmalar\u0131nda kadastro ekibinde bilirki\u015fi olarak g\u00f6rev yapabilecek   alt\u0131 (6) adet Bilirki\u015finin Belediye Meclisi taraf\u0131ndan se\u00e7ilmesi ve se\u00e7ilen bilirki\u015filere ait listenin m\u00fcd\u00fc\u011f\u00fcm\u00fcze bildirilmesini, 3402 say\u0131l\u0131 kadastro kanunun 3. maddesi gere\u011fi;<br \/>\nSe\u00e7imlerle ilgili al\u0131nan karar\u0131n bir \u00f6rne\u011fi ile se\u00e7ilen Bilirki\u015filere ait Liste ile birlikte N\u00fcfus<br \/>\nC\u00fczdan Fotokopilerinin m\u00fcd\u00fcrl\u00fc\u011f\u00fcm\u00fcze g\u00f6nderilmesini rica ederim. Denilmekte olup okunan teklif hakk\u0131nda s\u00f6z isteyen olup olmad\u0131\u011f\u0131 soruldu. S\u00f6z isteyen olmay\u0131nca  Ba\u015fkan Saadettin ASLAN s\u00f6z ald\u0131 Tar\u0131m Orman ve Mahalle M\u00fc\u015fterek Komisyon Ba\u015fkanl\u0131\u011f\u0131nda g\u00f6r\u00fc\u015f\u00fclmesi teklif ediyorum dedi. Teklif oylamaya sunuldu. Teklif oy birli\u011fi ile kabul edildi.\n<\/td>\n<\/tr>\n<tr>\n<td>KARAR 46<\/td>\n<\/tr>\n<tr>\n<td>Belediyemiz Mali Hizmetler M\u00fcd\u00fcrl\u00fc\u011f\u00fcn\u00fcn 29\/08\/2019 tarih ve E.2802 say\u0131l\u0131 yaz\u0131lar\u0131nda; Belediyemiz akaryak\u0131t istasyonunun   Belediye Ba\u015fkan\u0131 Saadettin Aslan , Mali Hizmetler M\u00fcd\u00fcr\u00fc Yusuf Gen\u00e7&#8217;in m\u00fcnferiden yetkilendirilmesi ve sicil gazetesinde yay\u0131nlanmas\u0131 i\u00e7in gerekli meclis karar\u0131n\u0131n al\u0131nmas\u0131n\u0131 arz ederim. Denilmekte olup, teklif hakk\u0131nda s\u00f6z isteyen olup olmad\u0131\u011f\u0131 soruldu. \u00dcyelerden Rifat K\u00f6ro\u011flu s\u00f6z ald\u0131. Arkada\u015flar okunan teklifin m\u00fcd\u00fcrl\u00fc\u011f\u00fcnden geldi\u011fi gibi kabul edilmesini teklif ediyorum. Dedi. Teklif oyalamaya sunuldu. Yap\u0131lan oylama neticesinde teklifin aynen kabul\u00fcne Belediyemiz Akaryak\u0131t \u0130stasyonunun Belediye Ba\u015fkan\u0131 Saadettin Aslan  (TC:13858256536) , Mali Hizmetler M\u00fcd\u00fcr\u00fc Yusuf Gen\u00e7&#8217;in (TC:15448205054) m\u00fcnferiden yetkilendirilmesine, eski Mali Hizmetler M\u00fcd\u00fcr\u00fc G\u00fcnay Y\u00dcCE&#8217;nin (TC:15784192490 ) g\u00f6revi sonland\u0131r\u0131ld\u0131\u011f\u0131ndan yetkilerinin  kald\u0131r\u0131larak iptal edilmesine   sicil gazetesinde yay\u0131nlanmas\u0131na    oy birli\u011fi ile karar verildi.\n<\/td>\n<\/tr>\n<tr>\n<td>KARAR 47<\/td>\n<\/tr>\n<tr>\n<td>Belediyemiz Yaz\u0131 \u0130\u015fleri M\u00fcd\u00fcrl\u00fc\u011f\u00fcn\u00fcn 02\/09\/2019 tarih ve 2806 say\u0131l\u0131 yaz\u0131lar\u0131nda;  \u015eehirlerin \u00f6n plana \u00e7\u0131kt\u0131\u011f\u0131 bu d\u00f6nemde \u015fehrin uzak b\u00f6l\u00fcm\u00fcnde kalan belediyelere sosyal, k\u00fclt\u00fcrel, ekonomik, alt- \u00fcst yap\u0131 konusunda destek sa\u011flamak birlikteli\u011fimizin b\u00fcy\u00fcmesi gelece\u011fimizin \u015fekillenmesinde b\u00fcy\u00fck \u00f6nem arz etmektedir.Belediyeler aras\u0131nda yap\u0131lan karde\u015f \u015fehir projesi ile yerel y\u00f6netimleri geli\u015ftirmek, yerel demokrasiyi g\u00fc\u00e7lendirmek, halk\u0131n y\u00f6netime kat\u0131l\u0131m hakk\u0131n\u0131 savunmak, yerel y\u00f6netimler arac\u0131l\u0131\u011f\u0131yla toplumlar aras\u0131nda bar\u0131\u015f ve karde\u015fli\u011fi geli\u015ftirmeyi ama\u00e7lamaktay\u0131z.Yerel y\u00f6netimler anlam\u0131nda Ankara \u00a0ili Ke\u00e7i\u00f6ren \u00a0il\u00e7esi ile ortak projeler olu\u015fturmak, k\u00fclt\u00fcr, sanat, e\u011fitim, spor, alt yap\u0131, \u00fcst yap\u0131, teknik ve idari konularda i\u015fbirli\u011fi yapabilmek amac\u0131yla 5393 say\u0131l\u0131 Belediye Kanununun 18. ve 74. Maddeleri kapsam\u0131nda, Belediyemiz ile Ankara ili\u00a0 Ke\u00e7i\u00f6ren \u00a0Belediyesi aras\u0131nda \u201cKarde\u015f \u015eehir Protokol\u00fc\u201d imzalanabilmesi i\u00e7in yaz\u0131m\u0131z\u0131n Belediye Meclisi\u2019ne havalesini tensiplerinize arz ederim. Denilmekte olup Ba\u015fkan Saadettin ASLAN s\u00f6z ald\u0131 G\u00fcndem Maddesi hakk\u0131nda g\u00f6r\u00fc\u015f d\u00fc\u015f\u00fcnce teklif veren var m\u0131 dedi. Meclis \u00fcyelerinden R\u0131fat K\u00d6RO\u011eLU s\u00f6z ald\u0131. M\u00fcd\u00fcrl\u00fc\u011f\u00fcnden geldi\u011fi gibi kabul edilmesi teklif ediyorum dedi. Ba\u015fkan Saadettin ASLAN s\u00f6z ald\u0131. Arkada\u015flar teklifi oylamaya sunuyorum. Dedi. Teklif oylamaya sunuldu. Teklif oy birli\u011fi ile kabul edildi.\n<\/td>\n<\/tr>\n<tr>\n<td>KARAR 48<\/td>\n<\/tr>\n<tr>\n<td>G\u00fcndemde bulunan madde gere\u011fi ; Belediyemiz Tar\u0131m Orman ve  Mahalle M\u00fc\u015fterek Komisyonunun 05\/09\/2019 tarih ve 3 nolu komisyon karar\u0131n\u0131n g\u00f6r\u00fc\u015f\u00fclmesine ge\u00e7ildi. Komisyon raporunda aynen Belediyemiz Meclisince komisyonumuzda g\u00f6r\u00fc\u015f\u00fclmek \u00fczere Belediyemiz Meclisinin 03\/09\/2019 tarih ve 45  say\u0131l\u0131 karar\u0131 ile   havale edilen Adana Valili\u011fi Kadastro M\u00fcd\u00fcrl\u00fc\u011f\u00fcn\u00fcn  Adana ili Karaisal\u0131 \u0130l\u00e7esi    Nergizlik Mahallesi,  3402 Say\u0131l\u0131 Kadastro Kanunun h\u00fck\u00fcmleri uyar\u0131nca yap\u0131lacak olan kadastro \u00e7al\u0131\u015fmalar\u0131nda kadastro ekibinde bilirki\u015fi olarak g\u00f6rev yapabilecek 6 (alt\u0131) adet bilirki\u015finin belirlenmesi ile ilgili teklif komisyonumuzca g\u00f6r\u00fc\u015f\u00fcld\u00fc. Yap\u0131lan g\u00f6r\u00fc\u015fme ve ara\u015ft\u0131rma neticesinde bilirki\u015fi olarak g\u00f6rev yapabilecek  belirtilen \u015fartlara uygun olan   Nergizlik Mahallesinde ikamet eden a\u015fa\u011f\u0131da  yaz\u0131l\u0131 ki\u015filerin  Kadastro \u00e7al\u0131\u015fmalar\u0131nda bilirki\u015fi olarak g\u00f6rev yapmak \u00fczere belirlenmesi    komisyonumuzca uygun bulunmu\u015f olup,  Belediyemiz Meclisine sunulmas\u0131na oy birli\u011fi ile karar verildi.\n<\/td>\n<\/tr>\n<tr>\n<td>KARAR 49<\/td>\n<\/tr>\n<tr>\n<td>Belediyemiz Yaz\u0131 \u0130\u015fleri M\u00fcd\u00fcrl\u00fc\u011f\u00fcn\u00fcn  04\/09\/2019 tarih ve 2817 say\u0131l\u0131 yaz\u0131lar\u0131nda ; Belediye Ba\u015fkanl\u0131\u011f\u0131m\u0131zca il\u00e7emizde ikamet eden e\u011fitim \u00f6\u011fretim g\u00f6ren \u00f6\u011frencilerin ba\u015far\u0131lar\u0131n\u0131 y\u00fckseltmek daha kaliteli e\u011fitim vermek amac\u0131 ile m\u00fclkiyeti Belediye Ba\u015fkanl\u0131\u011f\u0131m\u0131za ait Karaisal\u0131 \u0130l\u00e7esi \u00c7eceli Mahallesi (Yenimahalle) 354 ada 4 parselde bulunan \u00fc\u00e7 katl\u0131 bina Belediyemiz Meclisinin 07\/04\/2016 tarih ve 37 say\u0131l\u0131 karar\u0131 ile Adana B\u00fcy\u00fck\u015fehir Belediyesine Gen\u00e7lik Merkezi olarak faaliyet g\u00f6stermek \u00fczere tahsis edilmi\u015fti. Ancak B\u00fcy\u00fck\u015fehir Belediye Ba\u015fkanl\u0131\u011f\u0131nca Gen\u00e7lik merkezleri kapat\u0131lm\u0131\u015f olup, faaliyet sona erdirilmi\u015ftir. S\u00f6z konusu faaliyetler sona erdirildi\u011finden dolay\u0131 , tahsis d\u0131\u015f\u0131nda da kullan\u0131lmayaca\u011f\u0131ndan m\u00fclkiyeti Belediye Ba\u015fkanl\u0131\u011f\u0131m\u0131za ait Karaisal\u0131 il\u00e7esi \u00c7eceli Mahallesi (Yenimahalle) 354 ada 4 parselde kay\u0131tl\u0131 m\u00fclkiyeti Belediye Ba\u015fkanl\u0131\u011f\u0131m\u0131za ait \u00fc\u00e7 katl\u0131 binan\u0131n tahsisinin iptal edilmesi hususunda, Belediyemiz meclisinde g\u00f6r\u00fc\u015f\u00fclmek \u00fczere havalesini arz ederim. Denilmekte olup, teklif hakk\u0131nda s\u00f6z isteyen olup olmad\u0131\u011f\u0131 soruldu. Ba\u015fkan s\u00f6z ald\u0131. teklifin kabul\u00fcn\u00fc,  Belediye Ba\u015fkanl\u0131\u011f\u0131m\u0131zca il\u00e7emizde ikamet eden e\u011fitim \u00f6\u011fretim g\u00f6ren \u00f6\u011frencilerin ba\u015far\u0131lar\u0131n\u0131 y\u00fckseltmek daha kaliteli e\u011fitim vermek amac\u0131 ile m\u00fclkiyeti Belediye Ba\u015fkanl\u0131\u011f\u0131m\u0131za ait Karaisal\u0131 \u0130l\u00e7esi \u00c7eceli Mahallesi (Yenimahalle) 354 ada 4 parselde bulunan \u00fc\u00e7 katl\u0131 binada bulunan gen\u00e7lik merkezi kapat\u0131ld\u0131\u011f\u0131 i\u00e7in tahsis d\u0131\u015f\u0131 da kullan\u0131lamayaca\u011f\u0131ndan Belediyemiz Meclisinin 07\/04\/2016 tarih ve 37 say\u0131l\u0131 karar\u0131 ile Karaisal\u0131 \u0130l\u00e7esi \u00c7eceli Mahallesi (Yenimahalle) 354 ada 4 parselde bulunan \u00fc\u00e7 katl\u0131 binan\u0131n tahsisisin kald\u0131r\u0131lmas\u0131na oy birli\u011fi ile karar verildi.\n<\/td>\n<\/tr>\n<\/tbody>\n<\/table>\n","protected":false},"excerpt":{"rendered":"<p>KARAR 45 G\u00fcndemde Bulunan Madde gere\u011fi; Adana Valili\u011fi Kadastro M\u00fcd\u00fcrl\u00fc\u011f\u00fcn\u00fcn E.3360217 say\u0131l\u0131 yaz\u0131lar\u0131nda; Adana \u0130li Karaisal\u0131 \u0130l\u00e7esi NERG\u0130ZL\u0130K Mahallesinde 3402 say\u0131l\u0131 Kadastro Kanunun h\u00fck\u00fcmlerince yap\u0131lacak olan kadastro \u00e7al\u0131\u015fmalar\u0131nda kadastro ekibinde bilirki\u015fi olarak g\u00f6rev yapabilecek alt\u0131 (6) adet Bilirki\u015finin Belediye Meclisi taraf\u0131ndan se\u00e7ilmesi ve se\u00e7ilen bilirki\u015filere ait listenin m\u00fcd\u00fc\u011f\u00fcm\u00fcze bildirilmesini, 3402 say\u0131l\u0131 kadastro kanunun 3. maddesi [&hellip;]<\/p>\n","protected":false},"author":10,"featured_media":0,"parent":6285,"menu_order":201909,"comment_status":"closed","ping_status":"closed","template":"","meta":{"footnotes":""},"class_list":["post-8390","page","type-page","status-publish","hentry"],"_links":{"self":[{"href":"https:\/\/www.karaisali.bel.tr\/index.php?rest_route=\/wp\/v2\/pages\/8390","targetHints":{"allow":["GET"]}}],"collection":[{"href":"https:\/\/www.karaisali.bel.tr\/index.php?rest_route=\/wp\/v2\/pages"}],"about":[{"href":"https:\/\/www.karaisali.bel.tr\/index.php?rest_route=\/wp\/v2\/types\/page"}],"author":[{"embeddable":true,"href":"https:\/\/www.karaisali.bel.tr\/index.php?rest_route=\/wp\/v2\/users\/10"}],"replies":[{"embeddable":true,"href":"https:\/\/www.karaisali.bel.tr\/index.php?rest_route=%2Fwp%2Fv2%2Fcomments&post=8390"}],"version-history":[{"count":0,"href":"https:\/\/www.karaisali.bel.tr\/index.php?rest_route=\/wp\/v2\/pages\/8390\/revisions"}],"up":[{"embeddable":true,"href":"https:\/\/www.karaisali.bel.tr\/index.php?rest_route=\/wp\/v2\/pages\/6285"}],"wp:attachment":[{"href":"https:\/\/www.karaisali.bel.tr\/index.php?rest_route=%2Fwp%2Fv2%2Fmedia&parent=8390"}],"curies":[{"name":"wp","href":"https:\/\/api.w.org\/{rel}","templated":true}]}}