{"id":7550,"date":"2019-08-19T11:07:56","date_gmt":"2019-08-19T08:07:56","guid":{"rendered":"https:\/\/www.karaisali.bel.tr\/?page_id=7550"},"modified":"2019-08-19T11:07:56","modified_gmt":"2019-08-19T08:07:56","slug":"agustos-2019-meclis-kararlari","status":"publish","type":"page","link":"https:\/\/www.karaisali.bel.tr\/?page_id=7550","title":{"rendered":"A\u011fustos 2019 Meclis Kararlar\u0131"},"content":{"rendered":"<table>\n<tbody>\n<tr>\n<td>KARAR 44<\/td>\n<\/tr>\n<tr>\n<td>Belediyemiz \u0130mar ve \u015eehircilik M\u00fcd\u00fcrl\u00fc\u011f\u00fcn\u00fcn 01\/08\/2019 tarih ve E.2532 say\u0131l\u0131 yaz\u0131lar\u0131nda ; Belediyemiz imar plan\u0131 i\u00e7erisinde bulunan \u00c7evlik Mahallesi K\u0131z\u0131lda\u011f Yaylas\u0131 A\u015f\u0131klar Yolu Sokak olarak g\u00f6r\u00fcnmektedir. \u0130mar plan\u0131nda mt geni\u015fli\u011finde yol oldu\u011fundan 10 mt \u00fczeri geni\u015fli\u011finde ki yollar cadde olarak adland\u0131r\u0131ld\u0131\u011f\u0131ndan , A\u015f\u0131klar Yolu Soka\u011f\u0131n A\u015f\u0131klar Yolu Caddesi olarak de\u011fi\u015ftirilmesi i\u00e7in meclis karar\u0131 al\u0131nmas\u0131 hususunda gere\u011fini arz ederim. Denilmekte olup, teklif hakk\u0131nda s\u00f6z isteyen olup olmad\u0131\u011f\u0131 soruldu. \u00dcyelerden Rifat K\u00f6ro\u011flu s\u00f6z ald\u0131. Arkada\u015flar s\u00f6z konusu bu yol uzun y\u0131llar \u00f6nce  de oldu\u011fu gibi Karaisal\u0131 &#8216;y\u0131 Pozant\u0131&#8217;ya ba\u011flayan ana yoldu. Sokak olarak adland\u0131r\u0131lmas\u0131 yanl\u0131\u015f olur. Bu y\u00fczden s\u00f6z konusu A\u015f\u0131klar Yolu Sokak isminin A\u015f\u0131klar Yolu Caddesi olarak de\u011fi\u015fiklik yap\u0131lmas\u0131 yerinde olur. Teklifin m\u00fcd\u00fcrl\u00fc\u011f\u00fcnden geldi\u011fi gibi kabul edilmesini teklif ediyorum. dedi. Teklif oylamaya sunuldu. Yap\u0131lan oylama neticesinde \u0130l\u00e7emiz \u00c7evlik Mahallesi K\u0131z\u0131lda\u011f Yaylas\u0131 A\u015f\u0131klar Yolu Sokak isminin A\u015f\u0131klar Yolu Caddesi olarak d\u00fczeltilmesine teklifimizin Adana B\u00fcy\u00fck\u015fehir Belediyesi Meclisinde g\u00f6r\u00fc\u015f\u00fclmek \u00fczere sunulmas\u0131na oy birli\u011fi ile karar verildi.\n<\/td>\n<\/tr>\n<\/tbody>\n<\/table>\n","protected":false},"excerpt":{"rendered":"<p>KARAR 44 Belediyemiz \u0130mar ve \u015eehircilik M\u00fcd\u00fcrl\u00fc\u011f\u00fcn\u00fcn 01\/08\/2019 tarih ve E.2532 say\u0131l\u0131 yaz\u0131lar\u0131nda ; Belediyemiz imar plan\u0131 i\u00e7erisinde bulunan \u00c7evlik Mahallesi K\u0131z\u0131lda\u011f Yaylas\u0131 A\u015f\u0131klar Yolu Sokak olarak g\u00f6r\u00fcnmektedir. \u0130mar plan\u0131nda mt geni\u015fli\u011finde yol oldu\u011fundan 10 mt \u00fczeri geni\u015fli\u011finde ki yollar cadde olarak adland\u0131r\u0131ld\u0131\u011f\u0131ndan , A\u015f\u0131klar Yolu Soka\u011f\u0131n A\u015f\u0131klar Yolu Caddesi olarak de\u011fi\u015ftirilmesi i\u00e7in meclis karar\u0131 [&hellip;]<\/p>\n","protected":false},"author":10,"featured_media":0,"parent":6285,"menu_order":201908,"comment_status":"closed","ping_status":"closed","template":"","meta":{"footnotes":""},"class_list":["post-7550","page","type-page","status-publish","hentry"],"_links":{"self":[{"href":"https:\/\/www.karaisali.bel.tr\/index.php?rest_route=\/wp\/v2\/pages\/7550","targetHints":{"allow":["GET"]}}],"collection":[{"href":"https:\/\/www.karaisali.bel.tr\/index.php?rest_route=\/wp\/v2\/pages"}],"about":[{"href":"https:\/\/www.karaisali.bel.tr\/index.php?rest_route=\/wp\/v2\/types\/page"}],"author":[{"embeddable":true,"href":"https:\/\/www.karaisali.bel.tr\/index.php?rest_route=\/wp\/v2\/users\/10"}],"replies":[{"embeddable":true,"href":"https:\/\/www.karaisali.bel.tr\/index.php?rest_route=%2Fwp%2Fv2%2Fcomments&post=7550"}],"version-history":[{"count":0,"href":"https:\/\/www.karaisali.bel.tr\/index.php?rest_route=\/wp\/v2\/pages\/7550\/revisions"}],"up":[{"embeddable":true,"href":"https:\/\/www.karaisali.bel.tr\/index.php?rest_route=\/wp\/v2\/pages\/6285"}],"wp:attachment":[{"href":"https:\/\/www.karaisali.bel.tr\/index.php?rest_route=%2Fwp%2Fv2%2Fmedia&parent=7550"}],"curies":[{"name":"wp","href":"https:\/\/api.w.org\/{rel}","templated":true}]}}