{"id":7544,"date":"2019-08-19T11:01:56","date_gmt":"2019-08-19T08:01:56","guid":{"rendered":"https:\/\/www.karaisali.bel.tr\/?page_id=7544"},"modified":"2019-08-19T11:04:12","modified_gmt":"2019-08-19T08:04:12","slug":"mayis-2019-meclis-kararlari","status":"publish","type":"page","link":"https:\/\/www.karaisali.bel.tr\/?page_id=7544","title":{"rendered":"May\u0131s 2019 Meclis Kararlar\u0131"},"content":{"rendered":"<table>\n<tbody>\n<tr>\n<td>KARAR 39<\/td>\n<\/tr>\n<tr>\n<td>G\u00fcndemde bulunan madde gere\u011fi ; Belediyemiz Mali Hizmetler M\u00fcd\u00fcrl\u00fc\u011f\u00fcnce haz\u0131rlanan ve 26\/04\/2019 tarih ve E.1293 say\u0131l\u0131 yaz\u0131lar\u0131 ekinde Meclisimize sunulan 2018 y\u0131l\u0131 Kesin Hesaplar\u0131n\u0131 g\u00f6r\u00fc\u015f\u00fclmesi ile ilgili teklifinin g\u00f6r\u00fc\u015f\u00fclmesine ge\u00e7ildi. 5393 say\u0131l\u0131 Belediye Kanununun 64. maddesi uyar\u0131nca haz\u0131rlanan 2018 Kesin Hesaplar\u0131n\u0131n g\u00f6r\u00fc\u015f\u00fclmesi ile ilgili teklif okundu. Teklif hakk\u0131nda s\u00f6z isteyen olup, olmad\u0131\u011f\u0131 soruldu. \u00dcyelerden Rifat K\u00d6RO\u011eLU s\u00f6z ald\u0131. Arkada\u015flar okunan 2018 y\u0131l\u0131 kesin hesaplar\u0131 ile teklifin Belediyemiz Plan B\u00fct\u00e7e ve M\u00fc\u015fterek Komisyonumuzda g\u00f6r\u00fc\u015f\u00fclmek \u00fczere havalesini teklif ediyorum. Dedi. Teklif hakk\u0131nda s\u00f6z isteyen olup, olmad\u0131\u011f\u0131 soruldu. S\u00f6z isteyen olmay\u0131nca teklif oylamaya sunuldu. Yap\u0131lan oylama sonucunda teklifin kabul\u00fcne , 2018 Y\u0131l\u0131 Kesin Hesaplar\u0131n\u0131n Plan B\u00fct\u00e7e ve M\u00fc\u015fterek Komisyonumuzda g\u00f6r\u00fc\u015f\u00fclmek \u00fczere havalesine oy birli\u011fi ile karar verildi.<\/td>\n<\/tr>\n<tr>\n<td>KARAR 40<\/td>\n<\/tr>\n<tr>\n<td>G\u00fcndemde bulunan madde gere\u011fi; Belediyemiz Plan B\u00fct\u00e7e ve M\u00fc\u015fterek Komisyonun 2018 Y\u0131l\u0131 Kesin Hesaplar\u0131 ile ilgili 06\/05\/2019 tarih ve 9 nolu komisyon karar\u0131n\u0131n g\u00f6r\u00fc\u015f\u00fclmesine ge\u00e7ildi. Komisyon raporunda aynen &#8221; Belediyemiz Meclisinin 02\/05\/2019 tarih ve 39 nolu karar\u0131 ile komisyonumuza havale edilen 2018 y\u0131l\u0131 Kesin Hesaplar\u0131 ile ilgili karar\u0131 Komisyonumuzca g\u00f6r\u00fc\u015f\u00fclmek \u00fczere 06\/05\/2019 Sal\u0131 g\u00fcn\u00fc toplan\u0131ld\u0131. 5393 say\u0131l\u0131 Belediye Kanununun 64. maddesi uyar\u0131nca haz\u0131rlanan Belediyemiz 2018 y\u0131l\u0131 Kesin Hesaplar\u0131 maddeler halinde tek tek okunarak yap\u0131lan inceleme neticesinde , 2018 Kesin Hesaplar\u0131n\u0131n Belediyemiz Enc\u00fcmeninin 18\/04\/2019 tarih ve 22 say\u0131l\u0131 karar\u0131 ile g\u00f6r\u00fc\u015f\u00fcld\u00fc\u011f\u00fc, 2018 y\u0131l\u0131 b\u00fct\u00e7esi 25.000.000,00-TL (Y\u0130RM\u0130BE\u015eM\u0130LYONT\u00dcRKL\u0130RASI) olup, 2018 y\u0131l\u0131 net geliri 18.692.950,27-TL oldu\u011fu , ger\u00e7ekle\u015fme oran\u0131 % 74,77 oldu\u011fu gider hesab\u0131 23.929.211,28-TL olup, ger\u00e7ekle\u015fme oran\u0131 % 95,71 oldu\u011fu ,Gelirin gideri kar\u015f\u0131lama oran\u0131 % 78 oldu\u011fu incelenmi\u015f olup , Belediyemiz Meclisine sunulmas\u0131na oy birli\u011fi ile karar verildi Denilmekte olup, okunan komisyon raporu hak\u0131nda s\u00f6z isteyen olup, olmad\u0131\u011f\u0131 soruldu. \u00dcyelerden Rifat K\u00d6RO\u011eLU s\u00f6z ald\u0131. Arkada\u015flar okunan komisyon raporunun komisyondan geldi\u011fi gibi kabul edilmesini teklifi ediyorum. Dedi. Teklif oylamaya sunuldu. Yap\u0131lan oylama neticesinde teklifin kabul\u00fcne oy birli\u011fi ile karar verildi.<\/td>\n<\/tr>\n<\/tbody>\n<\/table>\n","protected":false},"excerpt":{"rendered":"<p>KARAR 39 G\u00fcndemde bulunan madde gere\u011fi ; Belediyemiz Mali Hizmetler M\u00fcd\u00fcrl\u00fc\u011f\u00fcnce haz\u0131rlanan ve 26\/04\/2019 tarih ve E.1293 say\u0131l\u0131 yaz\u0131lar\u0131 ekinde Meclisimize sunulan 2018 y\u0131l\u0131 Kesin Hesaplar\u0131n\u0131 g\u00f6r\u00fc\u015f\u00fclmesi ile ilgili teklifinin g\u00f6r\u00fc\u015f\u00fclmesine ge\u00e7ildi. 5393 say\u0131l\u0131 Belediye Kanununun 64. maddesi uyar\u0131nca haz\u0131rlanan 2018 Kesin Hesaplar\u0131n\u0131n g\u00f6r\u00fc\u015f\u00fclmesi ile ilgili teklif okundu. Teklif hakk\u0131nda s\u00f6z isteyen olup, olmad\u0131\u011f\u0131 soruldu. [&hellip;]<\/p>\n","protected":false},"author":10,"featured_media":0,"parent":6285,"menu_order":201905,"comment_status":"closed","ping_status":"closed","template":"","meta":{"footnotes":""},"class_list":["post-7544","page","type-page","status-publish","hentry"],"_links":{"self":[{"href":"https:\/\/www.karaisali.bel.tr\/index.php?rest_route=\/wp\/v2\/pages\/7544","targetHints":{"allow":["GET"]}}],"collection":[{"href":"https:\/\/www.karaisali.bel.tr\/index.php?rest_route=\/wp\/v2\/pages"}],"about":[{"href":"https:\/\/www.karaisali.bel.tr\/index.php?rest_route=\/wp\/v2\/types\/page"}],"author":[{"embeddable":true,"href":"https:\/\/www.karaisali.bel.tr\/index.php?rest_route=\/wp\/v2\/users\/10"}],"replies":[{"embeddable":true,"href":"https:\/\/www.karaisali.bel.tr\/index.php?rest_route=%2Fwp%2Fv2%2Fcomments&post=7544"}],"version-history":[{"count":0,"href":"https:\/\/www.karaisali.bel.tr\/index.php?rest_route=\/wp\/v2\/pages\/7544\/revisions"}],"up":[{"embeddable":true,"href":"https:\/\/www.karaisali.bel.tr\/index.php?rest_route=\/wp\/v2\/pages\/6285"}],"wp:attachment":[{"href":"https:\/\/www.karaisali.bel.tr\/index.php?rest_route=%2Fwp%2Fv2%2Fmedia&parent=7544"}],"curies":[{"name":"wp","href":"https:\/\/api.w.org\/{rel}","templated":true}]}}