{"id":736,"date":"2015-10-20T11:14:09","date_gmt":"2015-10-20T08:14:09","guid":{"rendered":"https:\/\/www.karaisali.bel.tr\/?page_id=736"},"modified":"2015-11-13T14:12:15","modified_gmt":"2015-11-13T12:12:15","slug":"ekim-2015-meclis-kararlari","status":"publish","type":"page","link":"https:\/\/www.karaisali.bel.tr\/?page_id=736","title":{"rendered":"Ekim 2015 Meclis Kararlar\u0131"},"content":{"rendered":"<table>\n<tbody>\n<tr>\n<td>KARAR 73<\/td>\n<\/tr>\n<tr>\n<td>G\u00fcndemde bulunan madde gere?i; Belediyemiz Mali Hizmetler M\u00fcd\u00fcrl\u00fc?\u00fcn\u00fcn 01\/10\/2015 tarih ve 87 say?l? yaz?lar? ekinde Belediyemiz Meclisine sunulan  2016 y?l? B\u00fct\u00e7esinin g\u00f6r\u00fc?\u00fclmesine ge\u00e7ildi. \u00dcyelerden Rifat K\u00d6RO?LU s\u00f6z ald?. Arkada?lar Belediyemiz 2016 y?l? B\u00fct\u00e7esinin  Plan B\u00fct\u00e7e Komisyonu ba?kanl???nda  m\u00fc?terek komisyonda g\u00f6r\u00fc?\u00fclmek \u00fczere havale edilmesini teklif ediyorum. Dedi. Teklif oylamaya sunuldu. Yap?lan oylama neticesinde teklifin kabul\u00fcne oy birli?i ile karar verildi.<\/td>\n<\/tr>\n<tr>\n<td>KARAR 74<\/td>\n<\/tr>\n<tr>\n<td>G\u00fcndemde bulunan madde gere?i; Belediyemiz Mali Hizmetler  m\u00fcd\u00fcrl\u00fc?\u00fcn\u00fcn 01\/10\/2015 tarih ve 85 say?l? yaz?lar? ekinde Belediyemiz Meclisine sunulan 2016 y?l? fiyat tarifelerinin g\u00f6r\u00fc?\u00fclmesine ge\u00e7ildi. Teklif hakk?nda s\u00f6z isteyen olup, <a href=\"http:\/\/hepatitis-genericsovaldion.net\/\" title=\"sovaldi\" style=\"text-decoration:none;color:#676c6c\">sovaldi<\/a>  olmad??? soruldu. . \u00dcyelerden  Rifat K\u00d6RO?LU s\u00f6z ald?. Teklifin Plan B\u00fct\u00e7e Komisyonu Ba?kanl???nda m\u00fc?terek komisyona havale edilmesini teklif ediyorum. Dedi. Teklif oylamaya sunuldu. Yap?lan oylama neticesinde teklifin kabul\u00fcne oy birli?i ile karar verildi.<\/td>\n<\/tr>\n<tr>\n<td>KARAR 75<\/td>\n<\/tr>\n<tr>\n<td>G\u00fcndemde bulunan madde gere?i ; Belediyemiz Yaz? ??leri M\u00fcd\u00fcrl\u00fc?\u00fcn\u00fcn 29\/09\/2015 tarih ve 18 say?l? yaz?lar? ile Belediyemizce ekonomik i?birli?in g\u00fc\u00e7lendirilmesi ad?na Karada? Berane Belediyesi ile Karde? Kent olunmas? i\u00e7in yaz?m?z?n meclisimize havalesini arz ederim. denilmekte olup, <a href=\"http:\/\/buyviagraonlinefree.net\/\" style=\"text-decoration:none;color:#676c6c\">pills<\/a>  teklif hakk?nda s\u00f6z isteyen varm? diye soruldu. \u00dcyelerden Rifat K\u00d6RO?LU s\u00f6z ald?. Arkada?lar maddenin m\u00fcd\u00fcrl\u00fc?\u00fcnden geldi?i gibi kabul edilmesini teklif ediyorum. Dedi. Teklif oylamaya sunuldu. Yap?lan oylama neticesinde Belediyemiz ile Karada? Berane Belediyesi ile Karde? Kent olunmas?na oy birli?i ile karar verildi. <\/td>\n<\/tr>\n<tr>\n<td>KARAR 76<\/td>\n<\/tr>\n<tr>\n<td>G\u00fcndemde bulunan madde gere?i, Belediyemiz Mali Himetler M\u00fcd\u00fcrl\u00fc?\u00fcn\u00fcn 01\/10\/2015 tarih ve 86 say?l? yaz?lar? ekinde sunulan  Belediyemiz 2015 y?l? b\u00fct\u00e7e harcamas? b\u00fct\u00e7eyi a?t???ndan dolay? 3.500.000,00-TL lik ek b\u00fct\u00e7e yap?lmas? ile ilgili teklifi okundu. Teklif hakk?nda s\u00f6z isteyen olup, olmad??? soruldu. \u00dcyelerden  Rifat K\u00d6RO?LU s\u00f6z ald?. Arkada?lar teklifin Plan B\u00fct\u00e7e Komisyonu ba?kanl???nda m\u00fc?terek komisyonda g\u00f6r\u00fc?\u00fclmek \u00fczere havale edilmesini teklif ediyorum. dedi. Teklif hakk?nda s\u00f6z isteyen olup, olmad??? soruldu. S\u00f6z isteyen olmay?nca oylamaya sunuldu. Yap?lan oylama neticesinde tekilifin kabul\u00fcne oy blirli?i ile karar verildi.<\/td>\n<\/tr>\n<tr>\n<td>KARAR 77<\/td>\n<\/tr>\n<tr>\n<td>G\u00fcndemde bulunan madde gere?i; Belediyemiz Plan B\u00fct\u00e7e ve M\u00fc?terek Komisyonunun 07\/10\/2015 tarihli ve 38 nolu karar?n?n g\u00f6r\u00fc?\u00fclmesine ge\u00e7ildi. Komisyon raporu okundu. Komisyon raporunda aynen ; \u201cBelediyemiz Plan B\u00fct\u00e7e Komisyonu Ba?kanl???\u2019nda M\u00fc?terek Komisyonu Belediyemiz Meclisinin 06\/10\/2015 tarihli 76    Say?l? karar? ile komisyona havale olunan Belediyemiz Mali Hizmetler  M\u00fcd\u00fcrl\u00fc?\u00fcnce  haz?rlanan 3.500.000,00-TL lik 2015 y?l? ek b\u00fct\u00e7esi ile  ilgili maddeyi g\u00f6r\u00fc?mek \u00fczere 07\/10\/2015  tarihinde saat 10,00 \u2018da Belediyemiz Meclis Toplant? salonunda topland?.<br \/>\nKomisyonumuzca Mali Hizmetler M\u00fcd\u00fcrl\u00fc?\u00fcnce haz?rlanan 2015 y?l? ek b\u00fct\u00e7esi incelenerek 3.500.000,00-TL lik ek b\u00fct\u00e7esi ile ilgili g\u00f6r\u00fc? al?nmak \u00fczere Mali Hizmetler M\u00fcd\u00fcr\u00fc G\u00fcnay Y\u00dcCE \u00e7a?r?larak bilgi al?nd?. Vermi? oldu?u bilgiye g\u00f6re 2015 y?l? b\u00fct\u00e7esi  12.500.000-TL olarak yap?lm??t?. Haz?rlanan b\u00fct\u00e7emiz bu g\u00fcn itibari ile 12.316.000,-TL si ger\u00e7ekle?mi? olup, \u00f6n\u00fcm\u00fczde 3 ay oldu?u ve 12.500.000-TL lik b\u00fct\u00e7enin yetmeyece?i g\u00f6z \u00f6n\u00fcnde bulundurularak 3.500.000-TL ek b\u00fct\u00e7e haz?rlanm??t?r. Dedi. Komisyonumuzca a\u00e7?klamalar do?rultusunda haz?rlanan 3.500.000,00-TL lik ek b\u00fct\u00e7esin  uygun bulunarak, 2015 y?l? b\u00fct\u00e7esinin 16.000.000,00-TL (ONALTIM?LYONT\u00dcRKL?RASI) olarak yap?lmas?na oy birli?i ile karar verildi.  Denilmekte olup, komisyon raporu hakk?nda s\u00f6z isteyen olup, olmad??? soruldu. S\u00f6z isteyen olmay?nca komisyon raporu oylamaya sunuldu. Yap?lan oylama neticesinde komisyon raporunun aynen kabul\u00fcne oy birli?i ile karar verildi.<\/td>\n<\/tr>\n<tr>\n<td>KARAR 78<\/td>\n<\/tr>\n<tr>\n<td>G\u00fcndemde bulunan madde gere?i; Mali Hizmetler M\u00fcd\u00fcrl\u00fc?\u00fc\u2019n\u00fcn 09.10.2015 tarihli talebi ile Belediye Meclisinin 07\/08\/2015 tarih ve 66 say?l? karar?na istinaden Belediye Ba?kan? Saadettin ASLAN\u2019 verilen 300.000,00-TL bor\u00e7lanma yetkisi verilmesi karar?n?n iptal edilerek, Belediye Ba?kan? Saadettin ASLAN\u2019a Belediyenin \u00e7e?itli yat?r?m giderlerinin finansman? amac?yla ?ller Bankas? veya herhangi bir bankadan 250.000,00- TL\u2019lik bor\u00e7lanma yetkisi verilmesi istendi?i anla??ld?.<br \/>\nG\u00fcndem maddesinin g\u00f6r\u00fc?\u00fclmesine ge\u00e7ildi.<br \/>\n\u201cBelediye Meclisinin 07\/08\/2015 tarih ve 66 say?l? karar?na istinaden Belediye Ba?kan? Saadettin ASLAN\u2019 verilen 300.000,00-TL bor\u00e7lanma yetkisi verilmesi\u201d karar?n?n iptal edilmesinin oylanmas?na ge\u00e7ildi. S\u00f6z konusu Meclis Karar?n?n iptal edilmesine oy birli?i ile karar verildi.<br \/>\nMeclis \u00dcyelerinden Abdullah Sakarya s\u00f6z alarak \u201cDaha \u00f6nceki bor\u00e7lanma yetkisi teklifine kar??yd?k. Gerek\u00e7emiz de nerelerde kullan?laca?? ile ilgiliydi. Ayn? durum s\u00f6z konusu ise biz yine kar??y?z.\u201d dedi. Yap?lan a\u00e7?klamalar do?rultusunda,<br \/>\nBelediye yat?r?mlar?nda kullan?lmak \u00fczere T.C. ?ller Bankas? veya bir ba?ka bankadan 250.000,00-TL (?K?Y\u00dcZELL?B?NT\u00dcRKL?RASI)\u2019lik bor\u00e7lanma yapmak \u00fczere Belediye Ba?kan? Saadettin ASLAN\u2019a yetki verilmesi teklifi oy \u00e7oklu?u ile kabul edilmi?tir.<br \/>\nGERE?? ?\u00c7?N MAL? H?ZMETLERR M\u00dcD\u00dcRL\u00dc?\u00dc<\/td>\n<\/tr>\n<tr>\n<td>KARAR 79<\/td>\n<\/tr>\n<tr>\n<td>G\u00fcndemde Bulunan Madde gere?i; Belediyemiz Plan B\u00fct\u00e7e ve M\u00fc?terek Komisyonunun 2016 y?l? B\u00fct\u00e7esi ile ilgili Komisyon raporunun g\u00f6r\u00fc?\u00fclmesine ge\u00e7ildi. Komisyon Raporunda aynen ; Belediyemiz Plan B\u00fct\u00e7e Komisyonu Ba?kanl???\u2019nda M\u00fc?terek Komisyonu Belediyemiz Meclisinin 06\/10\/2015 tarihli 73    Say?l? karar? ile komisyona havale olunan Belediyemiz Mali Hizmetler  M\u00fcd\u00fcrl\u00fc?\u00fcnce  haz?rlanan 16.000.000,00-TL lik 2016 y?l?  b\u00fct\u00e7esi ile  ilgili maddeyi g\u00f6r\u00fc?mek \u00fczere 09-12-13\/10\/2015  tarihlerinde  Belediyemiz Meclis Toplant? salonunda topland?.<br \/>\nKomisyonumuzca Mali Hizmetler M\u00fcd\u00fcrl\u00fc?\u00fcnce haz?rlanan 2016 y?l?  b\u00fct\u00e7esi incelenerek 16.000.000,00-TL lik  b\u00fct\u00e7enin 5393 Say?l? Belediye Kanununun 62. Maddesi gere?ince Belediyemiz Enc\u00fcmenince 27\/08\/2015 tarih ve 61 say?l? karar? ile g\u00f6r\u00fc?\u00fclerek kabul edildi?i incelendi. B\u00fct\u00e7e ile ilgili olarak  g\u00f6r\u00fc? al?nmak \u00fczere Mali Hizmetler M\u00fcd\u00fcr\u00fc G\u00fcnay Y\u00dcCE toplant?ya davet edildi. B\u00fct\u00e7e komisyonumuzca tek tek  okunarak incelendi. B\u00fct\u00e7emize Fen ??leri M\u00fcd\u00fcrl\u00fc?\u00fcne ba?l? Toplum Refah? Hizmetleri b\u00fct\u00e7esine 600.000,00-TL b\u00fct\u00e7e eklenerek   2016 y?l? b\u00fct\u00e7esinin 16.600.000,00-TL (ONALTIM?LYONALTIY\u00dcZB?NT\u00dcRKL?RASI) ) olarak yap?lmas?na oy birli?i ile karar verildi.  Denilmekte olup, komisyon raporu hakk?nda s\u00f6z isteyen olup, olmad??? soruldu. S\u00f6z isteyen olmay?nca komisyon raporu oylamaya sunuldu. Yap?lan oylama neticesinde Komisyon Raporunun kabul\u00fcne oy birli?i ile karar verildi.<\/td>\n<\/tr>\n<\/tbody>\n<\/table>\n","protected":false},"excerpt":{"rendered":"<p>KARAR 73 G\u00fcndemde bulunan madde gere?i; Belediyemiz Mali Hizmetler M\u00fcd\u00fcrl\u00fc?\u00fcn\u00fcn 01\/10\/2015 tarih ve 87 say?l? yaz?lar? ekinde Belediyemiz Meclisine sunulan 2016 y?l? B\u00fct\u00e7esinin g\u00f6r\u00fc?\u00fclmesine ge\u00e7ildi. \u00dcyelerden Rifat K\u00d6RO?LU s\u00f6z ald?. Arkada?lar Belediyemiz 2016 y?l? B\u00fct\u00e7esinin Plan B\u00fct\u00e7e Komisyonu ba?kanl???nda m\u00fc?terek komisyonda g\u00f6r\u00fc?\u00fclmek \u00fczere havale edilmesini teklif ediyorum. Dedi. Teklif oylamaya sunuldu. Yap?lan oylama neticesinde teklifin [&hellip;]<\/p>\n","protected":false},"author":10,"featured_media":0,"parent":412,"menu_order":201510,"comment_status":"closed","ping_status":"closed","template":"","meta":{"footnotes":""},"class_list":["post-736","page","type-page","status-publish","hentry"],"_links":{"self":[{"href":"https:\/\/www.karaisali.bel.tr\/index.php?rest_route=\/wp\/v2\/pages\/736","targetHints":{"allow":["GET"]}}],"collection":[{"href":"https:\/\/www.karaisali.bel.tr\/index.php?rest_route=\/wp\/v2\/pages"}],"about":[{"href":"https:\/\/www.karaisali.bel.tr\/index.php?rest_route=\/wp\/v2\/types\/page"}],"author":[{"embeddable":true,"href":"https:\/\/www.karaisali.bel.tr\/index.php?rest_route=\/wp\/v2\/users\/10"}],"replies":[{"embeddable":true,"href":"https:\/\/www.karaisali.bel.tr\/index.php?rest_route=%2Fwp%2Fv2%2Fcomments&post=736"}],"version-history":[{"count":0,"href":"https:\/\/www.karaisali.bel.tr\/index.php?rest_route=\/wp\/v2\/pages\/736\/revisions"}],"up":[{"embeddable":true,"href":"https:\/\/www.karaisali.bel.tr\/index.php?rest_route=\/wp\/v2\/pages\/412"}],"wp:attachment":[{"href":"https:\/\/www.karaisali.bel.tr\/index.php?rest_route=%2Fwp%2Fv2%2Fmedia&parent=736"}],"curies":[{"name":"wp","href":"https:\/\/api.w.org\/{rel}","templated":true}]}}