{"id":6821,"date":"2019-04-12T10:26:19","date_gmt":"2019-04-12T07:26:19","guid":{"rendered":"https:\/\/www.karaisali.bel.tr\/?page_id=6821"},"modified":"2019-04-12T10:27:11","modified_gmt":"2019-04-12T07:27:11","slug":"mart-2019-meclis-kararlari","status":"publish","type":"page","link":"https:\/\/www.karaisali.bel.tr\/?page_id=6821","title":{"rendered":"Mart 2019 Meclis Kararlar\u0131"},"content":{"rendered":"<table>\n<tbody>\n<tr>\n<td>KARAR 21<\/td>\n<\/tr>\n<tr>\n<td>G\u00fcndemde bulunan madde gere\u011fi;   Adana Valili\u011fi Kadastro M\u00fcd\u00fcrl\u00fc\u011f\u00fcn\u00fcn 12\/02\/2019 tarih ve E.688026 say\u0131l\u0131 yaz\u0131lar\u0131 ile taleplerinde Adana ili Karaisal\u0131 \u0130l\u00e7esi Kuzgun Mahallesi ve Sar\u0131mehmetli Mahallesinde yap\u0131lacak olan Tapu Kadastro \u00e7al\u0131\u015fmalar\u0131nda bilirki\u015fi olarak g\u00f6rev yapmak \u00fczere 6 adet bilirki\u015fi belirlenmesi ile ilgili teklifi Belediyemiz Meclisince g\u00f6r\u00fc\u015f\u00fcld\u00fc. \u00dcyelerden Hasan K\u00f6yl\u00fc s\u00f6z ald\u0131. Arkada\u015flar   teklifin Belediyemiz Tar\u0131m Orman  Mahalle m\u00fc\u015fterek komisyonunda g\u00f6r\u00fc\u015f\u00fclmek \u00fczere hava edilmesini teklif ediyorum. dedi. Tekli oylamaya sunuldu. Yap\u0131lan oylama neticesinde teklifin kabul\u00fcne oy birli\u011fi ile karar verildi.\n<\/td>\n<\/tr>\n<tr>\n<td>KARAR 22<\/td>\n<\/tr>\n<tr>\n<td>G\u00fcndemde bulunan madde gere\u011fi; Belediyemiz Tar\u0131m Orman ve Mahalle M\u00fc\u015fterek Komisyonunun 06\/03\/2019 tarih ve 1 say\u0131l\u0131 Tapu Kadastro Bilirki\u015fisi belirlenmesi ile ilgili komisyon raporunun g\u00f6r\u00fc\u015f\u00fclmesine ge\u00e7ildi. Komisyon raporunda aynen Belediyemiz Meclisince komisyonumuzda g\u00f6r\u00fc\u015f\u00fclmek \u00fczere Belediyemiz Meclisinin 05\/03\/2019 tarih ve 21  say\u0131l\u0131 karar\u0131 ile   havale edilen Adana Valili\u011fi Kadastro M\u00fcd\u00fcrl\u00fc\u011f\u00fcn\u00fcn 12\/02\/2019 tarih ve E.688026 say\u0131l\u0131 yaz\u0131lar\u0131 ile taleplerinde Adana ili Karaisal\u0131 \u0130l\u00e7esi Kuzgun Mahallesi ve Sar\u0131mehmetli Mahallesinde yap\u0131lacak olan Tapu Kadastro \u00e7al\u0131\u015fmalar\u0131nda bilirki\u015fi olarak g\u00f6rev yapmak \u00fczere 6 adet bilirki\u015fi belirlenmesi ile ilgili teklif komisyonumuzca g\u00f6r\u00fc\u015f\u00fcld\u00fc. Yap\u0131lan g\u00f6r\u00fc\u015fme ve ara\u015ft\u0131rma neticesinde ilgi yaz\u0131da belirtilen \u015fartlara uygun olan a\u015fa\u011f\u0131da mahalle ad\u0131 alt\u0131nda yaz\u0131l\u0131 ki\u015filerin Tapu Kadastro \u00e7al\u0131\u015fmalar\u0131nda bilirki\u015fi olarak g\u00f6rev yapmak \u00fczere belirlenmesine    komisyonumuzca uygun bulunmu\u015f olup,  Belediyemiz Meclisine sunulmas\u0131na oy birli\u011fi ile karar verildi.\n<\/td>\n<\/tr>\n<\/tbody>\n<\/table>\n","protected":false},"excerpt":{"rendered":"<p>KARAR 21 G\u00fcndemde bulunan madde gere\u011fi; Adana Valili\u011fi Kadastro M\u00fcd\u00fcrl\u00fc\u011f\u00fcn\u00fcn 12\/02\/2019 tarih ve E.688026 say\u0131l\u0131 yaz\u0131lar\u0131 ile taleplerinde Adana ili Karaisal\u0131 \u0130l\u00e7esi Kuzgun Mahallesi ve Sar\u0131mehmetli Mahallesinde yap\u0131lacak olan Tapu Kadastro \u00e7al\u0131\u015fmalar\u0131nda bilirki\u015fi olarak g\u00f6rev yapmak \u00fczere 6 adet bilirki\u015fi belirlenmesi ile ilgili teklifi Belediyemiz Meclisince g\u00f6r\u00fc\u015f\u00fcld\u00fc. \u00dcyelerden Hasan K\u00f6yl\u00fc s\u00f6z ald\u0131. Arkada\u015flar teklifin Belediyemiz [&hellip;]<\/p>\n","protected":false},"author":10,"featured_media":0,"parent":6285,"menu_order":201903,"comment_status":"closed","ping_status":"closed","template":"","meta":{"footnotes":""},"class_list":["post-6821","page","type-page","status-publish","hentry"],"_links":{"self":[{"href":"https:\/\/www.karaisali.bel.tr\/index.php?rest_route=\/wp\/v2\/pages\/6821","targetHints":{"allow":["GET"]}}],"collection":[{"href":"https:\/\/www.karaisali.bel.tr\/index.php?rest_route=\/wp\/v2\/pages"}],"about":[{"href":"https:\/\/www.karaisali.bel.tr\/index.php?rest_route=\/wp\/v2\/types\/page"}],"author":[{"embeddable":true,"href":"https:\/\/www.karaisali.bel.tr\/index.php?rest_route=\/wp\/v2\/users\/10"}],"replies":[{"embeddable":true,"href":"https:\/\/www.karaisali.bel.tr\/index.php?rest_route=%2Fwp%2Fv2%2Fcomments&post=6821"}],"version-history":[{"count":0,"href":"https:\/\/www.karaisali.bel.tr\/index.php?rest_route=\/wp\/v2\/pages\/6821\/revisions"}],"up":[{"embeddable":true,"href":"https:\/\/www.karaisali.bel.tr\/index.php?rest_route=\/wp\/v2\/pages\/6285"}],"wp:attachment":[{"href":"https:\/\/www.karaisali.bel.tr\/index.php?rest_route=%2Fwp%2Fv2%2Fmedia&parent=6821"}],"curies":[{"name":"wp","href":"https:\/\/api.w.org\/{rel}","templated":true}]}}