{"id":629,"date":"2015-09-18T13:52:04","date_gmt":"2015-09-18T10:52:04","guid":{"rendered":"https:\/\/www.karaisali.bel.tr\/?page_id=629"},"modified":"2016-01-12T20:23:28","modified_gmt":"2016-01-12T18:23:28","slug":"eylul-2015-meclis-kararlari","status":"publish","type":"page","link":"https:\/\/www.karaisali.bel.tr\/?page_id=629","title":{"rendered":"Eyl\u00fcl 2015 Meclis Kararlar\u0131"},"content":{"rendered":"<table>\n<tbody>\n<tr>\n<td>KARAR 69<\/td>\n<\/tr>\n<tr>\n<td>Belediyemiz Fen i?leri M\u00fcd\u00fcrl\u00fc?\u00fcn\u00fcn 04\/08\/2015 tarih ve 902 say?l? yaz?lar?nda Belediyemiz 2015 y?l? Plan Tasdik Har\u00e7lar?n?n yeniden belirlenmesi ile ilgili yaz?lar? belediyemiz Meclisince g\u00f6r\u00fc?\u00fcld\u00fc. Teklif hakk?nda s\u00f6z isteyen olup, <a href=\"http:\/\/edpills-buyviagra.net\/\" style=\"text-decoration:none;color:#676c6c\">and<\/a>  olmad??? soruldu. \u00dcyelerden Rifat K\u00d6RO?LU s\u00f6z ald?. Arkada?lar teklifin Plan ve B\u00fct\u00e7e komisyonu ba?kanl???nda m\u00fc?terek komisyonda g\u00f6r\u00fc?\u00fclmek \u00fczere havale edilmesini teklif ediyorum. dedi. Teklif hakk?nda s\u00f6z isteyen olup olmad??? soruldu. s\u00f6z isteyen olmay?nca teklif oylamaya sunuldu. Yap?lan oylama neticesinde teklifin kabul\u00fcne oy birli?i ile karar verildi.<\/td>\n<\/tr>\n<tr>\n<td>KARAR 70<\/td>\n<\/tr>\n<tr>\n<td>G\u00fcndemde bulunan madde gere?i; Belediyemiz Tar?m Orman Mahalle ve M\u00fc?terek komisyonunun 11\/08\/2015 tarih ve 2 nolu Raporunun g\u00f6r\u00fc?\u00fclmesine ge\u00e7ildi. Komisyon raporu okundu.Raporda aynen; Karaisal? Belediye Meclisimizin 04\/08\/2015 Tarih ve 59 Say?l? Karar? ile komisyonumuza havale edilen ; ?l\u00e7emiz Yenimahalle Muhtar? Mustafa SAPMAZ\u2019?n vermi? oldu?u Yenimahalle isminin \u00c7eceli Mahallesi olarak de?i?tirilmesi ile ilgili dilek\u00e7eli talebi komisyonumuzca incelenmi? , Mahalle Muhtar?n?n ve Mahalle sakinlerinin dilek\u00e7eli talepleri yerinde bulunmu? olup, ?l\u00e7emiz Yeni Mahalle isminin \u00c7eceli Mahallesi olarak de?i?tirilmesine ve Belediyemiz Meclisine sunulmas?na komisyonumuzca oy birli?i ile karar verilmi?tir. Denilmekte olup, komisyon raporu hakk?nda s\u00f6z isteyen olup, olmad??? soruldu. S\u00f6z isteyen olmay?nca Komisyon raporu oylamaya sunuldu. Yap?lan oylama neticesinde komisyon raporunun kabul\u00fcne oy birli?i ile verildi.<\/td>\n<\/tr>\n<tr>\n<td>KARAR 71<\/td>\n<\/tr>\n<tr>\n<td>G\u00fcndemde bulunan madde gere?i; 12\/08\/2015 tarih ve 3 say?l? Belediyemiz Tar?m Orman Mahalle ve M\u00fc?terek komisyon raporunun g\u00f6r\u00fc?\u00fclmesine ge\u00e7ildi. Komisyon raporu okundu. Komisyon raporunda aynen Belediyemiz Meclisinin 07\/08\/2015 tarih ve 68 nolu karar? ile Tar?m, Orman, Mahalle ve M\u00fc?terek Komisyonumuza havale edilen , ?l\u00e7emiz A?a??yirikler Mahalle Muhtar? Mehmet EREN\u2019?n vermi? oldu?u A?a??yirikler Mahalle isminin A?a??y\u00f6r\u00fckler Mahallesi olarak de?i?tirilmesi ile ilgili dilek\u00e7eli talebi komisyonumuzca incelenmi? , Mahalle Muhtar?n?n dilek\u00e7eli talepleri yerinde bulunmu? olup, ?l\u00e7emiz A?A?IY?R?KLER Mahalle isminin A?A?IY\u00d6R\u00dcKLER Mahallesi olarak de?i?tirilmesine ve Belediyemiz Meclisine sunulmas?na komisyonumuzca oy birli?i ile karar verilmi?tir. Denilmekte olup, Komisyon raporu hakk?nda s\u00f6z isteyen olup, olmad??? soruldu. S\u00f6z isteyen olmad???ndan Komisyon raporu oylamaya sunuldu Yap?lan oylama neticesinde komisyon raporunun kabul\u00fcne oy birli?i ile karar verildi.<\/td>\n<\/tr>\n<tr>\n<td>KARAR 72<\/td>\n<\/tr>\n<tr>\n<td>G\u00fcndemde bulunan madde gere?i ; Belediyemiz Yaz? ??leri M\u00fcd\u00fcrl\u00fc?\u00fcn\u00fcn 02\/09\/2015 tarih ve 693 say?l? yaz?lar? ile Belediyemiz Meclisine havale edilen ?l\u00e7emiz Demir\u00e7it Mahalle sakinlerinden M\u00fcdami EKER\u2019 in Demir\u00e7it Mahallesi 356 adan?n i\u00e7kili yerler b\u00f6lgesi olarak belirlenmesi i\u00e7in vermi? oldu?u dilek\u00e7eli talebi ve ekleri okundu. Ek te yer alan Kaymakaml?k Makam?\u2019n?n 22\/10\/2014 tarih ve 987 say?lar? ile de uygun g\u00f6r\u00fc? verdi?i okunarak talep hakk?nda s\u00f6z isteyen olup, olmad??? soruldu.S\u00f6z isteyen olmay?nca oylamaya sunuldu. Yap?lan oylama neticesinde 8 kabul 6 red oy kullan?lm?? olup, il\u00e7emiz Demir\u00e7it mahallesi 356 ada n?n ??yeri A\u00e7ma ve \u00c7al??ma Ruhsat?na ?li?kin Y\u00f6netmeli?in 30. Maddesine istinaden i\u00e7kili yerler b\u00f6lgesi olarak belirlenmesine oy birli?i ile karar verildi.<\/td>\n<\/tr>\n<\/tbody>\n<\/table>\n","protected":false},"excerpt":{"rendered":"<p>KARAR 69 Belediyemiz Fen i?leri M\u00fcd\u00fcrl\u00fc?\u00fcn\u00fcn 04\/08\/2015 tarih ve 902 say?l? yaz?lar?nda Belediyemiz 2015 y?l? Plan Tasdik Har\u00e7lar?n?n yeniden belirlenmesi ile ilgili yaz?lar? belediyemiz Meclisince g\u00f6r\u00fc?\u00fcld\u00fc. Teklif hakk?nda s\u00f6z isteyen olup, and olmad??? soruldu. \u00dcyelerden Rifat K\u00d6RO?LU s\u00f6z ald?. Arkada?lar teklifin Plan ve B\u00fct\u00e7e komisyonu ba?kanl???nda m\u00fc?terek komisyonda g\u00f6r\u00fc?\u00fclmek \u00fczere havale edilmesini teklif ediyorum. dedi. [&hellip;]<\/p>\n","protected":false},"author":10,"featured_media":0,"parent":412,"menu_order":201509,"comment_status":"closed","ping_status":"closed","template":"","meta":{"footnotes":""},"class_list":["post-629","page","type-page","status-publish","hentry"],"_links":{"self":[{"href":"https:\/\/www.karaisali.bel.tr\/index.php?rest_route=\/wp\/v2\/pages\/629","targetHints":{"allow":["GET"]}}],"collection":[{"href":"https:\/\/www.karaisali.bel.tr\/index.php?rest_route=\/wp\/v2\/pages"}],"about":[{"href":"https:\/\/www.karaisali.bel.tr\/index.php?rest_route=\/wp\/v2\/types\/page"}],"author":[{"embeddable":true,"href":"https:\/\/www.karaisali.bel.tr\/index.php?rest_route=\/wp\/v2\/users\/10"}],"replies":[{"embeddable":true,"href":"https:\/\/www.karaisali.bel.tr\/index.php?rest_route=%2Fwp%2Fv2%2Fcomments&post=629"}],"version-history":[{"count":0,"href":"https:\/\/www.karaisali.bel.tr\/index.php?rest_route=\/wp\/v2\/pages\/629\/revisions"}],"up":[{"embeddable":true,"href":"https:\/\/www.karaisali.bel.tr\/index.php?rest_route=\/wp\/v2\/pages\/412"}],"wp:attachment":[{"href":"https:\/\/www.karaisali.bel.tr\/index.php?rest_route=%2Fwp%2Fv2%2Fmedia&parent=629"}],"curies":[{"name":"wp","href":"https:\/\/api.w.org\/{rel}","templated":true}]}}