{"id":6059,"date":"2018-11-21T15:51:13","date_gmt":"2018-11-21T12:51:13","guid":{"rendered":"https:\/\/www.karaisali.bel.tr\/?page_id=6059"},"modified":"2018-11-21T15:51:13","modified_gmt":"2018-11-21T12:51:13","slug":"kasim-2018-meclis-kararlari","status":"publish","type":"page","link":"https:\/\/www.karaisali.bel.tr\/?page_id=6059","title":{"rendered":"Kas\u0131m 2018 Meclis Kararlar\u0131"},"content":{"rendered":"<table>\n<tbody>\n<tr>\n<td>KARAR 70<\/td>\n<\/tr>\n<tr>\n<td>G\u00fcndemde bulunan madde gere\u011fi Belediyemiz \u0130nsan Kaynaklar\u0131 ve E\u011fitim M\u00fcd\u00fcrl\u00fc\u011f\u00fcn\u00fcn 30\/10\/2018 tarih ve E.3520 say\u0131l\u0131 yaz\u0131lar\u0131nda Belediye Ba\u015fkanl\u0131\u011f\u0131m\u0131z norm kadrosu ile ilgili kadro de\u011fi\u015fiklik tablosu yaz\u0131m\u0131z ekinde sunulmu\u015f olup, Belediyemiz Meclisince g\u00f6r\u00fc\u015f\u00fclmek \u00fczere havalesini arz ederim. Denilmekte olup, teklif hakk\u0131nda s\u00f6z isteyen olup, olmad\u0131\u011f\u0131 soruldu. \u00dcyelerden Hasan K\u00d6YL\u00dc s\u00f6z ald\u0131. Arkada\u015flar teklifin m\u00fcd\u00fcrl\u00fc\u011f\u00fcnden geldi\u011fi gibi kabul edilmesini teklif ediyorum. dedi. Teklif hakk\u0131nda s\u00f6z isteyen olup, olmad\u0131\u011f\u0131 soruldu. S\u00f6z isteyen olmay\u0131nca teklifin kabul\u00fcne oy birli\u011fi ile karar verildi.<\/td>\n<\/tr>\n<tr>\n<td>KARAR 71<\/td>\n<\/tr>\n<tr>\n<td>G\u00fcndemde bulunan madde gere\u011fi; Belediyemiz Mali Hizmetler M\u00fcd\u00fcrl\u00fc\u011f\u00fcn\u00fcn 06\/11\/2018 tarih ve E.3630 say\u0131l\u0131 yaz\u0131lar\u0131nda Belediye Ba\u015fkanl\u0131\u011f\u0131m\u0131za ait maliki bulundu\u011fumuz Adana \u0130li, Karaisal\u0131 \u0130l\u00e7esi, Karap\u0131nar Mahallesi kain, 2 pafta,- ada, 237 parsel say\u0131l\u0131, 1.206,00 m\u00b2 alanl\u0131 arsa vas\u0131fl\u0131 mal\u0131n\/mallar\u0131n 1\/1 hissesi, Adana \u0130li, Karaisal\u0131 \u0130l\u00e7esi, ta\u015f\u0131nmaz\u0131 \/ ta\u015f\u0131nmaz\u0131m\u0131z\u0131 T.C.Ziraat Bankas\u0131 Karaisal\u0131 \u015fubesi ad\u0131 ge\u00e7en Bankaya do\u011fmu\u015f ve do\u011facak 600.000,00-TL (ALTIY\u00dcZB\u0130NT\u00dcRKL\u0130RASI) 1. Derece 1. s\u0131rada kredi faiz oran\u0131 y\u0131ll\u0131k % 32 cari bor\u00e7lar\u0131ma\/bor\u00e7lar\u0131m\u0131za kar\u015f\u0131l\u0131k teminat olarak ipotek tesis edilmesi i\u00e7in yetki verilmesi hususunda; gere\u011fini arz ederim. Denilmekte olup, teklif Belediyemiz Meclisince g\u00f6r\u00fc\u015f\u00fcld\u00fc.Teklif hakk\u0131nda s\u00f6z isteyen olup, olmad\u0131\u011f\u0131 soruldu. \u00dcyelerden Rifat K\u00d6RO\u011eLU s\u00f6z ald\u0131. Arkada\u015flar teklifin m\u00fcd\u00fcrl\u00fc\u011f\u00fcnden geldi\u011fi gibi kabul\u00fcne<br \/>\nBelediye Ba\u015fkanl\u0131\u011f\u0131m\u0131za ait maliki bulundu\u011fumuz Adana \u0130li, Karaisal\u0131 \u0130l\u00e7esi, Karap\u0131nar Mahallesi kain, 237 pafta,- ada, 2 parsel say\u0131l\u0131, 1.206,00 m\u00b2 alanl\u0131 arsa vas\u0131fl\u0131 mal\u0131n\/mallar\u0131n 1\/1 hissesi, ta\u015f\u0131nmaz\u0131 \/ ta\u015f\u0131nmaz\u0131m\u0131z\u0131 T.C.Ziraat Bankas\u0131 Karaisal\u0131 \u015fubesi ad\u0131 ge\u00e7en Bankaya do\u011fmu\u015f ve do\u011facak 600.000,00-TL (ALTIY\u00dcZB\u0130NT\u00dcRKL\u0130RASI) 1. Derece 1. s\u0131rada faiz oran\u0131 y\u0131ll\u0131k % 32 cari kredi bor\u00e7lar\u0131ma\/bor\u00e7lar\u0131m\u0131za kar\u015f\u0131l\u0131k teminat olarak ipotek tesis edilmesine , Belediye Ba\u015fkan\u0131 Saadettin ASLAN&#8217;a yetki verilmesine, oy \u00e7oklu\u011fu ile karar verildi.<br \/>\nGERE\u011e\u0130 \u0130\u00c7\u0130N MAL\u0130 H\u0130ZMETLER M\u00dcD\u00dcR\u00dcL\u011e\u00dcNE<\/td>\n<\/tr>\n<\/tbody>\n<\/table>\n","protected":false},"excerpt":{"rendered":"<p>KARAR 70 G\u00fcndemde bulunan madde gere\u011fi Belediyemiz \u0130nsan Kaynaklar\u0131 ve E\u011fitim M\u00fcd\u00fcrl\u00fc\u011f\u00fcn\u00fcn 30\/10\/2018 tarih ve E.3520 say\u0131l\u0131 yaz\u0131lar\u0131nda Belediye Ba\u015fkanl\u0131\u011f\u0131m\u0131z norm kadrosu ile ilgili kadro de\u011fi\u015fiklik tablosu yaz\u0131m\u0131z ekinde sunulmu\u015f olup, Belediyemiz Meclisince g\u00f6r\u00fc\u015f\u00fclmek \u00fczere havalesini arz ederim. Denilmekte olup, teklif hakk\u0131nda s\u00f6z isteyen olup, olmad\u0131\u011f\u0131 soruldu. \u00dcyelerden Hasan K\u00d6YL\u00dc s\u00f6z ald\u0131. Arkada\u015flar teklifin m\u00fcd\u00fcrl\u00fc\u011f\u00fcnden [&hellip;]<\/p>\n","protected":false},"author":10,"featured_media":0,"parent":3958,"menu_order":201811,"comment_status":"closed","ping_status":"closed","template":"","meta":{"footnotes":""},"class_list":["post-6059","page","type-page","status-publish","hentry"],"_links":{"self":[{"href":"https:\/\/www.karaisali.bel.tr\/index.php?rest_route=\/wp\/v2\/pages\/6059","targetHints":{"allow":["GET"]}}],"collection":[{"href":"https:\/\/www.karaisali.bel.tr\/index.php?rest_route=\/wp\/v2\/pages"}],"about":[{"href":"https:\/\/www.karaisali.bel.tr\/index.php?rest_route=\/wp\/v2\/types\/page"}],"author":[{"embeddable":true,"href":"https:\/\/www.karaisali.bel.tr\/index.php?rest_route=\/wp\/v2\/users\/10"}],"replies":[{"embeddable":true,"href":"https:\/\/www.karaisali.bel.tr\/index.php?rest_route=%2Fwp%2Fv2%2Fcomments&post=6059"}],"version-history":[{"count":0,"href":"https:\/\/www.karaisali.bel.tr\/index.php?rest_route=\/wp\/v2\/pages\/6059\/revisions"}],"up":[{"embeddable":true,"href":"https:\/\/www.karaisali.bel.tr\/index.php?rest_route=\/wp\/v2\/pages\/3958"}],"wp:attachment":[{"href":"https:\/\/www.karaisali.bel.tr\/index.php?rest_route=%2Fwp%2Fv2%2Fmedia&parent=6059"}],"curies":[{"name":"wp","href":"https:\/\/api.w.org\/{rel}","templated":true}]}}