{"id":4985,"date":"2018-07-09T16:57:37","date_gmt":"2018-07-09T13:57:37","guid":{"rendered":"https:\/\/www.karaisali.bel.tr\/?page_id=4985"},"modified":"2018-08-06T13:33:47","modified_gmt":"2018-08-06T10:33:47","slug":"temmuz-2018-meclis-kararlari","status":"publish","type":"page","link":"https:\/\/www.karaisali.bel.tr\/?page_id=4985","title":{"rendered":"Temmuz 2018 Meclis Kararlar\u0131"},"content":{"rendered":"<table>\n<tbody>\n<tr>\n<td>KARAR 55<\/td>\n<\/tr>\n<tr>\n<td>G\u00fcndemde bulunan madde gere\u011fi; Belediyemiz Mali Hizmetler M\u00fcd\u00fcrl\u00fc\u011f\u00fcn\u00fcn 26\/06\/2018 tarih ve E.1855 say\u0131l\u0131 yaz\u0131lar\u0131nda Belediye Ba\u015fkanl\u0131\u011f\u0131m\u0131za ait  maliki bulundu\u011fumuz Adana \u0130li, Karaisal\u0131 \u0130l\u00e7esi, Bekirli K\u00f6y\/ Mah. Ayr\u0131k Deresi  Mevkiinde kain, &#8211; pafta,- ada, 236 parsel say\u0131l\u0131, 16.300,00 m\u00b2 alan\u0131 Ba\u011f vas\u0131fl\u0131 mal\u0131n\/mallar\u0131n 1\/1 hissesi, Adana \u0130li, Karaisal\u0131 \u0130l\u00e7esi, Etekli K\u00f6y\/Mah, K\u00fcp Mevkiinde kain,- pafta, 107 ada, 164 parsel say\u0131l\u0131, 31.212,68 m\u00b2 alanl\u0131 Tarla vas\u0131fl\u0131 mal\u0131n\/mallar\u0131n 1\/1 hissesi, ta\u015f\u0131nmaz\u0131 \/ ta\u015f\u0131nmaz\u0131m\u0131z\u0131 T.C.Ziraat Bankas\u0131 Karaisal\u0131 \u015fubesi ad\u0131 ge\u00e7en Bankaya do\u011fmu\u015f ve do\u011facak 500.000,00-TL (BE\u015eY\u00dcZB\u0130NT\u00dcRKL\u0130RASI) 1. Derece 1. s\u0131rada  kredi faiz oran\u0131 y\u0131ll\u0131k % 18 cari    bor\u00e7lar\u0131ma\/bor\u00e7lar\u0131m\u0131za kar\u015f\u0131l\u0131k teminat olarak ipotek tesis edilmesi  i\u00e7in yetki verilmesi hususunda;gere\u011fini arz ederim.Denilmekte olup, teklif Belediyemiz Meclisince g\u00f6r\u00fc\u015f\u00fcld\u00fc. Teklif hakk\u0131nda s\u00f6z isteyen olup, olmad\u0131\u011f\u0131 soruldu. \u00dcyelerden Rifat K\u00d6RO\u011eLU s\u00f6z ald\u0131. Arkada\u015flar teklifin m\u00fcd\u00fcrl\u00fc\u011f\u00fcnden geldi\u011fi gibi kabul edilmesini teklif ediyorum. Dedi. Tekli oylamaya sunuldu. Yap\u0131lan oylama neticesinde teklifin kabul\u00fcne , Belediye Ba\u015fkanl\u0131\u011f\u0131m\u0131za ait  maliki bulundu\u011fumuz Adana \u0130li, Karaisal\u0131 \u0130l\u00e7esi, Bekirli K\u00f6y\/ Mah. Ayr\u0131k Deresi  Mevkiinde kain, &#8211; pafta,- ada, 236 parsel say\u0131l\u0131, 16.300,00 m\u00b2 alan\u0131 Ba\u011f vas\u0131fl\u0131 mal\u0131n\/mallar\u0131n 1\/1 hissesi, Adana \u0130li, Karaisal\u0131 \u0130l\u00e7esi, Etekli K\u00f6y\/Mah, K\u00fcp Mevkiinde kain,- pafta, 107 ada, 164 parsel say\u0131l\u0131, 31.212,68 m\u00b2 alanl\u0131 Tarla vas\u0131fl\u0131 mal\u0131n\/mallar\u0131n 1\/1 hissesi, ta\u015f\u0131nmaz\u0131 \/ ta\u015f\u0131nmaz\u0131m\u0131z\u0131 T.C.Ziraat Bankas\u0131 Karaisal\u0131 \u015fubesi ad\u0131 ge\u00e7en Bankaya do\u011fmu\u015f ve do\u011facak 500.000,00-TL (BE\u015eY\u00dcZB\u0130NT\u00dcRKL\u0130RASI) 1. Derece 1. s\u0131rada faiz oran\u0131 y\u0131ll\u0131k % 18 cari    kredi   bor\u00e7lar\u0131ma\/bor\u00e7lar\u0131m\u0131za kar\u015f\u0131l\u0131k teminat olarak  ipotek tesis edilmesine ,  Belediye Ba\u015fkan\u0131 Saadettin ASLAN&#8217;a yetki verilmesine, 04\/06\/2018 tarih ve 51 say\u0131l\u0131 meclis karar\u0131n\u0131n iptal edilmesine  oy birli\u011fi ile karar verildi.<br \/>\nGERE\u011e\u0130 \u0130\u00c7\u0130N MAL\u0130 H\u0130ZMETLER M\u00dcD\u00dcR\u00dcL\u011e\u00dcNE\n<\/td>\n<\/tr>\n<tr>\n<td>KARAR 56<\/td>\n<\/tr>\n<tr>\n<td>Belediye ba\u015fkanl\u0131\u011f\u0131m\u0131zca  Kerde\u015fkent  Kosova ile  Karada\u011f gezisi  ile teklif Belediyemiz Meclisince g\u00f6r\u00fc\u015f\u00fcld\u00fc. Teklif hakk\u0131nda . Ba\u015fkan Saadettin ASLAN s\u00f6z ald\u0131. Arkada\u015flar daha \u00f6nce  Kosova Glogova\u00e7 Cumhuriyeti ile karde\u015f \u015fehir olunmu\u015f , ancak  ola\u011fan\u00fcst\u00fc hal dolay\u0131s\u0131 ile yurtd\u0131\u015f\u0131 izinlerinin iptal edilmesi sebebiyle aram\u0131zda  protokol\u00fc imzalayamam\u0131\u015ft\u0131k.  Karde\u015f \u015eehir protokol\u00fcn\u00fc imzalamam\u0131z i\u00e7in  17-18-19 Temmuz tarihlerinde Kosova,Glogova\u00e7 Cumhuriyetinde  , oradan da   davet \u00fczerine  Karada\u011f\u2019 \u0131n Ba\u011f\u0131ms\u0131zl\u0131k kutlamalar\u0131n\u0131 onurland\u0131rmak  i\u00e7in  20,21,22 Temmuz tarihlerinde Karada\u011f gezisi planlanmaktad\u0131r. Ula\u015f\u0131m giderleri gidecek olan ki\u015filerin kendileri taraf\u0131ndan kar\u015f\u0131lancakt\u0131r.Dedi. Teklif hakk\u0131nda s\u00f6z isteyen olup, olmad\u0131\u011f\u0131 soruldu. \u00dcyelerden Cumal\u0131 I\u015f\u0131l s\u00f6z ald\u0131. Arkada\u015flar teklifin m\u00fcd\u00fcrl\u00fc\u011f\u00fcnden geldi\u011fi gibi kabul edilmesini teklif ediyorum. Dedi.  Teklif oylamaya sunuldu. Yap\u0131lan oylama neticesinde teklifin kabul\u00fcne oy birli\u011fi ile karar verildi.\n<\/td>\n<\/tr>\n<\/tbody>\n<\/table>\n","protected":false},"excerpt":{"rendered":"<p>KARAR 55 G\u00fcndemde bulunan madde gere\u011fi; Belediyemiz Mali Hizmetler M\u00fcd\u00fcrl\u00fc\u011f\u00fcn\u00fcn 26\/06\/2018 tarih ve E.1855 say\u0131l\u0131 yaz\u0131lar\u0131nda Belediye Ba\u015fkanl\u0131\u011f\u0131m\u0131za ait maliki bulundu\u011fumuz Adana \u0130li, Karaisal\u0131 \u0130l\u00e7esi, Bekirli K\u00f6y\/ Mah. Ayr\u0131k Deresi Mevkiinde kain, &#8211; pafta,- ada, 236 parsel say\u0131l\u0131, 16.300,00 m\u00b2 alan\u0131 Ba\u011f vas\u0131fl\u0131 mal\u0131n\/mallar\u0131n 1\/1 hissesi, Adana \u0130li, Karaisal\u0131 \u0130l\u00e7esi, Etekli K\u00f6y\/Mah, K\u00fcp Mevkiinde kain,- [&hellip;]<\/p>\n","protected":false},"author":10,"featured_media":0,"parent":3958,"menu_order":201807,"comment_status":"closed","ping_status":"closed","template":"","meta":{"footnotes":""},"class_list":["post-4985","page","type-page","status-publish","hentry"],"_links":{"self":[{"href":"https:\/\/www.karaisali.bel.tr\/index.php?rest_route=\/wp\/v2\/pages\/4985","targetHints":{"allow":["GET"]}}],"collection":[{"href":"https:\/\/www.karaisali.bel.tr\/index.php?rest_route=\/wp\/v2\/pages"}],"about":[{"href":"https:\/\/www.karaisali.bel.tr\/index.php?rest_route=\/wp\/v2\/types\/page"}],"author":[{"embeddable":true,"href":"https:\/\/www.karaisali.bel.tr\/index.php?rest_route=\/wp\/v2\/users\/10"}],"replies":[{"embeddable":true,"href":"https:\/\/www.karaisali.bel.tr\/index.php?rest_route=%2Fwp%2Fv2%2Fcomments&post=4985"}],"version-history":[{"count":0,"href":"https:\/\/www.karaisali.bel.tr\/index.php?rest_route=\/wp\/v2\/pages\/4985\/revisions"}],"up":[{"embeddable":true,"href":"https:\/\/www.karaisali.bel.tr\/index.php?rest_route=\/wp\/v2\/pages\/3958"}],"wp:attachment":[{"href":"https:\/\/www.karaisali.bel.tr\/index.php?rest_route=%2Fwp%2Fv2%2Fmedia&parent=4985"}],"curies":[{"name":"wp","href":"https:\/\/api.w.org\/{rel}","templated":true}]}}