{"id":4828,"date":"2018-06-18T14:27:08","date_gmt":"2018-06-18T11:27:08","guid":{"rendered":"https:\/\/www.karaisali.bel.tr\/?page_id=4828"},"modified":"2018-07-09T16:57:07","modified_gmt":"2018-07-09T13:57:07","slug":"haziran-2018-meclis-kararlari","status":"publish","type":"page","link":"https:\/\/www.karaisali.bel.tr\/?page_id=4828","title":{"rendered":"Haziran 2018 Meclis Kararlar\u0131"},"content":{"rendered":"<table>\n<tbody>\n<tr>\n<td>KARAR 51<\/td>\n<\/tr>\n<tr>\n<td>G\u00fcndemde bulunan madde gere\u011fi; Belediyemiz Mali Hizmetler M\u00fcd\u00fcrl\u00fc\u011f\u00fcn\u00fcn 28\/05\/2018 tarih ve E.1551 say\u0131l\u0131 yaz\u0131lar\u0131nda Belediye Ba\u015fkanl\u0131\u011f\u0131m\u0131za ait  maliki bulundu\u011fumuz Adana \u0130li, Karaisal\u0131 \u0130l\u00e7esi, Bekirli K\u00f6y\/ Mah. Ayr\u0131k Deresi  Mevkiinde kain, &#8211; pafta,- ada, 236 parsel say\u0131l\u0131, 16.300,00 m\u00b2 alan\u0131 Ba\u011f vas\u0131fl\u0131 mal\u0131n\/mallar\u0131n 1\/1 hissesi, Adana \u0130li, Karaisal\u0131 \u0130l\u00e7esi, Etekli K\u00f6y\/Mah, K\u00fcp Mevkiinde kain,- pafta, 107 ada, 164 parsel say\u0131l\u0131, 31.212,68 m\u00b2 alanl\u0131 Tarla vas\u0131fl\u0131 mal\u0131n\/mallar\u0131n 1\/1 hissesi, ta\u015f\u0131nmaz\u0131 \/ ta\u015f\u0131nmaz\u0131m\u0131z\u0131 T.C.Z.B Karaisal\u0131 \u015fubesi ad\u0131 ge\u00e7en Bankaya do\u011fmu\u015f ve do\u011facak kredi   bor\u00e7lar\u0131ma\/bor\u00e7lar\u0131m\u0131za kar\u015f\u0131l\u0131k teminat olarak ipotek ve \u015ferh konulmas\u0131 i\u00e7in yetki verilmesi hususunda;gere\u011fini arz ederim.Denilmekte olup, teklif Belediyemiz Meclisince g\u00f6r\u00fc\u015f\u00fcld\u00fc. Teklif hakk\u0131nda s\u00f6z isteyen olup, olmad\u0131\u011f\u0131 soruldu. \u00dcyelerden Rifat K\u00d6RO\u011eLU s\u00f6z ald\u0131. Arkada\u015flar teklifin m\u00fcd\u00fcrl\u00fc\u011f\u00fcnden geldi\u011fi gibi kabul edilmesini teklif ediyorum. Dedi. Tekli oylamaya sunuldu. Yap\u0131lan oylama neticesinde teklifin kabul\u00fcne , Belediye Ba\u015fkanl\u0131\u011f\u0131m\u0131za ait  maliki bulundu\u011fumuz Adana \u0130li, Karaisal\u0131 \u0130l\u00e7esi, Bekirli K\u00f6y\/ Mah. Ayr\u0131k Deresi  Mevkiinde kain, &#8211; pafta,- ada, 236 parsel say\u0131l\u0131, 16.300,00 m\u00b2 alan\u0131 Ba\u011f vas\u0131fl\u0131 mal\u0131n\/mallar\u0131n 1\/1 hissesi, Adana \u0130li, Karaisal\u0131 \u0130l\u00e7esi, Etekli K\u00f6y\/Mah, K\u00fcp Mevkiinde kain,- pafta, 107 ada, 164 parsel say\u0131l\u0131, 31.212,68 m\u00b2 alanl\u0131 Tarla vas\u0131fl\u0131 mal\u0131n\/mallar\u0131n 1\/1 hissesi, ta\u015f\u0131nmaz\u0131 \/ ta\u015f\u0131nmaz\u0131m\u0131z\u0131 T.C.Z.B Karaisal\u0131 \u015fubesi ad\u0131 ge\u00e7en Bankaya do\u011fmu\u015f ve do\u011facak kredi   bor\u00e7lar\u0131ma\/bor\u00e7lar\u0131m\u0131za kar\u015f\u0131l\u0131k teminat olarak ipotek ve \u015ferh konulmas\u0131 i\u00e7in Belediye Ba\u015fkan\u0131 Saadettin ASLAN&#8217;a yetki verilmesine oy birli\u011fi ile karar verildi.<\/td>\n<\/tr>\n<tr>\n<td>KARAR 52<\/td>\n<\/tr>\n<tr>\n<td>G\u00fcndemde bulunan madde gere\u011fi; Belediyemiz Mali  Hizmetler M\u00fcd\u00fcrl\u00fc\u011f\u00fcn\u00fcn 04\/06\/2018 tarih ve E.1615 say\u0131l\u0131 yaz\u0131lar\u0131nda; Belediye Ba\u015fkanl\u0131\u011f\u0131m\u0131zca ger\u00e7ekle\u015ftirilecek olan projeler ve muhtelif bor\u00e7lar\u0131m\u0131z\u0131 \u00f6demek \u00fczere 5393 Say\u0131l\u0131 Belediye Kanununun 68\/d maddesi uyar\u0131nca Belediyemizin 2017 y\u0131l\u0131 ger\u00e7ekle\u015fen geliri 16.761.968,23-TL olup, y\u00fczde onu olan 1.650.000,00-TL bor\u00e7lanma yetkisi verilmesi hususunda, Belediyemiz Meclisince karar al\u0131nmak \u00fczere havalesini arz ederim. Denilmekte olup, teklif hakk\u0131nda s\u00f6z isteyen olup, olmad\u0131\u011f\u0131 soruldu. \u00dcyelerden Rifat K\u00d6RO\u011eLU  s\u00f6z ald\u0131. Arkada\u015flar teklifin Plan B\u00fct\u00e7e ve M\u00fc\u015fterek komisyonunda g\u00f6r\u00fc\u015f\u00fclmek \u00fczere havalesini teklif ediyorum. Dedi. Teklif oylamaya sunuldu.  Yap\u0131lan oylama neticesinde  teklifin Plan B\u00fct\u00e7e ve M\u00fc\u015fterek Komisyonunda g\u00f6r\u00fc\u015f\u00fclmek \u00fczere havale edilmesine oy birli\u011fi ile karar verildi.<\/td>\n<\/tr>\n<tr>\n<td>KARAR 53<\/td>\n<\/tr>\n<tr>\n<td>G\u00fcndemde bulunan madde gere\u011fi; Belediyemiz Plan B\u00fct\u00e7e ve M\u00fc\u015fterek Komisyonunun 06\/06\/2018 tarih ve 7 nolu Bor\u00e7lanma ile ilgili karar\u0131n\u0131n g\u00f6r\u00fc\u015f\u00fclmesine ge\u00e7ildi. Komisyon Karar\u0131nda aynen ; Belediyemiz Meclisinin 04\/06\/2018 tarih ve 52 nolu karar\u0131 ile komisyonumuza havale edilen teklif Belediyemiz Plan B\u00fct\u00e7e ve M\u00fc\u015fterek Komisyonumuzda g\u00f6r\u00fc\u015f\u00fclmek \u00fczere 06\/06\/2018 tarihinde toplan\u0131ld\u0131.  &#8220;Belediyemiz Mali  Hizmetler M\u00fcd\u00fcrl\u00fc\u011f\u00fcn\u00fcn 04\/06\/2018 tarih ve E.1615 say\u0131l\u0131 yaz\u0131lar\u0131nda; Belediye Ba\u015fkanl\u0131\u011f\u0131m\u0131zca ger\u00e7ekle\u015ftirilecek olan projeler ve muhtelif bor\u00e7lar\u0131m\u0131z\u0131 \u00f6demek \u00fczere 5393 Say\u0131l\u0131 Belediye Kanununun 68\/d maddesi uyar\u0131nca Belediyemizin 2017 y\u0131l\u0131 ger\u00e7ekle\u015fen geliri 16.761.968,23-TL olup, y\u00fczde onu olan 1.650.000,00-TL bor\u00e7lanma yetkisi verilmesi ile ilgili teklifi g\u00f6r\u00fc\u015f\u00fcld\u00fc. Ba\u015fkanl\u0131k Makam\u0131nca verilen teklif geri \u00e7ekilmi\u015f olup,  Belediyemiz  Meclisine sunulmas\u0131na oy birli\u011fi ile karar verildi. Denilmekte olup, okunan komisyon raporu oylamaya sunuldu. Yap\u0131lan oylama neticesinde komisyon karar\u0131n\u0131n kabul\u00fcne oy birli\u011fi ile karar verildi.\n<\/td>\n<\/tr>\n<tr>\n<td>KARAR 54<\/td>\n<\/tr>\n<tr>\n<td>G\u00fcndem d\u0131\u015f\u0131 g\u00fcndeme al\u0131nan madde gere\u011fi; Belediyemiz Meclis \u00dcyelerinden Cumali I\u015eIL&#8217;\u0131n teklifinin g\u00f6r\u00fc\u015f\u00fclmesine ge\u00e7ildi. Teklifte aynen &#8220;\u0130l\u00e7emizde g\u00f6rev yapmakta olan Say\u0131n Kaymakam Vekilimiz Melih AYDO\u011eAN&#8217;\u0131n g\u00f6revi yabanc\u0131 dil kursu i\u00e7in 29\/06\/2018 tarihinde sona erecek olup, \u0130l\u00e7emize yapt\u0131\u011f\u0131 hizmetlerden dolay\u0131 Belediye Ba\u015fkanl\u0131\u011fm\u0131\u0131zca 5393 Say\u0131l\u0131 Belediye Kanununun 18\/r maddesi uyar\u0131nca Fahri Hem\u015fehrilik Payesi ve Berat\u0131 verilmesi hususunda  Belediyemiz Meclisince g\u00f6r\u00fc\u015f\u00fclmek \u00fczere havalesini arz ederim. Denilmekte olup, okunan teklif hakk\u0131nda s\u00f6z isteyen olup, olmad\u0131\u011f\u0131 soruldu.  Ba\u015fkan Saadettin ASLAN s\u00f6z ald\u0131. Arkada\u015flar teklifin kabul\u00fcn\u00fc  oylar\u0131n\u0131z\u0131 a sunuyorum. dedi. Teklif oylamaya sunuldu. Oylama sonucu  \u0130l\u00e7emizde g\u00f6rev yapmakta olan Say\u0131n Kaymakam Vekilimiz Melih AYDO\u011eAN&#8217;a , \u0130l\u00e7emize yapt\u0131\u011f\u0131 hizmetlerden dolay\u0131 Belediye Ba\u015fkanl\u0131\u011f\u0131m\u0131zca 5393 Say\u0131l\u0131 Belediye Kanununun 18\/r maddesi uyar\u0131nca Fahri Hem\u015fehrilik Payesi ve Berat\u0131 verilmesine oy birli\u011fi ile karar verildi.\n<\/td>\n<\/tr>\n<\/tbody>\n<\/table>\n","protected":false},"excerpt":{"rendered":"<p>KARAR 51 G\u00fcndemde bulunan madde gere\u011fi; Belediyemiz Mali Hizmetler M\u00fcd\u00fcrl\u00fc\u011f\u00fcn\u00fcn 28\/05\/2018 tarih ve E.1551 say\u0131l\u0131 yaz\u0131lar\u0131nda Belediye Ba\u015fkanl\u0131\u011f\u0131m\u0131za ait maliki bulundu\u011fumuz Adana \u0130li, Karaisal\u0131 \u0130l\u00e7esi, Bekirli K\u00f6y\/ Mah. Ayr\u0131k Deresi Mevkiinde kain, &#8211; pafta,- ada, 236 parsel say\u0131l\u0131, 16.300,00 m\u00b2 alan\u0131 Ba\u011f vas\u0131fl\u0131 mal\u0131n\/mallar\u0131n 1\/1 hissesi, Adana \u0130li, Karaisal\u0131 \u0130l\u00e7esi, Etekli K\u00f6y\/Mah, K\u00fcp Mevkiinde kain,- [&hellip;]<\/p>\n","protected":false},"author":10,"featured_media":0,"parent":3958,"menu_order":201806,"comment_status":"closed","ping_status":"closed","template":"","meta":{"footnotes":""},"class_list":["post-4828","page","type-page","status-publish","hentry"],"_links":{"self":[{"href":"https:\/\/www.karaisali.bel.tr\/index.php?rest_route=\/wp\/v2\/pages\/4828","targetHints":{"allow":["GET"]}}],"collection":[{"href":"https:\/\/www.karaisali.bel.tr\/index.php?rest_route=\/wp\/v2\/pages"}],"about":[{"href":"https:\/\/www.karaisali.bel.tr\/index.php?rest_route=\/wp\/v2\/types\/page"}],"author":[{"embeddable":true,"href":"https:\/\/www.karaisali.bel.tr\/index.php?rest_route=\/wp\/v2\/users\/10"}],"replies":[{"embeddable":true,"href":"https:\/\/www.karaisali.bel.tr\/index.php?rest_route=%2Fwp%2Fv2%2Fcomments&post=4828"}],"version-history":[{"count":0,"href":"https:\/\/www.karaisali.bel.tr\/index.php?rest_route=\/wp\/v2\/pages\/4828\/revisions"}],"up":[{"embeddable":true,"href":"https:\/\/www.karaisali.bel.tr\/index.php?rest_route=\/wp\/v2\/pages\/3958"}],"wp:attachment":[{"href":"https:\/\/www.karaisali.bel.tr\/index.php?rest_route=%2Fwp%2Fv2%2Fmedia&parent=4828"}],"curies":[{"name":"wp","href":"https:\/\/api.w.org\/{rel}","templated":true}]}}