{"id":4663,"date":"2018-05-21T14:57:51","date_gmt":"2018-05-21T11:57:51","guid":{"rendered":"https:\/\/www.karaisali.bel.tr\/?page_id=4663"},"modified":"2018-05-21T14:59:35","modified_gmt":"2018-05-21T11:59:35","slug":"mayis-2018-meclis-kararlari","status":"publish","type":"page","link":"https:\/\/www.karaisali.bel.tr\/?page_id=4663","title":{"rendered":"May\u0131s 2018 Meclis Kararlar\u0131"},"content":{"rendered":"<table>\n<tbody>\n<tr>\n<td>KARAR 48<\/td>\n<\/tr>\n<tr>\n<td>G\u00fcndemde bulunan madde gere\u011fi; Belediyemiz Mali Hizmetler M\u00fcd\u00fcrl\u00fc\u011f\u00fcn\u00fcn 27\/04\/2018 tarih ve 1265 say\u0131l\u0131 yaz\u0131lar\u0131nda Belediyemiz Mali Hizmetler M\u00fcd\u00fcrl\u00fc\u011f\u00fcnce haz\u0131rlanan 2017 y\u0131l\u0131 kesin hesaplar\u0131 5393 Say\u0131l\u0131 Belediye Kanununun 34\/a maddesi uyar\u0131nca Belediyemiz Enc\u00fcmeninin 27\/04\/2018 tarihli toplant\u0131s\u0131nda g\u00f6r\u00fc\u015f\u00fclm\u00fc\u015f olup, 5393 Say\u0131l\u0131 Belediye Kanununun 18\/b ve 64. maddesi gere\u011fi h\u00fck\u00fcmlerince Belediyemiz Meclisinde g\u00f6r\u00fc\u015f\u00fclmesi hususunda havalesini arz ederim. Denilmekte olup, teklif hakk\u0131nda s\u00f6z isteyen olup, olmad\u0131\u011f\u0131 soruldu. \u00dcyelerden Rifat K\u00d6RO\u011eLU s\u00f6z ald\u0131. Arkada\u015flar 2017 y\u0131l\u0131 kesin hesaplar\u0131m\u0131z\u0131n incelenmek \u00fczere Belediyemiz Plan ve B\u00fct\u00e7e Komisyonu Ba\u015fkanl\u0131\u011f\u0131nda M\u00fc\u015fterek komisyonda g\u00f6r\u00fc\u015f\u00fclmek \u00fczere havale edilmesini teklif ediyorum. dedi. Teklif oylamaya sunuldu. Yap\u0131lan oylama neticesinde teklifin kabul\u00fcne oy birli\u011fi ile karar verildi.<\/td>\n<\/tr>\n<tr>\n<td>KARAR 49<\/td>\n<\/tr>\n<tr>\n<td>G\u00fcndemde bulunan madde gere\u011fi; Belediyemiz \u0130mar ve \u015eehircilik Komisyonu Ba\u015fkanl\u0131\u011f\u0131nda m\u00fc\u015fterek komisyonunun ta\u015f\u0131nmaz sat\u0131lar\u0131 ile ilgili 17\/04\/2018 tarih ve 4 say\u0131l\u0131 komisyon raporunun g\u00f6r\u00fc\u015f\u00fclmesine ge\u00e7ildi. Komisyon raporunda aynen Belediyemiz Meclisince komisyonumuzda g\u00f6r\u00fc\u015f\u00fclmek \u00fczere Belediyemiz Meclisinin 06\/04\/2018 tarih ve 46 say\u0131l\u0131 karar\u0131 ile havale edilen M\u00fclkiyeti Belediye Ba\u015fkanl\u0131\u011f\u0131m\u0131za ait a\u015fa\u011f\u0131daki listede belirtilen ta\u015f\u0131nmazlar yerinde gezilerek komisyonumuzca incelenmi\u015ftir. Ta\u015f\u0131nmazlar\u0131n sat\u0131\u015f\u0131nda komisyonumuzca herhangi bir sak\u0131nca g\u00f6r\u00fclmeyerek sat\u0131\u015f\u0131na oy \u00e7oklu\u011fu ile karar verilmi\u015f olup, Belediyemiz Meclisine sunulmas\u0131na oy \u00e7oklu\u011fu ile karar verildi.<\/p>\n<p><a href=\"https:\/\/www.karaisali.bel.tr\/wp-content\/uploads\/2018\/05\/Satis-Yapilacak-Tasinmaz-ve-Degerleri.pdf\" target=\"_blank\" rel=\"noopener\">Ta\u015f\u0131nmazlar Listesi \u0130\u00e7in Buraya T\u0131klay\u0131n<\/a><\/p>\n<p>Denilmekte olup, okunan komisyon raporu hakk\u0131nda s\u00f6z isteyen olup, olmad\u0131\u011f\u0131 soruldu. \u00dcyelerden Esat K\u00f6se s\u00f6z ald\u0131. Arkada\u015flar komisyon raporunun komisyondan geldi\u011fi gibi , m\u00fclkiyeti Belediye Ba\u015fkanl\u0131\u011f\u0131m\u0131za ait yukar\u0131da yaz\u0131l\u0131 35 kalem ta\u015f\u0131nmazlar\u0131n sat\u0131\u015f\u0131na karar verilmesini teklif ediyorum dedi. Teklif oylamaya sunuldu. Yap\u0131lan oylama neticesinde teklifin kabul\u00fcne oy \u00e7oklu\u011fu ile karar verildi.<\/td>\n<\/tr>\n<tr>\n<td>KARAR 50<\/td>\n<\/tr>\n<tr>\n<td>Belediyemiz Plan B\u00fct\u00e7e ve M\u00fc\u015fterek Komisyonunun 2017 y\u0131l\u0131 kesin hesaplar\u0131 ile ilgili komisyon raporunun g\u00f6r\u00fc\u015f\u00fclmesine ge\u00e7ildi. Komisyon raporunda aynen ;Belediyemiz Meclisinin 02\/05\/2018 tarih ve 48 nolu karar\u0131 ile komisyonumuza havale edilen ; &#8221; Belediyemiz Plan B\u00fct\u00e7e ve M\u00fc\u015fterek Komisyonu Belediyemizce haz\u0131rlanan 2017 y\u0131l\u0131 kesin Hesaplar\u0131n\u0131 g\u00f6r\u00fc\u015fmek \u00fczere 03\/05\/2018 tarihinde saat 11,00 \u2018da Belediyemiz Meclis Toplant\u0131 salonunda topland\u0131. 5393 sayl\u0131 Belediye Kanununun 64. maddesi uyar\u0131nca haz\u0131rlanan Belediyemiz 2017 y\u0131l\u0131 Kesin Hesaplar\u0131 maddeler halinde tek tek okunarak yap\u0131lan inceleme neticesinde , 2017 Kesin Hesaplar\u0131n\u0131n Belediyemiz Enhc\u00fcmeninin 27\/04\/2018 tarih ve 19 say\u0131l\u0131 karar\u0131 ile g\u00f6r\u00fc\u015f\u00fcld\u00fc\u011f\u00fc, 2017 y\u0131l\u0131 b\u00fct\u00e7esinin 19.500.000,00-TL oldu\u011fu , 2017 y\u0131l\u0131 net geliri 16.761.968,23-TL olup, ger\u00e7ekle\u015fme oran\u0131 % 85,95 gider hesab\u0131 19.064.277,98-TL olup, ger\u00e7ekle\u015fme oran\u0131 % 97,76 oldu\u011fu ,gelirin gideri kar\u015f\u0131lama oran\u0131 % 87,92 oldu\u011fu incelenmi\u015f olup, Belediyemiz Meclisine sunulmas\u0131na oy birli\u011fi ile karar verildi. Denilmekte olup, okunan komisyor raporu hakk\u0131nda s\u00f6z isteyen olup, olmad\u0131\u011f\u0131 soruldu. \u00dcyelerden Rifat K\u00d6RO\u011eLU s\u00f6z ald\u0131. Arkada\u015flar komisyon raporunun komisyondan geldi\u011fi gibi kabul edilmesini teklif ediyorum. Dedi. Teklif oylamaya sunuldu. Yap\u0131lan oylama neticesinde teklifin kabul\u00fcne oy birli\u011fi ile karar verildi.<\/td>\n<\/tr>\n<\/tbody>\n<\/table>\n","protected":false},"excerpt":{"rendered":"<p>KARAR 48 G\u00fcndemde bulunan madde gere\u011fi; Belediyemiz Mali Hizmetler M\u00fcd\u00fcrl\u00fc\u011f\u00fcn\u00fcn 27\/04\/2018 tarih ve 1265 say\u0131l\u0131 yaz\u0131lar\u0131nda Belediyemiz Mali Hizmetler M\u00fcd\u00fcrl\u00fc\u011f\u00fcnce haz\u0131rlanan 2017 y\u0131l\u0131 kesin hesaplar\u0131 5393 Say\u0131l\u0131 Belediye Kanununun 34\/a maddesi uyar\u0131nca Belediyemiz Enc\u00fcmeninin 27\/04\/2018 tarihli toplant\u0131s\u0131nda g\u00f6r\u00fc\u015f\u00fclm\u00fc\u015f olup, 5393 Say\u0131l\u0131 Belediye Kanununun 18\/b ve 64. maddesi gere\u011fi h\u00fck\u00fcmlerince Belediyemiz Meclisinde g\u00f6r\u00fc\u015f\u00fclmesi hususunda havalesini arz [&hellip;]<\/p>\n","protected":false},"author":10,"featured_media":0,"parent":3958,"menu_order":201805,"comment_status":"closed","ping_status":"closed","template":"","meta":{"footnotes":""},"class_list":["post-4663","page","type-page","status-publish","hentry"],"_links":{"self":[{"href":"https:\/\/www.karaisali.bel.tr\/index.php?rest_route=\/wp\/v2\/pages\/4663","targetHints":{"allow":["GET"]}}],"collection":[{"href":"https:\/\/www.karaisali.bel.tr\/index.php?rest_route=\/wp\/v2\/pages"}],"about":[{"href":"https:\/\/www.karaisali.bel.tr\/index.php?rest_route=\/wp\/v2\/types\/page"}],"author":[{"embeddable":true,"href":"https:\/\/www.karaisali.bel.tr\/index.php?rest_route=\/wp\/v2\/users\/10"}],"replies":[{"embeddable":true,"href":"https:\/\/www.karaisali.bel.tr\/index.php?rest_route=%2Fwp%2Fv2%2Fcomments&post=4663"}],"version-history":[{"count":0,"href":"https:\/\/www.karaisali.bel.tr\/index.php?rest_route=\/wp\/v2\/pages\/4663\/revisions"}],"up":[{"embeddable":true,"href":"https:\/\/www.karaisali.bel.tr\/index.php?rest_route=\/wp\/v2\/pages\/3958"}],"wp:attachment":[{"href":"https:\/\/www.karaisali.bel.tr\/index.php?rest_route=%2Fwp%2Fv2%2Fmedia&parent=4663"}],"curies":[{"name":"wp","href":"https:\/\/api.w.org\/{rel}","templated":true}]}}