{"id":4377,"date":"2018-04-02T11:01:26","date_gmt":"2018-04-02T08:01:26","guid":{"rendered":"https:\/\/www.karaisali.bel.tr\/?page_id=4377"},"modified":"2018-04-02T11:11:39","modified_gmt":"2018-04-02T08:11:39","slug":"mart-2018-meclis-kararlari","status":"publish","type":"page","link":"https:\/\/www.karaisali.bel.tr\/?page_id=4377","title":{"rendered":"Mart 2018 Meclis Kararlar\u0131"},"content":{"rendered":"<table>\n<tbody>\n<tr>\n<td>KARAR 26<\/td>\n<\/tr>\n<tr>\n<td>G\u00fcndemde buluna madde gere\u011fi ; Belediyemiz Yaz\u0131 \u0130\u015fleri M\u00fcd\u00fcrl\u00fc\u011f\u00fcn\u00fcn 03\/03\/2018 tarih ve E.636 say\u0131l\u0131 yaz\u0131lar\u0131nda \u201cBelediyemiz Meclisince 06\/02\/2018 23 karar say\u0131l\u0131 Meclis Karar\u0131,  Ba\u015fkanl\u0131k Makam\u0131n\u0131n 09\/02\/2018 tarih ve 53032148-517.03-E.390 Say\u0131l\u0131 yaz\u0131lar\u0131 ile  5393 Say\u0131l\u0131 Belediye Kanunun 23. maddesi ve Belediye Meclis \u00c7al\u0131\u015fma Y\u00f6netmeli\u011finin 17. maddesi do\u011frultusunda salt \u00e7o\u011funluk sa\u011flanamad\u0131\u011f\u0131ndan 06\/03\/2018 tarihli  Karaisal\u0131 Belediye Meclisinde g\u00f6r\u00fc\u015f\u00fclmek \u00fczere iade edilmi\u015f olup, Belediyemiz Meclisince tekrar g\u00f6r\u00fc\u015f\u00fclmesi hususunda Meclise Havalesini arz ederim. Denilmekte olup okunan teklif hakk\u0131nda s\u00f6z isteyen olup, olmad\u0131\u011f\u0131 soruldu. S\u00f6z isteyen olmay\u0131nca Ba\u015fkan s\u00f6z ald\u0131. Arkada\u015flar  teklifin  tekrar komisyonda g\u00f6r\u00fc\u015f\u00fclmek \u00fczere komisyona g\u00f6nderilmesini teklif ediyorum dedi. Teklif oylamaya sunuldu. Yap\u0131lan oylama neticesinde oy birli\u011fi ile kabul edildi.\n<\/td>\n<\/tr>\n<tr>\n<td>KARAR 27<\/td>\n<\/tr>\n<tr>\n<td>G\u00fcndemde bulunan madde gere\u011fi : Belediyemiz Yaz\u0131 i\u015fleri M\u00fcd\u00fcrl\u00fc\u011f\u00fcn\u00fcn 03\/03\/2018 tarih ve E.634 Say\u0131l\u0131 yaz\u0131lar\u0131nda ;  Belediyemiz Meclis \u00dcyelerinden Abdulcelil SAK 02\/06\/2017 tarihinden bu yana   Meclis Toplant\u0131lar\u0131na mazeretsiz olarak kat\u0131lmam\u0131\u015f olup, Belediye Meclis \u00c7al\u0131\u015fma Y\u00f6netmeli\u011finin  9. Maddesinde   \u00a0(Ek:RG-27\/11\/2014-29188)  Meclis \u00fcyeli\u011fi ,\u00f6l\u00fcm  ve istifa durumunda kendili\u011finden sona erer. Meclis \u00fcyeli\u011finden istifa dilek\u00e7esi belediye ba\u015fkanl\u0131\u011f\u0131na  verilir ve ba\u015fkan taraf\u0131ndan  meclisin bilgisine sunulur. \u00d6z\u00fcrs\u00fcz  veya izinsiz olarak arka arkaya \u00fc\u00e7  birle\u015fim  g\u00fcn\u00fc veya bir y\u0131l i\u00e7inde  yap\u0131lan  toplant\u0131lar\u0131n yar\u0131s\u0131na  kat\u0131lmayan \u00fcyenin \u00fcyeli\u011finin d\u00fc\u015fmesine , savunmas\u0131 al\u0131nd\u0131ktan sonra \u00fcye tam say\u0131s\u0131n\u0131n salt \u00e7o\u011funlu\u011fuyla karar verilir.\u201d denilmekte olup, Belediyemiz Meclisince de\u011ferlendirilmek \u00fczere havalesini arz ederim. Denilmekte olup,  okunan teklif hakk\u0131nda s\u00f6z isteyen olup, olmad\u0131\u011f\u0131 soruldu. Ba\u015fkan s\u00f6z ald\u0131. Arkada\u015flar Belediyemiz Meclis \u00dcyesi Abdulcelil SAK&#8217;\u0131n 5393 Say\u0131l\u0131 Belediye Kanununun 29. maddesi ve Belediye Meclis \u00c7al\u0131\u015fma Y\u00f6netmeli\u011finin 9. maddesine istinaden meclis toplant\u0131lar\u0131na  mazeretsiz olarak  \u00d6z\u00fcrs\u00fcz  veya izinsiz olarak arka arkaya \u00fc\u00e7  birle\u015fim  g\u00fcn\u00fc veya bir y\u0131l i\u00e7inde  yap\u0131lan  toplant\u0131lar\u0131n yar\u0131s\u0131na  kat\u0131lmad\u0131\u011f\u0131 h\u00fckm\u00fcnce Meclis \u00dcyeli\u011finin sona erdirilmesini teklif ediyorum. Dedi. Teklif oylamaya sunuldu. Yap\u0131lan oylama neticesinde teklifin kabul\u00fcne  Meclis \u00dcyesi Abdulcelil SAK&#8217;\u0131n meclis \u00fcyeli\u011finin d\u00fc\u015f\u00fcr\u00fclmesine oy birli\u011fi ile karar verildi.\n<\/td>\n<\/tr>\n<tr>\n<td>KARAR 28<\/td>\n<\/tr>\n<tr>\n<td>G\u00fcndem d\u0131\u015f\u0131 g\u00fcndeme al\u0131nan madde gere\u011fi; Belediyemiz Meclis \u00dcyesi Rifat K\u00d6RO\u011eLU&#8217;nun teklifinin g\u00f6r\u00fc\u015f\u00fclmesine ge\u00e7ildi. Teklifte ; \u0130l\u00e7emiz \u00c7eceli Mahallesi 315 ile 319 ada \u00fczerine  Seyhan Belediyesi taraf\u0131ndan yapt\u0131r\u0131lan \u00e7ocuk park\u0131na  Zeydan KARALAR Park\u0131 isminin verilmesini teklif ediyorum. Dedi. \u00dcyelerden Abdullah SAKARYA s\u00f6z ald\u0131.  Arkada\u015flar teklifin  \u0130mar \u015eehircilik ve m\u00fc\u015fterek komisyonda g\u00f6r\u00fc\u015f\u00fclmek \u00fczere havale edilmesini teklif ediyorum. Dedi. Ba\u015fkan s\u00f6z ald\u0131. Arkada\u015flar Abdullah Bey\u2019in teklifini oylar\u0131n\u0131za sunuyorum. Dedi. Yap\u0131lan oylama neticesinde oy birli\u011fi ile karar verildi.\n<\/td>\n<\/tr>\n<tr>\n<td>KARAR 29<\/td>\n<\/tr>\n<tr>\n<td>Belediyemiz Fen \u0130\u015fleri M\u00fcd\u00fcrl\u00fc\u011f\u00fcn\u00fcn 05\/03\/2018 tarih ve E.657 say\u0131l\u0131 yaz\u0131lar\u0131nda Adana B\u00fcy\u00fck\u015fehir Belediye Meclisinin 11\/01\/2018 tarih ve 28 say\u0131l\u0131 karar\u0131 ile onaylanan 1\/5000 \u00f6l\u00e7ekli Adana -Karaisal\u0131 Durak Mahallesi 1017 parsel Afet Yerle\u015fim Alan\u0131 imar plan\u0131 revizyonuna uygun olarak haz\u0131rlanan 1\/1000 \u00f6l\u00e7ekli Adana-Karaisal\u0131 Durak Mahallesi 1017 parsel Afet Yerle\u015fim Alan\u0131 \u0130mar Plan\u0131 revizyonunun Belediyemiz Meclisinde g\u00f6r\u00fc\u015f\u00fclmek \u00fczere havalesini arz ederim. Denilmekte olup okunan teklif hakk\u0131nda Ba\u015fkan s\u00f6z ald\u0131. Arkada\u015flar okunan teklifin \u0130mar ve \u015eehircilik Komisyonu Ba\u015fkanl\u0131\u011f\u0131nda m\u00fc\u015fterek komisyonda g\u00f6r\u00fc\u015f\u00fclmek \u00fczere havalesini teklif ediyorum. Dedi. Yap\u0131lan oylama neticesinde teklifin kabul\u00fcne oy birli\u011fi ile karar verildi.\n<\/td>\n<\/tr>\n<tr>\n<td>KARAR 30<\/td>\n<\/tr>\n<tr>\n<td>G\u00fcndemde bulunan madde gere\u011fi; Belediyemiz \u0130mar ,\u015eehircilik ve M\u00fc\u015fterek Komisyonunun 07\/03\/2018 tarih ve 2 nolu  komisyon raporunun g\u00f6r\u00fc\u015f\u00fclmesine ge\u00e7ildi. Komisyon raporunda aynen &#8221; Belediyemiz Meclisince komisyonumuzda g\u00f6r\u00fc\u015f\u00fclmek \u00fczere Belediyemiz Meclisinin 06\/03\/2018 tarih ve 28 say\u0131l\u0131 karar\u0131 ile   havale edilen \u0130l\u00e7emiz \u00c7eceli Mahallesi i\u00e7erisinde Seyhan Belediyesi taraf\u0131ndan yapt\u0131r\u0131lan \u00e7ocuk park\u0131na  Zeydan KARALAR Park\u0131 isminin verilmesi ile ilgili teklif komisyonumuzca 07\/03\/2018 tarihinde toplanarak g\u00f6r\u00fc\u015f\u00fcld\u00fc. Yap\u0131lan g\u00f6r\u00fc\u015fme neticesinde Seyhan Belediye Ba\u015fkanl\u0131\u011f\u0131 taraf\u0131ndan \u0130l\u00e7emiz \u00c7eceli Mahallesi 315 ile 319 ada \u00fczerine  yapt\u0131r\u0131lan parka \u201cZeydan Karalar Park\u0131\u201d isminin verilmesi komisyonumuzca uygun bulunmu\u015f olup, Belediyemiz Meclisine sunulmas\u0131na oy \u00e7oklu\u011fu ile karar verildi. Denilmekte olup, okunan komisyon raporu hakk\u0131nda s\u00f6z isteyen olup, olmad\u0131\u011f\u0131 soruldu. \u00dcyelerden Abdullah SAKARYA park isminin Seyhan Belediye Park\u0131 olarak konulmas\u0131 yolunda teklifte bulundu. Teklif oylamaya sunuldu. Yap\u0131lan oylama neticesinde teklifin reddine, komisyon karar\u0131n\u0131n oy \u00e7oklu\u011fu ile kabul\u00fcne, Seyhan Belediye Ba\u015fkanl\u0131\u011f\u0131 taraf\u0131ndan \u0130l\u00e7emiz \u00c7eceli Mahallesi 315 ile 319 ada \u00fczerine  yapt\u0131r\u0131lan parka 5393 Say\u0131l\u0131 Belediye Kanununun 18\/n maddesi uyar\u0131nca  \u201cZeydan Karalar Park\u0131\u201d isminin verilmesine  5393 Say\u0131l\u0131 Belediye Kanununun 81. maddesi gere\u011fince  Kaymakaml\u0131k Makam\u0131na O&#8217;naya sunulmas\u0131na oy \u00e7oklu\u011fu ile karar verildi.\n<\/td>\n<\/tr>\n<\/tbody>\n<\/table>\n","protected":false},"excerpt":{"rendered":"<p>KARAR 26 G\u00fcndemde buluna madde gere\u011fi ; Belediyemiz Yaz\u0131 \u0130\u015fleri M\u00fcd\u00fcrl\u00fc\u011f\u00fcn\u00fcn 03\/03\/2018 tarih ve E.636 say\u0131l\u0131 yaz\u0131lar\u0131nda \u201cBelediyemiz Meclisince 06\/02\/2018 23 karar say\u0131l\u0131 Meclis Karar\u0131, Ba\u015fkanl\u0131k Makam\u0131n\u0131n 09\/02\/2018 tarih ve 53032148-517.03-E.390 Say\u0131l\u0131 yaz\u0131lar\u0131 ile 5393 Say\u0131l\u0131 Belediye Kanunun 23. maddesi ve Belediye Meclis \u00c7al\u0131\u015fma Y\u00f6netmeli\u011finin 17. maddesi do\u011frultusunda salt \u00e7o\u011funluk sa\u011flanamad\u0131\u011f\u0131ndan 06\/03\/2018 tarihli Karaisal\u0131 Belediye [&hellip;]<\/p>\n","protected":false},"author":10,"featured_media":0,"parent":3958,"menu_order":201803,"comment_status":"closed","ping_status":"closed","template":"","meta":{"footnotes":""},"class_list":["post-4377","page","type-page","status-publish","hentry"],"_links":{"self":[{"href":"https:\/\/www.karaisali.bel.tr\/index.php?rest_route=\/wp\/v2\/pages\/4377","targetHints":{"allow":["GET"]}}],"collection":[{"href":"https:\/\/www.karaisali.bel.tr\/index.php?rest_route=\/wp\/v2\/pages"}],"about":[{"href":"https:\/\/www.karaisali.bel.tr\/index.php?rest_route=\/wp\/v2\/types\/page"}],"author":[{"embeddable":true,"href":"https:\/\/www.karaisali.bel.tr\/index.php?rest_route=\/wp\/v2\/users\/10"}],"replies":[{"embeddable":true,"href":"https:\/\/www.karaisali.bel.tr\/index.php?rest_route=%2Fwp%2Fv2%2Fcomments&post=4377"}],"version-history":[{"count":0,"href":"https:\/\/www.karaisali.bel.tr\/index.php?rest_route=\/wp\/v2\/pages\/4377\/revisions"}],"up":[{"embeddable":true,"href":"https:\/\/www.karaisali.bel.tr\/index.php?rest_route=\/wp\/v2\/pages\/3958"}],"wp:attachment":[{"href":"https:\/\/www.karaisali.bel.tr\/index.php?rest_route=%2Fwp%2Fv2%2Fmedia&parent=4377"}],"curies":[{"name":"wp","href":"https:\/\/api.w.org\/{rel}","templated":true}]}}