{"id":4309,"date":"2018-03-19T15:17:10","date_gmt":"2018-03-19T12:17:10","guid":{"rendered":"https:\/\/www.karaisali.bel.tr\/?page_id=4309"},"modified":"2020-11-11T11:28:06","modified_gmt":"2020-11-11T08:28:06","slug":"fiyat-tarifeleri","status":"publish","type":"page","link":"https:\/\/www.karaisali.bel.tr\/?page_id=4309","title":{"rendered":"Fiyat Tarifeleri"},"content":{"rendered":"<table>\n<tbody>\n<tr>\n<td style=\"width: 800px;\">F\u0130YAT TAR\u0130FELER\u0130<\/td>\n<\/tr>\n<tr>\n<td><ul id=\"sayfaListesi\"><li class=\"page_item page-item-9319\"><a href=\"https:\/\/www.karaisali.bel.tr\/?page_id=9319\">2021 Fiyat Tarifeleri<\/a><\/li>\n<\/ul><\/td>\n<\/tr>\n<\/tbody>\n<\/table>\n","protected":false},"excerpt":{"rendered":"<p>F\u0130YAT TAR\u0130FELER\u0130<\/p>\n","protected":false},"author":10,"featured_media":0,"parent":0,"menu_order":0,"comment_status":"closed","ping_status":"closed","template":"","meta":{"footnotes":""},"class_list":["post-4309","page","type-page","status-publish","hentry"],"_links":{"self":[{"href":"https:\/\/www.karaisali.bel.tr\/index.php?rest_route=\/wp\/v2\/pages\/4309","targetHints":{"allow":["GET"]}}],"collection":[{"href":"https:\/\/www.karaisali.bel.tr\/index.php?rest_route=\/wp\/v2\/pages"}],"about":[{"href":"https:\/\/www.karaisali.bel.tr\/index.php?rest_route=\/wp\/v2\/types\/page"}],"author":[{"embeddable":true,"href":"https:\/\/www.karaisali.bel.tr\/index.php?rest_route=\/wp\/v2\/users\/10"}],"replies":[{"embeddable":true,"href":"https:\/\/www.karaisali.bel.tr\/index.php?rest_route=%2Fwp%2Fv2%2Fcomments&post=4309"}],"version-history":[{"count":0,"href":"https:\/\/www.karaisali.bel.tr\/index.php?rest_route=\/wp\/v2\/pages\/4309\/revisions"}],"wp:attachment":[{"href":"https:\/\/www.karaisali.bel.tr\/index.php?rest_route=%2Fwp%2Fv2%2Fmedia&parent=4309"}],"curies":[{"name":"wp","href":"https:\/\/api.w.org\/{rel}","templated":true}]}}