{"id":428,"date":"2015-07-30T16:22:54","date_gmt":"2015-07-30T13:22:54","guid":{"rendered":"http:\/\/www.karaisali.bel.tr\/?page_id=428"},"modified":"2024-09-02T15:26:48","modified_gmt":"2024-09-02T12:26:48","slug":"meclis-gundemi","status":"publish","type":"page","link":"https:\/\/www.karaisali.bel.tr\/?page_id=428","title":{"rendered":"Meclis G\u00fcndemi"},"content":{"rendered":"<ul>\n<li>(2024 EYL\u00dcL Ay\u0131\u00a0 Ola\u011fan Meclis G\u00fcndemi)(02\/07\/2024)&nbsp;\n<p>&nbsp;<\/p>\n<p>G\u00dcNDEM;<\/li>\n<li>\u0130nsan Kaynaklar\u0131 ve E\u011fitim M\u00fcd\u00fcrl\u00fc\u011f\u00fcn\u00fcn Norm Kadro iptal ve ihdas de\u011fi\u015fikli\u011fi\u00a0 ile ilgili teklif.<\/li>\n<li>Emlak ve \u0130stimlak M\u00fcd\u00fcrl\u00fc\u011f\u00fcn\u00fcn hisseli ta\u015f\u0131nmaz sat\u0131\u015f\u0131 ile ilgili teklifi<\/li>\n<\/ul>\n","protected":false},"excerpt":{"rendered":"<p>(2024 EYL\u00dcL Ay\u0131\u00a0 Ola\u011fan Meclis G\u00fcndemi)(02\/07\/2024)&nbsp; &nbsp; G\u00dcNDEM; \u0130nsan Kaynaklar\u0131 ve E\u011fitim M\u00fcd\u00fcrl\u00fc\u011f\u00fcn\u00fcn Norm Kadro iptal ve ihdas de\u011fi\u015fikli\u011fi\u00a0 ile ilgili teklif. Emlak ve \u0130stimlak M\u00fcd\u00fcrl\u00fc\u011f\u00fcn\u00fcn hisseli ta\u015f\u0131nmaz sat\u0131\u015f\u0131 ile ilgili teklifi<\/p>\n","protected":false},"author":10,"featured_media":0,"parent":0,"menu_order":0,"comment_status":"closed","ping_status":"closed","template":"","meta":{"footnotes":""},"class_list":["post-428","page","type-page","status-publish","hentry"],"_links":{"self":[{"href":"https:\/\/www.karaisali.bel.tr\/index.php?rest_route=\/wp\/v2\/pages\/428","targetHints":{"allow":["GET"]}}],"collection":[{"href":"https:\/\/www.karaisali.bel.tr\/index.php?rest_route=\/wp\/v2\/pages"}],"about":[{"href":"https:\/\/www.karaisali.bel.tr\/index.php?rest_route=\/wp\/v2\/types\/page"}],"author":[{"embeddable":true,"href":"https:\/\/www.karaisali.bel.tr\/index.php?rest_route=\/wp\/v2\/users\/10"}],"replies":[{"embeddable":true,"href":"https:\/\/www.karaisali.bel.tr\/index.php?rest_route=%2Fwp%2Fv2%2Fcomments&post=428"}],"version-history":[{"count":7,"href":"https:\/\/www.karaisali.bel.tr\/index.php?rest_route=\/wp\/v2\/pages\/428\/revisions"}],"predecessor-version":[{"id":11553,"href":"https:\/\/www.karaisali.bel.tr\/index.php?rest_route=\/wp\/v2\/pages\/428\/revisions\/11553"}],"wp:attachment":[{"href":"https:\/\/www.karaisali.bel.tr\/index.php?rest_route=%2Fwp%2Fv2%2Fmedia&parent=428"}],"curies":[{"name":"wp","href":"https:\/\/api.w.org\/{rel}","templated":true}]}}