{"id":426,"date":"2015-07-30T16:10:56","date_gmt":"2015-07-30T13:10:56","guid":{"rendered":"http:\/\/www.karaisali.bel.tr\/?page_id=426"},"modified":"2015-07-31T17:17:42","modified_gmt":"2015-07-31T14:17:42","slug":"temmuz-2015-meclis-kararlari","status":"publish","type":"page","link":"https:\/\/www.karaisali.bel.tr\/?page_id=426","title":{"rendered":"Temmuz 2015 Meclis Kararlar\u0131"},"content":{"rendered":"<table>\n<tbody>\n<tr>\n<td>KARAR 53<\/td>\n<\/tr>\n<tr>\n<td>G\u00fcndemde bulunan madde gere\u011fi; Belediyemiz Yaz\u0131 \u0130\u015fleri M\u00fcd\u00fcrl\u00fc\u011f\u00fcn\u00fcn 03\/07\/2015 tarih ve 9 nolu yaz\u0131lar\u0131nda;  il\u00e7emiz Sar\u0131konak Mahalle Muhtar\u0131 Selami YILMAZ Sar\u0131konak Mahalle isminin Fettahl\u0131 Mahallesi olarak de\u011fi\u015ftirilmesi ile ilgili dilek\u00e7eli talepte bulunmu\u015f olup, dilek\u00e7esinde;  \u0130l\u00e7emize ba\u011fl\u0131 Belediyemiz sorumluluk alan\u0131nda bulunan Sar\u0131konak Mahallesi muhtar\u0131 olarak mahalle sakinlerinden taraf\u0131ma gelen \u015fikayetler \u00fczerine , mahalle ismimizin Fettahl\u0131 K\u00f6y\u00fc iken 1960 l\u0131 y\u0131llardan sonra  SARIKONAK K\u00f6y\u00fc olarak de\u011fi\u015ftirilmi\u015ftir. Ancak Mahalle ismimiz her ne kadar Sar\u0131konak olarak de\u011fi\u015fse de tapu kay\u0131tlar\u0131 \u00f6ncelikli olmak \u00fczere \u00e7o\u011fu resmi kurumlarda Fettahl\u0131 K\u00f6y\u00fc olarak g\u00f6r\u00fclmektedir. Bu nedenle kar\u0131\u015f\u0131kl\u0131\u011fa neden oluyor ve mahalle sakinlerimiz ma\u011fdur duruma d\u00fc\u015f\u00fcyor. Bu ma\u011fduriyetlerin giderilmesi ve kar\u0131\u015f\u0131kl\u0131klar\u0131n \u00f6nlenmesi amac\u0131 ile SARIKONAK MAHALLES\u0130 isminin FETTAHLI MAHALLES\u0130  olarak d\u00fczeltilmesi hususunda arz ederim. demektedir. 5393 Say\u0131l\u0131 Belediye Kanununun Mahalle ve Y\u00f6netimi Ba\u015fl\u0131kl\u0131 9. Maddesine istinaden \u0130l\u00e7emiz Sar\u0131konak Mahallesi isminin Fettahl\u0131 Mahallesi olarak de\u011fi\u015ftirilmesi i\u00e7in Belediyemiz Meclisine havalesini arz ederim denilmekte olup teklif hakk\u0131nda s\u00f6z isteyen olup olmad\u0131\u011f\u0131 sorudu. \u00dcyelerden Mustafa EK\u0130C\u0130 s\u00f6z ald\u0131 . Teklifin Tar\u0131m orman ve Mahalle komisyonu ve m\u00fc\u015fterek komisyonda g\u00f6r\u00fc\u015f\u00fclmek \u00fczere havale edilmesini teklif ediyorum. Dedi. Teklif oylamaya sunuldu. Yap\u0131lan oylamada teklifin kabul\u00fcne oy birli\u011fi ile karar verildi.\n<\/td>\n<\/tr>\n<tr>\n<td>KARAR 54<\/td>\n<\/tr>\n<tr>\n<td>G\u00fcndemde Bulunan Madde gere\u011fi; Belediyemiz Fen \u0130\u015fleri M\u00fcd\u00fcrl\u00fc\u011f\u00fcn\u00fcn 02\/07\/2015 tarih ve 743 say\u0131l\u0131 yaz\u0131lar\u0131nda Belediye Ba\u015fkanl\u0131\u011f\u0131m\u0131zca Y\u00fckseli\u015f \u0130mar \u0130n\u015f.Tek.San.Tic.Ltd. \u015eti.ne haz\u0131rlat\u0131lm\u0131\u015f bulunan 1\/1000 \u00f6l\u00e7ekli imar plan\u0131n\u0131n Belediye Meclisinde g\u00f6r\u00fc\u015f\u00fclerek onaylanmas\u0131 hususunda gere\u011fini arz ederim. Denilmekte olup, teklif hakk\u0131nda s\u00f6z isteyen olup, olmad\u0131\u011f\u0131 soruldu. \u00dcyelerden Abdulcelil SAK s\u00f6z ald\u0131. Arkada\u015flar Teklifin \u0130mar ve Bay\u0131nd\u0131rl\u0131k ve M\u00fc\u015fterek  Komisyonunda g\u00f6r\u00fc\u015f\u00fclmek \u00fczere havalesini teklif ediyorum. Dedi. Teklif oylamaya sunuldu. Yap\u0131lan oylama neticesinde teklifin kabul\u00fcne oy birli\u011fi ile karar verildi.<\/td>\n<\/tr>\n<tr>\n<td>KARAR 55<\/td>\n<\/tr>\n<tr>\n<td>G\u00fcndemde bulunan madde gere\u011fi; Belediyemiz K\u0131rsal Hizmetler M\u00fcd\u00fcrl\u00fc\u011f\u00fcnce haz\u0131rlanan K\u0131rsal Hizmetler M\u00fcd\u00fcrl\u00fc\u011f\u00fc Y\u00f6netmeli\u011finin g\u00f6r\u00fc\u015f\u00fclmesi ile ilgili teklif okundu. Teklif hakk\u0131nda s\u00f6z isteyen olup, olmad\u0131\u011f\u0131 soruldu. \u00dcyelerden Abdulcelil SAK  s\u00f6z ald\u0131. Arkada\u015flar teklifin Plan B\u00fct\u00e7e ve M\u00fc\u015fterek komisyonda g\u00f6r\u00fc\u015f\u00fclmek \u00fczere havale edilmesini teklif ediyorum. Dedi. Teklif oylamaya sunuldu. Yap\u0131lan oylama neticesinde teklifin kabul\u00fcne oy birli\u011fi ile karar verildi.<\/td>\n<\/tr>\n<tr>\n<td>KARAR 56<\/td>\n<\/tr>\n<tr>\n<td>G\u00fcndemde bulunan madde gere\u011fi; Belediyemiz Tar\u0131m Orman Mahalle ve M\u00fc\u015fterek komisyonunun Sar\u0131konak Mahallesinin Fettahl\u0131 Mahallesi olarak de\u011fi\u015fiklik yap\u0131lmas\u0131 ile ilgili komisyon raporunun g\u00f6r\u00fc\u015f\u00fclmesine ge\u00e7ildi. Komisyon Raporunda aynen Belediyemiz Yaz\u0131 \u0130\u015fleri M\u00fcd\u00fcrl\u00fc\u011f\u00fcn\u00fcn 03\/07\/2015 tarih ve 9 nolu yaz\u0131lar\u0131 ekindeki  Sar\u0131konak Mahalle Muhtar\u0131 Selami YILMAZ\u2019\u0131n vermi\u015f oldu\u011fu  Sar\u0131konak Mahalle isminin Fettahl\u0131 Mahallesi olarak de\u011fi\u015ftirilmesi ile ilgili dilek\u00e7eli talebi komisyonumuzca incelenmi\u015f olup, Mahalle Muhtar\u0131n\u0131n ve Mahalle Sakinlerinin \u00e7o\u011funluklu olarak vermi\u015f olduklar\u0131 dilek\u00e7eli  talepleri yerinde bulunmu\u015f olup, \u0130l\u00e7emiz Sar\u0131konak Mahalle isminin Fettahl\u0131 Mahallesi olarak de\u011fi\u015ftirilmesine ve Belediyemiz Meclisine sunulmas\u0131na oy birli\u011fi ile karar verilmi\u015ftir. Denilmekte olup, okunan komisyon raporu hakk\u0131nda s\u00f6z isteyen olup, olmad\u0131\u011f\u0131 soruldu. S\u00f6z isteyen olmad\u0131\u011f\u0131ndan Komisyon raporu oylamaya sunuldu. Yap\u0131lan oylama neticesinde komisyon raporunun kabul\u00fcne oy birli\u011fi ile   karar verildi.<\/td>\n<\/tr>\n<tr>\n<td>KARAR 57<\/td>\n<\/tr>\n<tr>\n<td>G\u00fcndemde Bulunan Madde gere\u011fi; Belediyemiz Plan B\u00fct\u00e7e ve M\u00fc\u015fterek komisyonu Belediyemiz K\u0131rsal Hizmetler M\u00fcd\u00fcrl\u00fc\u011f\u00fcnce haz\u0131rlanan K\u0131rsal Hizmetler M\u00fcd\u00fcrl\u00fc\u011f\u00fc Y\u00f6netmeli\u011fini g\u00f6r\u00fc\u015fmek \u00fczere 09\/07\/2015 tarihinde saat 11;00 da Belediyemiz Meclis Toplant\u0131 salonunda topland\u0131. Haz\u0131rlanan K\u0131rsal Hizmetler M\u00fcd\u00fcrl\u00fc\u011f\u00fc Y\u00f6netmeli\u011fi tek tek okunarak incelendi.  M\u00fcd\u00fcrl\u00fc\u011f\u00fcnden geldi\u011fi gibi kabul edilmesine oy birli\u011fi ile karar verildi. Denilmekte olup,  Komisyon raporu hakk\u0131nda s\u00f6z isteyen olup, olmad\u0131\u011f\u0131 soruldu.  S\u00f6z isteyen olmad\u0131\u011f\u0131ndan komisyon raporu oylamaya sunuldu. Yap\u0131lan oylama neticesinde komisyon karar\u0131n\u0131n kabul\u00fcne oy birli\u011fi ile karar verildi. <\/td>\n<\/tr>\n<tr>\n<td>KARAR 58<\/td>\n<\/tr>\n<tr>\n<td>G\u00fcndem d\u0131\u015f\u0131 g\u00fcndeme al\u0131nan madde gere\u011fi; Belediyemiz Yaz\u0131 i\u015fleri m\u00fcd\u00fcrl\u00fc\u011f\u00fcn\u00fcn 10\/07\/2015 tarih ve 634 say\u0131l\u0131 yaz\u0131lar\u0131nda Merkezi Ankara (Cevizlidere Mah. Ceyhun Atuf Kansu  Cad. No: 137 \/ 7-8 Balgat\/Ankara )\u2019da bulunan Mahalli \u0130dareler \u0130\u015fverenleri Sendikas\u0131na Belediyemizce \u00fcye olunmas\u0131na ;<br \/>\n\u00dcyelik aidat\u0131 olarak Belediyemizin 01 Ocak veya 01 Temmuz tarihi itibariyle i\u015f\u00e7ilere \u00f6dedi\u011fi bir g\u00fcnl\u00fck \u00e7\u0131plak asgari \u00fccretleri toplam\u0131n\u0131n on ikide \u00fc\u00e7 (3\/12) olarak bulunacak miktar\u0131n sendikan\u0131n ilgili banka hesab\u0131na veya Belediyemizin \u0130ller Bankas\u0131 hissesinden tutulmak suretiyle \u00f6denmesine, \u0130ller Bankas\u0131na bu konuda yetki verilmesine<br \/>\n\t\tBelediyemizde \u00e7al\u0131\u015fan i\u015f\u00e7ilerin ba\u011fl\u0131 bulunduklar\u0131 sendika ile yap\u0131lacak Toplu-\u0130\u015f s\u00f6zle\u015fmesi g\u00f6r\u00fc\u015fmelerinde Belediyemizi temsilen sendikaya yetki verilmesine, yetki belgesinin Belediye Ba\u015fkanl\u0131\u011f\u0131nca d\u00fczenlenmesine Belediye Ba\u015fkan\u0131 Saadettin ASLAN &#8216;a yetki verilmesine  ait meclis karar\u0131n\u0131n al\u0131nmas\u0131 hususunda,  Gere\u011fini arz ederim. Denilmekte olup, teklif hakk\u0131nda s\u00f6z isteyen olup olmad\u0131\u011f\u0131 soruldu. S\u00f6z isteyen olmad\u0131\u011f\u0131ndan teklif oylamaya sunuldu. Yap\u0131lan oylama neticesinde teklifin M\u00fcd\u00fcrl\u00fc\u011f\u00fcnden geldi\u011fi gibi kabul\u00fcne oy birli\u011fi ile karar verildi. <\/td>\n<\/tr>\n<\/tbody>\n<\/table>\n","protected":false},"excerpt":{"rendered":"<p>KARAR 53 G\u00fcndemde bulunan madde gere\u011fi; Belediyemiz Yaz\u0131 \u0130\u015fleri M\u00fcd\u00fcrl\u00fc\u011f\u00fcn\u00fcn 03\/07\/2015 tarih ve 9 nolu yaz\u0131lar\u0131nda; il\u00e7emiz Sar\u0131konak Mahalle Muhtar\u0131 Selami YILMAZ Sar\u0131konak Mahalle isminin Fettahl\u0131 Mahallesi olarak de\u011fi\u015ftirilmesi ile ilgili dilek\u00e7eli talepte bulunmu\u015f olup, dilek\u00e7esinde; \u0130l\u00e7emize ba\u011fl\u0131 Belediyemiz sorumluluk alan\u0131nda bulunan Sar\u0131konak Mahallesi muhtar\u0131 olarak mahalle sakinlerinden taraf\u0131ma gelen \u015fikayetler \u00fczerine , mahalle ismimizin [&hellip;]<\/p>\n","protected":false},"author":10,"featured_media":0,"parent":412,"menu_order":20157,"comment_status":"closed","ping_status":"closed","template":"","meta":{"footnotes":""},"class_list":["post-426","page","type-page","status-publish","hentry"],"_links":{"self":[{"href":"https:\/\/www.karaisali.bel.tr\/index.php?rest_route=\/wp\/v2\/pages\/426","targetHints":{"allow":["GET"]}}],"collection":[{"href":"https:\/\/www.karaisali.bel.tr\/index.php?rest_route=\/wp\/v2\/pages"}],"about":[{"href":"https:\/\/www.karaisali.bel.tr\/index.php?rest_route=\/wp\/v2\/types\/page"}],"author":[{"embeddable":true,"href":"https:\/\/www.karaisali.bel.tr\/index.php?rest_route=\/wp\/v2\/users\/10"}],"replies":[{"embeddable":true,"href":"https:\/\/www.karaisali.bel.tr\/index.php?rest_route=%2Fwp%2Fv2%2Fcomments&post=426"}],"version-history":[{"count":0,"href":"https:\/\/www.karaisali.bel.tr\/index.php?rest_route=\/wp\/v2\/pages\/426\/revisions"}],"up":[{"embeddable":true,"href":"https:\/\/www.karaisali.bel.tr\/index.php?rest_route=\/wp\/v2\/pages\/412"}],"wp:attachment":[{"href":"https:\/\/www.karaisali.bel.tr\/index.php?rest_route=%2Fwp%2Fv2%2Fmedia&parent=426"}],"curies":[{"name":"wp","href":"https:\/\/api.w.org\/{rel}","templated":true}]}}