{"id":4158,"date":"2018-02-06T11:53:03","date_gmt":"2018-02-06T08:53:03","guid":{"rendered":"https:\/\/www.karaisali.bel.tr\/?page_id=4158"},"modified":"2018-04-02T11:10:28","modified_gmt":"2018-04-02T08:10:28","slug":"subat-2018-meclis-kararlari","status":"publish","type":"page","link":"https:\/\/www.karaisali.bel.tr\/?page_id=4158","title":{"rendered":"\u015eubat 2018 Meclis Kararlar\u0131"},"content":{"rendered":"<table>\n<tbody>\n<tr>\n<td>KARAR 12<\/td>\n<\/tr>\n<tr>\n<td>Belediyemiz Yaz\u0131 \u0130\u015fleri M\u00fcd\u00fcrl\u00fc\u011f\u00fcn\u00fcn 29\/01\/2018 tarih ve E267 say\u0131l yaz\u0131lar\u0131nda ; 696 Say\u0131l\u0131 Kanun H\u00fckm\u00fcnde Kararname uyar\u0131nca Belediyemizde kurulacak olan Karaisal\u0131 Belediyesi Personel Limited \u015eirketine \u015firket y\u00f6neticilerinin atama yetkisinin Belediye Ba\u015fkan\u0131 Saadettin ASLAN\u2019a verilmesi ile ilgili teklif okundu. Teklif hakk\u0131nda s\u00f6z isteyen olup, olmad\u0131\u011f\u0131 soruldu. \u00dcyelerden Abdullah SAKARYA s\u00f6z ald\u0131. Arkada\u015flar teklifin plan b\u00fct\u00e7e komisyonu ba\u015fkanl\u0131\u011f\u0131nda m\u00fc\u015fterek komisyonda g\u00f6r\u00fc\u015f\u00fclmek \u00fczere havale edilmesini teklif ediyorum. Dedi. Teklif oylamaya sunuldu. yap\u0131lan oylama neticesinde teklifin kabul\u00fcne oy birli\u011fi ile karar verildi.<\/td>\n<\/tr>\n<tr>\n<td>KARAR 13<\/td>\n<\/tr>\n<tr>\n<td>Belediyemiz Yaz\u0131 \u0130\u015fleri M\u00fcd\u00fcrl\u00fc\u011f\u00fcn\u00fcn 29\/01\/2018 tarih ve E263 say\u0131l yaz\u0131lar\u0131nda ; 696 Say\u0131l\u0131 Kanun H\u00fckm\u00fcnde Kararname uyar\u0131nca Belediyemizde kurulacak olan Karaisal\u0131 Belediyesi Personel Limited \u015eirketine al\u0131nacak olan i\u015f\u00e7i personellerin s\u00f6zle\u015fmeye al\u0131nma s\u0131nav\u0131n\u0131n belirlenmesi i\u00e7in Belediye Ba\u015fkan\u0131 Saadettin ASLAN&#8217;a yetki verilmesi ile ilgili teklif okundu. Teklif hakk\u0131nda s\u00f6z isteyen olup, olmad\u0131\u011f\u0131 soruldu. \u00dcyelerden Abdullah SAKARYA s\u00f6z ald\u0131. Arkada\u015flar teklifin m\u00fcd\u00fcrl\u00fc\u011f\u00fcnden geldi\u011fi gibi kabul edilmesini teklif ediyorum. Dedi. Teklif oylamaya sunuldu. Yap\u0131lan oylama neticesinde teklifin kabul\u00fcne oy birli\u011fi ile karar verildi.<\/td>\n<\/tr>\n<tr>\n<td>KARAR 14<\/td>\n<\/tr>\n<tr>\n<td>Belediyemiz Yaz\u0131 i\u015fleri M\u00fcd\u00fcrl\u00fc\u011f\u00fcn\u00fcn 29\/01\/2018 tarih ve E.265 Say\u0131l\u0131 yaz\u0131lar\u0131nda , Adana Valili\u011fi Yat\u0131r\u0131m \u0130zleme ve Koordinasyon Merkezince yap\u0131lacak olan K\u00fclt\u00fcr ve Tabiat Varl\u0131klar\u0131 koruma s\u0131n\u0131rlar\u0131 i\u00e7erisinde kalan yerlere proje yapmak ve uygulamak \u00fczere Belediye Ba\u015fkan\u0131 Saadettin ASLAN \u2018a yetki verilmesi ile ilgili teklif.Okundu. Teklif hakk\u0131nda s\u00f6z isteyen olup, olmad\u0131\u011f\u0131 soruldu. \u00dcyelerden Abdullah SAKARYA s\u00f6z ald\u0131. Arkada\u015flar teklifin m\u00fcd\u00fcrl\u00fc\u011f\u00fcnden geldi\u011fi gibi kabul edilmesini teklif ediyorum. Dedi. Teklif oylamaya sunuldu. yap\u0131lan oylama neticesinde kabul\u00fcne oy birli\u011fi ile karar verildi.<\/td>\n<\/tr>\n<tr>\n<td>KARAR 15<\/td>\n<\/tr>\n<tr>\n<td>Belediyemiz Yaz\u0131 \u0130\u015fleri M\u00fcd\u00fcrl\u00fc\u011f\u00fcn\u00fcn 29\/01\/2018 tarih ve E.266 Say\u0131l\u0131 yaz\u0131lar\u0131nda , Belediye Ba\u015fkanl\u0131\u011f\u0131m\u0131za yurt i\u00e7i ve yurt d\u0131\u015f\u0131ndan yap\u0131lacak olan STK ve i\u015f adamlar\u0131nca yap\u0131lacak olan hibe programlar\u0131 ile ilgili yap\u0131lacak olan protokolleri imzalamak \u00fczere Belediye Ba\u015fkan\u0131 Saadettin ASLAN\u2019a yetki verilmesi ile ilgili teklif okundu. Teklif hakk\u0131nda s\u00f6z isteyen olup, olmad\u0131\u011f\u0131 soruldu. \u00dcyelerden Abdullah SAKARYA s\u00f6z ald\u0131. Arkada\u015flar teklifin m\u00fcd\u00fcrl\u00fc\u011f\u00fcnden geldi\u011fi gibi kabul edilmesini teklif ediyorum. Dedi. Teklif oylamaya sunuldu. Yap\u0131lan oylama neticesinde kabul\u00fcne oy birli\u011fi ile karar verildi.<\/td>\n<\/tr>\n<tr>\n<td>KARAR 16<\/td>\n<\/tr>\n<tr>\n<td>Adana Valili\u011fi \u0130l Mahalli \u0130dareler M\u00fcd\u00fcrl\u00fc\u011f\u00fcn\u00fcn 23\/01\/2018 tarih ve E.2831 say\u0131l\u0131 yaz\u0131lar\u0131 ekindeki \u0130\u00e7i\u015fleri Bakanl\u0131\u011f\u0131 Mahalli \u0130dareler Genel M\u00fcd\u00fcrl\u00fc\u011f\u00fcn\u00fcn 18\/01\/2018 tarihli olurlar\u0131 ile Kosova Cumhuriyeti Glogova\u00e7 \u015eehri ile Karde\u015f Kent olunmu\u015f olup, karde\u015f kent olarak k\u00fclt\u00fcrel, sosyal ve ekonomik i\u015fbirli\u011fi yapmak \u00fczere 15 \u015eUBAT 2018 \u2013 25 \u015eUBAT 2018 tarihleri aras\u0131nda Belediye Ba\u015fkan\u0131, Meclis \u00dcyeleri , Belediyemiz Personellerinin ula\u015f\u0131m, bar\u0131nma ve di\u011fer harc\u0131rah \u00fccretlerinin Belediye Ba\u015fkanl\u0131\u011f\u0131m\u0131z b\u00fct\u00e7esinden kar\u015f\u0131lanmak \u00fczere Kosova Cumhuriyeti Glogova\u00e7 \u015fehrine resmi g\u00f6revli olarak g\u00f6revlendirilmesi i\u00e7in Belediyemiz Meclisinde karar al\u0131nmak \u00fczere havalesini arz ederim. Denilmekte olup, okunan teklif hakk\u0131nda s\u00f6z isteyen olup olmad\u0131\u011f\u0131 soruldu. \u00dcyelerden Abdullah SAKARYA s\u00f6z ald\u0131. Arkada\u015flar teklifin m\u00fcd\u00fcrl\u00fc\u011f\u00fcnden geldi\u011fi gibi kabul edilmesini teklif ediyorum. Dedi. Teklif oylamaya sunuldu. Yap\u0131lan oylama neticesinde kabul\u00fcne oy birli\u011fi ile karar verildi.<\/td>\n<\/tr>\n<tr>\n<td>KARAR 17<\/td>\n<\/tr>\n<tr>\n<td>Belediyemiz \u0130nsan Kaynaklar\u0131 ve E\u011fitim M\u00fcd\u00fcrl\u00fc\u011f\u00fcn\u00fcn 29\/01\/2018 tarih ve E.269 say\u0131l\u0131 yaz\u0131lar\u0131nda ; Belediyemiz Norm Kadrosunda daha \u00f6nce ihdas edilen 2 adet in\u015faat m\u00fchendisi kadrosu Devlet Personel Ba\u015fkanl\u0131\u011f\u0131 veri taban\u0131nda yer almamaktad\u0131r. Bu nedenle 2 adet in\u015faat m\u00fchendisi kadrosunun iptal edilerek yerine 1 adet tekniker ile 1 adet programc\u0131 kadrosunun ihdas edilmesi ile ilgili kadro iptal-ihdas tablosu yaz\u0131m\u0131z ekinde sunulmu\u015f olup,5393 say\u0131l\u0131 Belediye Kanununun 18\/l maddesi uyar\u0131nca Belediyemiz Meclisince g\u00f6r\u00fc\u015f\u00fclmek ve onaylanmak \u00fczere havalesini arz ederim. Denilmekte olup, teklif hakk\u0131nda s\u00f6z isteyen olup, olmad\u0131\u011f\u0131 soruldu. \u00dcyelerden Cumali I\u015eIL s\u00f6z ald\u0131. Arkada\u015flar teklifin m\u00fcd\u00fcrl\u00fc\u011f\u00fcnden geldi\u011fi gibi kabul edilmesini teklif ediyorum. Dedi. Teklif oylamaya sunuldu. Yap\u0131lan oylama neticesinde teklifin kabul\u00fcne oy birli\u011fi ile karar verildi.<\/td>\n<\/tr>\n<tr>\n<td>KARAR 18<\/td>\n<\/tr>\n<tr>\n<td>Belediyemiz Yaz\u0131 \u0130\u015fleri M\u00fcd\u00fcrl\u00fc\u011f\u00fcn\u00fcn 29\/01\/2018 tarih ve E.262 say\u0131l\u0131 yaz\u0131lar\u0131nda ; Belediye Ba\u015fkanl\u0131\u011f\u0131m\u0131zda haz\u0131rlat\u0131l\u0131p, \u00c7ukurova Kalk\u0131nma Ajans\u0131na, AB Programlar\u0131 Hibelerinde ve di\u011fer kamu kurum ve kurulu\u015flar\u0131 ile hibe veren kurulu\u015flara Belediye Ba\u015fkanl\u0131\u011f\u0131m\u0131zca yap\u0131lacak olan proje ba\u015fvurular\u0131m\u0131z\u0131 takip etmeye , \u00f6n fizibilite \u00e7al\u0131\u015fmalar\u0131n\u0131n desteklenmesi, turizmin geli\u015ftirilmesi k\u00fc\u00e7\u00fck \u00f6l\u00e7ekli alt yap\u0131 program deste\u011fi, rekabet g\u00fcc\u00fcn\u00fcn geli\u015ftirilmesi , turizme yat\u0131r\u0131m\u0131 yap\u0131lacak projeler , k\u0131r\u0131lgan gruplar\u0131n g\u00fc\u00e7lendirilmesi k\u00fc\u00e7\u00fck \u00f6l\u00e7ekli alt yap\u0131 projeleri ve di\u011fer projeleri haz\u0131rlatmaya, proje ile ilgili olarak Belediyemizi temsile ve imzas\u0131 ile Belediyemizi ilzama, proje belgelerini imzalamaya, Belediyemiz ad\u0131na ilgili bankalardan proje hesab\u0131 a\u00e7maya , bu hesaba para aktarmaya, proje ile ilgili harcamalar\u0131 yapmaya , AB Programlar\u0131 Hibeleri , \u00c7ukurova Kalk\u0131nma Ajans\u0131 ve di\u011fer kamu kurum ve kurulu\u015flar\u0131 ile Proje S\u00f6zle\u015fmesini imzalamaya , projeyi uygulamaya, Belediye Ba\u015fkan\u0131 Saadettin ASLAN\u2019\u0131n yetkili k\u0131l\u0131nmas\u0131 i\u00e7in Belediyemiz Meclisince karar al\u0131nmak \u00fczere havalesini ,O&#8217;lurlar\u0131n\u0131za arz ederim.Denilmekte olup, okunan teklif hakk\u0131nda s\u00f6z isteyen olup, olmad\u0131\u011f\u0131 soruldu. \u00dcyelerden Abdullah SAKARYA s\u00f6z ald\u0131. Arkada\u015flar okunan teklifin m\u00fcd\u00fcrl\u00fc\u011f\u00fcnden geldi\u011fi gibi kabul edilmesini teklif ediyorum. Dedi. Teklif oylamaya sunuldu. Yap\u0131lan oylama neticesinde kabul\u00fcne oy birli\u011fi ile karar verildi.<\/td>\n<\/tr>\n<tr>\n<td>KARAR 19<\/td>\n<\/tr>\n<tr>\n<td>Belediyemiz Yaz\u0131 \u0130\u015fleri M\u00fcd\u00fcrl\u00fc\u011f\u00fcn\u00fcn 29\/01\/2018 tarih ve E.268 Say\u0131l\u0131 yaz\u0131lar\u0131nda Belediye Ba\u015fkanl\u0131\u011f\u0131m\u0131z ad\u0131na \u00c7ukurova Kalk\u0131nma Ajans\u0131 ile di\u011fer kamu kurum ve kurulu\u015flar\u0131na olan bor\u00e7lar\u0131m\u0131z\u0131 yap\u0131land\u0131rmak \u00fczere Belediye Ba\u015fkan\u0131 Saadettin ASLAN&#8217;a yetki verilmesi i\u00e7in Belediyemiz Meclisine havalesini arz ederim. Denilmekte olup, teklif hakk\u0131nda s\u00f6z isteyen olup, olmad\u0131\u011f\u0131 soruldu. \u00dcyelerden Abdullah SAKARYA s\u00f6z ald\u0131. Arkada\u015flar; Kamu Kurum ve Kurulu\u015flar\u0131n\u0131n teklifin i\u00e7in i\u00e7inden \u00e7\u0131kar\u0131larak sadece \u00c7ukurova Kalk\u0131nma Ajans\u0131na olan bor\u00e7lar\u0131n yap\u0131land\u0131r\u0131lmas\u0131n\u0131 teklif ediyorum. Dedi. Teklif oylamaya sunuldu. Yap\u0131lan oylama neticesinde teklifin kabul\u00fcne oy birli\u011fi ile karar verildi.<\/td>\n<\/tr>\n<tr>\n<td>KARAR 20<\/td>\n<\/tr>\n<tr>\n<td>Belediyemiz Yaz\u0131 \u0130\u015fleri M\u00fcd\u00fcrl\u00fc\u011f\u00fcn\u00fcn 29\/01\/2018 tarih ve E.271 say\u0131l\u0131 yaz\u0131lar\u0131nda ; Belediye Ba\u015fkanl\u0131\u011f\u0131m\u0131zca il\u00e7emiz G\u00fcven\u00e7 Mahallesi Dambozan Mevki 0 ada 1281 parselde bulunan imar plan\u0131nda mezbahane ve hayvan pazar\u0131 olarak yer alan ta\u015f\u0131nmaz Belediyemiz Enc\u00fcmeninin 04\/01\/2018 tarih ve (1) say\u0131l\u0131 karar\u0131 ile , Kaymakaml\u0131k Makam\u0131n\u0131n da 24\/01\/2018 tarihli O&#8217;nay\u0131 ile kamula\u015ft\u0131r\u0131lmas\u0131 kararla\u015ft\u0131r\u0131lm\u0131\u015ft\u0131r.<br \/>\nBelediye Ba\u015fkanl\u0131\u011f\u0131m\u0131zca il\u00e7e merkezine yap\u0131lacak olan kapal\u0131 semt pazar\u0131 yap\u0131lmas\u0131, K\u0131ralan Mahallesinde ve Dokuzoluk Mesire Alanlar\u0131na tesisler yap\u0131lmas\u0131 , Karap\u0131nar Mahallesi Mehmet GE\u00c7\u0130O\u011eLU Caddesi no:18 &#8216;de bulunan ta\u015f\u0131nmaz\u0131n Kuva-yi Milliye M\u00fczesi olarak in\u015faa edilmek \u00fczere kamula\u015ft\u0131r\u0131lmas\u0131 ve il\u00e7emize kazand\u0131r\u0131lmas\u0131 planlanmaktad\u0131r. S\u00f6z konusu projelerimizin hayata ge\u00e7irilmesi ile il\u00e7emiz gerek turizm a\u00e7\u0131s\u0131ndan gerekse sosyal ve ekonomik a\u00e7\u0131dan daha da g\u00fc\u00e7lenecek , il\u00e7emiz insan\u0131na ve il\u00e7emize gelecek olan yerli ve yabanc\u0131 turistlerin cazibe merkezi halini alaca\u011f\u0131 bir konuma ula\u015facakt\u0131r. Bu hizmetlerimizin yerine getirilmesi amac\u0131yla 5393 Say\u0131l\u0131 Belediye Kanununun 18\/d bendi uyar\u0131nca 4.000.000-TL (D\u00d6RTM\u0130LYONT\u00dcRKL\u0130RASI) bor\u00e7lanma yetkisi verilmesi hususunda,<br \/>\nBelediyemiz Meclisince karar al\u0131nmak \u00fczere havalesini arz ederim. Denilmekte olup, okunan teklif hakk\u0131nda s\u00f6z isteyen olup, olmad\u0131\u011f\u0131 soruldu. \u00dcyelerden Celalettin S\u00dcRME s\u00f6z ald\u0131. Arkada\u015flar okunan teklifin Plan B\u00fct\u00e7e Komisyonu Ba\u015fkanl\u0131\u011f\u0131nda m\u00fc\u015fterek komisyonda g\u00f6r\u00fc\u015f\u00fclmek \u00fczere havale edilmesini teklif ediyorum. Dedi. Teklif oylamaya sunuldu. Yap\u0131lan oylama neticesinde teklifin kabul\u00fcne oy birli\u011fi ile karar verildi.<\/td>\n<\/tr>\n<tr>\n<td>KARAR 21<\/td>\n<\/tr>\n<tr>\n<td>Belediyemiz Plan B\u00fct\u00e7e ve M\u00fc\u015fterek Komisyonunun imar ve in\u015faat har\u00e7lar\u0131n\u0131n belirlenmesi ile ilgili 10\/01\/2018 tarih ve (1) say\u0131l\u0131 komisyon karar\u0131n\u0131n g\u00f6r\u00fc\u015f\u00fclmesine ge\u00e7ildi. Komisyon karar\u0131nda aynen &#8221;<br \/>\nBelediyemiz Meclisince Plan B\u00fct\u00e7e ve M\u00fc\u015fterek Komisyonumuzda g\u00f6r\u00fc\u015f\u00fclmek \u00fczere havale edilen ; Belediyemiz Fen \u0130\u015fleri M\u00fcd\u00fcrl\u00fc\u011f\u00fcnce 2018 y\u0131l\u0131nda Belediye Ba\u015fkanl\u0131\u011f\u0131m\u0131zca al\u0131nacak olan imar ve in\u015faatlarla ilgili har\u00e7lar\u0131n g\u00f6r\u00fc\u015f\u00fclmesine ge\u00e7ildi. Komisyonumuzca yap\u0131lan inceleme ve de\u011ferlendirilmede Belediyemiz Fen \u0130\u015fleri m\u00fcd\u00fcrl\u00fc\u011f\u00fcnce al\u0131nacak olan har\u00e7lar\u0131n m\u00fcd\u00fcrl\u00fc\u011f\u00fcnden geldi\u011fi gibi kabul edilmesine 2018 y\u0131l\u0131 fiyat tarifesinin \u201cBina \u0130n\u015faat Har\u00e7lar\u0131 \u201c Ba\u015fl\u0131kl\u0131 tarifenin a\u015fa\u011f\u0131daki \u015fekilde g\u00fcncellenmesine , komisyon raporumuzun Belediyemiz Meclisine sunulmas\u0131na oy birli\u011fi ile karar verildi.B\u0130NA \u0130N\u015eAAT HAR\u00c7LARI<br \/>\n1. Konut \u0130n\u015faat\u0131:<br \/>\nm\u00b2 ba\u015f\u0131na (TL)<br \/>\n\u0130n\u015faat Alan\u0131a) 100 m\u00b2 ye kadar<br \/>\n0,65<br \/>\nb) 101-120 m\u00b2<br \/>\n1,35<br \/>\nc) 121-150 m\u00b2<br \/>\n1,90<br \/>\nd) 151-200 m\u00b2<br \/>\n2,50<br \/>\ne) 200 m2\u2019den yukar\u0131<br \/>\n32. \u0130\u015fyeri \u0130n\u015faat\u0131:<br \/>\nm\u00b2 ba\u015f\u0131na (TL)<br \/>\n\u0130n\u015faat alan\u0131a) 25 m\u00b2 ye kadar<br \/>\n2,5<br \/>\nb) 26-50 m\u00b2<br \/>\n3,75<br \/>\nc) 51-100 m\u00b2<br \/>\n5<br \/>\nd) 100 m2\u2019den yukar\u0131<br \/>\n6B )\u0130MAR MEVZUATI GERE\u011e\u0130NCE ALINACAK HAR\u00c7LAR<br \/>\n\u0130lk parselasyon harc\u0131 (beher m\u00b2 i\u00e7in) (Ticaret) 0,10 TL<br \/>\n\u0130lk parselasyon harc\u0131 (beher m\u00b2 i\u00e7in) (Konut) 0,07 TL<br \/>\nifraz ve tevhid harc\u0131 (beher m\u00b2 i\u00e7in) (Ticaret) 0,10 TL<br \/>\nifraz ve tevhid harc\u0131 (beher m\u00b2 i\u00e7in) (Konut) 0,07 TL<br \/>\nPlan ve proje tasdik harc\u0131 (beher in\u015faat m2 i\u00e7in ) (Ticaret) 0,10 TL<br \/>\nPlan ve proje tasdik harc\u0131 (beher in\u015faat m2 i\u00e7in ) (Konut) 0,07 TL<br \/>\nC.a) Zemin A\u00e7ma \u0130zni ve Toprak Hafriyat\u0131 Harc\u0131 (Ticaret)<br \/>\n1) Toprak (Beher m\u00b3 i\u00e7in) 0,27 TL<br \/>\n2) Kanal (Beher m\u00b3 i\u00e7in) 1,00 TL<br \/>\nb) Zemin A\u00e7ma \u0130zni ve Toprak Hafriyat\u0131 Harc\u0131 (Konut)<br \/>\n1) Toprak (Beher m\u00b3 i\u00e7in) 0,22 TL<br \/>\n2) Kanal (Beher m\u00b3 i\u00e7in) 0,80 TLD )Yap\u0131 Kullanma \u0130zin Harc\u0131( Beher \u0130n\u015faat m\u00b2 \u0130\u00e7in)<br \/>\nTicaret i\u00e7in 0,09 TL<br \/>\nKonut i\u00e7in 0,07 TL<br \/>\nE) Muayene Ruhsat Ve Rapor Harc\u0131 7,00 TL<\/p>\n<p>F) Sa\u011fl\u0131k Belgesi Harc\u0131 1,75 TL<\/p>\n<p>G) Kay\u0131t ve S\u00fcret Harc\u0131<br \/>\n1) Her sayfa ba\u015f\u0131na 0,50 TL<br \/>\n2) Harita, Plan ve Krokilerin Beher m\u00b2sinden 6,00 TL ,<br \/>\nH) Kaynak sular\u0131 harc\u0131<br \/>\n1) Bir litreye kadar olan \u015fi\u015fe ve benzeri kaplardan(kap ba\u015f\u0131na) 0,016 TL<br \/>\n2) Bir litreden b\u00fcy\u00fck \u015fi\u015fe ve benzeri kaplardan (1 litre dahil) 0,009 TL<\/p>\n<p>\u0130MAR \u0130LE \u0130LG\u0130L\u0130 D\u0130\u011eER GEL\u0130RLER<br \/>\n5393 Say\u0131l\u0131 Belediye say\u0131l\u0131 kanunun meclisin g\u00f6rev ve yetkileri ba\u015fl\u0131kl\u0131 18.nci maddesini F f\u0131kras\u0131 gere\u011fi ve 2464 say\u0131l\u0131 belediye geliriler kanunun 97.nci maddesinde \u2018 Belediler 2464 say\u0131l\u0131 belediye gelirler kanununda har\u00e7 ve kat\u0131lma pay\u0131 konusu yap\u0131lmayan ve ilgilerin iste\u011fi \u00fczerine ba\u011fl\u0131 olarak ifa edecekleri her t\u00fcrl\u00fc hizmet i\u00e7in belediye meclislerince d\u00fczenlenecek tarifelerine g\u00f6re hizmet kar\u015f\u0131l\u0131\u011f\u0131 \u00fccret almaya yetkilidir.\u2019 Denildi\u011finden;<\/p>\n<p>Proje \u0130nceleme \u00dccreti<br \/>\nOnaylanan her proje i\u00e7in ( mimari, betonarme , tesisat, elektrik, peyzaj proleri i\u00e7in beher in\u015faat m\u00b2 0,08 TL<br \/>\n\u0130mar \u00c7ap\u0131 \u00dccreti<br \/>\nPlanl\u0131 Alanlarda 50 TL + ba\u011f\u0131ms\u0131z b\u00f6l\u00fcm x 50,00 TL<br \/>\nPlans\u0131z Alanlarda Tarla 1,000,00 TL<br \/>\nPlans\u0131z Alanlarda Arsa 50 TL + ba\u011f\u0131ms\u0131z b\u00f6l\u00fcm x 50,00 TL<br \/>\nPlankote \u00dccreti<br \/>\nPlanl\u0131 Alanlarda Parsel alan\u0131 x 0,07 + 500 TL<br \/>\nPlans\u0131z Alanlarda Tarla Parsel alan\u0131 x 0,015 + 800 TL<br \/>\nPlans\u0131z Alanlarda Arsa Parsel alan\u0131 x 0,015 + 500 TL<br \/>\nNumarataj \u00dccreti<br \/>\nHer Ba\u011f\u0131ms\u0131z B\u00f6l\u00fcm \u0130\u00e7in 50,00 TL<br \/>\nTemel \u00dcst\u00fc Ke\u015fif \u00dccreti<br \/>\n\u0130\u015f yeri i\u00e7in ba\u011f\u0131ms\u0131z b\u00f6l\u00fcm x 50,00 TL<br \/>\nKonut \u0130\u00e7in ba\u011f\u0131ms\u0131z b\u00f6l\u00fcm x 35 TL<br \/>\nAvan Proje Onay \u00fccreti 100,00 TL<br \/>\nKat \u0130rtifak\u0131 Onay \u00fccreti 100,00 TL<br \/>\nProje asl\u0131 gibidir \u00fccreti 100,00 TL<br \/>\nAdres Tespit \u00fccreti 20,00 TL<br \/>\nEksper \u00fccreti 50,00 TL<br \/>\nAsans\u00f6r tescil \u00fccreti 300,00 TL<br \/>\nOnaylanan her tadilat projesi beher in\u015faat m\u00b2 0,15 TL<br \/>\n\u0130skan raporu ke\u015fif \u00fccreti<br \/>\nKonutlarda ba\u011f\u0131ms\u0131z b\u00f6l\u00fcm x 200,00 TL<br \/>\n\u0130\u015fyerlerinde ba\u011f\u0131ms\u0131z b\u00f6l\u00fcm x 300,00 TL<br \/>\nCins de\u011fi\u015fikli\u011fi \u00fccreti<br \/>\nPlanl\u0131 alanlar iki kata kadar 50,00 TL<br \/>\nPlanl\u0131 alanlar iki kattan fazla 200,00 TL<br \/>\nPlans\u0131z yap\u0131l\u0131 alanlarda 150,00 TL<br \/>\nTarlalarda 100,00 TL<br \/>\n\u0130fraz tevhit ve parselasyon \u00fccreti<br \/>\n\u0130fraz tevhit ihdas terk hale haz\u0131r ve parselasyon kontroll\u00fck \u00fccreti 300,00 TL<br \/>\n18.Madde kontroll\u00fck \u00fccreti 1.000,00 TL<br \/>\nBelediye meclisine intikal edecek her plan tadilat\u0131 i\u00e7in al\u0131nacak \u00fccret<br \/>\nPlan alan\u0131 0m\u00b2 &#8211; 1.000m\u00b2 aras\u0131 1,750,00 TL<br \/>\n1.001m\u00b2 &#8211; 5.000m\u00b2 aras\u0131 3,000,00 TL<br \/>\n5.001m\u00b2 &#8211; 10.000m\u00b2 aras\u0131 4.500,00 TL<br \/>\n10.001m\u00b2 &#8211; 20.000m\u00b2 aras\u0131 6.000,00 TL<br \/>\n20.001m\u00b2 &#8211; 50.000m\u00b2 aras\u0131 7.500,00 TL<br \/>\n50.001m\u00b2 &#8211; Yukar\u0131s\u0131 beher m\u00b2 X 0,16 TL<br \/>\n2) Plan ve tadilatlar\u0131n HES, GES ve RES alanlar\u0131 i\u00e7in beher m\u00b2 1,20 TL<br \/>\ndenilmekte olup , okunan komisyon karar\u0131 hakk\u0131nda s\u00f6z isteyen olup, olmad\u0131\u011f\u0131 soruldu. S\u00f6z isteyen olmay\u0131nca Ba\u015fkan okunan komisyon raporunun kabul\u00fc i\u00e7in oylamaya sundu. Yap\u0131lan oylama neticesinde oy birli\u011fi ile kabul edildi.<\/td>\n<\/tr>\n<tr>\n<td>KARAR 22<\/td>\n<\/tr>\n<tr>\n<td>G\u00fcndemde bulunan madde gere\u011fi ; Belediyemiz Plan B\u00fct\u00e7e ve M\u00fc\u015fterek Komisyonunun 05\/02\/2018 tarih ve 2 nolu komisyon raporunun g\u00f6r\u00fc\u015f\u00fclmesine ge\u00e7ildi. Komisyon raporunda aynen \u201cBelediyemiz Meclisince Plan B\u00fct\u00e7e ve M\u00fc\u015fterek Komisyonumuzda g\u00f6r\u00fc\u015f\u00fclmek \u00fczere havale edilen ; Belediyemiz Yaz\u0131 \u0130\u015fleri M\u00fcd\u00fcrl\u00fc\u011f\u00fcn\u00fcn 29\/01\/2018 tarih ve E267 say\u0131l yaz\u0131lar\u0131nda ; 696 Say\u0131l\u0131 Kanun H\u00fckm\u00fcnde Kararname uyar\u0131nca Belediyemizde kurulacak olan Karaisal\u0131 Belediyesi Personel Limited \u015eirketine \u015firket y\u00f6neticilerinin atama yetkisinin Belediye Ba\u015fkan\u0131 Saadettin ASLAN\u2019a verilmesi ile ilgili teklif okundu. G\u00f6r\u00fc\u015f\u00fcld\u00fc. 696 Say\u0131l\u0131 Kanun H\u00fckm\u00fcnde Kararname de \u015firketin kurulmas\u0131 ve g\u00f6revlendirilecek personel i\u00e7in Belediye Ba\u015fkan\u0131 Saadettin ASLAN\u2019a gerekli yetkiler verilmi\u015f olup, yeniden yetki verilmesine gerek duyulmad\u0131\u011f\u0131 kanaatine var\u0131lm\u0131\u015ft\u0131r. Komisyonumuzca gerekli bilgilendirilme yap\u0131lm\u0131\u015f olup, komisyon raporumuzun Belediyemiz Meclisine sunulmas\u0131na oy birli\u011fi ile karar verildi. Denilmekte olup, okunan komisyon raporu hakk\u0131nda s\u00f6z isteyen olup, olmad\u0131\u011f\u0131 soruldu. S\u00f6z isteyen olmay\u0131nca oylamaya sunuldu. Yap\u0131lan oylama neticesinde okunan komisyon raporunun aynen kabul\u00fcne oy birli\u011fi ile karar verildi.<\/td>\n<\/tr>\n<tr>\n<td>KARAR 23<\/td>\n<\/tr>\n<tr>\n<td>Ba\u015fkanl\u0131k Makam\u0131n\u0131n 09\/02\/2018 tarih ve 53032148-517.03-E.390 Say\u0131l\u0131 yaz\u0131lar\u0131 ile 06\/02\/2018 tarih ve 23 say\u0131l\u0131 bu karar 5393 Say\u0131l\u0131 Belediye Kanunun 23. maddesi ve Belediye Meclis \u00c7al\u0131\u015fma Y\u00f6netmeli\u011finin 17. maddesi do\u011frultusunda salt \u00e7o\u011funluk sa\u011flanamad\u0131\u011f\u0131ndan 06\/03\/2018 tarihli Karaisal\u0131 Belediye Meclisinde g\u00f6r\u00fc\u015f\u00fclmek \u00fczere iade edilmi\u015ftir.<\/td>\n<\/tr>\n<tr>\n<td>KARAR 24<\/td>\n<\/tr>\n<tr>\n<td>G\u00fcndeme al\u0131nan madde gere\u011fi; K\u00fclt\u00fcr ve Sosyal \u0130\u015fler M\u00fcd\u00fcrl\u00fc\u011f\u00fcn\u00fcn 05\/02\/2018 tarih ve E.334 say\u0131l\u0131 yaz\u0131lar\u0131nda \u201c Belediye Ba\u015fkanl\u0131\u011f\u0131m\u0131z 06\/06\/2014 Tarih ve 46 say\u0131l\u0131 meclis karar\u0131n\u0131n d bendinde Sosyal Yard\u0131m komisyonu Belediye Ba\u015fkan\u0131 yada g\u00f6revlendirece\u011fi Ba\u015fkan Yard\u0131mc\u0131s\u0131 Ba\u015fkanl\u0131\u011f\u0131mda Mali Hizmetler M\u00fcd\u00fcr\u00fc ,Sosyal Yard\u0131m \u0130\u015fleri M\u00fcd\u00fcr\u00fc ve Belediye Meclisinin se\u00e7ece\u011fi 4 \u00fcyeden olu\u015fur denilmektedir. Sosyal Yard\u0131m i\u015flerinin de\u011ferlendirilmesi i\u00e7in Komisyonda g\u00f6revlendirilecek 4 \u00fcye se\u00e7ilmesi hususun da meclise havalesini arz ederim. Denilmekte olup madde hakk\u0131nda s\u00f6z isteyen olup, olmad\u0131\u011f\u0131 soruldu Ba\u015fkan s\u00f6z ald\u0131. Evet arkada\u015flar aday olmak isteyen arkada\u015flar dedi. \u00dcyelerden \u0130sa DAVARCI , Hakan ARICI , Celalettin S\u00dcRME ile Mehmet Akif CO\u015eGUNO\u011eLU aday oldular. Ba\u015fka aday olmay\u0131nca yap\u0131lan a\u00e7\u0131k oylamada \u00dcyelerden \u0130sa DAVARCI (15) oy , Hakan ARICI (15) oy , Celalettin S\u00dcRME (15) oy ile Mehmet Akif CO\u015eGUNO\u011eLU (15) oy alarak Belediyemiz Sosyal Yard\u0131m Komisyonunda g\u00f6rev yapmak \u00fczere se\u00e7ildiler.<\/td>\n<\/tr>\n<tr>\n<td>KARAR 25<\/td>\n<\/tr>\n<tr>\n<td>\u00a0G\u00fcndemin son ve d\u00f6rd\u00fcnc\u00fc maddesini okuyorum dedi. Belediye Ba\u015fkanl\u0131\u011f\u0131m\u0131zca sat\u0131\u015f\u0131 yap\u0131lacak ta\u015f\u0131nmazlar ile ilgili komisyon raporunun g\u00f6r\u00fc\u015f\u00fclmesine ge\u00e7ildi. Belediyemiz \u0130mar \u015eehircilik ve M\u00fc\u015fterek Komisyonunun 23\/01\/2018 tarih ve 1 nolu komisyon raporunun g\u00f6r\u00fc\u015f\u00fclmesine ge\u00e7ildi. Komisyon raporunda aynen \u201c Belediyemiz Meclisince komisyonumuzda g\u00f6r\u00fc\u015f\u00fclmek \u00fczere Belediyemiz Meclisinin 05\/01\/2018 tarih ve 9 say\u0131l\u0131 karar\u0131 ile havale edilen M\u00fclkiyeti Belediye Ba\u015fkanl\u0131\u011f\u0131m\u0131za ait a\u015fa\u011f\u0131daki listede belirtilen ta\u015f\u0131nmazlar yerinde gezilerek komisyonumuzca incelenmi\u015f oy \u00e7oklu\u011fu ta\u015f\u0131nmazlar\u0131n sat\u0131\u015f\u0131nda komisyonumuzca herhangi bir sak\u0131nca g\u00f6r\u00fclmeyerek sat\u0131\u015f\u0131na karar verilmi\u015f olup, Belediyemiz Meclisine sunulmas\u0131na oy birli\u011fi ile karar verildi.<\/p>\n<p>Denilmekte olup okunan komisyon raporu oylamaya sunuldu. Yap\u0131lan oylama neticesinde okunan komisyon raporunun kabul\u00fcne, m\u00fclkiyeti Belediyemize ait yukar\u0131da yaz\u0131l\u0131 43 kalem ta\u015f\u0131nmaz\u0131n sat\u0131\u015f\u0131n\u0131n yap\u0131lmas\u0131na oy \u00e7oklu\u011fu ile karar verildi.<\/td>\n<\/tr>\n<\/tbody>\n<\/table>\n","protected":false},"excerpt":{"rendered":"<p>KARAR 12 Belediyemiz Yaz\u0131 \u0130\u015fleri M\u00fcd\u00fcrl\u00fc\u011f\u00fcn\u00fcn 29\/01\/2018 tarih ve E267 say\u0131l yaz\u0131lar\u0131nda ; 696 Say\u0131l\u0131 Kanun H\u00fckm\u00fcnde Kararname uyar\u0131nca Belediyemizde kurulacak olan Karaisal\u0131 Belediyesi Personel Limited \u015eirketine \u015firket y\u00f6neticilerinin atama yetkisinin Belediye Ba\u015fkan\u0131 Saadettin ASLAN\u2019a verilmesi ile ilgili teklif okundu. Teklif hakk\u0131nda s\u00f6z isteyen olup, olmad\u0131\u011f\u0131 soruldu. \u00dcyelerden Abdullah SAKARYA s\u00f6z ald\u0131. Arkada\u015flar teklifin plan [&hellip;]<\/p>\n","protected":false},"author":10,"featured_media":0,"parent":3958,"menu_order":201802,"comment_status":"closed","ping_status":"closed","template":"","meta":{"footnotes":""},"class_list":["post-4158","page","type-page","status-publish","hentry"],"_links":{"self":[{"href":"https:\/\/www.karaisali.bel.tr\/index.php?rest_route=\/wp\/v2\/pages\/4158","targetHints":{"allow":["GET"]}}],"collection":[{"href":"https:\/\/www.karaisali.bel.tr\/index.php?rest_route=\/wp\/v2\/pages"}],"about":[{"href":"https:\/\/www.karaisali.bel.tr\/index.php?rest_route=\/wp\/v2\/types\/page"}],"author":[{"embeddable":true,"href":"https:\/\/www.karaisali.bel.tr\/index.php?rest_route=\/wp\/v2\/users\/10"}],"replies":[{"embeddable":true,"href":"https:\/\/www.karaisali.bel.tr\/index.php?rest_route=%2Fwp%2Fv2%2Fcomments&post=4158"}],"version-history":[{"count":0,"href":"https:\/\/www.karaisali.bel.tr\/index.php?rest_route=\/wp\/v2\/pages\/4158\/revisions"}],"up":[{"embeddable":true,"href":"https:\/\/www.karaisali.bel.tr\/index.php?rest_route=\/wp\/v2\/pages\/3958"}],"wp:attachment":[{"href":"https:\/\/www.karaisali.bel.tr\/index.php?rest_route=%2Fwp%2Fv2%2Fmedia&parent=4158"}],"curies":[{"name":"wp","href":"https:\/\/api.w.org\/{rel}","templated":true}]}}