{"id":3965,"date":"2018-01-02T10:08:19","date_gmt":"2018-01-02T07:08:19","guid":{"rendered":"https:\/\/www.karaisali.bel.tr\/?page_id=3965"},"modified":"2018-02-06T11:50:35","modified_gmt":"2018-02-06T08:50:35","slug":"ocak-2018-meclis-kararlari","status":"publish","type":"page","link":"https:\/\/www.karaisali.bel.tr\/?page_id=3965","title":{"rendered":"Ocak 2018 Meclis Kararlar\u0131"},"content":{"rendered":"<table>\n<tbody>\n<tr>\n<td>KARAR 1<\/td>\n<\/tr>\n<tr>\n<td>Belediyemiz Yaz\u0131 \u0130\u015fleri M\u00fcd\u00fcrl\u00fc\u011f\u00fcn 30\/12\/2017 tarih ve E.2304 say\u0131l\u0131  yaz\u0131lar\u0131nda 5393 Belediye Kanununun 49. Maddesi gere\u011fince 2018 y\u0131l\u0131nda tam zamanl\u0131 olarak \u00e7al\u0131\u015ft\u0131r\u0131lmaya devam olunacak olan  m\u00fchendislere ayl\u0131k net ek \u00f6deme hari\u00e7 2.520-TL (\u0130K\u0130B\u0130NBEY\u015e\u00dcZY\u0130RM\u0130T\u00dcRKL\u0130RASI) \u00f6denmesi i\u00e7in Belediyemiz Meclisince g\u00f6r\u00fc\u015f\u00fclmek \u00fczere havalesini arz ederim. Denilmekte olup, okunan teklif hakk\u0131nda s\u00f6z isteyen olup, olmad\u0131\u011f\u0131 soruldu. \u00dcyelerden Rifat K\u00d6RO\u011eLU s\u00f6z ald\u0131. Arkada\u015flar teklifin idareden m\u00fcd\u00fcrl\u00fc\u011f\u00fcnden geldi\u011fi gibi kabul edilmesini teklifi ediyorum. Dedi. Teklif oylamaya sunuldu. Yap\u0131lan oylama neticesinde teklifin kabul\u00fcne , 5393 Belediye Kanununun 49. Maddesi gere\u011fince Belediye Ba\u015fkanl\u0131\u011f\u0131m\u0131zda 2018 y\u0131l\u0131nda tam zamanl\u0131 olarak \u00e7al\u0131\u015ft\u0131r\u0131lmaya devam olunacak olan  m\u00fchendislere ayl\u0131k net ek \u00f6deme hari\u00e7 2.520-TL (\u0130K\u0130B\u0130NBEY\u015e\u00dcZY\u0130RM\u0130T\u00dcRKL\u0130RASI) \u00f6denmesi ne oy birli\u011fi ile karar verildi.\n<\/td>\n<\/tr>\n<tr>\n<td>KARAR 2<\/td>\n<\/tr>\n<tr>\n<td>Belediyemiz Yaz\u0131 \u0130\u015fleri M\u00fcd\u00fcrl\u00fc\u011f\u00fcn 30\/12\/2017 tarih ve E.2299 say\u0131l\u0131  yaz\u0131lar\u0131nda 5393 Belediye Kanununun 49. Maddesi gere\u011fince 2018 y\u0131l\u0131nda tam zamanl\u0131 olarak \u00e7al\u0131\u015ft\u0131r\u0131lmaya devam olunacak olan  teknikerlere ayl\u0131k net ek \u00f6deme hari\u00e7 2.400-TL (\u0130K\u0130B\u0130ND\u00d6RTY\u00dcZT\u00dcRKL\u0130RASI) \u00f6denmesi i\u00e7in Belediyemiz Meclisince g\u00f6r\u00fc\u015f\u00fclmek \u00fczere havalesini arz ederim. Denilmekte olup, okunan teklif hakk\u0131nda s\u00f6z isteyen olup, olmad\u0131\u011f\u0131 soruldu. \u00dcyelerden Rifat K\u00d6RO\u011eLU s\u00f6z ald\u0131. Arkada\u015flar teklifin idareden m\u00fcd\u00fcrl\u00fc\u011f\u00fcnden geldi\u011fi gibi kabul edilmesini teklifi ediyorum. Dedi. Teklif oylamaya sunuldu. Yap\u0131lan oylama neticesinde teklifin kabul\u00fcne , 5393 Belediye Kanununun 49. Maddesi gere\u011fince Belediye Ba\u015fkanl\u0131\u011f\u0131m\u0131zda 2018 y\u0131l\u0131nda tam zamanl\u0131 olarak \u00e7al\u0131\u015ft\u0131r\u0131lmaya devam olunacak olan  teknikerlere ayl\u0131k net ek \u00f6deme hari\u00e7 2.400-TL (\u0130K\u0130B\u0130ND\u00d6RTY\u00dcZT\u00dcRKL\u0130RASI) \u00f6denmesi ne oy birli\u011fi ile karar verildi.\n<\/td>\n<\/tr>\n<tr>\n<td>KARAR 3<\/td>\n<\/tr>\n<tr>\n<td>Belediyemiz Yaz\u0131 \u0130\u015fleri M\u00fcd\u00fcrl\u00fc\u011f\u00fcn 30\/12\/2017 tarih ve E.2297 say\u0131l\u0131  yaz\u0131lar\u0131nda 5393 Belediye Kanununun 49. Maddesi gere\u011fince 2018 y\u0131l\u0131nda tam zamanl\u0131 olarak \u00e7al\u0131\u015ft\u0131r\u0131lmaya devam olunacak olan  Programc\u0131lara  ayl\u0131k net ek \u00f6deme hari\u00e7 2.520-TL (\u0130K\u0130B\u0130NBEY\u015e\u00dcZY\u0130RM\u0130T\u00dcRKL\u0130RASI) \u00f6denmesi i\u00e7in Belediyemiz Meclisince g\u00f6r\u00fc\u015f\u00fclmek \u00fczere havalesini arz ederim. Denilmekte olup, okunan teklif hakk\u0131nda s\u00f6z isteyen olup, olmad\u0131\u011f\u0131 soruldu. \u00dcyelerden Rifat K\u00d6RO\u011eLU s\u00f6z ald\u0131. Arkada\u015flar teklifin idareden m\u00fcd\u00fcrl\u00fc\u011f\u00fcnden geldi\u011fi gibi kabul edilmesini teklifi ediyorum. Dedi. Teklif oylamaya sunuldu. Yap\u0131lan oylama neticesinde teklifin kabul\u00fcne , 5393 Belediye Kanununun 49. Maddesi gere\u011fince Belediye Ba\u015fkanl\u0131\u011f\u0131m\u0131zda 2018 y\u0131l\u0131nda tam zamanl\u0131 olarak \u00e7al\u0131\u015ft\u0131r\u0131lmaya devam olunacak olan  programc\u0131lara ayl\u0131k net ek \u00f6deme hari\u00e7 2.520-TL (\u0130K\u0130B\u0130NBEY\u015e\u00dcZY\u0130RM\u0130T\u00dcRKL\u0130RASI) \u00f6denmesi ne oy birli\u011fi ile karar verildi.\n<\/td>\n<\/tr>\n<tr>\n<td>KARAR 4<\/td>\n<\/tr>\n<tr>\n<td>Belediyemiz Yaz\u0131 \u0130\u015fleri M\u00fcd\u00fcrl\u00fc\u011f\u00fcn 30\/12\/2017 tarih ve E.2303 say\u0131l\u0131  yaz\u0131lar\u0131nda 5393 Belediye Kanununun 49. Maddesi gere\u011fince 2018 y\u0131l\u0131nda tam zamanl\u0131 olarak \u00e7al\u0131\u015ft\u0131r\u0131lmaya devam olunacak olan  Ekonomiste   Maliye Bakanl\u0131\u011f\u0131nca a\u00e7\u0131klanacak tavan \u00fccretten ayl\u0131k \u00f6denmesi i\u00e7in Belediyemiz Meclisince g\u00f6r\u00fc\u015f\u00fclmek \u00fczere havalesini arz ederim. Denilmekte olup, okunan teklif hakk\u0131nda s\u00f6z isteyen olup, olmad\u0131\u011f\u0131 soruldu. \u00dcyelerden Rifat K\u00d6RO\u011eLU s\u00f6z ald\u0131. Arkada\u015flar teklifin idareden m\u00fcd\u00fcrl\u00fc\u011f\u00fcnden geldi\u011fi gibi kabul edilmesini teklifi ediyorum. Dedi. Teklif oylamaya sunuldu. Yap\u0131lan oylama neticesinde teklifin kabul\u00fcne , 5393 Belediye Kanununun 49. Maddesi gere\u011fince Belediye Ba\u015fkanl\u0131\u011f\u0131m\u0131zda 2018 y\u0131l\u0131nda tam zamanl\u0131 olarak \u00e7al\u0131\u015ft\u0131r\u0131lmaya devam olunacak olan  ekonomiste  Maliye Bakanl\u0131\u011f\u0131nca a\u00e7\u0131klanacak tavan \u00fccretten  \u00f6denmesine oy birli\u011fi ile karar verildi.\n<\/td>\n<\/tr>\n<tr>\n<td>KARAR 5<\/td>\n<\/tr>\n<tr>\n<td>Belediyemiz Yaz\u0131 \u0130\u015fleri M\u00fcd\u00fcrl\u00fc\u011f\u00fcn 30\/12\/2017 tarih ve E.2300 say\u0131l\u0131  yaz\u0131lar\u0131nda 5393 Belediye Kanununun 49. Maddesi gere\u011fince 2018 y\u0131l\u0131nda tam zamanl\u0131 olarak \u00e7al\u0131\u015ft\u0131r\u0131lmaya devam olunacak olan  Kimyagere ayl\u0131k net ek \u00f6deme hari\u00e7 2.520-TL (\u0130K\u0130B\u0130NBEY\u015e\u00dcZY\u0130RM\u0130T\u00dcRKL\u0130RASI) \u00f6denmesi i\u00e7in Belediyemiz Meclisince g\u00f6r\u00fc\u015f\u00fclmek \u00fczere havalesini arz ederim. Denilmekte olup, okunan teklif hakk\u0131nda s\u00f6z isteyen olup, olmad\u0131\u011f\u0131 soruldu. \u00dcyelerden Rifat K\u00d6RO\u011eLU s\u00f6z ald\u0131. Arkada\u015flar teklifin idareden m\u00fcd\u00fcrl\u00fc\u011f\u00fcnden geldi\u011fi gibi kabul edilmesini teklifi ediyorum. Dedi. Teklif oylamaya sunuldu. Yap\u0131lan oylama neticesinde teklifin kabul\u00fcne , 5393 Belediye Kanununun 49. Maddesi gere\u011fince Belediye Ba\u015fkanl\u0131\u011f\u0131m\u0131zda 2018 y\u0131l\u0131nda tam zamanl\u0131 olarak \u00e7al\u0131\u015ft\u0131r\u0131lmaya devam olunacak olan  kimyagere ayl\u0131k net ek \u00f6deme hari\u00e7 2.520-TL (\u0130K\u0130B\u0130NBEY\u015e\u00dcZY\u0130RM\u0130T\u00dcRKL\u0130RASI) \u00f6denmesi ne oy birli\u011fi ile karar verildi.\n<\/td>\n<\/tr>\n<tr>\n<td>KARAR 6<\/td>\n<\/tr>\n<tr>\n<td>Belediyemiz Yaz\u0131 \u0130\u015fleri M\u00fcd\u00fcrl\u00fc\u011f\u00fcn 30\/12\/2017 tarih ve E.2298 say\u0131l\u0131  yaz\u0131lar\u0131nda 5393 Belediye Kanununun 49. Maddesi gere\u011fince 2018 y\u0131l\u0131nda k\u0131smi zamanl\u0131 olarak \u00e7al\u0131\u015ft\u0131r\u0131lmaya devam olunacak olan  avukata 2018 y\u0131l\u0131nda Maliye Bakanl\u0131\u011f\u0131nca a\u00e7\u0131klanacak olan tavan \u00fccretten ayl\u0131k \u00f6denmesi   i\u00e7in Belediyemiz Meclisince g\u00f6r\u00fc\u015f\u00fclmek \u00fczere havalesini arz ederim. Denilmekte olup, okunan teklif hakk\u0131nda s\u00f6z isteyen olup, olmad\u0131\u011f\u0131 soruldu. \u00dcyelerden Rifat K\u00d6RO\u011eLU s\u00f6z ald\u0131. Arkada\u015flar teklifin idareden m\u00fcd\u00fcrl\u00fc\u011f\u00fcnden geldi\u011fi gibi kabul edilmesini teklifi ediyorum. Dedi. Teklif oylamaya sunuldu. Yap\u0131lan oylama neticesinde teklifin kabul\u00fcne , 5393 Belediye Kanununun 49. Maddesi gere\u011fince Belediye Ba\u015fkanl\u0131\u011f\u0131m\u0131zda 2018 y\u0131l\u0131nda k\u0131smi zamanl\u0131 olarak \u00e7al\u0131\u015ft\u0131r\u0131lmaya devam olunacak olan  avukata 2018 y\u0131l\u0131nda Maliye Bakanl\u0131\u011f\u0131nca a\u00e7\u0131klanacak olan tavan \u00fccretten  ayl\u0131k \u00f6denmesine oy birli\u011fi ile karar verildi.\n<\/td>\n<\/tr>\n<tr>\n<td>KARAR 7<\/td>\n<\/tr>\n<tr>\n<td>Belediyemiz Yaz\u0131 \u0130\u015fleri M\u00fcd\u00fcrl\u00fc\u011f\u00fcn 30\/12\/2017 tarih ve E.2298 say\u0131l\u0131  yaz\u0131lar\u0131nda 5393 Belediye Kanununun 49. Maddesi gere\u011fince 2018 y\u0131l\u0131nda k\u0131smi zamanl\u0131 olarak \u00e7al\u0131\u015ft\u0131r\u0131lmaya devam olunacak olan  veteriner hekime  2018 y\u0131l\u0131nda Maliye Bakanl\u0131\u011f\u0131nca a\u00e7\u0131klanacak olan tavan \u00fccretten ayl\u0131k \u00f6denmesi   i\u00e7in Belediyemiz Meclisince g\u00f6r\u00fc\u015f\u00fclmek \u00fczere havalesini arz ederim. Denilmekte olup, okunan teklif hakk\u0131nda s\u00f6z isteyen olup, olmad\u0131\u011f\u0131 soruldu. \u00dcyelerden Rifat K\u00d6RO\u011eLU s\u00f6z ald\u0131. Arkada\u015flar teklifin idareden m\u00fcd\u00fcrl\u00fc\u011f\u00fcnden geldi\u011fi gibi kabul edilmesini teklifi ediyorum. Dedi. Teklif oylamaya sunuldu. Yap\u0131lan oylama neticesinde teklifin kabul\u00fcne , 5393 Belediye Kanununun 49. Maddesi gere\u011fince Belediye Ba\u015fkanl\u0131\u011f\u0131m\u0131zda 2018 y\u0131l\u0131nda k\u0131smi zamanl\u0131 olarak \u00e7al\u0131\u015ft\u0131r\u0131lmaya devam olunacak olan  veteriner hekime  2018 y\u0131l\u0131nda Maliye Bakanl\u0131\u011f\u0131nca a\u00e7\u0131klanacak olan tavan \u00fccretten  ayl\u0131k \u00f6denmesine oy birli\u011fi ile karar verildi.\n<\/td>\n<\/tr>\n<tr>\n<td>KARAR 8<\/td>\n<\/tr>\n<tr>\n<td>Belediyemiz Yaz\u0131 \u0130\u015fleri M\u00fcd\u00fcrl\u00fc\u011f\u00fcn 30\/12\/2017 tarih ve E.2298 say\u0131l\u0131  yaz\u0131lar\u0131nda; 5393 Belediye Kanununun 25. maddesi gere\u011fince 2018 y\u0131l\u0131 Denetim Komisyonunda g\u00f6rev yapmak \u00fczere 4 adet denetim komisyon \u00fcyesi se\u00e7imi i\u00e7in gizli oylama yap\u0131ld\u0131. Yap\u0131lan gizli oylamada Hasan K\u00d6YL\u00dc (13) oy Osman KURDAK (13) oy, \u0130sa DAVARCI (12) oy, Hakan ARICI (12) oy alarak 2018 y\u0131l\u0131 Denetim Komisyonunda g\u00f6rev yapmak \u00fczere se\u00e7ildiler.\n<\/td>\n<\/tr>\n<tr>\n<td>KARAR 9<\/td>\n<\/tr>\n<tr>\n<td>G\u00fcndemde bulunan madde gere\u011fi Belediyemiz \u0130mar \u015eehircilik ve M\u00fc\u015fterek Komisyonunun Belediye Ba\u015fkanl\u0131\u011f\u0131m\u0131za ait ta\u015f\u0131nmazlar ile ilgili komisyon raporunun g\u00f6r\u00fc\u015f\u00fclmesine ge\u00e7ildi. Komisyon raporunda aynen &#8221; Belediyemiz Meclisince Plan B\u00fct\u00e7e ve M\u00fc\u015fterek Komisyonumuzda g\u00f6r\u00fc\u015f\u00fclmek \u00fczere havale edilen ; Belediyemize ait ta\u015f\u0131nmazlar\u0131n sat\u0131\u015f\u0131 ile ilgili maddeyi  g\u00f6r\u00fc\u015fmek \u00fczere komisyonumuz  11-12-13-14-15-25-26-27-28-29 tarihlerinde ekli listede bulunan ta\u015f\u0131nmazlar\u0131n gerek yerinde g\u00f6r\u00fclerek ve \u00f6l\u00e7\u00fclerek de\u011ferlendirilmi\u015f olup, Belediye Ba\u015fkanl\u0131\u011f\u0131m\u0131za ait ta\u015f\u0131nmazlar\u0131n il\u00e7e merkezine uzakl\u0131\u011f\u0131, de\u011fi\u015fik mahallelerde olmas\u0131 nedeniyle , kanunen ayr\u0131lan on g\u00fcnl\u00fck g\u00f6r\u00fc\u015fme s\u00fcresi  yetmemi\u015ftir. Yer tespitleri ve yap\u0131lan yerinde incelemelerde taraf\u0131m\u0131za yap\u0131lan itiraz ve \u00f6nerilerin tekrar de\u011ferlendirilmesi ve g\u00f6r\u00fc\u015f\u00fclmesi  gerekmektedir. Komisyon \u00e7al\u0131\u015fmalar\u0131m\u0131z\u0131n devam\u0131 i\u00e7in    g\u00f6r\u00fc\u015fmelere devam etmek \u00fczere ,  Belediyemiz   Meclisine sunulmas\u0131na oy birli\u011fi ile karar verildi. Denilmekte olup, okunan komisyon raporu hakk\u0131nda s\u00f6z isteyen olup, olmad\u0131\u011f\u0131 soruldu. \u00dcyelerden Rifat K\u00d6RO\u011eLU s\u00f6z ald\u0131. Arkada\u015flar Belediye Ba\u015fkanl\u0131\u011f\u0131m\u0131zca sat\u0131\u015f\u0131 yap\u0131lacak ta\u015f\u0131nmazlar\u0131n tekrar de\u011ferlendirme \u00fczere geldi\u011fi komisyona iade edilmesini teklif ediyorum. Dedi. Teklif oylamaya sunuldu. Yap\u0131lan oylama neticesinde teklifin kabul\u00fcne oy birli\u011fi ile karar verildi.\n<\/td>\n<\/tr>\n<tr>\n<td>KARAR 10<\/td>\n<\/tr>\n<tr>\n<td>G\u00fcndemde bulunan madde gere\u011fi Belediyemiz Fen \u0130\u015eleri M\u00fcd\u00fcrl\u00fc\u011f\u00fcn\u00fcn Belediye Ba\u015fkanl\u0131\u011f\u0131m\u0131zca 2018 y\u0131l\u0131nda al\u0131nacak olan imar ve in\u015faat har\u00e7lar\u0131nda yap\u0131lan de\u011fi\u015fiklik ile ilgili teklifinin g\u00f6r\u00fc\u015f\u00fclmesine ge\u00e7ildi . Teklif okundu. Okunan teklif hakk\u0131nda s\u00f6z isteyen olup, olmad\u0131\u011f\u0131 soruldu. \u00dcyelerden Rifat K\u00d6RO\u011eLU s\u00f6z ald\u0131. Arkada\u015flar okunan teklifin Belediyemiz Plan B\u00fct\u00e7e ve M\u00fc\u015fterek komisyonunda g\u00f6r\u00fc\u015f\u00fclmek \u00fczere havale edilmesini teklif ediyorum. Dedi. Teklif oylamaya sunuldu. Yap\u0131lan oylama neticesinde teklifin kabul\u00fcne oy birli\u011fi ile karar verildi.\n<\/td>\n<\/tr>\n<tr>\n<td>KARAR 11<\/td>\n<\/tr>\n<tr>\n<td>12\/01\/2018 tarih ve E.104 say\u0131l\u0131 Ba\u015fkanl\u0131k Makam\u0131ndan havale edilen gerek\u00e7e raporu incelenmi\u015f olup, konunun meclisimizce yap\u0131lan m\u00fczakeresi neticesinde ;<br \/>\n696 Say\u0131l\u0131 Ola\u011fan\u00fcst\u00fc Hal Kapsam\u0131nda Baz\u0131 D\u00fczenlemeler Yap\u0131lmas\u0131 Hakk\u0131nda Kanun H\u00fckm\u00fcnde Kararnamenin 126 nc\u0131 maddesi ile 27\/06\/1989 tarihli ve 375 say\u0131l\u0131 Kanun H\u00fckm\u00fcnde Kararnameye  eklenen Ek 20 nci maddesinde yer alan \u201c \u0130l \u00d6zel \u0130dareleri , belediyeler ile ba\u011fl\u0131 kurulu\u015flar\u0131 ve bunlar\u0131n \u00fcyesi oldu\u011fu mahalli idare birlikleri , personel \u00e7al\u0131\u015ft\u0131r\u0131lmas\u0131na dayal\u0131 hizmetleri 04\/01\/2002 tarihli ve 4734 say\u0131l\u0131 Kamu \u0130hale Kanununun 22 nci maddesindeki limit ve \u015fartlar ile 62 nci maddesinin birinci f\u0131kras\u0131n\u0131n ( e ) bendindeki s\u0131n\u0131rlamalara tabi olmaks\u0131z\u0131n do\u011frudan hizmet al\u0131m\u0131 suretiyle birlikte yada ayr\u0131 ayr\u0131 sermayesinin yar\u0131s\u0131ndan fazlas\u0131 bu idarelere ait ve halen bu kapsamda hizmet al\u0131m\u0131 yapt\u0131\u011f\u0131 mevcut \u015firketlerinden birine , bu nitelikte herhangi bir \u015firketi bulunmuyorsa m\u00fcnhas\u0131ran bu ama\u00e7la kuracaklar\u0131 bir \u015firkete g\u00f6rd\u00fcrebilir\u201d h\u00fckm\u00fc ve Kamu Kurum ve Kurulu\u015flar\u0131nda Personel \u00c7al\u0131\u015ft\u0131r\u0131lmas\u0131na Dayal\u0131 Hizmet Al\u0131m\u0131 S\u00f6zle\u015fmeleri Kapsam\u0131nda \u00c7al\u0131\u015ft\u0131r\u0131lmakta olan \u0130\u015f\u00e7ilerin S\u00fcrekli \u0130\u015f\u00e7i Kadrolar\u0131na veya Mahalli \u0130dare \u015eirketlerinde i\u015f\u00e7i Stat\u00fcs\u00fcne Ge\u00e7irilmesine ili\u015fkin 375 say\u0131l\u0131 Kanun H\u00fckm\u00fcnde Kararnamenin Ge\u00e7ici 23 ve ge\u00e7ici 24 \u00fcnc\u00fc  Maddelerinin Uygulanmas\u0131na Dair Usul ve Esaslar\u0131n 28 nci maddesinde yer verilen \u201c(1) 375 Say\u0131l\u0131 Kanun H\u00fckm\u00fcnde Kararnameye eklenen ge\u00e7ici 24 nc\u00fc madde ile tan\u0131nan i\u015f\u00e7i stat\u00fcs\u00fcne ge\u00e7irilme  hakk\u0131ndan yararlan\u0131labilmesi i\u00e7in ; \u0130l \u00d6zel \u0130dare Birlikleri, il \u00f6zel veya ayr\u0131 ayr\u0131 sermayesinin yar\u0131s\u0131ndan fazlas\u0131na sahip oldu\u011fu \u015firketlerde 4734 say\u0131l\u0131 Kanun ve di\u011fer mevzuat h\u00fck\u00fcmleri uyar\u0131nca personel \u00e7al\u0131\u015ft\u0131r\u0131lmas\u0131na dayal\u0131 hizmet al\u0131m s\u00f6zle\u015fmeleri kapsam\u0131nda y\u00fckleniciler taraf\u0131ndan \u00e7al\u0131\u015ft\u0131r\u0131lmas\u0131 gerekmektedir. (2) Bu b\u00f6l\u00fcmde ge\u00e7en idare veya idarenin \u015firketi ibaresinden , birinci f\u0131krada belirtilen idare veya \u015firketler anla\u015f\u0131l\u0131r\u201d h\u00fckm\u00fc \u201c do\u011frultusunda personel \u00e7al\u0131\u015ft\u0131r\u0131lmas\u0131na dayal\u0131 hizmetleri y\u00fcr\u00fctmek ve\/veya bu kapsamda personel \u00e7al\u0131\u015ft\u0131r\u0131lmas\u0131na dayal\u0131 hizmet al\u0131m\u0131 y\u00f6ntemiyle \u00e7al\u0131\u015ft\u0131r\u0131lan personelin i\u015f\u00e7i stat\u00fcs\u00fcnde istihdam edilebilmelerini sa\u011flamak i\u00e7in kurulacak olan 100.000,00-TL (Y\u00dcZB\u0130NT\u00dcRKL\u0130RASI)  Sermayeli Karaisal\u0131 Belediyesi Personel  Limited \u015eirketine Belediyenin %  100  hisse ile kurucu ortak \u00fcye olarak i\u015ftirak ettirilmesine ve bu ama\u00e7la, tahakkuk edecek kat\u0131l\u0131m pay\u0131n\u0131n \u00f6denebilmesi i\u00e7in b\u00fct\u00e7ede tertip a\u00e7\u0131lmas\u0131na meclisimizin 17\/01\/2018 tarihli birle\u015fiminde oy birli\u011fi ile karar verilmi\u015ftir.\n<\/td>\n<\/tr>\n<\/tbody>\n<\/table>\n","protected":false},"excerpt":{"rendered":"<p>KARAR 1 Belediyemiz Yaz\u0131 \u0130\u015fleri M\u00fcd\u00fcrl\u00fc\u011f\u00fcn 30\/12\/2017 tarih ve E.2304 say\u0131l\u0131 yaz\u0131lar\u0131nda 5393 Belediye Kanununun 49. Maddesi gere\u011fince 2018 y\u0131l\u0131nda tam zamanl\u0131 olarak \u00e7al\u0131\u015ft\u0131r\u0131lmaya devam olunacak olan m\u00fchendislere ayl\u0131k net ek \u00f6deme hari\u00e7 2.520-TL (\u0130K\u0130B\u0130NBEY\u015e\u00dcZY\u0130RM\u0130T\u00dcRKL\u0130RASI) \u00f6denmesi i\u00e7in Belediyemiz Meclisince g\u00f6r\u00fc\u015f\u00fclmek \u00fczere havalesini arz ederim. Denilmekte olup, okunan teklif hakk\u0131nda s\u00f6z isteyen olup, olmad\u0131\u011f\u0131 soruldu. \u00dcyelerden [&hellip;]<\/p>\n","protected":false},"author":10,"featured_media":0,"parent":3958,"menu_order":201801,"comment_status":"closed","ping_status":"closed","template":"","meta":{"footnotes":""},"class_list":["post-3965","page","type-page","status-publish","hentry"],"_links":{"self":[{"href":"https:\/\/www.karaisali.bel.tr\/index.php?rest_route=\/wp\/v2\/pages\/3965","targetHints":{"allow":["GET"]}}],"collection":[{"href":"https:\/\/www.karaisali.bel.tr\/index.php?rest_route=\/wp\/v2\/pages"}],"about":[{"href":"https:\/\/www.karaisali.bel.tr\/index.php?rest_route=\/wp\/v2\/types\/page"}],"author":[{"embeddable":true,"href":"https:\/\/www.karaisali.bel.tr\/index.php?rest_route=\/wp\/v2\/users\/10"}],"replies":[{"embeddable":true,"href":"https:\/\/www.karaisali.bel.tr\/index.php?rest_route=%2Fwp%2Fv2%2Fcomments&post=3965"}],"version-history":[{"count":0,"href":"https:\/\/www.karaisali.bel.tr\/index.php?rest_route=\/wp\/v2\/pages\/3965\/revisions"}],"up":[{"embeddable":true,"href":"https:\/\/www.karaisali.bel.tr\/index.php?rest_route=\/wp\/v2\/pages\/3958"}],"wp:attachment":[{"href":"https:\/\/www.karaisali.bel.tr\/index.php?rest_route=%2Fwp%2Fv2%2Fmedia&parent=3965"}],"curies":[{"name":"wp","href":"https:\/\/api.w.org\/{rel}","templated":true}]}}