{"id":3633,"date":"2017-11-06T10:10:22","date_gmt":"2017-11-06T07:10:22","guid":{"rendered":"http:\/\/www.karaisali.bel.tr\/?page_id=3633"},"modified":"2018-01-02T10:03:13","modified_gmt":"2018-01-02T07:03:13","slug":"aralik-2017-meclis-kararlari","status":"publish","type":"page","link":"https:\/\/www.karaisali.bel.tr\/?page_id=3633","title":{"rendered":"Aral\u0131k 2017 Meclis Kararlar\u0131"},"content":{"rendered":"<table>\n<tbody>\n<tr>\n<td>Karar 72<\/td>\n<\/tr>\n<tr>\n<td>G\u00fcndemde Bulunan Madde Gere\u011fi; Belediyemiz Yaz\u0131 \u0130\u015fleri M\u00fcd\u00fcrl\u00fc\u011f\u00fcn\u00fcn 01\/12\/2017 tarih ve E.2072 say\u0131l\u0131 yaz\u0131lar\u0131nda : Belediyeler ve Mahalli \u0130dare Birliklerinde kullan\u0131lacak ge\u00e7ici i\u015f pozisyonlar\u0131 bu kurum ve kurulu\u015flar i\u00e7in norm kadro standartlar\u0131 cetvellerinde belirlenen memur norm kadro standard\u0131 toplam\u0131n\u0131n y\u00fczde yirmisini ge\u00e7memek \u00fczere bulunacak say\u0131n\u0131n yuvarlanmas\u0131 ve tam y\u0131l esas\u0131na g\u00f6re hesaplanmas\u0131 sonucu adam\/ay say\u0131s\u0131na g\u00f6re meclis taraf\u0131ndan y\u0131ll\u0131k olarak belirlenir. Denilmektedir. \u0130lgili y\u00f6netmelik gere\u011fince Belediyemizde 167 adet memur kadrosu bulundu\u011fundan Belediye Ba\u015fkanl\u0131\u011f\u0131m\u0131zca 2018 y\u0131l\u0131nda 166&#215;20\/100= 34 34&#215;12=408 adam\/ay olarak ge\u00e7ici i\u015f\u00e7i \u00e7al\u0131\u015ft\u0131r\u0131lmak \u00fczere vize al\u0131nmas\u0131 hususunda karar al\u0131nmak \u00fczere Belediyemiz Meclisine havalesini arz ederim. denilmekte olup, okunan teklif hakk\u0131nda s\u00f6z isteyen olup, olmad\u0131\u011f\u0131 soruldu. \u00dcyelerden Abdullah SAKARYA s\u00f6z ald\u0131. Arkada\u015flar okunan teklifin m\u00fcd\u00fcrl\u00fc\u011f\u00fcnden geldi\u011fi gibi kabul edilmesini teklif ediyorum. dedi. Teklif oylamaya sunuldu. Yap\u0131lan oylama neticesinde kabul\u00fcne oy birli\u011fi ile karar verildi.<\/td>\n<\/tr>\n<tr>\n<td>Karar 73<\/td>\n<\/tr>\n<tr>\n<td>G\u00fcndemde bulunan madde gere\u011fi; Belediyemiz Fen \u0130\u015fleri M\u00fcd\u00fcrl\u00fc\u011f\u00fcn\u00fcn 29\/11\/2017 tarih ve 2055 say\u0131l\u0131 yaz\u0131lar\u0131nda ; M\u00fclkiyeti Belediye Ba\u015fkanl\u0131\u011f\u0131m\u0131za ait sat\u0131\u015f\u0131 yap\u0131lacak olan 47 adet ta\u015f\u0131nmazlar\u0131n listesi ekte sunulmu\u015f olup, sat\u0131\u015f i\u015flemi yap\u0131lmas\u0131 planlanan 47 adet ta\u015f\u0131nmazlar hakk\u0131nda gerekli Meclis Karar\u0131n\u0131n al\u0131nmas\u0131n\u0131 arz ederim. Denilmekte olup, Belediyemiz Meclisince g\u00f6r\u00fc\u015f\u00fcld\u00fc. Sat\u0131\u015f\u0131 yap\u0131lacak olan ta\u015f\u0131nmazlar ile ilgili teklifi olan var m\u0131 diye soruldu. \u00dcyelerden Abdullah SAKARYA s\u00f6z ald\u0131. Arkada\u015flar teklifin Plan B\u00fct\u00e7e ve M\u00fc\u015fterek Komisyonunda g\u00f6r\u00fc\u015f\u00fclmek \u00fczere havale edilmesini teklif ediyorum. Dedi. Teklif oylamaya sunuldu. Yap\u0131lan oylama neticesinde teklifin kabul\u00fcne oy birli\u011fi ile karar verildi.<\/td>\n<\/tr>\n<tr>\n<td>Karar 74<\/td>\n<\/tr>\n<tr>\n<td>G\u00fcndemde bulunan madde gere\u011fi; Belediyemiz Zab\u0131ta M\u00fcd\u00fcrl\u00fc\u011f\u00fcn\u00fcn 2018 y\u0131l\u0131nda Zab\u0131ta Memurlar\u0131na \u00f6denecek maktu mesai \u00fccretlerinin belirlenmesi ile ilgili teklifin g\u00f6r\u00fc\u015f\u00fclmesine ge\u00e7ildi. Teklifte aynen ; G\u00f6revi gere\u011fi Zab\u0131ta Hizmetlerinin s\u00fcreklili\u011fini sa\u011flamak i\u00e7in Ulusal Bayram, Genel Tatil, Hafta Tatili ve g\u00fcn\u00fcn 24 saatinde s\u00fcrekli hizmet veren zab\u0131tan\u0131n \u00e7al\u0131\u015fma s\u00fcresi ve saatleri 657 say\u0131l\u0131 Devlet Memurlar\u0131 Kanununda belirtilen \u00e7al\u0131\u015fma s\u00fcresi ve saatlerine ba\u011fl\u0131 kalmaks\u0131z\u0131n hizmetin aksat\u0131lmadan y\u00fcr\u00fct\u00fclmesini sa\u011flayacak \u015fekilde d\u00fczenlenmi\u015ftir.Zab\u0131ta Hizmetlerinde g\u00f6rev yapan personele, y\u0131l\u0131 B\u00fct\u00e7e Kanununun &#8220;K cetveli&#8221; ile belirlenen &#8220;Ayl\u0131k Maktu Fazla \u00c7al\u0131\u015fma \u00dccreti&#8221; \u00f6denmektedir.<br \/>\nBelediyemiz emrinde 657 say\u0131l\u0131 Devlet Memurlar\u0131 Kanununa tabi olarak g\u00f6rev yapan zab\u0131ta personeline 2018 y\u0131l\u0131 i\u00e7in \u00f6denecek mesai \u00fccretinin bakanlar kurulunun belirleyece\u011fi tavan \u00fczerinden \u00f6denmesi i\u00e7in 5393 say\u0131l\u0131 Belediye Kanununun 51.maddesi gere\u011fince Belediyemiz Meclisince gerekli karar\u0131n al\u0131nmas\u0131 hususunu arz ederim. Denilmekte olup, Teklif hakk\u0131nda s\u00f6z isteyen olup, olmad\u0131\u011f\u0131 soruldu. \u00dcyelerden Abdullah SARARYA s\u00f6z ald\u0131. Arkada\u015flar Teklifin m\u00fcd\u00fcrl\u00fc\u011f\u00fcnden geldi\u011fi gibi kabul edilmesini teklif ediyorum. dedi. Teklif oylamaya sunuldu. Yap\u0131lan oylama neticesinde teklifin kabul\u00fcne oy birli\u011fi ile karar verildi.<\/td>\n<\/tr>\n<tr>\n<td>Karar 75<\/td>\n<\/tr>\n<tr>\n<td>G\u00fcndemde bulunan madde gere\u011fi; Belediyemiz Mali Hizmetler M\u00fcd\u00fcrl\u00fc\u011f\u00fcn\u00fcn 29\/11\/2017 tarih ve 2063 say\u0131l\u0131 yaz\u0131lar\u0131nda; Belediye Ba\u015fkanl\u0131\u011f\u0131m\u0131zca il\u00e7emiz G\u00fcven\u00e7 Mahallesi s\u0131n\u0131rlar\u0131 i\u00e7erisinde bulunan 0 ada 1281 parselde kay\u0131tl\u0131 16.265,68 m\u00b2&#8217;lik ta\u015f\u0131nmaz\u0131n hayvan pazar\u0131 yeri olarak kamula\u015ft\u0131r\u0131lmas\u0131 ve di\u011fer faaliyetler ile Belediye Ba\u015fkanl\u0131\u011f\u0131m\u0131za ait kamu kurumu ve firmalara olan bor\u00e7lar\u0131m\u0131z\u0131 \u00f6demek amac\u0131yla 5.000.000 TL(5 milyon T\u00fcrk Liras\u0131) &#8216;nin 5393 say\u0131l\u0131 Belediye Kanununun bor\u00e7lanma ba\u015fl\u0131kl\u0131 68. maddesi &#8221;e&#8221; bendi uyar\u0131nca Mahalli \u0130dareler Genel M\u00fcd\u00fcrl\u00fc\u011f\u00fcnden izin al\u0131narak bor\u00e7lanma yetkisinin verilmesi hususun da Belediyemiz meclisine havalesini O&#8217; lurlar\u0131n\u0131za arz ederim. Denilmekte olup, okunan teklif hakk\u0131nda s\u00f6z isteyen olup, olmad\u0131\u011f\u0131 soruldu. S\u00f6z isteyen olmay\u0131nca Ba\u015fkan Saadettin ASLAN teklifin Plan B\u00fct\u00e7e Komisyonu ba\u015fkanl\u0131\u011f\u0131nda M\u00fc\u015fterek Komisyonunda g\u00f6r\u00fc\u015f\u00fclmek \u00fczere havale edilmesini teklif etti. Teklif oylamaya sunuldu. Yap\u0131lan oylama neticesinde teklifin kabul\u00fcne oy birli\u011fi ile karar verildi.<\/td>\n<\/tr>\n<tr>\n<td>Karar 76<\/td>\n<\/tr>\n<tr>\n<td>G\u00fcndem D\u0131\u015f\u0131 g\u00fcndeme al\u0131nan madde gere\u011fi; Belediyemiz Yaz\u0131 \u0130\u015fleri M\u00fcd\u00fcrl\u00fc\u011f\u00fcn\u00fcn 05\/12\/2017 tarih ve 2091 say\u0131l\u0131 tahsis konulu yaz\u0131lar\u0131nda \u0130l\u00e7emiz M\u00fcft\u00fcl\u00fc\u011f\u00fcn\u00fcn Sad\u0131kali, K\u00f6r\u00fckl\u00fc, \u00c7evlik, Kaleda\u011f ve Hac\u0131l\u0131 Mahallesinde bulunan camii lojmanlar\u0131n\u0131n kurumlar\u0131nca camii hizmetlerinde kullan\u0131lmak \u00fczere tahsisini talep etmektedir. S\u00f6z konusu tahsis i\u015fleminin 5393 Say\u0131l\u0131 Belediye Kanununun 15\/h ve 18\/e maddeleri uyar\u0131nca Belediyemiz Meclisince g\u00f6r\u00fc\u015f\u00fclmek \u00fczere havalesini arz ederim. denilmekte olup, okunan teklif hakk\u0131nda s\u00f6z isteyen olup, olmad\u0131\u011f\u0131 soruldu. Ba\u015fkan s\u00f6z ald\u0131. Arkada\u015flar Sad\u0131kali, K\u00f6r\u00fckl\u00fc, \u00c7evlik, Kaleda\u011f ve Hac\u0131l\u0131 Mahallesinde bulunan camii lojmanlar\u0131n\u0131n bak\u0131m, onar\u0131m, elektrik , su ve di\u011fer b\u00fct\u00fcn giderleri Karaisal\u0131 il\u00e7e M\u00fcft\u00fcl\u00fc\u011f\u00fcnce kar\u015f\u0131lanmak \u015fart\u0131yla camii hizmetlerinde kullan\u0131lmak \u00fczere tahsisinin kabul\u00fcn\u00fc teklif ediyorum. dedi. Teklif oylamaya sunuldu. Yap\u0131lan oylama neticesinde teklifin kabul\u00fcne oy birli\u011fi ile karar verildi.<\/td>\n<\/tr>\n<tr>\n<td>Karar 77<\/td>\n<\/tr>\n<tr>\n<td>G\u00fcndem d\u0131\u015f\u0131 g\u00fcndeme al\u0131nan madde gere\u011fi; Belediyemiz Ba\u015fkan\u0131 Saadetin ASLAN \u2018\u0131n Kosova Cumhuriyeti Glogova\u00e7 \u015eehri ile Karaisal\u0131 Belediye Ba\u015fkanl\u0131\u011f\u0131m\u0131z aras\u0131nda Karde\u015f \u015eehir ilan edilmesi ile ilgili teklifin g\u00f6r\u00fc\u015f\u00fclmesine ge\u00e7ildi. Teklifte aynan \u201cBelediyemiz Ba\u015fkanl\u0131k Makam\u0131n\u0131n ; Belediyemizce ekonomik i\u015fbirli\u011fin g\u00fc\u00e7lendirilmesi, hem\u015fehrilerimizin istek ve ihtiya\u00e7lar\u0131n\u0131 yerin getirme \u00e7abam\u0131z i\u00e7erisinde \u015fehirlerimiz ve hem\u015fehrilerimiz aras\u0131ndaki kar\u015f\u0131l\u0131kl\u0131 ili\u015fkiyi art\u0131rmak, \u015fehirlerimiz aras\u0131ndaki ba\u011f\u0131 g\u00fc\u00e7lendirmek , aram\u0131zdaki diyalo\u011fu geli\u015ftirmek , kar\u015f\u0131l\u0131kl\u0131 deneyim al\u0131\u015fveri\u015flerinde bulunmak , sorumluluk alan\u0131m\u0131za giren ve birlikte geli\u015fmemize katk\u0131 sa\u011flayacak olan t\u00fcm konularda ortak faaliyetlerde bulunmak, hem\u015fehrilerimiz aras\u0131ndaki ili\u015fkileri g\u00fc\u00e7lendirmek ve desteklemek \u00fczere konukseverlik kurallar\u0131na uygun olarak farkl\u0131l\u0131klar\u0131m\u0131za sayg\u0131 g\u00f6stermek g\u00fcven ortam\u0131 i\u00e7erisinde ve dayan\u0131\u015fma ruhuyla davranarak hi\u00e7bir ayr\u0131m g\u00f6zetmeksizin t\u00fcm hem\u015fehrilerimizin kar\u015f\u0131l\u0131kl\u0131 ili\u015fkilerimize kat\u0131lma olana\u011f\u0131n\u0131 g\u00fcvence alt\u0131na alarak \u00f6zg\u00fcrl\u00fck , demokrasi , ve hukukun \u00fcst\u00fcnl\u00fc\u011f\u00fc evrensel kurallar\u0131na ve \u00fclkelerimiz aras\u0131ndaki s\u00fcregelen ili\u015fkilere uygun olarak Kosova Cumhuriyeti Glogova\u00e7 \u015eehri ile Karaisal\u0131 \u0130l\u00e7emizin Karde\u015f \u015eehir olunmas\u0131n\u0131 teklif ediyorum. dedi. Teklif hakk\u0131nda s\u00f6z isteyen olup, olmad\u0131\u011f\u0131 soruldu. S\u00f6z isteyen olmay\u0131nca Ba\u015fkan s\u00f6z ald\u0131. Arkada\u015flar teklifin geldi\u011fi gibi kabul edilmesini oylar\u0131n\u0131za sunuyorum. Dedi. Yap\u0131lan oylama neticesinde kabul\u00fcne oy birli\u011fi ile karar verildi.<\/td>\n<\/tr>\n<tr>\n<td>Karar 78<\/td>\n<\/tr>\n<tr>\n<td>G\u00fcndemde bulunan madde gere\u011fi; Belediyemiz Plan B\u00fct\u00e7e ve M\u00fc\u015fterek Komisyonunun 07\/12\/2017 tarih ve 19 nolu komisyon raporunun g\u00f6r\u00fc\u015f\u00fclmesine ge\u00e7ildi. Komisyon Raporunda aynen &#8221; Belediyemiz Meclisince Plan B\u00fct\u00e7e ve M\u00fc\u015fterek Komisyonumuzda g\u00f6r\u00fc\u015f\u00fclmek \u00fczere havale edilen ; Belediyemiz Mali hizmetler M\u00fcd\u00fcrl\u00fc\u011f\u00fcn\u00fcn bor\u00e7lanma yetkisi ile ilgili maddesi g\u00f6r\u00fc\u015f\u00fclmek \u00fczere Belediyemiz Meclis Toplant\u0131 salonunda 07\/12\/2017 tarihinde toplan\u0131ld\u0131. Teklifte aynen; Belediye Ba\u015fkanl\u0131\u011f\u0131m\u0131zca il\u00e7emiz G\u00fcven\u00e7 Mahallesi s\u0131n\u0131rlar\u0131 i\u00e7erisinde bulunan 0 ada 1281 parselde kay\u0131tl\u0131 16.265,68 m\u00b2&#8217;lik ta\u015f\u0131nmaz\u0131n hayvan pazar\u0131 yeri olarak kamula\u015ft\u0131r\u0131lmas\u0131 ve di\u011fer faaliyetler ile Belediye Ba\u015fkanl\u0131\u011f\u0131m\u0131za ait kamu kurumu ve firmalara olan bor\u00e7lar\u0131m\u0131z\u0131 \u00f6demek amac\u0131yla 5.000.000 TL(Be\u015f milyon T\u00fcrk Liras\u0131) &#8216;nin 5393 say\u0131l\u0131 Belediye Kanununun bor\u00e7lanma ba\u015fl\u0131kl\u0131 68. maddesi &#8221;e&#8221; bendi uyar\u0131nca Mahalli \u0130dareler Genel M\u00fcd\u00fcrl\u00fc\u011f\u00fcnden izin al\u0131narak bor\u00e7lanma yetkisinin verilmesi talep edilmi\u015f olup, Madde ile ilgili g\u00f6r\u00fc\u015f ve d\u00fc\u015f\u00fcncelerin g\u00f6r\u00fc\u015f\u00fclmesine ge\u00e7ildi. Yap\u0131lan g\u00f6r\u00fc\u015fmeler ve de\u011ferlendirmeler neticesinde 9 oy red oyu 5 oy kabul oyu verilmi\u015ftir. Komisyonumuzca teklifin reddine oy \u00e7oklu\u011fu ile karar verilmi\u015f olup, Belediyemiz Meclisine sunulmas\u0131na oy birli\u011fi ile karar verildi. Denilmekte olup, okunan komisyon raporu oylamaya sunuldu. Yap\u0131lan oylama neticesinde komisyon raporunun kabul\u00fcne oy \u00e7oklu\u011fu ile karar verildi.<\/td>\n<\/tr>\n<\/tbody>\n<\/table>\n","protected":false},"excerpt":{"rendered":"<p>Karar 72 G\u00fcndemde Bulunan Madde Gere\u011fi; Belediyemiz Yaz\u0131 \u0130\u015fleri M\u00fcd\u00fcrl\u00fc\u011f\u00fcn\u00fcn 01\/12\/2017 tarih ve E.2072 say\u0131l\u0131 yaz\u0131lar\u0131nda : Belediyeler ve Mahalli \u0130dare Birliklerinde kullan\u0131lacak ge\u00e7ici i\u015f pozisyonlar\u0131 bu kurum ve kurulu\u015flar i\u00e7in norm kadro standartlar\u0131 cetvellerinde belirlenen memur norm kadro standard\u0131 toplam\u0131n\u0131n y\u00fczde yirmisini ge\u00e7memek \u00fczere bulunacak say\u0131n\u0131n yuvarlanmas\u0131 ve tam y\u0131l esas\u0131na g\u00f6re hesaplanmas\u0131 sonucu [&hellip;]<\/p>\n","protected":false},"author":10,"featured_media":0,"parent":2897,"menu_order":201712,"comment_status":"closed","ping_status":"closed","template":"","meta":{"footnotes":""},"class_list":["post-3633","page","type-page","status-publish","hentry"],"_links":{"self":[{"href":"https:\/\/www.karaisali.bel.tr\/index.php?rest_route=\/wp\/v2\/pages\/3633","targetHints":{"allow":["GET"]}}],"collection":[{"href":"https:\/\/www.karaisali.bel.tr\/index.php?rest_route=\/wp\/v2\/pages"}],"about":[{"href":"https:\/\/www.karaisali.bel.tr\/index.php?rest_route=\/wp\/v2\/types\/page"}],"author":[{"embeddable":true,"href":"https:\/\/www.karaisali.bel.tr\/index.php?rest_route=\/wp\/v2\/users\/10"}],"replies":[{"embeddable":true,"href":"https:\/\/www.karaisali.bel.tr\/index.php?rest_route=%2Fwp%2Fv2%2Fcomments&post=3633"}],"version-history":[{"count":0,"href":"https:\/\/www.karaisali.bel.tr\/index.php?rest_route=\/wp\/v2\/pages\/3633\/revisions"}],"up":[{"embeddable":true,"href":"https:\/\/www.karaisali.bel.tr\/index.php?rest_route=\/wp\/v2\/pages\/2897"}],"wp:attachment":[{"href":"https:\/\/www.karaisali.bel.tr\/index.php?rest_route=%2Fwp%2Fv2%2Fmedia&parent=3633"}],"curies":[{"name":"wp","href":"https:\/\/api.w.org\/{rel}","templated":true}]}}