{"id":3629,"date":"2017-11-06T10:08:47","date_gmt":"2017-11-06T07:08:47","guid":{"rendered":"http:\/\/www.karaisali.bel.tr\/?page_id=3629"},"modified":"2017-12-11T09:37:05","modified_gmt":"2017-12-11T06:37:05","slug":"kasim-2017-meclis-kararlari","status":"publish","type":"page","link":"https:\/\/www.karaisali.bel.tr\/?page_id=3629","title":{"rendered":"Kas\u0131m 2017 Meclis Kararlar\u0131"},"content":{"rendered":"<table>\n<tbody>\n<tr>\n<td>Karar 66<\/td>\n<\/tr>\n<tr>\n<td>G\u00fcndemde bulunan madde gere\u011fi:; Belediyemiz Meclisinin 31\/10\/2017 tarih ve E.1820 Say\u0131l\u0131 yaz\u0131lar\u0131nda Belediyemiz Meclisinin 20\/10\/2017 tarihli toplant\u0131s\u0131nda g\u00fcndem d\u0131\u015f\u0131 g\u00f6r\u00fc\u015f\u00fclen il\u00e7emiz s\u0131n\u0131rlar\u0131 yan\u0131nda bulunan Kesiri Han\u0131\u2019n\u0131 tamamlayan 4. Murat zaman\u0131nda yap\u0131lan K\u0131zlar Kulesi isimli tarihi yerin D\u00fcnya K\u00fclt\u00fcr Miras\u0131na yada k\u00fclt\u00fcrel miras\u0131m\u0131za al\u0131nmas\u0131 ile ilgili meclisimizce g\u00f6r\u00fc\u015f\u00fclmek \u00fczere havalesini arz ederim. Denilmekte olup, teklif hakk\u0131nda s\u00f6z isteyen olup, olmad\u0131\u011f\u0131 soruldu . \u00dcyelerden Rifat K\u00d6RO\u011eLU s\u00f6z ald\u0131. Arkada\u015flar teklifin E\u011fitim, K\u00fclt\u00fcr , Gen\u00e7lik ve Spor Komisyonu ba\u015fkanl\u0131\u011f\u0131nda m\u00fc\u015fterek komisyonda g\u00f6r\u00fc\u015f\u00fclmek \u00fczere havale edilmesini teklif ediyorum. Dedi. Teklif oylamaya sunuldu. Yap\u0131lan oylama neticesinde kabul\u00fcne oy birli\u011fi ile karar verildi.<\/td>\n<\/tr>\n<tr>\n<td>Karar 67<\/td>\n<\/tr>\n<tr>\n<td>G\u00fcndemde bulunan madde gere\u011fi; Belediyemiz E\u011fitim K\u00fclt\u00fcr , Gen\u00e7lik ve Spor Komisyonu Ba\u015fkanl\u0131\u011f\u0131nda m\u00fc\u015fterek komisyonunun 03\/11\/2017 tarih ve 1 nolu K\u0131zlar Kulesi ile ilgili komisyon karar\u0131n\u0131n g\u00f6r\u00fc\u015f\u00fclmesine ge\u00e7ildi. Komisyon raporunda aynen \u201cBelediyemiz Meclisince E\u011fitim K\u00fclt\u00fcr Gen\u00e7lik ve Spor Komisyonu Ba\u015fkanl\u0131\u011f\u0131nda M\u00fc\u015fterek Komisyonumuzda g\u00f6r\u00fc\u015f\u00fclmek \u00fczere 01\/11\/2017 tarih ve 66 say\u0131l\u0131 karar\u0131 ile havale edilen; K\u0131zlar Kulesi \u2018nin K\u00fclt\u00fcrel Mirasa kazand\u0131r\u0131lmas\u0131 ile ilgili konu i\u00e7in komisyonumuz 02-03\/11\/2017 tarihlerinde toplanm\u0131\u015ft\u0131r. Teklifte aynen \u201cBelediyemiz Meclisinin 31\/10\/2017 tarih ve E.1820 Say\u0131l\u0131 yaz\u0131lar\u0131nda Belediyemiz Meclisinin 20\/10\/2017 tarihli toplant\u0131s\u0131nda g\u00fcndem d\u0131\u015f\u0131 g\u00f6r\u00fc\u015f\u00fclen il\u00e7emiz s\u0131n\u0131rlar\u0131 yan\u0131nda bulunan Kesiri Han\u0131\u2019n\u0131 tamamlayan 4. Murat zaman\u0131nda yap\u0131lan K\u0131zlar Kulesi isimli tarihi yerin D\u00fcnya K\u00fclt\u00fcr Miras\u0131na yada k\u00fclt\u00fcrel miras\u0131m\u0131za al\u0131nmas\u0131 ile ilgili meclisimizce g\u00f6r\u00fc\u015f\u00fclmek \u00fczere havalesini arz ederim. Denilmekte olup komisyonumuzca konu ile ilgili s\u00f6z konusu tarihi yerin Tarsus Belediyesi s\u0131n\u0131rlar\u0131 i\u00e7erisinde olmas\u0131 nedeniyle Tarsus Belediyesi yetkilileri ve \u0130lgili m\u00fcze m\u00fcd\u00fcrl\u00fckleri ile g\u00f6r\u00fc\u015f\u00fcld\u00fc. Yap\u0131lan ara\u015ft\u0131rma ve g\u00f6r\u00fc\u015fmeler neticesinde s\u00f6z konusu K\u0131zlar Kulesi isimli tarihi yerin 27\/05\/2010 tarihinde 1. Derece tarihi miras kayd\u0131na al\u0131nd\u0131\u011f\u0131 \u00f6\u011frenilmi\u015f olup, s\u00f6z konusu yerin tarihi ve k\u00fclt\u00fcrel mirasa kazand\u0131r\u0131ld\u0131\u011f\u0131 kanaatine var\u0131lm\u0131\u015ft\u0131r. Gerekli tan\u0131t\u0131m ve \u00e7al\u0131\u015fmalar\u0131n yap\u0131lmas\u0131 i\u00e7in ilgili kurumlara karar\u0131n g\u00f6nderilmesine , Karar\u0131m\u0131z\u0131n Belediyemiz Meclisine sunulmas\u0131na oy birli\u011fi ile karar verildi. Denilmekte olup, Komisyon raporu hakk\u0131nda s\u00f6z isteyen olup, olmad\u0131\u011f\u0131 soruldu. \u00dcyelerden Rifat K\u00d6RO\u011eLU s\u00f6z ald\u0131. Arkada\u015flar okunan komisyon raporunun komisyondan geldi\u011fi gibi kabul edilmesini teklif ediyorum. Dedi. Teklif oylamaya sunuldu. Yap\u0131lan oylama neticesinde teklifin kabul\u00fcne oy birli\u011fi ile karar verildi.<\/td>\n<\/tr>\n<tr>\n<td>Karar 68<\/td>\n<\/tr>\n<tr>\n<td>G\u00fcndemde bulunan madde gere\u011fi; Belediyemiz Meclis \u00dcyelerinden Abdulcelil SAK\u2019\u0131n meclis \u00fcyeli\u011finin g\u00f6r\u00fc\u015f\u00fclmesi ile ilgili teklif okundu. Teklifte aynen ; Belediyemiz Yaz\u0131 \u0130\u015fleri M\u00fcd\u00fcrl\u00fc\u011f\u00fcn\u00fcn 01\/11\/2017 tarih ve E.1847 say\u0131l\u0131 yaz\u0131lar\u0131nda \u201c Belediyemiz Meclis \u00dcyesi Abdulcelil SAK\u2019\u0131n toplant\u0131lara \u00fcst \u00fcste 3 defadan fazla kat\u0131lamad\u0131\u011f\u0131ndan Belediye Meclis \u00c7al\u0131\u015fma Y\u00f6netmeli\u011finin Madde9?A-(Ek:RG-27\/11\/2014-29188) de \u201c Meclis \u00fcyeli\u011fi \u00f6l\u00fcm ve istifa durumunda kendili\u011finden sona erer. Meclis \u00fcyeli\u011finden istifa dilek\u00e7esi Belediye Ba\u015fkanl\u0131\u011f\u0131na verilir ve ba\u015fkan taraf\u0131ndan meclisin bilgisine sunulur. \u00d6z\u00fcrs\u00fcz ve izinsiz olarak arka arkaya \u00fc\u00e7 birle\u015fim g\u00fcn\u00fc veya bir y\u0131l i\u00e7inde yap\u0131lan toplant\u0131lar\u0131n yar\u0131s\u0131na kat\u0131lmayan \u00fcyenin \u00fcyeli\u011finin d\u00fc\u015fmesine savunmas\u0131 al\u0131nd\u0131ktan sonra \u00fcye tam say\u0131s\u0131n\u0131n salt \u00e7o\u011funlu\u011fuyla karar verilir\u201d denilmekte olup, teklif hakk\u0131nda s\u00f6z isteyen olup, olmad\u0131\u011f\u0131 soruldu. \u00dcyelerden Rifat K\u00d6RO\u011eLU s\u00f6z ald\u0131. Arkada\u015flar bu konuyu daha \u00f6nce meclis \u00fcyeli\u011finin devam\u0131 karar\u0131nda konu\u015fmu\u015ftuk ve karar alm\u0131\u015ft\u0131k. \u00d6nceki al\u0131nan karar\u0131m\u0131z\u0131n ayn\u0131 \u015fekli ile kabul\u00fcn\u00fc Abdulcelil SAK \u2018\u0131n meclis \u00fcyeli\u011finin devam etmesini , teklifin geldi\u011fi m\u00fcd\u00fcrl\u00fc\u011f\u00fcne iadesini teklif ediyorum. Dedi. Teklif oylamaya sunuldu. Yap\u0131lan oylama neticesinde (11 oy olumlu 2 red oyu ile) oy \u00e7oklu\u011fu ile kabul\u00fcne karar verildi.<\/td>\n<\/tr>\n<tr>\n<td>Karar 69<\/td>\n<\/tr>\n<tr>\n<td>G\u00fcndemde bulunan madde gere\u011fi ; Belediyemiz Fen \u0130\u015fleri M\u00fcd\u00fcrl\u00fc\u011f\u00fcnce haz\u0131rlanan 1\/1000 \u00f6l\u00e7ekli imar plan\u0131n\u0131n g\u00f6r\u00fc\u015f\u00fclmesi ve onaylanmas\u0131 ile ilgili teklifin g\u00f6r\u00fc\u015f\u00fclmesine ge\u00e7ildi. Teklif hakk\u0131nda s\u00f6z isteyen olup, olmad\u0131\u011f\u0131 soruldu. \u00dcyelerden Rifat K\u00d6RO\u011eLU s\u00f6z ald\u0131. Arkada\u015flar teklifin Belediyemiz \u0130mar ve \u015eehircilik Komisyonu ba\u015fkanl\u0131\u011f\u0131nda m\u00fc\u015fterek komisyonda g\u00f6r\u00fc\u015f\u00fclmek \u00fczere havalesini teklif ediyorum. dedi. Teklif oylamaya sunuldu. Yap\u0131lan oylama neticesinde kabul\u00fcne oy birli\u011fi ile karar verildi.<\/td>\n<\/tr>\n<tr>\n<td>Karar 70<\/td>\n<\/tr>\n<tr>\n<td>G\u00fcndem d\u0131\u015f\u0131 g\u00fcndeme al\u0131nan madde gere\u011fi; Belediyemiz Meclis \u00dcyesi Rifat K\u00d6RO\u011eLU \u2018nun Azerbaycan Cumhuriyeti Cebray\u0131l Vilayeti ile Karaisal\u0131 Belediye Ba\u015fkanl\u0131\u011f\u0131m\u0131z aras\u0131nda Karde\u015f \u015eehir ilan edilmesi ile ilgili teklifin g\u00f6r\u00fc\u015f\u00fclmesine ge\u00e7ildi. Teklifte aynan \u201cBelediyemiz Ba\u015fkanl\u0131k Makam\u0131n\u0131n ; Belediyemizce ekonomik i\u015fbirli\u011fin g\u00fc\u00e7lendirilmesi, hem\u015fehrilerimizin istek ve ihtiya\u00e7lar\u0131n\u0131 yerin getirme \u00e7abam\u0131z i\u00e7erisinde \u015fehirlerimiz ve hem\u015fehrilerimiz aras\u0131ndaki kar\u015f\u0131l\u0131kl\u0131 ili\u015fkiyi art\u0131rmak, \u015fehirlerimiz aras\u0131ndaki ba\u011f\u0131 g\u00fc\u00e7lendirmek , aram\u0131zdaki diyalo\u011fu geli\u015ftirmek , kar\u015f\u0131l\u0131kl\u0131 deneyim al\u0131\u015fveri\u015flerinde bulunmak , sorumluluk alan\u0131m\u0131za giren ve birlikte geli\u015fmemize katk\u0131 sa\u011flayacak olan t\u00fcm konularda ortak faaliyetlerde bulunmak, hem\u015fehrilerimiz aras\u0131ndaki ili\u015fkileri g\u00fc\u00e7lendirmek ve desteklemek \u00fczere konukseverlik kurallar\u0131na uygun olarak farkl\u0131l\u0131klar\u0131m\u0131za sayg\u0131 g\u00f6stermek g\u00fcven ortam\u0131 i\u00e7erisinde ve dayan\u0131\u015fma ruhuyla davranarak hi\u00e7bir ayr\u0131m g\u00f6zetmeksizin t\u00fcm hem\u015fehrilerimizin kar\u015f\u0131l\u0131kl\u0131 ili\u015fkilerimize kat\u0131lma olana\u011f\u0131n\u0131 g\u00fcvence alt\u0131na alarak \u00f6zg\u00fcrl\u00fck , demokrasi , ve hukukun \u00fcst\u00fcnl\u00fc\u011f\u00fc evrensel kurallar\u0131na ve \u00fclkelerimiz aras\u0131ndaki s\u00fcregelen ili\u015fkilere uygun olarak Azerbaycan Cumhuriyeti Cebray\u0131l Vilayeti ile Karaisal\u0131 \u0130l\u00e7emizin Karde\u015f \u015eehir olunmas\u0131 i\u00e7in yaz\u0131m\u0131z\u0131n meclisimize havalesini arz ederim. Denilmekte olup, teklif hakk\u0131nda s\u00f6z isteyen olup, olmad\u0131\u011f\u0131 soruldu. S\u00f6z isteyen olmay\u0131nca Ba\u015fkan s\u00f6z ald\u0131. Arkada\u015flar teklifin geldi\u011fi gibi kabul edilmesini oylar\u0131n\u0131za sunuyorum. Dedi. Yap\u0131lan oylama neticesinde kabul\u00fcne oy birli\u011fi ile karar verildi.<\/td>\n<\/tr>\n<tr>\n<td>Karar 71<\/td>\n<\/tr>\n<tr>\n<td>G\u00fcndemde bulunan madde gere\u011fi; Belediyemiz \u0130mar ve \u015eehircilik Komisyonu Ba\u015fkanl\u0131\u011f\u0131nda M\u00fc\u015fterek Komisyonunun 1\/1000 \u00d6l\u00e7ekli \u0130mar Plan\u0131 \u0130le ilgili 15\/11\/2017 Tarih ve 4 Nolu Komisyon Raporunun G\u00f6r\u00fc\u015f\u00fcr\u00fclmesine ge\u00e7ildi. Komisyon Raporunda aynen &#8220;Belediyemiz Meclisince komisyonumuzda g\u00f6r\u00fc\u015f\u00fclmek \u00fczere Belediyemiz Meclisinin 06\/11\/2017 tarih ve 69 say\u0131l\u0131 karar\u0131 ile havale edilen Adana B\u00fcy\u00fck\u015fehir Belediye Meclisinin 11\/08\/2017 tarih ve 317 say\u0131l\u0131 karar\u0131 ile onaylanan 1\/5000 \u00f6l\u00e7ekli Karaisal\u0131 \u0130l\u00e7esi Naz\u0131m \u0130mar Plan\u0131na uygun olarak Belediye Ba\u015fkanl\u0131\u011f\u0131m\u0131zca 3194 \u0130mar Kanununun 8. Maddesi uyar\u0131nca haz\u0131rlat\u0131lan 1\/1000 \u00f6l\u00e7ekli uygulama imar plan\u0131n\u0131 g\u00f6r\u00fc\u015fmek ve de\u011ferlendirme \u00fczere komisyonumuz 07-08-09-10-13-14-15\/11\/2017 tarihlerinde toplanm\u0131\u015f olup, yap\u0131lan incelemeler ve de\u011ferlendirmeler sonucunda komisyonumuzca uygun bulunmu\u015f olup, raporumuzun Belediyemiz Meclisine sunulmas\u0131na oy birli\u011fi ile karar verildi. Denilmekte olup, okunan komisyon raporu hakk\u0131nda s\u00f6z isteyen olup, olmad\u0131\u011f\u0131 soruldu. S\u00f6z isteyen olmay\u0131nca oylamaya sunuldu. Yap\u0131lan Oylama neticesinde oy \u00e7oklu\u011fu ile (13 Kabul oyu, 1 red oyu kullan\u0131lm\u0131\u015ft\u0131r.) kabul\u00fcne karar verildi.<\/td>\n<\/tr>\n<\/tbody>\n<\/table>\n","protected":false},"excerpt":{"rendered":"<p>Karar 66 G\u00fcndemde bulunan madde gere\u011fi:; Belediyemiz Meclisinin 31\/10\/2017 tarih ve E.1820 Say\u0131l\u0131 yaz\u0131lar\u0131nda Belediyemiz Meclisinin 20\/10\/2017 tarihli toplant\u0131s\u0131nda g\u00fcndem d\u0131\u015f\u0131 g\u00f6r\u00fc\u015f\u00fclen il\u00e7emiz s\u0131n\u0131rlar\u0131 yan\u0131nda bulunan Kesiri Han\u0131\u2019n\u0131 tamamlayan 4. Murat zaman\u0131nda yap\u0131lan K\u0131zlar Kulesi isimli tarihi yerin D\u00fcnya K\u00fclt\u00fcr Miras\u0131na yada k\u00fclt\u00fcrel miras\u0131m\u0131za al\u0131nmas\u0131 ile ilgili meclisimizce g\u00f6r\u00fc\u015f\u00fclmek \u00fczere havalesini arz ederim. Denilmekte olup, [&hellip;]<\/p>\n","protected":false},"author":10,"featured_media":0,"parent":2897,"menu_order":201711,"comment_status":"closed","ping_status":"closed","template":"","meta":{"footnotes":""},"class_list":["post-3629","page","type-page","status-publish","hentry"],"_links":{"self":[{"href":"https:\/\/www.karaisali.bel.tr\/index.php?rest_route=\/wp\/v2\/pages\/3629","targetHints":{"allow":["GET"]}}],"collection":[{"href":"https:\/\/www.karaisali.bel.tr\/index.php?rest_route=\/wp\/v2\/pages"}],"about":[{"href":"https:\/\/www.karaisali.bel.tr\/index.php?rest_route=\/wp\/v2\/types\/page"}],"author":[{"embeddable":true,"href":"https:\/\/www.karaisali.bel.tr\/index.php?rest_route=\/wp\/v2\/users\/10"}],"replies":[{"embeddable":true,"href":"https:\/\/www.karaisali.bel.tr\/index.php?rest_route=%2Fwp%2Fv2%2Fcomments&post=3629"}],"version-history":[{"count":0,"href":"https:\/\/www.karaisali.bel.tr\/index.php?rest_route=\/wp\/v2\/pages\/3629\/revisions"}],"up":[{"embeddable":true,"href":"https:\/\/www.karaisali.bel.tr\/index.php?rest_route=\/wp\/v2\/pages\/2897"}],"wp:attachment":[{"href":"https:\/\/www.karaisali.bel.tr\/index.php?rest_route=%2Fwp%2Fv2%2Fmedia&parent=3629"}],"curies":[{"name":"wp","href":"https:\/\/api.w.org\/{rel}","templated":true}]}}