{"id":3570,"date":"2017-10-13T15:28:36","date_gmt":"2017-10-13T12:28:36","guid":{"rendered":"https:\/\/www.karaisali.bel.tr\/?page_id=3570"},"modified":"2018-02-06T11:55:22","modified_gmt":"2018-02-06T08:55:22","slug":"ekim-2017-meclis-kararlari","status":"publish","type":"page","link":"https:\/\/www.karaisali.bel.tr\/?page_id=3570","title":{"rendered":"Ekim 2017 Meclis Kararlar\u0131"},"content":{"rendered":"<table>\n<tbody>\n<tr>\n<td>KARAR 57<\/td>\n<\/tr>\n<tr>\n<td>G\u00fcndemde bulunan madde gere\u011fi; Belediyemiz Mali Hizmetler M\u00fcd\u00fcrl\u00fc\u011f\u00fcn\u00fcn 29\/09\/2017 tarih ve E.1516 Say\u0131l\u0131 yaz\u0131lar\u0131nda aynen Belediye Ba\u015fkanl\u0131\u011f\u0131m\u0131z 2017 y\u0131l\u0131 B\u00fct\u00e7esi yetmedi\u011finden 2017 y\u0131l\u0131 ek B\u00fct\u00e7esi gelir ve gider tablosu yaz\u0131m\u0131z ekinde sunulmu\u015f olup, Belediyemiz Meclisince g\u00f6r\u00fc\u015f\u00fclerek onaylanmas\u0131 hususunda, O\u2019lurlar\u0131n\u0131z\u0131 arz ederim. Denilmekte olup, teklif hakk\u0131nda s\u00f6z isteyen olup, olmad\u0131\u011f\u0131 soruldu. \u00dcyelerden Abdullah SAKARYA s\u00f6z ald\u0131. Arkada\u015flar teklifin Plan ve B\u00fct\u00e7e Komisyonu Ba\u015fkanl\u0131\u011f\u0131nda m\u00fc\u015fterek komisyonda g\u00f6r\u00fc\u015f\u00fclmek \u00fczere havale edilmesini teklif ediyorum. Dedi. Teklif oylamaya sunuldu. Yap\u0131lan oylama neticesinde teklifin kabul\u00fcne oy birli\u011fi ile karar verildi.\n<\/td>\n<\/tr>\n<tr>\n<td>KARAR 58<\/td>\n<\/tr>\n<tr>\n<td>G\u00fcndemde bulunan madde gere\u011fi ; Belediyemiz mali Hizmetler M\u00fcd\u00fcrl\u00fc\u011f\u00fcn\u00fcn 29\/09\/2017 tarih ve E.1517 say\u0131l\u0131 yaz\u0131lar\u0131nda Belediye Ba\u015fkanl\u0131\u011f\u0131m\u0131z 2018 y\u0131l\u0131 haz\u0131rl\u0131k b\u00fct\u00e7esi gelir ve gider tablosu yaz\u0131m\u0131z ekinde sunulmu\u015f olup, Belediyemiz Meclisince g\u00f6r\u00fc\u015f\u00fclerek onaylanmas\u0131 hususunda Belediyemiz Meclisine havalesini arz ederim. Denilmekte olup, Teklif hakk\u0131nda s\u00f6z isteyen olup, olmad\u0131\u011f\u0131 soruldu. \u00dcyelerden Abdullah SAKARYA s\u00f6z ald\u0131. Arkada\u015flar teklifin Plan ve B\u00fct\u00e7e Komisyonu ba\u015fkanl\u0131\u011f\u0131nda m\u00fc\u015fterek komisyonda g\u00f6r\u00fc\u015f\u00fclmek \u00fczere havale edilmesini teklif ediyorum. Dedi. Teklif oylamaya sunuldu. Yap\u0131lan oylama neticesinde teklifin kabul\u00fcne oy birli\u011fi ile karar verildi.\n<\/td>\n<\/tr>\n<tr>\n<td>KARAR 59<\/td>\n<\/tr>\n<tr>\n<td>G\u00fcndemde bulunan Madde gere\u011fi; Belediyemiz Mali Hizmetler M\u00fcd\u00fcrl\u00fc\u011f\u00fcn\u00fcn 29\/09\/2017 tarih ve E.1515 say\u0131l\u0131 yaz\u0131lar\u0131nda Belediye Ba\u015fkanl\u0131\u011f\u0131m\u0131z 2018 y\u0131l\u0131 Fiyat Tarifelerinin tablosu yaz\u0131m\u0131z ekinde sunulmu\u015f olup, Belediyemiz Meclisince g\u00f6r\u00fc\u015f\u00fclmek \u00fczere havale edilmesini arz ederim. Denilmekte olup, teklif hakk\u0131nda s\u00f6z isteyen olup , olmad\u0131\u011f\u0131 soruldu. \u00dcyelerden Abdullah SAKARYA s\u00f6z ald\u0131. Arkada\u015flar teklifin Plan B\u00fctce ve M\u00fc\u015fterek komisyonda g\u00f6r\u00fc\u015fmek \u00fczere havale edilmesini teklif ediyorum dedi. Teklif  oylamaya sunuldu. Yap\u0131lan oylama neticesinde teklifin kabul\u00fcne oy birli\u011fi ile karar verildi.\n<\/td>\n<\/tr>\n<tr>\n<td>KARAR 60<\/td>\n<\/tr>\n<tr>\n<td>G\u00fcndeme al\u0131nan madde gere\u011fi; Meclis \u00dcyesi Mustafa EK\u0130C\u0130\u2019nin istifas\u0131ndan dolay\u0131 bo\u015falan 2. Meclis Ba\u015fkanvekilli\u011fi se\u00e7imi i\u00e7in gizli oylama yap\u0131ld\u0131. Yap\u0131lan oylama neticesinde Meclis \u00dcyelerinden Osman KURDAK (14) oy alarak Meclis \u0130kinci Ba\u015fkanvekili\u011fine se\u00e7ildi.\n<\/td>\n<\/tr>\n<tr>\n<td>KARAR 61<\/td>\n<\/tr>\n<tr>\n<td>G\u00fcndeme al\u0131nan madde gere\u011fi: Meclis \u00dcyesi Mustafa EK\u0130C\u0130 \u2018n\u0131n istifas\u0131ndan dolay\u0131 \u00c7evre ve \u015eehircilik Komisyonu ile \u0130mar ve \u015eehircilik Komisyonuna se\u00e7ilen Mustafa EK\u0130C\u0130\u2019in yerine komisyon \u00fcyesi se\u00e7imi yap\u0131ld\u0131. \u00c7evre ve \u015eehircilik Komisyonuna \u00fcye se\u00e7imi i\u00e7in yap\u0131lan a\u00e7\u0131k oylama neticesinde Meclis \u00dcyelerinden Mehmet Akif CO\u015eGUNO\u011eLU (14) oy alarak , \u0130mar ve \u015eehircilik Komisyonunda g\u00f6rev yapmak \u00fczere yap\u0131lan a\u00e7\u0131k oylamada Meclis \u00dcyelerinden Mehmet Akif CO\u015eGUNO\u011eLU (14) oy alarak se\u00e7ildi.\n<\/td>\n<\/tr>\n<tr>\n<td>KARAR 62<\/td>\n<\/tr>\n<tr>\n<td>G\u00fcndemde bulunan madde gere\u011fi; Belediyemiz Plan B\u00fct\u00e7e ve M\u00fc\u015fterek Komisyonunun 03\/10\/2017 tarih ve 16 nolu 2017 Y\u0131l\u0131 Ek B\u00fct\u00e7esi ile ilgili Komisyon Raporunun g\u00f6r\u00fc\u015f\u00fclmesine ge\u00e7ildi. Komisyon raporunda aynen &#8220;Belediyemiz Meclisince Plan B\u00fct\u00e7e ve M\u00fc\u015fterek Komisyonumuzda g\u00f6r\u00fc\u015f\u00fclmek \u00fczere 03\/10\/2017 tarih ve  57 say\u0131l\u0131 karar\u0131 ile havale edilen; Belediyemiz Mali Hizmetler M\u00fcd\u00fcrl\u00fc\u011f\u00fcn\u00fcn 29\/09\/2017 tarih ve E.1516 Say\u0131l\u0131 yaz\u0131lar\u0131 ekindeki 2017 y\u0131l\u0131 ek B\u00fct\u00e7esi gelir ve gider tablosu komisyonumuzca g\u00f6r\u00fc\u015f\u00fclmek \u00fczere Belediyemiz Meclis Toplant\u0131 salonunda 03\/10\/2017 tarihinde saat 14:30 \u2018da  toplan\u0131ld\u0131. Komisyonumuzca 2017 Y\u0131l\u0131 Ek B\u00fct\u00e7esi gelir ve gider tablolar\u0131 tek tek incelenerek 2.500.000,00-TL (\u0130K\u0130M\u0130LYONBE\u015eY\u00dcZB\u0130NT\u00dcRKL\u0130RASI)  ek b\u00fct\u00e7enin uygunlu\u011funa, 2017 y\u0131l\u0131 b\u00fct\u00e7esinin ek b\u00fct\u00e7e ile birlikte 19.500.000,00-TL (ONDOKUZM\u0130LYONBE\u015eY\u00dcZB\u0130NT\u00dcRKL\u0130RASI)  olarak belirlenmesine , karar\u0131m\u0131z\u0131n Belediyemiz Meclisine sunulmas\u0131na oy birli\u011fi ile karar verildi. Denilmekte olup, Okunan komisyon raporu hakk\u0131nda s\u00f6z isteyen olup, olmad\u0131\u011f\u0131 soruldu. S\u00f6z isteyen olmay\u0131nca oylamaya sunuldu. Yap\u0131lan oylama neticesinde  komisyon raporunun kabul\u00fcne oy birli\u011fi ile karar verildi.\n<\/td>\n<\/tr>\n<\/tbody>\n<\/table>\n","protected":false},"excerpt":{"rendered":"<p>KARAR 57 G\u00fcndemde bulunan madde gere\u011fi; Belediyemiz Mali Hizmetler M\u00fcd\u00fcrl\u00fc\u011f\u00fcn\u00fcn 29\/09\/2017 tarih ve E.1516 Say\u0131l\u0131 yaz\u0131lar\u0131nda aynen Belediye Ba\u015fkanl\u0131\u011f\u0131m\u0131z 2017 y\u0131l\u0131 B\u00fct\u00e7esi yetmedi\u011finden 2017 y\u0131l\u0131 ek B\u00fct\u00e7esi gelir ve gider tablosu yaz\u0131m\u0131z ekinde sunulmu\u015f olup, Belediyemiz Meclisince g\u00f6r\u00fc\u015f\u00fclerek onaylanmas\u0131 hususunda, O\u2019lurlar\u0131n\u0131z\u0131 arz ederim. Denilmekte olup, teklif hakk\u0131nda s\u00f6z isteyen olup, olmad\u0131\u011f\u0131 soruldu. \u00dcyelerden Abdullah SAKARYA [&hellip;]<\/p>\n","protected":false},"author":10,"featured_media":0,"parent":2897,"menu_order":201710,"comment_status":"closed","ping_status":"closed","template":"","meta":{"footnotes":""},"class_list":["post-3570","page","type-page","status-publish","hentry"],"_links":{"self":[{"href":"https:\/\/www.karaisali.bel.tr\/index.php?rest_route=\/wp\/v2\/pages\/3570","targetHints":{"allow":["GET"]}}],"collection":[{"href":"https:\/\/www.karaisali.bel.tr\/index.php?rest_route=\/wp\/v2\/pages"}],"about":[{"href":"https:\/\/www.karaisali.bel.tr\/index.php?rest_route=\/wp\/v2\/types\/page"}],"author":[{"embeddable":true,"href":"https:\/\/www.karaisali.bel.tr\/index.php?rest_route=\/wp\/v2\/users\/10"}],"replies":[{"embeddable":true,"href":"https:\/\/www.karaisali.bel.tr\/index.php?rest_route=%2Fwp%2Fv2%2Fcomments&post=3570"}],"version-history":[{"count":0,"href":"https:\/\/www.karaisali.bel.tr\/index.php?rest_route=\/wp\/v2\/pages\/3570\/revisions"}],"up":[{"embeddable":true,"href":"https:\/\/www.karaisali.bel.tr\/index.php?rest_route=\/wp\/v2\/pages\/2897"}],"wp:attachment":[{"href":"https:\/\/www.karaisali.bel.tr\/index.php?rest_route=%2Fwp%2Fv2%2Fmedia&parent=3570"}],"curies":[{"name":"wp","href":"https:\/\/api.w.org\/{rel}","templated":true}]}}