{"id":3511,"date":"2017-09-11T13:56:40","date_gmt":"2017-09-11T10:56:40","guid":{"rendered":"https:\/\/www.karaisali.bel.tr\/?page_id=3511"},"modified":"2018-02-06T11:55:12","modified_gmt":"2018-02-06T08:55:12","slug":"eylul-2017-meclis-kararlari","status":"publish","type":"page","link":"https:\/\/www.karaisali.bel.tr\/?page_id=3511","title":{"rendered":"Eyl\u00fcl 2017 Meclis Kararlar\u0131"},"content":{"rendered":"<table>\n<tbody>\n<tr>\n<td>KARAR 56<\/td>\n<\/tr>\n<tr>\n<td>G\u00fcndemde bulunan madde gere\u011fi; Belediyemiz Yaz\u0131 \u0130\u015fleri M\u00fcd\u00fcrl\u00fc\u011f\u00fcn\u00fcn 02\/09\/2017 tarih ve E.1302 say\u0131l\u0131 yaz\u0131lar\u0131nda \u201c Belediyemiz Meclis \u00dcYES\u0130 Abdulcelil SAK\u2019\u0131n toplant\u0131lara \u00fcst \u00fcste 3 defadan fazla kat\u0131lamad\u0131\u011f\u0131ndan dolay\u0131 Belediyemiz Meclisince kendisinden savunma istenilmesi i\u00e7in daha \u00f6nce 01\/08\/2017 tarihli Meclis Toplant\u0131s\u0131nda g\u00f6r\u00fc\u015f\u00fclm\u00fc\u015ft\u00fc. Belediyemizce kendisine savunma vermesi i\u00e7in tebligat yap\u0131lm\u0131\u015f olup, tebligat adresinde bulunamam\u0131\u015f, dairemize vermi\u015f oldu\u011fu telefon numaras\u0131ndan aranm\u0131\u015f ama ula\u015f\u0131lamam\u0131\u015ft\u0131r. Belediye Meclis \u00c7al\u0131\u015fma Y\u00f6netmeli\u011finin Madde9?A-(Ek:RG-27\/11\/2014-29188) de \u201c Meclis \u00fcyeli\u011fi \u00f6l\u00fcm ve istifa durumunda kendili\u011finden sona erer. Meclis \u00fcyeli\u011finden istifa dilek\u00e7esi Belediye Ba\u015fkanl\u0131\u011f\u0131na verilir ve ba\u015fkan taraf\u0131ndan meclisin bilgisine sunulur. \u00d6z\u00fcrs\u00fcz ve izinsiz olarak arka arkaya \u00fc\u00e7 birle\u015fim g\u00fcn\u00fc veya bir y\u0131l i\u00e7inde yap\u0131lan toplant\u0131lar\u0131n yar\u0131s\u0131na kat\u0131lmayan \u00fcyenin \u00fcyeli\u011finin d\u00fc\u015fmesine savunmas\u0131 al\u0131nd\u0131ktan sonra \u00fcye tam say\u0131s\u0131n\u0131n salt \u00e7o\u011funlu\u011fuyla karar verilir\u201d denilmekte olup, Belediyemiz Meclisince g\u00f6r\u00fc\u015f\u00fclmek \u00fczere havalesini arz ederim. Denilmekte olup, okunan teklif hakk\u0131nda s\u00f6z isteyen olup, olmad\u0131\u011f\u0131 soruldu \u00dcyelerden Mustafa DURAK s\u00f6z ald\u0131. Arkada\u015flar Meclis \u00dcyesi Abdulcelil SAK\u2018\u0131n meclis \u00fcyeli\u011finin devam ettirilmesini teklif ediyorum. Dedi. Mustafa DURAK \u2018\u0131n teklifi oylamaya sunuldu. Yap\u0131lan oylama neticesinde Belediyemiz Meclis \u00dcyesi Abdulcelil SAK\u2019\u0131n Meclis  \u00fcyeli\u011finin devam etmesine  oy birli\u011fi ile karar verildi.<\/td>\n<\/tr>\n<\/tbody>\n<\/table>\n","protected":false},"excerpt":{"rendered":"<p>KARAR 56 G\u00fcndemde bulunan madde gere\u011fi; Belediyemiz Yaz\u0131 \u0130\u015fleri M\u00fcd\u00fcrl\u00fc\u011f\u00fcn\u00fcn 02\/09\/2017 tarih ve E.1302 say\u0131l\u0131 yaz\u0131lar\u0131nda \u201c Belediyemiz Meclis \u00dcYES\u0130 Abdulcelil SAK\u2019\u0131n toplant\u0131lara \u00fcst \u00fcste 3 defadan fazla kat\u0131lamad\u0131\u011f\u0131ndan dolay\u0131 Belediyemiz Meclisince kendisinden savunma istenilmesi i\u00e7in daha \u00f6nce 01\/08\/2017 tarihli Meclis Toplant\u0131s\u0131nda g\u00f6r\u00fc\u015f\u00fclm\u00fc\u015ft\u00fc. Belediyemizce kendisine savunma vermesi i\u00e7in tebligat yap\u0131lm\u0131\u015f olup, tebligat adresinde bulunamam\u0131\u015f, dairemize [&hellip;]<\/p>\n","protected":false},"author":10,"featured_media":0,"parent":2897,"menu_order":201709,"comment_status":"closed","ping_status":"closed","template":"","meta":{"footnotes":""},"class_list":["post-3511","page","type-page","status-publish","hentry"],"_links":{"self":[{"href":"https:\/\/www.karaisali.bel.tr\/index.php?rest_route=\/wp\/v2\/pages\/3511","targetHints":{"allow":["GET"]}}],"collection":[{"href":"https:\/\/www.karaisali.bel.tr\/index.php?rest_route=\/wp\/v2\/pages"}],"about":[{"href":"https:\/\/www.karaisali.bel.tr\/index.php?rest_route=\/wp\/v2\/types\/page"}],"author":[{"embeddable":true,"href":"https:\/\/www.karaisali.bel.tr\/index.php?rest_route=\/wp\/v2\/users\/10"}],"replies":[{"embeddable":true,"href":"https:\/\/www.karaisali.bel.tr\/index.php?rest_route=%2Fwp%2Fv2%2Fcomments&post=3511"}],"version-history":[{"count":0,"href":"https:\/\/www.karaisali.bel.tr\/index.php?rest_route=\/wp\/v2\/pages\/3511\/revisions"}],"up":[{"embeddable":true,"href":"https:\/\/www.karaisali.bel.tr\/index.php?rest_route=\/wp\/v2\/pages\/2897"}],"wp:attachment":[{"href":"https:\/\/www.karaisali.bel.tr\/index.php?rest_route=%2Fwp%2Fv2%2Fmedia&parent=3511"}],"curies":[{"name":"wp","href":"https:\/\/api.w.org\/{rel}","templated":true}]}}