{"id":344,"date":"2015-07-28T15:58:24","date_gmt":"2015-07-28T12:58:24","guid":{"rendered":"http:\/\/www.karaisali.bel.tr\/?page_id=344"},"modified":"2020-07-23T09:32:00","modified_gmt":"2020-07-23T06:32:00","slug":"birimlerimiz","status":"publish","type":"page","link":"https:\/\/www.karaisali.bel.tr\/?page_id=344","title":{"rendered":"Birimlerimiz"},"content":{"rendered":"<ol>\n<li>\n<h3>Belediye Ba\u015fkan Yard\u0131mc\u0131l\u0131\u011f\u0131<\/h3>\n<\/li>\n<li>\n<h3>Yaz\u0131 \u0130\u015fleri M\u00fcd\u00fcrl\u00fc\u011f\u00fc<\/h3>\n<\/li>\n<li>\n<h3>Mali Hizmetler M\u00fcd\u00fcrl\u00fc\u011f\u00fc<\/h3>\n<\/li>\n<li>\n<h3>Fen \u0130\u015fleri M\u00fcd\u00fcrl\u00fc\u011f\u00fc<\/h3>\n<\/li>\n<li>\n<h3>\u00c7evre Koruma ve Kontrol M\u00fcd\u00fcrl\u00fc\u011f\u00fc<\/h3>\n<\/li>\n<li>\n<h3>\u0130nsan Kaynaklar\u0131 ve E\u011fitim M\u00fcd\u00fcrl\u00fc\u011f\u00fc<\/h3>\n<\/li>\n<li>\n<h3>\u0130mar ve \u015eehircilik M\u00fcd\u00fcrl\u00fc\u011f\u00fc<\/h3>\n<\/li>\n<li>\n<h3>Emlak ve \u0130stimlak M\u00fcd\u00fcrl\u00fc\u011f\u00fc<\/h3>\n<\/li>\n<li>\n<h3>Zab\u0131ta M\u00fcd\u00fcrl\u00fc\u011f\u00fc<\/h3>\n<\/li>\n<li>\n<h3>K\u00fclt\u00fcr ve Sosyal \u0130\u015fler M\u00fcd\u00fcrl\u00fc\u011f\u00fc<\/h3>\n<\/li>\n<li>\n<h3>Muhtarl\u0131klar M\u00fcd\u00fcrl\u00fc\u011f\u00fc<\/h3>\n<\/li>\n<li>\n<h3>Ruhsat ve Denetim M\u00fcd\u00fcrl\u00fc\u011f\u00fc<\/h3>\n<\/li>\n<li>\n<h3>Destek Hizmetleri M\u00fcd\u00fcrl\u00fc\u011f\u00fc<\/h3>\n<\/li>\n<li>\n<h3>K\u0131rsal Hizmetler M\u00fcd\u00fcrl\u00fc\u011f\u00fc<\/h3>\n<\/li>\n<li>\n<h3>Temizlik \u0130\u015fleri M\u00fcd\u00fcrl\u00fc\u011f\u00fc<\/h3>\n<\/li>\n<li>\n<h3>Bas\u0131n Yay\u0131n ve Halkla \u0130li\u015fkiler<\/h3>\n<\/li>\n<\/ol>\n","protected":false},"excerpt":{"rendered":"<p>Belediye Ba\u015fkan Yard\u0131mc\u0131l\u0131\u011f\u0131 Yaz\u0131 \u0130\u015fleri M\u00fcd\u00fcrl\u00fc\u011f\u00fc Mali Hizmetler M\u00fcd\u00fcrl\u00fc\u011f\u00fc Fen \u0130\u015fleri M\u00fcd\u00fcrl\u00fc\u011f\u00fc \u00c7evre Koruma ve Kontrol M\u00fcd\u00fcrl\u00fc\u011f\u00fc \u0130nsan Kaynaklar\u0131 ve E\u011fitim M\u00fcd\u00fcrl\u00fc\u011f\u00fc \u0130mar ve \u015eehircilik M\u00fcd\u00fcrl\u00fc\u011f\u00fc Emlak ve \u0130stimlak M\u00fcd\u00fcrl\u00fc\u011f\u00fc Zab\u0131ta M\u00fcd\u00fcrl\u00fc\u011f\u00fc K\u00fclt\u00fcr ve Sosyal \u0130\u015fler M\u00fcd\u00fcrl\u00fc\u011f\u00fc Muhtarl\u0131klar M\u00fcd\u00fcrl\u00fc\u011f\u00fc Ruhsat ve Denetim M\u00fcd\u00fcrl\u00fc\u011f\u00fc Destek Hizmetleri M\u00fcd\u00fcrl\u00fc\u011f\u00fc K\u0131rsal Hizmetler M\u00fcd\u00fcrl\u00fc\u011f\u00fc Temizlik \u0130\u015fleri M\u00fcd\u00fcrl\u00fc\u011f\u00fc Bas\u0131n Yay\u0131n ve [&hellip;]<\/p>\n","protected":false},"author":10,"featured_media":0,"parent":0,"menu_order":0,"comment_status":"closed","ping_status":"closed","template":"","meta":{"footnotes":""},"class_list":["post-344","page","type-page","status-publish","hentry"],"_links":{"self":[{"href":"https:\/\/www.karaisali.bel.tr\/index.php?rest_route=\/wp\/v2\/pages\/344","targetHints":{"allow":["GET"]}}],"collection":[{"href":"https:\/\/www.karaisali.bel.tr\/index.php?rest_route=\/wp\/v2\/pages"}],"about":[{"href":"https:\/\/www.karaisali.bel.tr\/index.php?rest_route=\/wp\/v2\/types\/page"}],"author":[{"embeddable":true,"href":"https:\/\/www.karaisali.bel.tr\/index.php?rest_route=\/wp\/v2\/users\/10"}],"replies":[{"embeddable":true,"href":"https:\/\/www.karaisali.bel.tr\/index.php?rest_route=%2Fwp%2Fv2%2Fcomments&post=344"}],"version-history":[{"count":0,"href":"https:\/\/www.karaisali.bel.tr\/index.php?rest_route=\/wp\/v2\/pages\/344\/revisions"}],"wp:attachment":[{"href":"https:\/\/www.karaisali.bel.tr\/index.php?rest_route=%2Fwp%2Fv2%2Fmedia&parent=344"}],"curies":[{"name":"wp","href":"https:\/\/api.w.org\/{rel}","templated":true}]}}