{"id":3400,"date":"2017-08-08T13:33:44","date_gmt":"2017-08-08T10:33:44","guid":{"rendered":"https:\/\/www.karaisali.bel.tr\/?page_id=3400"},"modified":"2017-09-11T13:55:40","modified_gmt":"2017-09-11T10:55:40","slug":"agustos-2017-meclis-kararlari","status":"publish","type":"page","link":"https:\/\/www.karaisali.bel.tr\/?page_id=3400","title":{"rendered":"A\u011fustos 2017 Meclis Kararlar\u0131"},"content":{"rendered":"<table>\n<tbody>\n<tr>\n<td>KARAR 52<\/td>\n<\/tr>\n<tr>\n<td>G\u00fcndemde bulunan madde gere\u011fi ; Belediyemiz Mali Hizmetler M\u00fcd\u00fcrl\u00fc\u011f\u00fcn\u00fcn 05\/07\/2017 tarih ve 835 say\u0131l\u0131 yaz\u0131lar\u0131nda , Belediye Ba\u015fkanl\u0131\u011f\u0131m\u0131za ait butik otelin 2016 y\u0131l\u0131nda yap\u0131lan oda fiyat tarifesi 1 ki\u015filik oda 30-TL  iki ki\u015filik oda ki\u015fi ba\u015f\u0131 20-TL idi. Otelimizde yap\u0131lan restorasyon sonucu klima, du\u015f \u015fofbeni ve di\u011fer giderler eklendi\u011finden mevcut tarife \u00e7ok d\u00fc\u015f\u00fck gelmekte olup, giderleri kar\u015f\u0131lamamaktad\u0131r. Mevcut tarifenin yeniden d\u00fczenlenmesi i\u00e7in Belediyemiz Meclisince karar al\u0131nmas\u0131 hususunda, Belediyemiz Meclisine havalesini arz ederim.  Denilmekte olup, teklif hakk\u0131nda s\u00f6z isteyen olup, olmad\u0131\u011f\u0131 soruldu. \u00dcyelerden Mustafa EK\u0130C\u0130 s\u00f6z ald\u0131. Teklifin Belediyemiz Plan ve B\u00fct\u00e7e Komisyonu ba\u015fkanl\u0131\u011f\u0131nda m\u00fc\u015fterek komisyonda g\u00f6r\u00fc\u015f\u00fclmek \u00fczere havalesini teklif ediyorum. Dedi. Teklif oylamaya sunuldu. Yap\u0131lan oylama neticesinde teklifin kabul\u00fcne oy birli\u011fi ile karar verildi.\n<\/td>\n<\/tr>\n<tr>\n<td>KARAR 53<\/td>\n<\/tr>\n<tr>\n<td>Belediyemiz \u0130nsan Kaynaklar\u0131 ve E\u011fitim M\u00fcd\u00fcrl\u00fc\u011f\u00fcn\u00fcn 31\/07\/2017 tarih ve E.1023 say\u0131l\u0131 yaz\u0131lar\u0131nda ; Belediyemiz norm kadrosunda m\u00fcnhal bulunan Tekniker kadrosunda 5393 say\u0131l\u0131 Belediye Kanununun 49. Maddesi gere\u011fince tam zamanl\u0131 s\u00f6zle\u015fmeli personel olarak g\u00f6rev yapacak olan teknikere \u00f6denecek \u00fccretin Belediyemiz Meclisince g\u00f6r\u00fc\u015f\u00fclmek \u00fczere  Meclise havalesini arz ederim. Denilmekte olup,  teklif hakk\u0131nda s\u00f6z isteyen olup, olmad\u0131\u011f\u0131 soruldu. \u00dcyelerden Mustafa EK\u0130C\u0130 s\u00f6z ald\u0131. Teklifin Belediyemiz Plan ve B\u00fct\u00e7e Komisyonu ba\u015fkanl\u0131\u011f\u0131nda m\u00fc\u015fterek komisyonda g\u00f6r\u00fc\u015f\u00fclmek \u00fczere havalesini teklif ediyorum. Dedi. Teklif oylamaya sunuldu. Yap\u0131lan oylama neticesinde teklifin kabul\u00fcne oy birli\u011fi ile karar verildi.\n<\/td>\n<\/tr>\n<tr>\n<td>KARAR 54<\/td>\n<\/tr>\n<tr>\n<td>G\u00fcndemde bulunan madde gere\u011fi Belediyemiz Plan B\u00fct\u00e7e ve M\u00fc\u015fterek Komisyonunun 02\/08\/2017 tarih e 14 say\u0131l\u0131 Belediyemiz oteline ait konaklama \u00fccretleri ile ilgili komisyon raporunun g\u00f6r\u00fc\u015f\u00fclmesine ge\u00e7ildi.  Komisyon raporunda aynen\u201d Belediyemiz Meclisince Plan B\u00fct\u00e7e ve M\u00fc\u015fterek Komisyonumuzda g\u00f6r\u00fc\u015f\u00fclmek \u00fczere 01\/08\/2017 tarih ve  52 say\u0131l\u0131 karar\u0131 ile havale edilen; Belediyemiz Mali Hizmetler M\u00fcd\u00fcrl\u00fc\u011f\u00fcn\u00fcn 05\/07\/2017 tarih ve E.835 say\u0131l\u0131 yaz\u0131lar\u0131 ile  Belediye Ba\u015fkanl\u0131\u011f\u0131m\u0131za ait butik otelin 2016 y\u0131l\u0131nda yap\u0131lan oda fiyat tarifesi 1 ki\u015filik oda 30-TL  iki ki\u015filik oda ki\u015fi ba\u015f\u0131 20-TL idi. Otelimizde yap\u0131lan restorasyon sonucu klima, du\u015f \u015fofbeni ve di\u011fer giderler eklendi\u011finden mevcut tarife \u00e7ok d\u00fc\u015f\u00fck gelmekte olup, giderleri kar\u015f\u0131lamamaktad\u0131r. Mevcut tarifenin yeniden d\u00fczenlenmesi ile ilgili teklif komisyonumuzca de\u011ferlendirildi. Belediyemize ait Murt\u00e7ular Butik Otelin konaklama \u00fccretleri 1 ki\u015filik oda \u00fccretinin 50-TL\/ g\u00fcn, 2 ki\u015filik oda ki\u015fi ba\u015f\u0131k 35-TL\/g\u00fcn , \u0130l\u00e7emize g\u00f6revli olarak gelen kamu g\u00f6revlileri , Belediye Meclis \u00dcyeleri, \u0130l Genel Meclis \u00dcyeleri  ve Muhtarlara 1 ki\u015filik oda \u00fccreti 35-TL olarak belirlenmesine Belediyemiz Meclisine sunulmas\u0131na oy birli\u011fi ile karar verildi.\u201d  Denilmekte olup, okunan komisyon raporu hakk\u0131nda s\u00f6z isteyen olup, olmad\u0131\u011f\u0131 \u00fcyelerden Mustafa EK\u0130C\u0130 s\u00f6z ald\u0131. Arkada\u015flar okunan komisyon raporunun komisyondan geldi\u011fi gibi kabul edilmesini teklif ediyorum. Dedi. Teklif oylamaya sunuldu. Yap\u0131lan oylama neticesinde teklifin kabul\u00fcne oy birli\u011fi ile karar verildi.\n<\/td>\n<\/tr>\n<tr>\n<td>KARAR 55<\/td>\n<\/tr>\n<tr>\n<td>G\u00fcndemde bulunan madde gere\u011fi Belediyemiz Plan B\u00fct\u00e7e ve M\u00fc\u015fterek Komisyonunun 02\/08\/2017 tarih e 15 say\u0131l\u0131 Belediyemiz Norm Kadrosunda 5393 say\u0131l\u0131 Belediye Kanununun 49. maddesi gere\u011fince tam zamanl\u0131 s\u00f6zle\u015fmeli personel olarak \u00e7al\u0131\u015ft\u0131r\u0131lacak olan teknikerin \u00fccretinin belirlenmesi ile ilgili komisyon raporunun g\u00f6r\u00fc\u015f\u00fclmesine ge\u00e7ildi. Komisyon raporunda aynen &#8221; Belediyemiz Meclisince Plan B\u00fct\u00e7e ve M\u00fc\u015fterek Komisyonumuzda g\u00f6r\u00fc\u015f\u00fclmek \u00fczere 01\/08\/2017 tarih ve  53 say\u0131l\u0131 karar\u0131 ile havale edilen; Belediyemiz  \u0130nsan Kaynaklar\u0131 ve E\u011fitim M\u00fcd\u00fcrl\u00fc\u011f\u00fcn\u00fcn 05\/07\/2017 tarih ve 835 say\u0131l\u0131 yaz\u0131lar\u0131nda Belediyemiz norm kadrosunda m\u00fcnhal bulunan Tekniker kadrosunda 5393 say\u0131l\u0131 Belediye Kanununun 49. Maddesi gere\u011fince tam zamanl\u0131 s\u00f6zle\u015fmeli personel olarak g\u00f6rev yapacak olan teknikere \u00f6denecek \u00fccretin belirlenmesi ile ilgili teklif komisyonumuzca g\u00f6r\u00fc\u015f\u00fcld\u00fc. Belediyemiz Norm Kadrosunda 5393 say\u0131l\u0131 Belediye Kanununun 49. Maddesi uyar\u0131nca Tam Zamanl\u0131 \u00c7al\u0131\u015ft\u0131r\u0131lacak tam zamanl\u0131 s\u00f6zle\u015fmeli Teknikere ayl\u0131k net 1.500,00-TL (B\u0130NBE\u015eY\u00dcZT\u00dcRKL\u0130RASI)  (ek \u00f6deme hari\u00e7) belirlenmesine ,karar\u0131n   Belediyemiz Meclisine sunulmas\u0131na oy birli\u011fi ile karar verildi. Denilmekte olup, okunan komisyon raporu hakk\u0131nda s\u00f6z isteyen olup, olmad\u0131\u011f\u0131 soruldu. Ba\u015fkan okunan komisyon raporunu oylar\u0131n\u0131za sunuyorum. Dedi. Yap\u0131lan oylama neticesinde okunan komisyon raporunun aynen kabul\u00fcne oy birli\u011fi ile karar verildi.\n<\/td>\n<\/tr>\n<\/tbody>\n<\/table>\n","protected":false},"excerpt":{"rendered":"<p>KARAR 52 G\u00fcndemde bulunan madde gere\u011fi ; Belediyemiz Mali Hizmetler M\u00fcd\u00fcrl\u00fc\u011f\u00fcn\u00fcn 05\/07\/2017 tarih ve 835 say\u0131l\u0131 yaz\u0131lar\u0131nda , Belediye Ba\u015fkanl\u0131\u011f\u0131m\u0131za ait butik otelin 2016 y\u0131l\u0131nda yap\u0131lan oda fiyat tarifesi 1 ki\u015filik oda 30-TL iki ki\u015filik oda ki\u015fi ba\u015f\u0131 20-TL idi. Otelimizde yap\u0131lan restorasyon sonucu klima, du\u015f \u015fofbeni ve di\u011fer giderler eklendi\u011finden mevcut tarife \u00e7ok d\u00fc\u015f\u00fck [&hellip;]<\/p>\n","protected":false},"author":10,"featured_media":0,"parent":2897,"menu_order":201708,"comment_status":"closed","ping_status":"closed","template":"","meta":{"footnotes":""},"class_list":["post-3400","page","type-page","status-publish","hentry"],"_links":{"self":[{"href":"https:\/\/www.karaisali.bel.tr\/index.php?rest_route=\/wp\/v2\/pages\/3400","targetHints":{"allow":["GET"]}}],"collection":[{"href":"https:\/\/www.karaisali.bel.tr\/index.php?rest_route=\/wp\/v2\/pages"}],"about":[{"href":"https:\/\/www.karaisali.bel.tr\/index.php?rest_route=\/wp\/v2\/types\/page"}],"author":[{"embeddable":true,"href":"https:\/\/www.karaisali.bel.tr\/index.php?rest_route=\/wp\/v2\/users\/10"}],"replies":[{"embeddable":true,"href":"https:\/\/www.karaisali.bel.tr\/index.php?rest_route=%2Fwp%2Fv2%2Fcomments&post=3400"}],"version-history":[{"count":0,"href":"https:\/\/www.karaisali.bel.tr\/index.php?rest_route=\/wp\/v2\/pages\/3400\/revisions"}],"up":[{"embeddable":true,"href":"https:\/\/www.karaisali.bel.tr\/index.php?rest_route=\/wp\/v2\/pages\/2897"}],"wp:attachment":[{"href":"https:\/\/www.karaisali.bel.tr\/index.php?rest_route=%2Fwp%2Fv2%2Fmedia&parent=3400"}],"curies":[{"name":"wp","href":"https:\/\/api.w.org\/{rel}","templated":true}]}}