{"id":3397,"date":"2017-08-08T13:30:08","date_gmt":"2017-08-08T10:30:08","guid":{"rendered":"https:\/\/www.karaisali.bel.tr\/?page_id=3397"},"modified":"2017-09-11T13:55:26","modified_gmt":"2017-09-11T10:55:26","slug":"temmuz-2017-meclis-kararlari","status":"publish","type":"page","link":"https:\/\/www.karaisali.bel.tr\/?page_id=3397","title":{"rendered":"Temmuz 2017 Meclis Kararlar\u0131"},"content":{"rendered":"<table>\n<tbody>\n<tr>\n<td>KARAR 51<\/td>\n<\/tr>\n<tr>\n<td>G\u00fcndemde bulunan madde gere\u011fi; Belediyemiz Yaz\u0131 \u0130\u015fleri M\u00fcd\u00fcrl\u00fc\u011f\u00fcn\u00fcn 04\/07\/2017 tarih ve E.832 yaz\u0131lar\u0131nda &#8221; Karaisal\u0131 Belediyesi olarak \u00c7ukurova Kalk\u0131nma Ajans\u0131 taraf\u0131ndan y\u00fcr\u00fct\u00fclen Teknik Destek Program\u0131na  Kamu \u0130hale Kanunu E\u011fitimi isimli proje dosyas\u0131n\u0131n sunulmas\u0131na ve ba\u015far\u0131l\u0131 bulunmas\u0131 durumunda teknik deste\u011fin uygulanmas\u0131na, bu konuda Belediyemizi temsile, ilzama ve proje ile ilgili t\u00fcm belgeleri imzalamaya Belediye Ba\u015fkan\u0131m\u0131z Saadettin ASLAN &#8216;a yetki verilmesi hususunda Belediyemiz Meclisinde g\u00f6r\u00fc\u015f\u00fclmek \u00fczere havalesini arz ederim. denilmekte olup, teklif hakk\u0131nda s\u00f6z isteyen olup, olmad\u0131\u011f\u0131 soruldu. \u00dcyelerden Rifat K\u00d6RO\u011eLU s\u00f6z ald\u0131. Arkada\u015flar teklifin m\u00fcd\u00fcrl\u00fc\u011f\u00fcnden geldi\u011fi gibi kabul edilmesini teklif ediyorum. Dedi. Tekli hakk\u0131nda s\u00f6z isteyen olup, olmad\u0131\u011f\u0131 soruldu. S\u00f6z isteyen olmay\u0131nca teklif oylamaya sunuldu. Yap\u0131lan oylama neticesinde ;<br \/>\nKaraisal\u0131 Belediyesi olarak \u00c7ukurova Kalk\u0131nma Ajans\u0131 taraf\u0131ndan y\u00fcr\u00fct\u00fclen Teknik Destek Program\u0131na  Kamu \u0130hale Kanunu E\u011fitimi isimli proje dosyas\u0131n\u0131n sunulmas\u0131na ve ba\u015far\u0131l\u0131 bulunmas\u0131 durumunda teknik deste\u011fin uygulanmas\u0131na, bu konuda Belediyemizi temsile, ilzama ve proje ile ilgili t\u00fcm belgeleri imzalamaya Belediye Ba\u015fkan\u0131m\u0131z Saadettin ASLAN &#8216;a yetki verilmesine oy birli\u011fi ile karar verildi.\n<\/td>\n<\/tr>\n<\/tbody>\n<\/table>\n","protected":false},"excerpt":{"rendered":"<p>KARAR 51 G\u00fcndemde bulunan madde gere\u011fi; Belediyemiz Yaz\u0131 \u0130\u015fleri M\u00fcd\u00fcrl\u00fc\u011f\u00fcn\u00fcn 04\/07\/2017 tarih ve E.832 yaz\u0131lar\u0131nda &#8221; Karaisal\u0131 Belediyesi olarak \u00c7ukurova Kalk\u0131nma Ajans\u0131 taraf\u0131ndan y\u00fcr\u00fct\u00fclen Teknik Destek Program\u0131na Kamu \u0130hale Kanunu E\u011fitimi isimli proje dosyas\u0131n\u0131n sunulmas\u0131na ve ba\u015far\u0131l\u0131 bulunmas\u0131 durumunda teknik deste\u011fin uygulanmas\u0131na, bu konuda Belediyemizi temsile, ilzama ve proje ile ilgili t\u00fcm belgeleri imzalamaya Belediye [&hellip;]<\/p>\n","protected":false},"author":10,"featured_media":0,"parent":2897,"menu_order":201707,"comment_status":"closed","ping_status":"closed","template":"","meta":{"footnotes":""},"class_list":["post-3397","page","type-page","status-publish","hentry"],"_links":{"self":[{"href":"https:\/\/www.karaisali.bel.tr\/index.php?rest_route=\/wp\/v2\/pages\/3397","targetHints":{"allow":["GET"]}}],"collection":[{"href":"https:\/\/www.karaisali.bel.tr\/index.php?rest_route=\/wp\/v2\/pages"}],"about":[{"href":"https:\/\/www.karaisali.bel.tr\/index.php?rest_route=\/wp\/v2\/types\/page"}],"author":[{"embeddable":true,"href":"https:\/\/www.karaisali.bel.tr\/index.php?rest_route=\/wp\/v2\/users\/10"}],"replies":[{"embeddable":true,"href":"https:\/\/www.karaisali.bel.tr\/index.php?rest_route=%2Fwp%2Fv2%2Fcomments&post=3397"}],"version-history":[{"count":0,"href":"https:\/\/www.karaisali.bel.tr\/index.php?rest_route=\/wp\/v2\/pages\/3397\/revisions"}],"up":[{"embeddable":true,"href":"https:\/\/www.karaisali.bel.tr\/index.php?rest_route=\/wp\/v2\/pages\/2897"}],"wp:attachment":[{"href":"https:\/\/www.karaisali.bel.tr\/index.php?rest_route=%2Fwp%2Fv2%2Fmedia&parent=3397"}],"curies":[{"name":"wp","href":"https:\/\/api.w.org\/{rel}","templated":true}]}}