{"id":3329,"date":"2017-06-14T09:51:05","date_gmt":"2017-06-14T06:51:05","guid":{"rendered":"https:\/\/www.karaisali.bel.tr\/?page_id=3329"},"modified":"2017-09-11T13:55:53","modified_gmt":"2017-09-11T10:55:53","slug":"haziran-2017-meclis-kararlari","status":"publish","type":"page","link":"https:\/\/www.karaisali.bel.tr\/?page_id=3329","title":{"rendered":"Haziran 2017 Meclis Kararlar\u0131"},"content":{"rendered":"<table>\n<tbody>\n<tr>\n<td>KARAR 49<\/td>\n<\/tr>\n<tr>\n<td>G\u00fcndemde bulunan madde gere\u011fi ; Belediyemiz Fen \u0130\u015fleri M\u00fcd\u00fcrl\u00fc\u011f\u00fcn\u00fcn 30\/05\/2017 tarih ve 548 say\u0131l\u0131 yaz\u0131lar\u0131nda Belediye Ba\u015fkanl\u0131\u011f\u0131m\u0131zca 05\/05\/2016 tarih ve 45 say\u0131l\u0131 Meclis Karar\u0131 ile onaylanan 1\/1000 \u00f6l\u00e7ekli uygulama imar plan\u0131nda ; 1) Plan notlar\u0131nda 20 s\u0131rada bulunan \u201csu basman kotu zemin kat\u0131n konut olmas\u0131 durumunda 70cm , ticaret olmas\u0131 durumunda 20 cm olacak \u015fekilde belediyesi taraf\u0131ndan tespit edilen kald\u0131r\u0131m notundan al\u0131nacakt\u0131r ibaresinin su basman kotu, zemin kat\u0131n konut veya ticari olmas\u0131 durumunda en fazla 100 cm. \u015fekilde belediyesi taraf\u0131ndan tespit edilen kald\u0131r\u0131m notundan al\u0131nacakt\u0131r \u015feklinde,<br \/>\n2) B konut alanlar\u0131 b\u00f6l\u00fcm\u00fcnde bulunan \u201c konut alanlar\u0131nda kat aras\u0131 y\u00fcksekli\u011fi 3,20 mt olacak ibaresi \u201c konut alanlar\u0131nda kat aras\u0131 y\u00fcksekli\u011fi en fazla 3,50 mt olacakt\u0131r \u015feklinde,<br \/>\n3) B konut alanlar\u0131 b\u00f6l\u00fcm\u00fcnde bulunan \u201ckonut alanlar\u0131nda zemin katlar\u0131n ticaret olarak kullan\u0131lmas\u0131 durumunda kat y\u00fcksekli\u011fi 4 mt olacakt\u0131r \u201c ibaresi  \u201ckonut alanlar\u0131nda zemin katlar\u0131n ticaret olarak kullan\u0131lmas\u0131 durumunda kat y\u00fcksekli\u011fi en fazla 4 mt olacakt\u0131r\u201d \u015feklinde,<br \/>\n4) Plan notlar\u0131nda belirtilmeyen ticaret +konutlarda kat y\u00fcksekli\u011fi zemin kat\u0131 ticaret olursa en fazla 4,50 ara katlarda ticari olursa en fazla 3,80 mt \u015feklinde olacakt\u0131r.  \u015eeklinde Belediyemiz Meclisince karar al\u0131nmas\u0131n\u0131 arz ederim. Denilmekte olup, teklif hakk\u0131nda s\u00f6z isteyen olup, olmad\u0131\u011f\u0131 soruldu. \u00dcyelerden Rifat K\u00d6RO\u011eLU s\u00f6z ald\u0131. Arkada\u015flar okunan teklifin \u0130mar \u015eehircilik Komisyonu ba\u015fkanl\u0131\u011f\u0131nda m\u00fc\u015fterek komisyonda g\u00f6r\u00fc\u015f\u00fclmek \u00fczere havale edilmesini teklif ediyorum. Dedi. Teklif oylamaya sunuldu. Yap\u0131lan oylama neticesinde teklifin kabul\u00fcne oy birli\u011fi ile karar verildi.\n<\/td>\n<\/tr>\n<tr>\n<td>KARAR 50<\/td>\n<\/tr>\n<tr>\n<td>G\u00fcndemde bulunan madde gere\u011fi; Belediyemiz \u0130mar \u015eehircilik ve M\u00fc\u015fterek Komisyonunun Belediyemizce yapt\u0131r\u0131lan 1\/1000 \u00f6l\u00e7ekli imar plan\u0131nda uygulanacak olan plan notlar\u0131 ile ilgili 05\/06\/2017 tarih ve 3 nolu Komisyon Raporunun g\u00f6r\u00fc\u015f\u00fclmesine ge\u00e7ildi. Komisyon Raporunda aynen \u201cBelediyemiz Meclisince komisyonumuzda g\u00f6r\u00fc\u015f\u00fclmek \u00fczere havale edilen ; Belediyemiz Fen \u0130\u015fleri M\u00fcd\u00fcrl\u00fc\u011f\u00fcn\u00fcn 30\/05\/2017 tarih ve 548  say\u0131l\u0131 yaz\u0131lar\u0131nda , Belediye Ba\u015fkanl\u0131\u011f\u0131m\u0131zca 05\/05\/2016 tarih ve 45 say\u0131l\u0131 Meclis Karar\u0131 ile onaylanan 1\/1000 \u00f6l\u00e7ekli uygulama imar plan\u0131nda ; 1) Plan notlar\u0131nda 20 s\u0131rada bulunan \u201csu basman kotu zemin kat\u0131n konut olmas\u0131 durumunda 70cm , ticaret olmas\u0131 durumunda 20 cm olacak \u015fekilde belediyesi taraf\u0131ndan tespit edilen kald\u0131r\u0131m notundan al\u0131nacakt\u0131r ibaresinin su basman kotu, zemin kat\u0131n konut veya ticari olmas\u0131 durumunda en fazla 100 cm. \u015fekilde belediyesi taraf\u0131ndan tespit edilen kald\u0131r\u0131m notundan al\u0131nacakt\u0131r \u015feklinde,<br \/>\n2) B konut alanlar\u0131 b\u00f6l\u00fcm\u00fcnde bulunan \u201c konut alanlar\u0131nda kat aras\u0131 y\u00fcksekli\u011fi 3,20 mt olacak ibaresi \u201c konut alanlar\u0131nda kat aras\u0131 y\u00fcksekli\u011fi en fazla 3,50 mt olacakt\u0131r \u015feklinde,<br \/>\n3) B konut alanlar\u0131 b\u00f6l\u00fcm\u00fcnde bulunan \u201ckonut alanlar\u0131nda zemin katlar\u0131n ticaret olarak kullan\u0131lmas\u0131 durumunda kat y\u00fcksekli\u011fi 4 mt olacakt\u0131r \u201c ibaresi  \u201ckonut alanlar\u0131nda zemin katlar\u0131n ticaret olarak kullan\u0131lmas\u0131 durumunda kat y\u00fcksekli\u011fi en fazla 4 mt olacakt\u0131r\u201d \u015feklinde,<br \/>\n4) Plan notlar\u0131nda belirtilmeyen ticaret +konutlarda kat y\u00fcksekli\u011fi zemin kat\u0131 ticaret olursa en fazla 4,50 ara katlarda ticari olursa en fazla 3,80 mt \u015feklinde olacakt\u0131r. Denilmekte olup,<br \/>\nteklif komisyonumuzca g\u00f6r\u00fc\u015f\u00fcld\u00fc. Planl\u0131 Alanlar Tip \u0130mar Y\u00f6netmeli\u011finin ilgili maddeleri do\u011frultusunda haz\u0131rlanan plan notlar\u0131n\u0131n m\u00fcd\u00fcrl\u00fc\u011f\u00fcnden geldi\u011fi gibi kabul edilmesine raporumuzun  Belediyemiz Meclisine sunulmas\u0131na oy birli\u011fi ile karar verildi.  \u201cdenilmekte olup, okunan komisyon raporu hakk\u0131nda s\u00f6z isteyen olup, olmad\u0131\u011f\u0131 soruldu. \u00dcyelerden Rifat K\u00d6RO\u011eLU s\u00f6z ald\u0131. Arkada\u015flar okunan komisyon raporunun komisyondan geldi\u011fi gibi kabul edilmesini teklif ediyorum. Dedi. Ba\u015fka s\u00f6z almak veya teklif vermek isteyen olup, olmad\u0131\u011f\u0131 soruldu. Olmay\u0131nca Rifat K\u00d6RO\u011eLU\u2019 nun teklifi oylamaya sunuldu. Yap\u0131lan oylama neticesinde teklifin kabul\u00fcne oy birli\u011fi ile karar verildi.\n<\/td>\n<\/tr>\n<\/tbody>\n<\/table>\n","protected":false},"excerpt":{"rendered":"<p>KARAR 49 G\u00fcndemde bulunan madde gere\u011fi ; Belediyemiz Fen \u0130\u015fleri M\u00fcd\u00fcrl\u00fc\u011f\u00fcn\u00fcn 30\/05\/2017 tarih ve 548 say\u0131l\u0131 yaz\u0131lar\u0131nda Belediye Ba\u015fkanl\u0131\u011f\u0131m\u0131zca 05\/05\/2016 tarih ve 45 say\u0131l\u0131 Meclis Karar\u0131 ile onaylanan 1\/1000 \u00f6l\u00e7ekli uygulama imar plan\u0131nda ; 1) Plan notlar\u0131nda 20 s\u0131rada bulunan \u201csu basman kotu zemin kat\u0131n konut olmas\u0131 durumunda 70cm , ticaret olmas\u0131 durumunda 20 cm [&hellip;]<\/p>\n","protected":false},"author":10,"featured_media":0,"parent":2897,"menu_order":201706,"comment_status":"closed","ping_status":"closed","template":"","meta":{"footnotes":""},"class_list":["post-3329","page","type-page","status-publish","hentry"],"_links":{"self":[{"href":"https:\/\/www.karaisali.bel.tr\/index.php?rest_route=\/wp\/v2\/pages\/3329","targetHints":{"allow":["GET"]}}],"collection":[{"href":"https:\/\/www.karaisali.bel.tr\/index.php?rest_route=\/wp\/v2\/pages"}],"about":[{"href":"https:\/\/www.karaisali.bel.tr\/index.php?rest_route=\/wp\/v2\/types\/page"}],"author":[{"embeddable":true,"href":"https:\/\/www.karaisali.bel.tr\/index.php?rest_route=\/wp\/v2\/users\/10"}],"replies":[{"embeddable":true,"href":"https:\/\/www.karaisali.bel.tr\/index.php?rest_route=%2Fwp%2Fv2%2Fcomments&post=3329"}],"version-history":[{"count":0,"href":"https:\/\/www.karaisali.bel.tr\/index.php?rest_route=\/wp\/v2\/pages\/3329\/revisions"}],"up":[{"embeddable":true,"href":"https:\/\/www.karaisali.bel.tr\/index.php?rest_route=\/wp\/v2\/pages\/2897"}],"wp:attachment":[{"href":"https:\/\/www.karaisali.bel.tr\/index.php?rest_route=%2Fwp%2Fv2%2Fmedia&parent=3329"}],"curies":[{"name":"wp","href":"https:\/\/api.w.org\/{rel}","templated":true}]}}