{"id":3170,"date":"2017-04-07T16:19:37","date_gmt":"2017-04-07T13:19:37","guid":{"rendered":"https:\/\/www.karaisali.bel.tr\/?page_id=3170"},"modified":"2017-09-11T13:55:45","modified_gmt":"2017-09-11T10:55:45","slug":"nisan-2017-meclis-kararlari","status":"publish","type":"page","link":"https:\/\/www.karaisali.bel.tr\/?page_id=3170","title":{"rendered":"Nisan 2017 Meclis Kararlar\u0131"},"content":{"rendered":"<table>\n<tbody>\n<tr>\n<td>KARAR 31<\/td>\n<\/tr>\n<tr>\n<td>G\u00fcndemde bulunan madde gere\u011fi; Belediyemiz Yaz\u0131 \u0130\u015fleri M\u00fcd\u00fcrl\u00fc\u011f\u00fcn\u00fcn , \u0130l\u00e7emiz Merkezboztahta Mahallesi &#8220;K\u00f6pekli Sokak&#8221; ad\u0131n\u0131n de\u011fi\u015ftirilerek &#8220;Dokuzoluk Sokak&#8221; ismi olarak de\u011fi\u015ftirilmesi ile ilgili  Karaisal\u0131 Kaymakaml\u0131k  Makam\u0131n\u0131n 24\/03\/2017 Tarih ve 407 Say\u0131lar\u0131n\u0131n ekinde \u0130l\u00e7emiz Merkezboztahta Mahallesi Muhtar\u0131 Ahmet EREN\u2019 in dilek\u00e7esinin g\u00f6r\u00fc\u015f\u00fclmesine ge\u00e7ildi. Dilek\u00e7ede aynen Karaisal\u0131  Merkezboztahta Mahallesinde bulunan K\u00f6pekli Sokak ismi mahalle sakinleri taraf\u0131ndan resmi dairelerde ve \u00e7e\u015fitli kurumlarda adres verme, \u00f6\u011frenme vb. i\u015flemlerde yanl\u0131\u015f anla\u015f\u0131lmalara neden olmaktad\u0131r. 5393 say\u0131l\u0131 Belediye Kanununun Mahalle ve Y\u00f6netimi ba\u015fl\u0131kl\u0131 9. Maddesi \u201c Mahalle , Muhtar ve ihtiyar heyeti taraf\u0131ndan y\u00f6netilir. Belediye s\u0131n\u0131rlar\u0131 i\u00e7inde mahalle kurulmas\u0131, kald\u0131r\u0131lmas\u0131, birle\u015ftirilmesi , b\u00f6l\u00fcnmesi , adlar\u0131yla s\u0131n\u0131rlar\u0131n\u0131n tespiti ve de\u011fi\u015ftirilmesi Belediye Meclisinin karar\u0131 ve Kaymakam&#8217; \u0131n g\u00f6r\u00fc\u015f\u00fc \u00fczerine Vali&#8217;nin Onay\u0131 ile olur\u201d h\u00fckm\u00fc gere\u011fince il\u00e7emiz ve il merkezinde bulunan vatanda\u015flar taraf\u0131ndan yayg\u0131n olarak bilinen Dokuzoluk Mesire alan\u0131n\u0131 i\u00e7inde bulunduran yer olan soka\u011f\u0131n isminin \u201cDOKUZOLUK SOKAK \u201c olarak de\u011fi\u015ftirilmesini arz ve talep ederim. Denilmekte olup, teklif hakk\u0131nda s\u00f6z isteyen olup, olmad\u0131\u011f\u0131 soruldu. S\u00f6z isteyen olmay\u0131nca  1. Ba\u015fkanvekili \u0130lyas KARABULUT  teklifin Tar\u0131m, Orman ve Mahalle Komisyonu Ba\u015fkanl\u0131\u011f\u0131nda M\u00fc\u015fterek komisyonda g\u00f6r\u00fc\u015f\u00fclmek \u00fczere havale edilmesini teklif ediyorum. Dedi. Teklif oylamaya sunuldu. Yap\u0131lan oylama neticesinde teklifin kabul\u00fcn\u00fc oy birli\u011fi ile karar verildi.\n<\/td>\n<\/tr>\n<tr>\n<td>KARAR 32<\/td>\n<\/tr>\n<tr>\n<td>G\u00fcndemde bulunan madde gere\u011fi; G\u00fcndemde bulunan madde gere\u011fi 2016 y\u0131l\u0131 Faaliyet Raporunun g\u00f6r\u00fc\u015f\u00fclmesine ge\u00e7ildi. \u00dcyelerden Rifat K\u00d6RO\u011eLU s\u00f6z ald\u0131. Arkada\u015flar g\u00fcndemin ikinci maddesini Nisan Ay\u0131 Toplant\u0131m\u0131z\u0131n bir sonraki meclis toplant\u0131s\u0131nda g\u00f6r\u00fc\u015f\u00fclmesini teklif ediyorum. Dedi. Teklif oylamaya sunuldu. Yap\u0131lan oylama neticesinde teklifin kabul\u00fcne oy birli\u011fi ile kara verildi.\n<\/td>\n<\/tr>\n<tr>\n<td>KARAR 33<\/td>\n<\/tr>\n<tr>\n<td>G\u00fcndemde bulunan madde gere\u011fi Belediyemiz Enc\u00fcmen \u00fcyeli\u011fi g\u00f6revine 1 y\u0131l g\u00f6rev yapmak \u00fczere 2 adet \u00fcye se\u00e7imine ge\u00e7ildi. Yap\u0131lan gizli oylama sonucunda Meclis \u00dcyelerinden Hasbi \u00d6ZEN\u0130R (11) oy, Hasan K\u00d6YL\u00dc (11) oy alarak 1 y\u0131l g\u00f6rev yapmak \u00fczere Enc\u00fcmen \u00dcyeli\u011fi g\u00f6revine se\u00e7ildiler. (3 adet bo\u015f oy kullan\u0131lm\u0131\u015ft\u0131r)\n<\/td>\n<\/tr>\n<tr>\n<td>KARAR 34<\/td>\n<\/tr>\n<tr>\n<td>G\u00fcndemde bulunan madde gere\u011fi Belediyemiz Tar\u0131m Orman, Mahalle ve M\u00fc\u015fterek Komisyonunun \u0130l\u00e7emiz Merkezboztahta Mahallesi K\u00f6pekli Sokak isminin Dokuzoluk Sokak olarak de\u011fi\u015ftirilmesi ile ilgili Komisyon Raporunun g\u00f6r\u00fc\u015f\u00fclmesine ge\u00e7ildi. Komisyon Raporunda aynen \u201cBelediyemiz Meclisince komisyonumuzda g\u00f6r\u00fc\u015f\u00fclmek \u00fczere Belediyemiz Meclisinin 04\/04\/2017 tarih ve 31 nolu karar\u0131 ile  havale edilen ; \u0130l\u00e7emiz Merkezboztahta Mahallesi &#8220;K\u00f6pekli Sokak&#8221; ad\u0131n\u0131n de\u011fi\u015ftirilerek &#8220;Dokuzoluk Sokak&#8221; ismi olarak de\u011fi\u015ftirilmesi ile ilgili  Karaisal\u0131 Kaymakaml\u0131k  Makam\u0131n\u0131n 24\/03\/2017 Tarih ve 407 Say\u0131lar\u0131 ekinde \u0130l\u00e7emiz Merkezboztahta Mahallesi Muhtar\u0131 Ahmet EREN\u2019 in dilek\u00e7esi okundu. Dilek\u00e7ede aynen Karaisal\u0131  Merkezboztahta Mahallesinde bulunan K\u00f6pekli Sokak ismi mahalle sakinleri taraf\u0131ndan resmi dairelerde ve \u00e7e\u015fitli kurumlarda adres verme, \u00f6\u011frenme vb. i\u015flemlerde yanl\u0131\u015f anla\u015f\u0131lmalara neden olmaktad\u0131r. 5393 say\u0131l\u0131 Belediye Kanununun Mahalle ve Y\u00f6netimi ba\u015fl\u0131kl\u0131 9. Maddesi \u201c Mahalle , Muhtar ve ihtiyar heyeti taraf\u0131ndan y\u00f6netilir. Belediye s\u0131n\u0131rlar\u0131 i\u00e7inde mahalle kurulmas\u0131, kald\u0131r\u0131lmas\u0131, birle\u015ftirilmesi , b\u00f6l\u00fcnmesi , adlar\u0131yla s\u0131n\u0131rlar\u0131n\u0131n tespiti ve de\u011fi\u015ftirilmesi Belediye Meclisinin karar\u0131 ve Kaymakam&#8217; \u0131n g\u00f6r\u00fc\u015f\u00fc \u00fczerine Vali&#8217;nin Onay\u0131 ile olur\u201d h\u00fckm\u00fc gere\u011fince il\u00e7emiz ve il merkezinde bulunan vatanda\u015flar taraf\u0131ndan yayg\u0131n olarak bilinen Dokuzoluk Mesire alan\u0131n\u0131 i\u00e7inde bulunduran yer olan soka\u011f\u0131n isminin \u201cDOKUZOLUK SOKAK \u201c olarak de\u011fi\u015ftirilmesini arz ve talep ederim. Denilmekte olup komisyonumuzca g\u00f6r\u00fc\u015f\u00fcld\u00fc. \u0130l\u00e7emiz Merkezboztahta Mahallesi \u2018K\u00f6pekli Sokak\u2019 (Adres Kay\u0131t Sisteminde 521065 kimlik nosunda kay\u0131tl\u0131)  isminin Dokuzoluk Sokak olarak de\u011fi\u015ftirilmesi komisyonumuzca oy birli\u011fi ile uygun bulunmu\u015f olup, Belediyemiz Meclisine sunulmas\u0131na karar verilmi\u015ftir \u201c denilmekte olup, okunan komisyon raporu hakk\u0131nda s\u00f6z isteyen olup, olmad\u0131\u011f\u0131 sorudu. S\u00f6z isteyen olmay\u0131nca oylamaya sunuldu. Yap\u0131lan oylama neticesinde okunan komisyon raporunun geldi\u011fi gibi kabul edilmesine, \u0130l\u00e7emiz Merkezboztahta Mahallesi K\u00f6pekli Sokak isminin \u201cDOKUZOLUK SOKAK \u201c olarak de\u011fi\u015ftirilmesine oy birli\u011fi ile karar verildi.\n<\/td>\n<\/tr>\n<tr>\n<td>KARAR 35<\/td>\n<\/tr>\n<tr>\n<td>G\u00fcndemde bulunan madde gere\u011fi ; 2016 y\u0131l\u0131 Faaliyet Raporunun g\u00f6r\u00fc\u015f\u00fclmesine ge\u00e7ildi. Meclis 1. Ba\u015fkanvekili \u0130lyas KARABULUT Kanun gere\u011fi Belediye Ba\u015fkan\u0131 Saadettin ASLAN \u2018\u0131n yerine ge\u00e7erek Faaliyet Raporunun g\u00f6r\u00fc\u015f\u00fclmesine ge\u00e7ildi. 1. Ba\u015fkanvekili \u0130lyas KARABULUT    Belediyemizce haz\u0131rlanan 2016 faaliyet raporunun okunmas\u0131n\u0131 teklif etti. Haz\u0131rlanan faaliyet raporu  tek tek okundu. Okunan 2016 Y\u0131l\u0131 Faaliyet Raporu oylamaya sunuldu. Yap\u0131lan oylama neticesinde Belediyemiz 2016 y\u0131l\u0131 Faaliyet Raporunun kabul edilmesine oy birli\u011fi ile karar verildi.<\/td>\n<\/tr>\n<tr>\n<td>KARAR 36<\/td>\n<\/tr>\n<tr>\n<td>G\u00fcndemde bulunan madde gere\u011fi; Belediyemizde 1 y\u0131l boyunca g\u00f6rev yapmak \u00fczere 4 adet \u0130mar ve \u015eehircilik Komisyonu \u00fcyeli\u011fi se\u00e7imine ge\u00e7ildi. Yap\u0131lan a\u00e7\u0131k oylamada \u0130lyas KARABULUT (14 oy) , Celalettin S\u00dcRME (14 oy) , Rifat K\u00d6RO\u011eLU (14 oy) , Esat K\u00d6SE (14 oy)  alarak Belediyemiz \u0130mar ve \u015eehircilik Komisyonunda 1 y\u0131l g\u00f6rev yapmak \u00fczere se\u00e7ildiler.\n<\/td>\n<\/tr>\n<tr>\n<td>KARAR 37<\/td>\n<\/tr>\n<tr>\n<td>G\u00fcndemde bulunan madde gere\u011fi; Belediyemizde 1 y\u0131l boyunca g\u00f6rev yapmak \u00fczere E\u011fitim, K\u00fclt\u00fcr, Gen\u00e7lik ve Spor Komisyonu se\u00e7imine ge\u00e7ildi. Yap\u0131lan a\u00e7\u0131k oylamada Osman KURDAK (14 oy) , Hasan K\u00d6YL\u00dc (14 oy) , \u0130sa DAVARCI (14 oy), Hakan ARICI (14 oy) alarak Belediyemiz E\u011fitim, K\u00fclt\u00fcr, Gen\u00e7lik ve Spor Komisyonunda 1 y\u0131l g\u00f6rev yapmak \u00fczere se\u00e7ildiler.\n<\/td>\n<\/tr>\n<tr>\n<td>KARAR 38<\/td>\n<\/tr>\n<tr>\n<td>G\u00fcndemde bulunan madde gere\u011fi; Belediyemizde 1 y\u0131l g\u00f6rev yapmak \u00fczere \u00c7evre ve Sa\u011fl\u0131k Komisyonu \u00fcyeli\u011fi se\u00e7imine ge\u00e7ildi. Yap\u0131lan a\u00e7\u0131k oylamada Mustafa EK\u0130C\u0130 (14 oy) , Celalettin S\u00dcRME (14 oy) , \u0130sa DAVARCI (14 oy) Hakan ARICI (14 oy)  alarak \u00c7evre ve Sa\u011fl\u0131k Komisyonu \u00fcyeli\u011fine 1 y\u0131l g\u00f6rev yapmak \u00fczere se\u00e7ildiler.\n<\/td>\n<\/tr>\n<tr>\n<td>KARAR 39<\/td>\n<\/tr>\n<tr>\n<td>G\u00fcndemde bulunan madde gere\u011fi; Belediyemizde 1 y\u0131l g\u00f6rev yapmak \u00fczere Tar\u0131m Orman ve Mahalle Komisyonu \u00fcyeli\u011fi se\u00e7imine ge\u00e7ildi. Yap\u0131lan A\u00e7\u0131k oylamada Hasbi \u00d6ZEN\u0130R (14 oy) , Durdane \u00c7OPURO\u011eLU (14 oy), Mustafa DURAK (14 oy) Cumali I\u015eIL (14 oy) alarak   Tar\u0131m Orman ve Mahalle Komisyonu \u00fcyeli\u011fine 1 y\u0131l g\u00f6rev yapmak \u00fczere se\u00e7ildiler.\n<\/td>\n<\/tr>\n<tr>\n<td>KARAR 40<\/td>\n<\/tr>\n<tr>\n<td>G\u00fcndemde bulunan madde gere\u011fi; Belediyemizde 1 y\u0131l g\u00f6rev yapmak \u00fczere Plan ve B\u00fct\u00e7e Komisyonu \u00fcyeli\u011fi se\u00e7imine ge\u00e7ildi. Yap\u0131lan a\u00e7\u0131k oylamada Abdullah SAKARYA (14 oy) , Osman KURDAK (14 oy) , Cumali I\u015eIL (14 oy ) , Hakan ARICI (14 oy) alarak Plan ve B\u00fct\u00e7e Komisyonu \u00fcyeli\u011finde 1 y\u0131l g\u00f6rev yapmak \u00fczere se\u00e7ildiler.\n<\/td>\n<\/tr>\n<tr>\n<td>KARAR 41<\/td>\n<\/tr>\n<tr>\n<td>G\u00fcndemde bulunan madde gere\u011fi; Belediyemiz Denetim Komisyonunca haz\u0131rlanan 2016 y\u0131l\u0131 Denetim Raporu tek tek okunarak g\u00f6r\u00fc\u015f\u00fcld\u00fc.\n<\/td>\n<\/tr>\n<\/tbody>\n<\/table>\n","protected":false},"excerpt":{"rendered":"<p>KARAR 31 G\u00fcndemde bulunan madde gere\u011fi; Belediyemiz Yaz\u0131 \u0130\u015fleri M\u00fcd\u00fcrl\u00fc\u011f\u00fcn\u00fcn , \u0130l\u00e7emiz Merkezboztahta Mahallesi &#8220;K\u00f6pekli Sokak&#8221; ad\u0131n\u0131n de\u011fi\u015ftirilerek &#8220;Dokuzoluk Sokak&#8221; ismi olarak de\u011fi\u015ftirilmesi ile ilgili Karaisal\u0131 Kaymakaml\u0131k Makam\u0131n\u0131n 24\/03\/2017 Tarih ve 407 Say\u0131lar\u0131n\u0131n ekinde \u0130l\u00e7emiz Merkezboztahta Mahallesi Muhtar\u0131 Ahmet EREN\u2019 in dilek\u00e7esinin g\u00f6r\u00fc\u015f\u00fclmesine ge\u00e7ildi. Dilek\u00e7ede aynen Karaisal\u0131 Merkezboztahta Mahallesinde bulunan K\u00f6pekli Sokak ismi mahalle sakinleri [&hellip;]<\/p>\n","protected":false},"author":10,"featured_media":0,"parent":2897,"menu_order":201704,"comment_status":"closed","ping_status":"closed","template":"","meta":{"footnotes":""},"class_list":["post-3170","page","type-page","status-publish","hentry"],"_links":{"self":[{"href":"https:\/\/www.karaisali.bel.tr\/index.php?rest_route=\/wp\/v2\/pages\/3170","targetHints":{"allow":["GET"]}}],"collection":[{"href":"https:\/\/www.karaisali.bel.tr\/index.php?rest_route=\/wp\/v2\/pages"}],"about":[{"href":"https:\/\/www.karaisali.bel.tr\/index.php?rest_route=\/wp\/v2\/types\/page"}],"author":[{"embeddable":true,"href":"https:\/\/www.karaisali.bel.tr\/index.php?rest_route=\/wp\/v2\/users\/10"}],"replies":[{"embeddable":true,"href":"https:\/\/www.karaisali.bel.tr\/index.php?rest_route=%2Fwp%2Fv2%2Fcomments&post=3170"}],"version-history":[{"count":0,"href":"https:\/\/www.karaisali.bel.tr\/index.php?rest_route=\/wp\/v2\/pages\/3170\/revisions"}],"up":[{"embeddable":true,"href":"https:\/\/www.karaisali.bel.tr\/index.php?rest_route=\/wp\/v2\/pages\/2897"}],"wp:attachment":[{"href":"https:\/\/www.karaisali.bel.tr\/index.php?rest_route=%2Fwp%2Fv2%2Fmedia&parent=3170"}],"curies":[{"name":"wp","href":"https:\/\/api.w.org\/{rel}","templated":true}]}}