{"id":3052,"date":"2017-03-07T10:31:26","date_gmt":"2017-03-07T07:31:26","guid":{"rendered":"https:\/\/www.karaisali.bel.tr\/?page_id=3052"},"modified":"2017-09-11T13:55:35","modified_gmt":"2017-09-11T10:55:35","slug":"mart-2017-meclis-kararlari","status":"publish","type":"page","link":"https:\/\/www.karaisali.bel.tr\/?page_id=3052","title":{"rendered":"Mart 2017 Meclis Kararlar\u0131"},"content":{"rendered":"<table>\n<tbody>\n<tr>\n<td>KARAR 29<\/td>\n<\/tr>\n<tr>\n<td>G\u00fcndemde bulunan madde gere\u011fi; Belediyemiz Yaz\u0131 \u0130\u015fleri M\u00fcd\u00fcrl\u00fc\u011f\u00fcn\u00fcn 24\/02\/2017 tarih ve 74 say\u0131l\u0131 yaz\u0131lar\u0131nda aynen, Belediyemize ait akaryak\u0131t istasyonuna Belediyemiz Meclisinin 03\/02\/2017 tarih ve 2017-25 say\u0131l\u0131 karar\u0131 ile &#8220;otel ve turizmcilik &#8221; faaliyetinin eklenmesi ile ilgili karar al\u0131nm\u0131\u015ft\u0131. Ancak faaliyet konusu eklendikten sonra isim de\u011fi\u015fikli\u011finin tam ad\u0131 yaz\u0131lmam\u0131\u015f olup, &#8220;Karaisal\u0131 Belediyesi Akaryak\u0131t istasyonu , Otel ve Turizmcilik &#8221; olarak isim de\u011fi\u015fikli\u011finin yap\u0131lmas\u0131 i\u00e7in Belediyemiz Meclisince karar al\u0131nmas\u0131 hususunda ,Belediyemiz Meclisine havalesini arz ederim. Denilmekte olup, teklif Belediyemiz Meclisince g\u00f6r\u00fc\u015f\u00fcld\u00fc. Teklif hakk\u0131nda s\u00f6z isteyen olup, olmad\u0131\u011f\u0131 soruldu. \u00dcyelerden Cumali I\u015eIL s\u00f6z ald\u0131. Arkada\u015flar ; M\u00fclkiyeti Belediye Ba\u015fkanl\u0131\u011f\u0131m\u0131za ait il\u00e7emiz Yenimahalle (Selamp\u0131nar Mahallesi) 354 ada 1 nolu parsel \u00fczerinde ve Yenimahalle Turgut \u00d6zal Bulvar\u0131 Adana Yolu \u00fczeri adresinde bulunan Karaisal\u0131 Belediyesi Akaryak\u0131t \u0130stasyonu (Ticaret Sicil No ; Karaisal\u0131\/388) olarak faaliyet g\u00f6steren i\u015fletmemize \u201c Otel ve Turizmcilik \u201c i\u015fletmesinin eklenmesine , &#8220;Karaisal\u0131 Belediyesi Akaryak\u0131t \u0130stasyonu , Otel ve Turizmcilik &#8221; olarak isim de\u011fi\u015fikli\u011finin yap\u0131lmas\u0131n\u0131, 03\/02\/2017 tarih ve 2017-25 say\u0131l\u0131 Meclis Karar\u0131n\u0131n da iptal edilmesini  teklif ediyorum dedi. Teklif oylamaya sunuldu. Yap\u0131lan oylama neticesinde Belediyemiz Meclisince teklifin kabul\u00fcne oy birli\u011fi ile karar verildi.<br \/>\n\t\t<\/tr>\n<tr>\n<td>KARAR 30<\/td>\n<\/tr>\n<tr>\n<td>G\u00fcndemde bulunan madde gere\u011fi; Belediyemiz Yaz\u0131 \u0130\u015fleri M\u00fcd\u00fcrl\u00fc\u011f\u00fcn\u00fcn 24\/02\/2017 tarih ve 75 say\u0131l\u0131 yaz\u0131lar\u0131nda aynen ; \u0130l\u00e7emiz konum olarak k\u0131rsal ve da\u011fl\u0131k alana yerle\u015fmi\u015ftir ge\u00e7im kayna\u011f\u0131 olarak hayvanc\u0131l\u0131k ve \u00e7ift\u00e7ilik ba\u015fta olmak \u00fczere Belediyemizin de \u00f6nc\u00fcl\u00fc\u011f\u00fc ile turizm sekt\u00f6r\u00fcnde \u00f6nemli ilerlemeler olmu\u015ftur. \u0130l\u00e7emiz insan\u0131n\u0131n daha refah ve ya\u015fanabilir seviyeye ula\u015ft\u0131r\u0131lmas\u0131 , gerek ekonomik gerekse ticari faaliyetlerin art\u0131r\u0131lmas\u0131 g\u00f6\u00e7lerin \u00f6nlenmesi amac\u0131yla  Belediye Ba\u015fkanl\u0131\u011f\u0131m\u0131zca il\u00e7emiz insanlar\u0131n\u0131n  te\u015fvik amac\u0131yla \u0130l\u00e7emizde bulunan \u0130l\u00e7e Tar\u0131m M\u00fcd\u00fcrl\u00fc\u011f\u00fc ile proje kapsam\u0131nda istiridye mantar\u0131 yeti\u015ftiricili\u011fi projesi yap\u0131laca\u011f\u0131ndan , proje ortakl\u0131\u011f\u0131 i\u00e7in 5393 Say\u0131l\u0131 Belediye Kanununun 75. maddesi uyar\u0131nca Belediyemiz ad\u0131na Protokol yapmaya Belediye Ba\u015fkan\u0131m\u0131z Saadettin ASLAN&#8217; a yetki verilmesi hususunda,Belediyemiz Meclisine havalesini arz ederim. Denilmekte olup, teklif hakk\u0131nda s\u00f6z isteyen olup, olmad\u0131\u011f\u0131 soruldu. \u00dcyelerden Cumali I\u015eIL s\u00f6z ald\u0131. Arkada\u015flar teklifin m\u00fcd\u00fcrl\u00fc\u011f\u00fcnden geldi\u011fi gibi kabul edilmesini teklif ediyorum. Dedi. Teklif oylamaya sunuldu. Yap\u0131lan oylama neticesinde teklifin kabul\u00fcne oy birli\u011fi ile karar verildi.<\/td>\n<\/tr>\n<\/tbody>\n<\/table>\n","protected":false},"excerpt":{"rendered":"<p>KARAR 29 G\u00fcndemde bulunan madde gere\u011fi; Belediyemiz Yaz\u0131 \u0130\u015fleri M\u00fcd\u00fcrl\u00fc\u011f\u00fcn\u00fcn 24\/02\/2017 tarih ve 74 say\u0131l\u0131 yaz\u0131lar\u0131nda aynen, Belediyemize ait akaryak\u0131t istasyonuna Belediyemiz Meclisinin 03\/02\/2017 tarih ve 2017-25 say\u0131l\u0131 karar\u0131 ile &#8220;otel ve turizmcilik &#8221; faaliyetinin eklenmesi ile ilgili karar al\u0131nm\u0131\u015ft\u0131. Ancak faaliyet konusu eklendikten sonra isim de\u011fi\u015fikli\u011finin tam ad\u0131 yaz\u0131lmam\u0131\u015f olup, &#8220;Karaisal\u0131 Belediyesi Akaryak\u0131t istasyonu [&hellip;]<\/p>\n","protected":false},"author":10,"featured_media":0,"parent":2897,"menu_order":201703,"comment_status":"closed","ping_status":"closed","template":"","meta":{"footnotes":""},"class_list":["post-3052","page","type-page","status-publish","hentry"],"_links":{"self":[{"href":"https:\/\/www.karaisali.bel.tr\/index.php?rest_route=\/wp\/v2\/pages\/3052","targetHints":{"allow":["GET"]}}],"collection":[{"href":"https:\/\/www.karaisali.bel.tr\/index.php?rest_route=\/wp\/v2\/pages"}],"about":[{"href":"https:\/\/www.karaisali.bel.tr\/index.php?rest_route=\/wp\/v2\/types\/page"}],"author":[{"embeddable":true,"href":"https:\/\/www.karaisali.bel.tr\/index.php?rest_route=\/wp\/v2\/users\/10"}],"replies":[{"embeddable":true,"href":"https:\/\/www.karaisali.bel.tr\/index.php?rest_route=%2Fwp%2Fv2%2Fcomments&post=3052"}],"version-history":[{"count":0,"href":"https:\/\/www.karaisali.bel.tr\/index.php?rest_route=\/wp\/v2\/pages\/3052\/revisions"}],"up":[{"embeddable":true,"href":"https:\/\/www.karaisali.bel.tr\/index.php?rest_route=\/wp\/v2\/pages\/2897"}],"wp:attachment":[{"href":"https:\/\/www.karaisali.bel.tr\/index.php?rest_route=%2Fwp%2Fv2%2Fmedia&parent=3052"}],"curies":[{"name":"wp","href":"https:\/\/api.w.org\/{rel}","templated":true}]}}