{"id":3049,"date":"2017-03-07T10:16:45","date_gmt":"2017-03-07T07:16:45","guid":{"rendered":"https:\/\/www.karaisali.bel.tr\/?page_id=3049"},"modified":"2017-09-11T13:55:31","modified_gmt":"2017-09-11T10:55:31","slug":"subat-2017-meclis-kararlari","status":"publish","type":"page","link":"https:\/\/www.karaisali.bel.tr\/?page_id=3049","title":{"rendered":"\u015eubat 2017 Meclis Kararlar\u0131"},"content":{"rendered":"<table>\n<tbody>\n<tr>\n<td>KARAR 22<\/td>\n<\/tr>\n<tr>\n<td>G\u00fcndemde bulunan madde gere\u011fi :Belediyemiz Mali Hizmetler M\u00fcd\u00fcrl\u00fc\u011f\u00fcn\u00fcn 27\/01\/2017 tarih ve 2 say\u0131l\u0131 yaz\u0131lar\u0131nda aynen Belediye Ba\u015fkanl\u0131\u011f\u0131m\u0131zca il\u00e7emiz halk\u0131na daha h\u0131zl\u0131 , verimli, ve sa\u011fl\u0131kl\u0131 hizmet verebilmek amac\u0131 ile  62 mahallemize gece g\u00fcnd\u00fcz hizmetlerimizi g\u00f6t\u00fcrmekteyiz. Ayr\u0131ca proje \u00e7al\u0131\u015fmalar\u0131m\u0131z da t\u00fcm h\u0131z\u0131yla devam etmektedir.  Bu g\u00fcne kadar yapm\u0131\u015f oldu\u011fumuz hizmetlerimiz aksamadan m\u00fcmk\u00fcn mertebe devam etmektedir. Yapm\u0131\u015f oldu\u011fumuz hizmetlerimiz sonucunda Belediyemizce bir \u00e7ok firma ve kurulu\u015flara bor\u00e7lanm\u0131\u015f bulunmaktay\u0131z. Bu bor\u00e7lar\u0131m\u0131z\u0131n bir k\u0131sm\u0131 Belediyemiz B\u00fcnyesinden \u00f6denmektedir. Ancak Piyasaya olan bor\u00e7lar\u0131m\u0131z yapm\u0131\u015f oldu\u011fumuz hizmetlerimizden dolay\u0131 , ayr\u0131ca yeni ara\u00e7 ve i\u015f makinalar\u0131n\u0131n al\u0131m\u0131ndan dolay\u0131 gecikmeye u\u011framaktad\u0131r.<br \/>\n\tBu nedenlerden dolay\u0131 Belediyemizin prestijinin ve g\u00fcvenirlili\u011finin art\u0131r\u0131lmas\u0131 amac\u0131 ile 2016 y\u0131l\u0131 b\u00fct\u00e7e ger\u00e7ekle\u015fmesinin  (13.603.004-TL)  %10 oran\u0131nda  ( 1.360.000-TL) nin Bankalardan kredi yolu ile al\u0131nmas\u0131 i\u00e7in 5393 Say\u0131l\u0131 Belediye Kanununun 18\/d maddesi uyar\u0131nca Belediye Ba\u015fkan\u0131 Saadettin ASLAN&#8217;a bor\u00e7lanma yetkisi verilmesi hususunda,Belediyemiz Meclisine  Havalesini Arz ederim. Denilmekte olup, teklif hakk\u0131nda s\u00f6z isteyen olup, olmad\u0131\u011f\u0131 soruldu. \u00dcyelerden Mustafa EK\u0130C\u0130 s\u00f6z ald\u0131. Arkada\u015flar teklifin Plan ve B\u00fct\u00e7e Komisyonu Ba\u015fkanl\u0131\u011f\u0131nda m\u00fc\u015fterek komisyonda g\u00f6r\u00fc\u015f\u00fclmek \u00fczere havalesini teklif ediyorum. dedi. Teklif oylamaya<\/td>\n<\/tr>\n<tr>\n<td>KARAR 23<\/td>\n<\/tr>\n<tr>\n<td>G\u00fcndemde bulunan madde gere\u011fi; M\u00fclkiyeti Belediye Ba\u015fkanl\u0131\u011f\u0131m\u0131za ait il\u00e7emiz Yenimahalle (Selamp\u0131nar Mahallesi) 354 ada 1 nolu parsel \u00fczerinde ve Yenimahalle Turgut \u00d6zal Bulvar\u0131 Adana Yolu \u00fczeri adresinde bulunan Karaisal\u0131 Belediyesi Akaryak\u0131t \u0130stasyonu (Ticaret Sicil No ; Karaisal\u0131\/388) olarak faaliyet g\u00f6steren i\u015fletmemize \u201c Otel ve Turizmcilik \u201c i\u015fletmesinin eklenmesi i\u00e7in Belediyemiz Meclisine havalesini arz ederim. Denilmekte olup,  Teklif hakk\u0131nda s\u00f6z isteyen olup, olmad\u0131\u011f\u0131 soruldu. \u00dcyelerden Mustafa EK\u0130C\u0130 s\u00f6z ald\u0131. Arkada\u015flar teklifin Plan ve B\u00fct\u00e7e Komisyonu Ba\u015fkanl\u0131\u011f\u0131nda m\u00fc\u015fterek komisyonda g\u00f6r\u00fc\u015f\u00fclmek \u00fczere havalesini teklif ediyorum. dedi. Teklif oylamaya sunuldu. Yap\u0131lan oylama neticesinde teklifin kabul\u00fcne oy birli\u011fi ile karar verildi.\n<\/td>\n<\/tr>\n<tr>\n<td>KARAR 24<\/td>\n<\/tr>\n<tr>\n<td>G\u00fcndemde bulunan madde gere\u011fi : Belediyemiz Plan B\u00fct\u00e7e ve M\u00fc\u015fterek Komisyonunun 02\/02\/2017 tarih ve 10 nolu Belediye Ba\u015fkan\u0131 Saadettin ASLAN&#8217;a bor\u00e7lanma yetkisi verilmesi ile ilgili komisyon raporunun  g\u00f6r\u00fc\u015f\u00fclmesine ge\u00e7ildi. \u00dcyelerden Rifat K\u00d6RO\u011eLU s\u00f6z ald\u0131. Arkada\u015flar g\u00fcndemin 1. maddesi olan komisyon raporunun bir sonraki meclis toplant\u0131s\u0131nda g\u00f6r\u00fc\u015f\u00fclmesini teklif ediyorum.  Dedi. Teklif oylamaya sunuldu. Yap\u0131lan oylama neticesinde Teklifin kabul\u00fcne oy birli\u011fi ile karar verildi.\n<\/td>\n<\/tr>\n<tr>\n<td>KARAR 25<\/td>\n<\/tr>\n<tr>\n<td>G\u00fcndemde bulunan madde gere\u011fi; Belediyemiz Plan B\u00fct\u00e7e ve M\u00fc\u015fterek Komisyonunun Belediyemiz Akaryak\u0131t istasyonuna Otel ve Turizmcilik faaliyetinin eklenmesi ile ilgili 02\/02\/2017 tarih ve 11 nolu komisyon raporunun g\u00f6r\u00fc\u015f\u00fclmesine ge\u00e7ildi. Komisyon raporunda aynen Belediyemiz Meclisince komisyonumuzda g\u00f6r\u00fc\u015f\u00fclmek \u00fczere havale edilen ; M\u00fclkiyeti Belediye Ba\u015fkanl\u0131\u011f\u0131m\u0131za ait il\u00e7emiz Yenimahalle (Selamp\u0131nar Mahallesi) 354 ada 1 nolu parsel \u00fczerinde ve Yenimahalle Turgut \u00d6zal Bulvar\u0131 Adana Yolu \u00fczeri adresinde bulunan Karaisal\u0131 Belediyesi Akaryak\u0131t \u0130stasyonu (Ticaret Sicil No ; Karaisal\u0131\/388) olarak faaliyet g\u00f6steren i\u015fletmemize \u201c Otel ve Turizmcilik \u201c i\u015fletmesinin eklenmesi i\u00e7in verilen teklif komisyonumuzca g\u00f6r\u00fc\u015f\u00fcld\u00fc. Komisyonumuzca teklifin geldi\u011fi gibi kabul edilmesine oy birli\u011fi ile karar verilmi\u015f olup,  \tBelediyemiz Meclisine sunulmas\u0131na oy birli\u011fi ile karar verildi.<br \/>\n Denilmekte olup, teklif hakk\u0131nda s\u00f6z isteyen olup, olmad\u0131\u011f\u0131 soruldu. \u00dcyelerden Mustafa EK\u0130C\u0130 s\u00f6z ald\u0131. Arkada\u015flar teklifin komisyondan geldi\u011fi gibi kabul edilmesini teklif ediyorum. Dedi. Teklif oylamaya sunuldu. Yap\u0131lan oylama neticesinde teklifin kabul\u00fcne oy birli\u011fi ile karar verildi.\n<\/td>\n<\/tr>\n<tr>\n<td>KARAR 26<\/td>\n<\/tr>\n<tr>\n<td>G\u00fcndemde bulunan madde gere\u011fi; Belediyemiz Fen \u0130\u015fleri m\u00fcd\u00fcrl\u00fc\u011f\u00fcn\u00fcn 01\/02\/2017 tarih ve 144 say\u0131l\u0131 yaz\u0131lar\u0131nda Belediye Ba\u015fkanl\u0131\u011f\u0131m\u0131zca yap\u0131lan imar tadilat\u0131na  \u00fc\u00e7 adet itiraz dilek\u00e7esi ile ilgili yaz\u0131lar\u0131 okundu. Teklif hakk\u0131nda s\u00f6z isteyen olup, olmad\u0131\u011f\u0131 soruldu. \u00dcyelerden Rifat K\u00d6RO\u011eLU s\u00f6z ald\u0131. Arkada\u015flar teklif ekinde sunulan Osman KURDAK, Abdullah SAKARYA Etem KO\u015eCU \u2018nun itiraz dilek\u00e7elerinin Belediyemiz \u0130mar ve \u015eehircilik Komisyonu ba\u015fkanl\u0131\u011f\u0131nda m\u00fc\u015fterek komisyonunda g\u00f6r\u00fc\u015f\u00fclmek \u00fczere havalesini teklif ediyorum. Dedi. Teklif oylamaya sunuldu. Yap\u0131lan oylama neticesinde teklifin kabul\u00fcne oy birli\u011fi ile karar verildi.\n<\/td>\n<\/tr>\n<tr>\n<td>KARAR 27<\/td>\n<\/tr>\n<tr>\n<td>G\u00fcndemde bulunan madde gere\u011fi; Belediyemiz Plan B\u00fct\u00e7e ve M\u00fc\u015fterek Komisyonunun Belediye Ba\u015fkan\u0131 Saadettin ASLAN\u2019a bor\u00e7lanma yetkisi  verilmesi ile ilgili komisyon raporunun g\u00f6r\u00fc\u015f\u00fclmesine ge\u00e7ildi. Komisyon raporunda aynen \u201cBelediyemiz Meclisince komisyonumuzda g\u00f6r\u00fc\u015f\u00fclmek \u00fczere havale edilen ; Belediyemiz Mali Hizmetler M\u00fcd\u00fcrl\u00fc\u011f\u00fcn\u00fcn 27\/01\/2017 tarih ve 2 say\u0131l\u0131 yaz\u0131lar\u0131nda  Belediye Ba\u015fkanl\u0131\u011f\u0131m\u0131zca il\u00e7emiz halk\u0131na daha h\u0131zl\u0131 , verimli, ve sa\u011fl\u0131kl\u0131 hizmet verebilmek amac\u0131 ile  62 mahallemize gece g\u00fcnd\u00fcz hizmetlerimizi g\u00f6t\u00fcrmekteyiz. Ayr\u0131ca proje \u00e7al\u0131\u015fmalar\u0131m\u0131z da t\u00fcm h\u0131z\u0131yla devam etmektedir.  Bu g\u00fcne kadar yapm\u0131\u015f oldu\u011fumuz hizmetlerimiz aksamadan m\u00fcmk\u00fcn mertebe devam etmektedir. Yapm\u0131\u015f oldu\u011fumuz hizmetlerimiz sonucunda Belediyemizce bir \u00e7ok firma ve kurulu\u015flara bor\u00e7lanm\u0131\u015f bulunmaktay\u0131z. Bu bor\u00e7lar\u0131m\u0131z\u0131n bir k\u0131sm\u0131 Belediyemiz B\u00fcnyesinden \u00f6denmektedir. Ancak Piyasaya olan bor\u00e7lar\u0131m\u0131z yapm\u0131\u015f oldu\u011fumuz hizmetlerimizden dolay\u0131 , ayr\u0131ca yeni ara\u00e7 ve i\u015f makinalar\u0131n\u0131n al\u0131m\u0131ndan dolay\u0131 gecikmeye u\u011framaktad\u0131r. \tBu nedenlerden dolay\u0131 Belediyemizin prestijinin ve g\u00fcvenirlili\u011finin art\u0131r\u0131lmas\u0131 amac\u0131 ile 2016 y\u0131l\u0131 b\u00fct\u00e7e ger\u00e7ekle\u015fmesinin  (13.603.004-TL)  %10 oran\u0131nda  ( 1.360.000-TL)  (B\u0130RM\u0130LYON\u00dc\u00c7Y\u00dcZALTMI\u015eB\u0130NT\u00dcRKL\u0130RASI) nin Bankalardan kredi yolu ile al\u0131nmas\u0131 i\u00e7in 5393 Say\u0131l\u0131 Belediye Kanununun 18\/d maddesi uyar\u0131nca Belediye Ba\u015fkan\u0131 Saadettin ASLAN&#8217;a bor\u00e7lanma yetkisi verilmesi ile ilgili teklif komisyonumuzca g\u00f6r\u00fc\u015f\u00fcld\u00fc. Belediye Ba\u015fkanl\u0131\u011f\u0131m\u0131zca 1.360.000,00-TL nin 48 ay taksitle bankalardan bor\u00e7lan\u0131lmas\u0131 oylamaya sunuldu. Yap\u0131lan oylama neticesinde Kabul edenler 5 ki\u015fi,  red oy verenler   6 ki\u015fi , 3 ki\u015fi \u00e7ekimser oy kullanm\u0131\u015f , teklifin reddine oy \u00e7oklu\u011fu ile karar verilmi\u015f olup, Belediyemiz meclisine sunulmas\u0131na oy birli\u011fi ile karar verildi. Denilmekte olup, okunan komisyon raporu hakk\u0131nda s\u00f6z isteyen olup, olmad\u0131\u011f\u0131 soruldu. \u00dcyelerden Mustafa EK\u0130C\u0130 s\u00f6z ald\u0131;<br \/>\n\t Arkada\u015flar Komisyon raporunun reddine , komisyon raporunda 1.360.000-TL (B\u0130RM\u0130LYON\u00dc\u00c7Y\u00dcZALTMI\u015eB\u0130NT\u00dcRKL\u0130RASI) olarak belirlenen bor\u00e7lanman\u0131n 1.000.000.-TL (B\u0130RM\u0130LYONT\u00dcRKL\u0130RASI) olarak  bor\u00e7lan\u0131lmas\u0131n\u0131 , Belediye Ba\u015fkan\u0131 Saadettin ASLAN\u2019a bor\u00e7lanma yetkisi verilmesini teklif ediyorum dedi. Teklif oylamaya sunuldu. Yap\u0131lan oylama neticesinde  8 kabul oyu,  , 6 red oy verilmi\u015f , 1 adet \u00e7ekimser oy kullan\u0131lm\u0131\u015f olup, teklifin kabul\u00fcne  1.000.000.-TL (B\u0130RM\u0130LYONT\u00dcRKL\u0130RASI) olarak  bor\u00e7lan\u0131lmas\u0131na ve  Belediye Ba\u015fkan\u0131 Saadettin ASLAN\u2019a bor\u00e7lanma yetkisi verilmesine oy \u00e7oklu\u011fu ile karar verilmi\u015ftir.\n<\/td>\n<\/tr>\n<tr>\n<td>KARAR 28<\/td>\n<\/tr>\n<tr>\n<td>G\u00fcndemde bulunan madde gere\u011fi; Belediyemiz \u0130mar ve \u015eehircilik Komisyonu Ba\u015fkanl\u0131\u011f\u0131nda m\u00fc\u015fterek komisyonunun 06\/02\/2017 tarih ve 1 nolu komisyon raporunun g\u00f6r\u00fc\u015f\u00fclmesine ge\u00e7ildi. Komisyon raporunda aynen \u201cBelediyemiz Meclisince komisyonumuzda g\u00f6r\u00fc\u015f\u00fclmek \u00fczere havale edilen ; Belediye Ba\u015fkanl\u0131\u011f\u0131m\u0131zca yap\u0131lan  03\/11\/2016 tarih ve 73 say\u0131l\u0131 Meclis karar\u0131 ile kabul edilen ve onaylanan , B\u00fcy\u00fck\u015fehir Belediyesinin 29\/11\/2016 tarih ve  405 say\u0131l\u0131 meclis karar\u0131 ile onaylanan  15\/12\/2016 tarihinde ask\u0131ya \u00e7\u0131kar\u0131lan imar tadilat\u0131na Etem KO\u015eCU (TC NO:15943189088) , Abdullah SAKARYA (TC: 15046216858)  ile Osman KURDAK \u2018\u0131n (TC:10495368578 ) itiraz dilek\u00e7elerini g\u00f6r\u00fc\u015fmek \u00fczere komisyonumuz Komisyon Ba\u015fkan\u0131 Mustafa EK\u0130C\u0130 ba\u015fkanl\u0131\u011f\u0131nda 06\/02\/2017 tarihinde saat 09;00\u2019da topland\u0131. \u0130tiraz Dilek\u00e7elerinde aynen \u201c 15\/12\/2016 tarihinde ask\u0131ya \u00e7\u0131kar\u0131lan Yenimahalle ve Karap\u0131nar Mahallelerinin 1\/1000 uygulama imar plan\u0131nda 1\/5000 li\u011fe ayk\u0131r\u0131 \u015fekilde yap\u0131lan uygulama imar plan\u0131n\u0131n a\u015fa\u011f\u0131da sunmu\u015f olu\u011fum nedenlerde iptal edilmesini arz ve talep ederim.<br \/>\n1. \u0130lgili plan\u0131n yo\u011funlu\u011fu 1.20 den 1.60 \u2018a \u00e7\u0131kar\u0131lm\u0131\u015f olup, mek\u00e2nsal planlar y\u00f6netmeli\u011fine g\u00f6re ayr\u0131lmas\u0131 gereken sosyal donat\u0131 alanlar\u0131 yeterince ayr\u0131lmam\u0131\u015ft\u0131r.<br \/>\n2. Karaisal\u0131 \u0130l\u00e7emizin dokusunun \u015fahsa \u00f6zel \u015fekilde imar durum bozulmu\u015ftur.<br \/>\n3. 1\/5000 Naz\u0131m \u0130mar Plan\u0131nda Y\u00f6r\u00fckler \u00c7ar\u015f\u0131s\u0131 olarak bilinen yerin imar\u0131 \u00e7ar\u015f\u0131 iken 1\/1000 uygulama imar plan\u0131nda konut olarak g\u00f6sterilmi\u015ftir. (Karap\u0131nar Mahallesi 237 ada)<br \/>\n4. 1\/5000 Naz\u0131m \u0130mar Plan\u0131nda Esnaf ve Kefalet ve Ziraat odas\u0131n\u0131n bulundu\u011fu parsel ve arka parselin imar\u0131 \u00e7ar\u015f\u0131 iken 1\/1000 uygulama imar plan\u0131nda konut olarak g\u00f6sterilmi\u015ftir. (Selamp\u0131nar Mahallesi 229 ada 2 parsel ile  228 ada  )<br \/>\n5. 1\/5000 naz\u0131m imar plan\u0131nda i\u015f yerlerinin bulundu\u011fu Karaisal\u0131 Meydan\u0131ndaki Adan\u0131n imar\u0131 \u00e7ar\u015f\u0131 iken 1\/1000 uygulama imar\u0131 plan\u0131nda konut olarak g\u00f6sterilmi\u015ftir. (Selamp\u0131nar Mahallesi 55 ada)<br \/>\nDenilmekte olup, dilek\u00e7eli itirazlar\u0131n dilek\u00e7e konular\u0131n\u0131n ayn\u0131 oldu\u011fu g\u00f6r\u00fclmekle komisyonumuzca de\u011ferlendirildi.<br \/>\n\tBelediyemiz Fen \u0130\u015fleri M\u00fcd\u00fcr\u00fc Cumali \u00d6ZCAN komisyon toplant\u0131s\u0131na bilgisine ba\u015fvurmak \u00fczere davet edildi. Dilek\u00e7ede belirtilen maddeler halindeki itirazlar yine maddeler halinde incelenmi\u015f olup ;<br \/>\nDilek\u00e7eli teklifin oy \u00e7oklu\u011fu ile  reddine  , Belediyemiz Meclisine sunulmas\u0131na karar verilmi\u015ftir. Denilmekte olup, Komisyon raporu hakk\u0131nda s\u00f6z isteyen olup, olmad\u0131\u011f\u0131 soruldu. \u00dcyelerden Mustafa EK\u0130C\u0130 s\u00f6z ald\u0131. Arkada\u015flar okunan komisyon raporunun komisyondan geldi\u011fi gibi kabul edilmesini teklif ediyorum. Dedi. Teklif oylamaya sunuldu. Teklifin kabul\u00fcne oy \u00e7oklu\u011fu ile karar verildi.\n<\/td>\n<\/tr>\n<\/tbody>\n<\/table>\n","protected":false},"excerpt":{"rendered":"<p>KARAR 22 G\u00fcndemde bulunan madde gere\u011fi :Belediyemiz Mali Hizmetler M\u00fcd\u00fcrl\u00fc\u011f\u00fcn\u00fcn 27\/01\/2017 tarih ve 2 say\u0131l\u0131 yaz\u0131lar\u0131nda aynen Belediye Ba\u015fkanl\u0131\u011f\u0131m\u0131zca il\u00e7emiz halk\u0131na daha h\u0131zl\u0131 , verimli, ve sa\u011fl\u0131kl\u0131 hizmet verebilmek amac\u0131 ile 62 mahallemize gece g\u00fcnd\u00fcz hizmetlerimizi g\u00f6t\u00fcrmekteyiz. Ayr\u0131ca proje \u00e7al\u0131\u015fmalar\u0131m\u0131z da t\u00fcm h\u0131z\u0131yla devam etmektedir. Bu g\u00fcne kadar yapm\u0131\u015f oldu\u011fumuz hizmetlerimiz aksamadan m\u00fcmk\u00fcn mertebe devam [&hellip;]<\/p>\n","protected":false},"author":10,"featured_media":0,"parent":2897,"menu_order":201702,"comment_status":"closed","ping_status":"closed","template":"","meta":{"footnotes":""},"class_list":["post-3049","page","type-page","status-publish","hentry"],"_links":{"self":[{"href":"https:\/\/www.karaisali.bel.tr\/index.php?rest_route=\/wp\/v2\/pages\/3049","targetHints":{"allow":["GET"]}}],"collection":[{"href":"https:\/\/www.karaisali.bel.tr\/index.php?rest_route=\/wp\/v2\/pages"}],"about":[{"href":"https:\/\/www.karaisali.bel.tr\/index.php?rest_route=\/wp\/v2\/types\/page"}],"author":[{"embeddable":true,"href":"https:\/\/www.karaisali.bel.tr\/index.php?rest_route=\/wp\/v2\/users\/10"}],"replies":[{"embeddable":true,"href":"https:\/\/www.karaisali.bel.tr\/index.php?rest_route=%2Fwp%2Fv2%2Fcomments&post=3049"}],"version-history":[{"count":0,"href":"https:\/\/www.karaisali.bel.tr\/index.php?rest_route=\/wp\/v2\/pages\/3049\/revisions"}],"up":[{"embeddable":true,"href":"https:\/\/www.karaisali.bel.tr\/index.php?rest_route=\/wp\/v2\/pages\/2897"}],"wp:attachment":[{"href":"https:\/\/www.karaisali.bel.tr\/index.php?rest_route=%2Fwp%2Fv2%2Fmedia&parent=3049"}],"curies":[{"name":"wp","href":"https:\/\/api.w.org\/{rel}","templated":true}]}}