{"id":2717,"date":"2016-10-07T09:20:24","date_gmt":"2016-10-07T06:20:24","guid":{"rendered":"https:\/\/www.karaisali.bel.tr\/?page_id=2717"},"modified":"2017-01-02T09:13:56","modified_gmt":"2017-01-02T07:13:56","slug":"kasim-2016-meclis-kararlari","status":"publish","type":"page","link":"https:\/\/www.karaisali.bel.tr\/?page_id=2717","title":{"rendered":"Kas\u0131m 2016 Meclis Kararlar\u0131"},"content":{"rendered":"<table>\n<tbody>\n<tr>\n<td>KARAR 72<\/td>\n<\/tr>\n<tr>\n<td>G\u00fcndemde bulunan madde gere\u011fi ; Belediyemiz Yaz\u0131 \u0130\u015fleri M\u00fcd\u00fcrl\u00fc\u011f\u00fcn\u00fcn 31\/10\/2016 tarih ve 570 say\u0131l\u0131 yaz\u0131lar\u0131nda ;  Karaisal\u0131 Belediyesi olarak \u00c7ukurova Kalk\u0131nma Ajans\u0131 taraf\u0131ndan y\u00fcr\u00fct\u00fclen Teknik Destek Program\u0131na \u201cKaraisal\u0131 \u0130l\u00e7esinde Erasmus+Proje Yazma E\u011fitimi\u201d dosyas\u0131n\u0131n sunulmas\u0131na ve ba\u015far\u0131l\u0131 bulunmas\u0131 durumunda teknik deste\u011fin uygulanmas\u0131na, bu konuda Belediyemizi temsile , ilzama ve faaliyet belgelerini imzalamaya Belediye Ba\u015fkan\u0131m\u0131z Saadettin ASLAN\u2019 n\u0131n yetkilendirilmesi i\u00e7in Belediyemiz Meclisine havalesini arz ederim. Denilmekte olup, teklif hakk\u0131nda s\u00f6z isteyen olup, olmad\u0131\u011f\u0131 soruldu. \u00dcyelerden Abdulcelil SAK s\u00f6z ald\u0131. Arkada\u015flar Teklifin m\u00fcd\u00fcrl\u00fc\u011f\u00fcnden geldi\u011fi gibi kabul edilmesini teklifi ediyorum. Dedi. Teklif oylamaya sunuldu. Yap\u0131lan oylama neticesinde teklifin kabul\u00fcne oy birli\u011fi ile karar verildi. <\/td>\n<\/tr>\n<tr>\n<td>KARAR 73<\/td>\n<\/tr>\n<tr>\n<td>G\u00fcndemde bulunan madde gere\u011fi; Belediyemiz Fen \u0130\u015fleri M\u00fcd\u00fcrl\u00fc\u011f\u00fcn\u00fcn 31\/10\/2016 tarih ve 1120 say\u0131l\u0131 yaz\u0131lar\u0131nda ;  \u0130l\u00e7e merkezinde ticari ve sosyal hayat\u0131n geli\u015fmesi , d\u00fczenli kentle\u015fmenin olu\u015fmas\u0131 i\u00e7in Yenimahalle (Selamp\u0131nar ) 524, 217, 233, 234 adalar, Selamp\u0131nar Mahallesi  55, 218,219,220, 221,222, 223,224, 225,227 ,228, 229,230 231, 232 adalar , Karap\u0131nar Mahallesi   235,236,237,238,239   adalar ile ilgili 1\/1000 \u00f6l\u00e7ekli uygulama imar plan\u0131nda  orta yo\u011funlu\u011fun alt \u00f6l\u00e7ekte iken \u00fcst \u00f6l\u00e7e\u011fe (1,20- 1,60 oran\u0131nda ) y\u00fckseltilmesi i\u00e7in ek\u2019te sunulan gerekli plan de\u011fi\u015fikli\u011finin  Belediyemiz Meclisince g\u00f6r\u00fc\u015f\u00fclmek \u00fczere havalesini arz ederim. Denilmekte olup, teklif hakk\u0131nda s\u00f6z isteyen olup, olmad\u0131\u011f\u0131 soruldu. \u00dcyelerden Abdulcelil SAK s\u00f6z ald\u0131. Arkada\u015flar teklifin \u0130mar ve \u015eehircilik komisyonu ba\u015fkanl\u0131\u011f\u0131nda m\u00fc\u015fterek komisyonda g\u00f6r\u00fc\u015f\u00fclmek \u00fczere havalesini teklif ediyorum. Dedi. Teklif oylamaya sunuldu. Yap\u0131lan oylama neticesinde teklifin kabul\u00fcne oy birli\u011fi ile karar verildi.\n<\/td>\n<\/tr>\n<tr>\n<td>KARAR 74<\/td>\n<\/tr>\n<tr>\n<td>G\u00fcndemde bulunan madde gere\u011fi; Belediyemiz \u0130mar ve \u015eehircilik Komisyonu Ba\u015fkanl\u0131\u011f\u0131nda M\u00fc\u015fterek Komisyonunun 03\/11\/2016 tarih ve 9 nolu \u0130mar D\u00fczenlemesi ile ilgili komisyon raporunun g\u00f6r\u00fc\u015f\u00fclmesine ge\u00e7ildi. Komisyon raporunda aynen ; Belediyemiz \u0130mar \u015eehircilik  ve M\u00fc\u015fterek Komisyonu, Belediyemiz Meclisinin 03\/11\/2016  tarih ve 73 say\u0131l\u0131 Karar\u0131 ile komisyonumuza havale edilen ; \u0130l\u00e7emiz Yeni Mahalle ( Selamp\u0131nar Mahallesi ) 524, 217, 233, 234 numaral\u0131 adalar, Selamp\u0131nar Mahallesi 55, 218, 219, 220, 221, 222, 223, 224, 225, 227, 228, 229, 230, 231, 232 numaral\u0131 adalar ve  Karap\u0131nar Mahallesi 235, 236, 237, 238, 239 numaral\u0131 adalarda \u0130l\u00e7e Merkezinde ticari ve sosyal hayat\u0131n geli\u015fmesi, d\u00fczenli kentle\u015fmenin olu\u015fmas\u0131 i\u00e7in yap\u0131lan 1\/1000 \u00f6l\u00e7ekli Uygulama \u0130mar Plan\u0131 Revizyon Plan\u0131 ile ilgili teklif Komisyonumuzca 03\/11\/2016 tarihinde saat 14:00 &#8216;da toplanarak  g\u00f6r\u00fc\u015f\u00fcld\u00fc.<br \/>\nTeklif edilen planlar\u0131n Adana B\u00fcy\u00fck\u015fehir Belediyesi Meclisinin 17\/04\/2015 tarih ve 139 say\u0131l\u0131 Meclis Karar\u0131 ile onanan , 12\/06\/2015 tarih ve 211 say\u0131l\u0131 Meclis karar\u0131 ile kesinle\u015fen 1\/5000 \u00f6l\u00e7ekli Naz\u0131m \u0130mar plan\u0131na uygun oldu\u011fu g\u00f6r\u00fclm\u00fc\u015f olup, Yeni Mahalle ( Selamp\u0131nar Mahallesi ) 524, 217, 233, 234 nolu adalarda, Selamp\u0131nar Mahallesi  55, 218, 219, 220, 221, 222, 223, 224, 225, 227, 228, 229, 230, 231, 232 nolu adalarda ve Karap\u0131nar Mahallesi 235, 236, 237, 238, 239 nolu adalar\u0131 kapsayan alanda Konut, Ticaret ve Konut &#8211; Ticaret alan\u0131 olarak g\u00f6r\u00fclen adalarda Emsal (Yo\u011funluk)=1.60 Y\u00fckseklik= 7 Kat olarak haz\u0131rlanan 1\/1000 \u00f6l\u00e7ekli uygulama imar plan\u0131 Revizyon Planlar\u0131n\u0131n kabul\u00fcne Oybirli\u011fi ile karar verilmi\u015ftir. Denilmekte olup, okunan komisyon raporu hakk\u0131nda s\u00f6z isteyen olup, olmad\u0131\u011f\u0131 soruldu. \u00dcyelerden Mustafa EK\u0130C\u0130  s\u00f6z ald\u0131. Arkada\u015flar okunan komisyon raporunun komisyondan geldi\u011fi gibi kabul\u00fcn\u00fc teklif ediyorum. Dedi. Teklif oylamaya sunuldu. Yap\u0131lan oylama neticesinde teklifin kab\u00fcl\u00fcne oy \u00e7oklu\u011fu  ile karar verildi.\n<\/td>\n<\/tr>\n<\/tbody>\n<\/table>\n","protected":false},"excerpt":{"rendered":"<p>KARAR 72 G\u00fcndemde bulunan madde gere\u011fi ; Belediyemiz Yaz\u0131 \u0130\u015fleri M\u00fcd\u00fcrl\u00fc\u011f\u00fcn\u00fcn 31\/10\/2016 tarih ve 570 say\u0131l\u0131 yaz\u0131lar\u0131nda ; Karaisal\u0131 Belediyesi olarak \u00c7ukurova Kalk\u0131nma Ajans\u0131 taraf\u0131ndan y\u00fcr\u00fct\u00fclen Teknik Destek Program\u0131na \u201cKaraisal\u0131 \u0130l\u00e7esinde Erasmus+Proje Yazma E\u011fitimi\u201d dosyas\u0131n\u0131n sunulmas\u0131na ve ba\u015far\u0131l\u0131 bulunmas\u0131 durumunda teknik deste\u011fin uygulanmas\u0131na, bu konuda Belediyemizi temsile , ilzama ve faaliyet belgelerini imzalamaya Belediye Ba\u015fkan\u0131m\u0131z [&hellip;]<\/p>\n","protected":false},"author":10,"featured_media":0,"parent":1499,"menu_order":201611,"comment_status":"closed","ping_status":"closed","template":"","meta":{"footnotes":""},"class_list":["post-2717","page","type-page","status-publish","hentry"],"_links":{"self":[{"href":"https:\/\/www.karaisali.bel.tr\/index.php?rest_route=\/wp\/v2\/pages\/2717","targetHints":{"allow":["GET"]}}],"collection":[{"href":"https:\/\/www.karaisali.bel.tr\/index.php?rest_route=\/wp\/v2\/pages"}],"about":[{"href":"https:\/\/www.karaisali.bel.tr\/index.php?rest_route=\/wp\/v2\/types\/page"}],"author":[{"embeddable":true,"href":"https:\/\/www.karaisali.bel.tr\/index.php?rest_route=\/wp\/v2\/users\/10"}],"replies":[{"embeddable":true,"href":"https:\/\/www.karaisali.bel.tr\/index.php?rest_route=%2Fwp%2Fv2%2Fcomments&post=2717"}],"version-history":[{"count":0,"href":"https:\/\/www.karaisali.bel.tr\/index.php?rest_route=\/wp\/v2\/pages\/2717\/revisions"}],"up":[{"embeddable":true,"href":"https:\/\/www.karaisali.bel.tr\/index.php?rest_route=\/wp\/v2\/pages\/1499"}],"wp:attachment":[{"href":"https:\/\/www.karaisali.bel.tr\/index.php?rest_route=%2Fwp%2Fv2%2Fmedia&parent=2717"}],"curies":[{"name":"wp","href":"https:\/\/api.w.org\/{rel}","templated":true}]}}