{"id":2715,"date":"2016-10-07T09:18:50","date_gmt":"2016-10-07T06:18:50","guid":{"rendered":"https:\/\/www.karaisali.bel.tr\/?page_id=2715"},"modified":"2016-10-25T15:52:53","modified_gmt":"2016-10-25T12:52:53","slug":"ekim-2016-meclis-kararlari","status":"publish","type":"page","link":"https:\/\/www.karaisali.bel.tr\/?page_id=2715","title":{"rendered":"Ekim 2016 Meclis Kararlar\u0131"},"content":{"rendered":"<table>\n<tbody>\n<tr>\n<td>KARAR 64<\/td>\n<\/tr>\n<tr>\n<td>G\u00fcndemde bulunan madde gere\u011fi ; Belediyemiz Mali Hizmetler M\u00fcd\u00fcrl\u00fc\u011f\u00fcnce haz\u0131rlanan 2017 y\u0131l\u0131 b\u00fct\u00e7esinin g\u00f6r\u00fc\u015f\u00fclmesine ge\u00e7ildi.Meclis Ba\u015fkanvekili  s\u00f6z ald\u0131. Arkada\u015flar Belediyemiz 2017 y\u0131l\u0131 B\u00fct\u00e7esinin  Plan B\u00fct\u00e7e Komisyonu ba\u015fkanl\u0131\u011f\u0131nda  m\u00fc\u015fterek komisyonda g\u00f6r\u00fc\u015f\u00fclmek \u00fczere havale edilmesini teklif ediyorum. Dedi. Teklif oylamaya sunuldu. Yap\u0131lan oylama neticesinde teklifin kabul\u00fcne oy birli\u011fi ile karar verildi.\n<\/td>\n<\/tr>\n<tr>\n<td>KARAR 65<\/td>\n<\/tr>\n<tr>\n<td>G\u00fcndemde bulunan madde gere\u011fi ; Belediyemiz Mali Hizmetler M\u00fcd\u00fcrl\u00fc\u011f\u00fcnce haz\u0131rlanan 2017 y\u0131l\u0131 gelir tarifelerinin  g\u00f6r\u00fc\u015f\u00fclmesine ge\u00e7ildi.\u00dcyelerden Rifat K\u00d6RO\u011eLU s\u00f6z ald\u0131. Arkada\u015flar Belediyemiz 2017 y\u0131l\u0131 Gelir Tarifelerinin   Plan B\u00fct\u00e7e Komisyonu ba\u015fkanl\u0131\u011f\u0131nda  m\u00fc\u015fterek komisyonda g\u00f6r\u00fc\u015f\u00fclmek \u00fczere havale edilmesini teklif ediyorum. Dedi. Teklif oylamaya sunuldu. Yap\u0131lan oylama neticesinde teklifin kabul\u00fcne oy birli\u011fi ile karar verildi.\n<\/td>\n<\/tr>\n<tr>\n<td>KARAR 66<\/td>\n<\/tr>\n<tr>\n<td>G\u00fcndemde bulunan madde gere\u011fi ; \u00c7ukurova Belediyeler Birli\u011finin 07\/10\/2016 tarih ve M.01.6.\u00c7BB\/267 say\u0131l\u0131 yaz\u0131lar\u0131nda \u00c7ukurova Belediyeler Birli\u011fi olarak 2016 y\u0131l\u0131 EY\u00dcL ay\u0131 ola\u011fan meclis toplant\u0131s\u0131nda karar al\u0131nan  Azerbaycan (Bak\u00fc) Yurtd\u0131\u015f\u0131 ara\u015ft\u0131rma ve bilgilendirme ziyareti  ile ilgili yaz\u0131lar\u0131 g\u00f6r\u00fc\u015f\u00fcld\u00fc.  \u00dcyelerden Abdullah SAKARYA s\u00f6z ald\u0131. Arkada\u015flar konunun daha iyi anla\u015f\u0131larak program yap\u0131laca\u011f\u0131ndan maddenin  Plan B\u00fct\u00e7e Komisyonu Ba\u015fkanl\u0131\u011f\u0131nda m\u00fc\u015fterek komisyona havale edilmesini teklif ediyorum. Dedi. Teklif oylamaya sunuldu. Yap\u0131lan oylama neticesinde teklifin kabul\u00fcne oy birli\u011fi ile karar verildi.\n<\/td>\n<\/tr>\n<tr>\n<td>KARAR 67<\/td>\n<\/tr>\n<tr>\n<td>G\u00fcndemde bulunan madde gere\u011fi ; Plan ve B\u00fct\u00e7e Komisyonu ba\u015fkanl\u0131\u011f\u0131nda m\u00fc\u015fterek komisyonunun Belediyemiz Mali Hizmetler M\u00fcd\u00fcrl\u00fc\u011f\u00fcnce haz\u0131rlanan 2017 y\u0131l\u0131 gelir tarifeleri ile ilgili komisyon raporunun g\u00f6r\u00fc\u015f\u00fclmesine  ge\u00e7ildi. Madde hakk\u0131nda s\u00f6z isteyen olup, olmad\u0131\u011f\u0131 soruldu. Okunan gelir tarifelerinin yeniden g\u00f6r\u00fc\u015f\u00fclmesi i\u00e7in Ba\u015fkan s\u00f6z ald\u0131. Arkada\u015flar okunan komisyon raporunun tekrar de\u011ferlendirilmesi i\u00e7in  geldi\u011fi komisyona havale edilmesini teklif ediyorum. Dedi. Teklif oylamaya sunuldu. Yap\u0131lan oylama neticesinde teklifin kabul\u00fcne oy birli\u011fi ile karar verildi.\n<\/td>\n<\/tr>\n<tr>\n<td>KARAR 68<\/td>\n<\/tr>\n<tr>\n<td>G\u00fcndemde bulunan madde gere\u011fi ; Belediyemiz Plan ve B\u00fct\u00e7e m\u00fc\u015fterek komisyonuna tekrar havale edilen 2017 y\u0131l\u0131 b\u00fct\u00e7esinin g\u00f6r\u00fc\u015f\u00fclmesine ge\u00e7ildi. Komisyon Raporunda aynen ;<br \/>\nBelediyemiz Meclisince Plan B\u00fct\u00e7e ve M\u00fc\u015fterek Komisyonumuzda g\u00f6r\u00fc\u015f\u00fclmek \u00fczere havale edilen ; Belediyemiz Mali hizmetler M\u00fcd\u00fcrl\u00fc\u011f\u00fcnce haz\u0131rlanan 2017 Y\u0131l\u0131 Fiyat Tarifelerini g\u00f6r\u00fc\u015fmek \u00fczere 19\/10\/2016 tarihinde saat 14:00 da toplan\u0131ld\u0131. Belediyemize ait i\u015fletmeler ile  2464 Say\u0131l\u0131 Belediye Gelirleri Kanununca belirlenen limitler do\u011frultusunda a\u015fa\u011f\u0131daki \u015fekilde haz\u0131rlanm\u0131\u015f olup, Belediyemiz Meclisine sunulmas\u0131na oy birli\u011fi ile karar verildi.\n<\/td>\n<\/tr>\n<tr>\n<td>KARAR 69<\/td>\n<\/tr>\n<tr>\n<td>G\u00fcndemde bulunan madde gere\u011fi ; Belediyemiz Meclisinin 18\/10\/2016 tarih ve 66 say\u0131l\u0131 karar\u0131 ile komisyonumuza havale edilen \u00c7ukurova Belediyeler Birli\u011finin 07\/10\/2016 tarih ve M.01.6.\u00c7BB\/267 say\u0131l\u0131 yaz\u0131lar\u0131nda \u00c7ukurova Belediyeler Birli\u011fi olarak 2016 y\u0131l\u0131 EY\u00dcL ay\u0131 ola\u011fan meclis toplant\u0131s\u0131nda karar al\u0131nan  Azerbaycan (Bak\u00fc) Yurtd\u0131\u015f\u0131 ara\u015ft\u0131rma ve bilgilendirme ziyareti  ile ilgili madde komisyonumuzca de\u011ferlendirilerek g\u00f6r\u00fc\u015f\u00fcld\u00fc. Belediye Ba\u015fkan\u0131 Saadettin ASLAN, Belediyemiz Meclis \u00dcyelerinden \u0130lyas KARABULUT, Hasbi \u00d6ZEN\u0130R, Hasan K\u00d6YL\u00dc, Rifat K\u00d6RO\u011eLU, Esat K\u00d6SE, Hakan ARICI, Cumali I\u015eIL ,Mustafa DURAK \u2018\u0131n kat\u0131lacaklar\u0131 bildirilmi\u015f olup, Belediye Ba\u015fkan\u0131 ve kat\u0131lacak olan Meclis \u00dcyelerimizin OHAL kapsam\u0131nda al\u0131nacak izinler do\u011frultusunda  gidi\u015f geli\u015fleri esnas\u0131nda ula\u015f\u0131m ve konaklama bedellerinin Belediyemiz b\u00fct\u00e7esinden kar\u015f\u0131lanmas\u0131na komisyonumuzca oy birli\u011fi ile karar verilmi\u015f denimekte  olup, okunan komisyon raporu hakk\u0131nda s\u00f6z isteyen olup, olmad\u0131\u011f\u0131 soruldu. \u00dcyelerden Mustafa EK\u0130C\u0130 s\u00f6z ald\u0131. arkada\u015flar okunan komisyon raporunun komisyondan geldi\u011fi gibi kabul edilmesini teklifi ediyorum. Dedi. Teklif oylamaya sunuldu. Yap\u0131lan oylama neticesinde teklifin kabul\u00fcne oy birli\u011fi ile karar verildi.\n<\/td>\n<\/tr>\n<tr>\n<td>KARAR 70<\/td>\n<\/tr>\n<tr>\n<td>G\u00fcndemde bulunan madde gere\u011fi ; Plan B\u00fct\u00e7e ve M\u00fc\u015fterek Komisyonunun 2017 y\u0131l\u0131 b\u00fct\u00e7esi ile ilgili komisyon raporunun g\u00f6r\u00fc\u015f\u00fclmesine ge\u00e7ildi. Komisyon Raporunda aynen Belediyemiz Plan B\u00fct\u00e7e komisyonu Ba\u015fkanl\u0131\u011f\u0131nda m\u00fc\u015fterek komisyonu Belediyemiz Meclisinin 04\/10\/2016 tarih ve 64 say\u0131l\u0131 karar\u0131 ile komisyona havale olunan Belediyemiz Mali Hizmetler M\u00fcd\u00fcrl\u00fc\u011f\u00fcnce haz\u0131rlanan 17.000.000,00-TL\u2019lik 2017 y\u0131l\u0131 b\u00fct\u00e7esi ile ilgili maddeyi g\u00f6r\u00fc\u015fmek \u00fczere 21-22-24-10\/2016 tarihlerinde belediyemiz meclis toplant\u0131 salonunda toplan\u0131ld\u0131. Komisyonumuzca, Mali Hizmetler M\u00fcd\u00fcrl\u00fc\u011f\u00fcnce haz\u0131rlanan 2017 y\u0131l\u0131 b\u00fct\u00e7esi incelenerek 17.000.000,-TL\u2019lik b\u00fct\u00e7enin 5393 Say\u0131l\u0131 Belediye kanununun 62. Maddesi gere\u011fince Belediyemiz Enc\u00fcmenince 25\/08\/2016 tarih ve 89 say\u0131l\u0131 karar\u0131 ile g\u00f6r\u00fc\u015f\u00fclerek kabul edildi\u011fi incelendi. B\u00fct\u00e7e ile ilgili olarak g\u00f6r\u00fc\u015f al\u0131nmak \u00fczere Mali Hizmetle M\u00fcd\u00fcr\u00fc G\u00fcnay Y\u00dcCE toplant\u0131ya davet edildi. B\u00fct\u00e7e komisyonumuzca tek tek okunarak incelendi. 2017 y\u0131l\u0131 b\u00fct\u00e7esinin 17.000.000,00-TL (ONYED\u0130M\u0130LYONT\u00dcRKL\u0130RASI)  olarak yap\u0131lmas\u0131na oy birli\u011fi ile karar verildi.\n<\/td>\n<\/tr>\n<tr>\n<td>KARAR 71<\/td>\n<\/tr>\n<tr>\n<td>G\u00fcndemde bulunan madde gere\u011fi ; Belediyemiz Fen \u0130\u015fleri M\u00fcd\u00fcrl\u00fc\u011f\u00fcn\u00fcn 21\/10\/2016 tarih ve 1102 say\u0131l\u0131 yaz\u0131lar\u0131nda Belediyemiz Personel sorumlusu ve SS \u00c7eceli Yap\u0131 ve \u0130mar Kooperatifi Ba\u015fkan\u0131 Kenan K\u00dc\u00c7\u00dcK \u2018\u00fcn dilek\u00e7esi ile Belediyemiz \u0130mar ve \u015eehircilik M\u00fcd\u00fcrl\u00fc\u011f\u00fcn\u00fcn teklifi \u00fczerine 524, 23, 217,218,219,220,221,222, 223,224, 225,228, 229,230 ,231,232,233,234,235,236,237,238,239 adalar ile ilgili plan de\u011fi\u015fikli\u011fi ile ilgili teklif okundu. Okunan teklif hakk\u0131nda s\u00f6z isteyen olup, olmad\u0131\u011f\u0131 soruldu. \u00dcyelerden  Abdullah SAKARYA  s\u00f6z ald\u0131. Arkada\u015flar okunan teklifin Meclisimize sunulan  evraklar\u0131n eksik oldu\u011fundan dolay\u0131 M\u00fcd\u00fcrl\u00fc\u011f\u00fcne iade edilmesini teklif ediyorum. Dedi. Teklif oylamaya sunuldu. Yap\u0131lan oylama neticesinde Teklifin kabul\u00fcne oy \u00e7oklu\u011fu ile  karar verildi.<\/td>\n<\/tr>\n<\/tbody>\n<\/table>\n","protected":false},"excerpt":{"rendered":"<p>KARAR 64 G\u00fcndemde bulunan madde gere\u011fi ; Belediyemiz Mali Hizmetler M\u00fcd\u00fcrl\u00fc\u011f\u00fcnce haz\u0131rlanan 2017 y\u0131l\u0131 b\u00fct\u00e7esinin g\u00f6r\u00fc\u015f\u00fclmesine ge\u00e7ildi.Meclis Ba\u015fkanvekili s\u00f6z ald\u0131. Arkada\u015flar Belediyemiz 2017 y\u0131l\u0131 B\u00fct\u00e7esinin Plan B\u00fct\u00e7e Komisyonu ba\u015fkanl\u0131\u011f\u0131nda m\u00fc\u015fterek komisyonda g\u00f6r\u00fc\u015f\u00fclmek \u00fczere havale edilmesini teklif ediyorum. Dedi. Teklif oylamaya sunuldu. Yap\u0131lan oylama neticesinde teklifin kabul\u00fcne oy birli\u011fi ile karar verildi. KARAR 65 G\u00fcndemde bulunan [&hellip;]<\/p>\n","protected":false},"author":10,"featured_media":0,"parent":1499,"menu_order":201610,"comment_status":"closed","ping_status":"closed","template":"","meta":{"footnotes":""},"class_list":["post-2715","page","type-page","status-publish","hentry"],"_links":{"self":[{"href":"https:\/\/www.karaisali.bel.tr\/index.php?rest_route=\/wp\/v2\/pages\/2715","targetHints":{"allow":["GET"]}}],"collection":[{"href":"https:\/\/www.karaisali.bel.tr\/index.php?rest_route=\/wp\/v2\/pages"}],"about":[{"href":"https:\/\/www.karaisali.bel.tr\/index.php?rest_route=\/wp\/v2\/types\/page"}],"author":[{"embeddable":true,"href":"https:\/\/www.karaisali.bel.tr\/index.php?rest_route=\/wp\/v2\/users\/10"}],"replies":[{"embeddable":true,"href":"https:\/\/www.karaisali.bel.tr\/index.php?rest_route=%2Fwp%2Fv2%2Fcomments&post=2715"}],"version-history":[{"count":0,"href":"https:\/\/www.karaisali.bel.tr\/index.php?rest_route=\/wp\/v2\/pages\/2715\/revisions"}],"up":[{"embeddable":true,"href":"https:\/\/www.karaisali.bel.tr\/index.php?rest_route=\/wp\/v2\/pages\/1499"}],"wp:attachment":[{"href":"https:\/\/www.karaisali.bel.tr\/index.php?rest_route=%2Fwp%2Fv2%2Fmedia&parent=2715"}],"curies":[{"name":"wp","href":"https:\/\/api.w.org\/{rel}","templated":true}]}}