{"id":2629,"date":"2016-09-09T11:01:30","date_gmt":"2016-09-09T08:01:30","guid":{"rendered":"https:\/\/www.karaisali.bel.tr\/?page_id=2629"},"modified":"2016-09-09T11:02:22","modified_gmt":"2016-09-09T08:02:22","slug":"eylul-2016-meclis-kararlari","status":"publish","type":"page","link":"https:\/\/www.karaisali.bel.tr\/?page_id=2629","title":{"rendered":"Eyl\u00fcl 2016 Meclis Kararlar\u0131"},"content":{"rendered":"<table>\n<tbody>\n<tr>\n<td>KARAR 61<\/td>\n<\/tr>\n<tr>\n<td>G\u00fcndemde bulunan madde gere\u011fi ; Belediyemiz \u0130mar \u015eehircilik  ve M\u00fc\u015fterek Komisyonunun 18\/08\/2016 tarih ve 7 nolu karar\u0131n\u0131n g\u00f6r\u00fc\u015f\u00fclmesine ge\u00e7ildi. Komisyon Raporunda aynen \u201c Belediyemiz \u0130mar \u015eehircilik  ve M\u00fc\u015fterek Komisyonu, Belediyemiz Meclisinin 11\/07\/2016 tarih ve 54 say\u0131l\u0131 Karar\u0131 ile komisyonumuza havale edilen ; Karaisal\u0131 il\u00e7esi Kuzgun mahallesi s\u0131n\u0131rlar\u0131 i\u00e7erisinde 48,49,126,127 parsellere ait 1\/1000 \u00f6l\u00e7ekli imar plan\u0131 i\u00e7in komisyonumuz 16-17-18\/08\/2016 tarihlerinde toplanm\u0131\u015f olup;<br \/>\n Belediyemiz,  Kuzgun mahallesi s\u0131n\u0131rlar\u0131 i\u00e7erisinde, N34-D-12-A ve N34-D-12-D paftada 1\/5000 \u00f6l\u00e7ekli  Naz\u0131m \u0130mar Plan paftas\u0131 ve N34-D-12-A-4-C, N34-D-12-A-3-D, N34-D-12-D-1-B VE N34-D-12-D-2-A  1\/1000 \u00f6l\u00e7ekli  uygulama imar plan\u0131  paftalar\u0131nda bulunan  281 ada 4 parsel G\u00fcne\u015f Enerjisi elektrik \u00fcretim santrali olarak planlanmas\u0131na ili\u015fkin  1\/1000 \u00f6l\u00e7ekli Uygulama \u0130mar Plan\u0131 haz\u0131rland\u0131\u011f\u0131 tespit edilmi\u015ftir. Adana B\u00fcy\u00fck\u015fehir Belediye Meclisinin  10\/02\/2016 tarih ve 33 say\u0131l\u0131 karar\u0131 ile onaylanan 1\/5000 \u00d6l\u00e7ekli Naz\u0131m \u0130mar Plan\u0131na g\u00f6re incelenmi\u015ftir.  Yenilenebilir  Enerji Kaynaklar\u0131na Dayal\u0131  \u00dcretim  Tesisi Alan\u0131 (GES)  olarak  tesis edilmesi imar komisyonumuzca uygun g\u00f6r\u00fclm\u00fc\u015f olup ;<br \/>\n\t5393 say\u0131l\u0131 Belediye Kanununun 18\/c maddesine g\u00f6re Belediyemiz Meclisinde g\u00f6r\u00fc\u015f\u00fclerek karar verilmek \u00fczere i\u015f bu rapor taraf\u0131m\u0131zca d\u00fczenlenmi\u015f olup, Belediyemiz Meclisine sunulmas\u0131na oy birli\u011fi ile karar verilmi\u015ftir. Denilmekte olup, okunan komisyon raporu hakk\u0131nda s\u00f6z isteyen olup, olmad\u0131\u011f\u0131 soruldu. \u00dcyelerden Rifat K\u00d6RO\u011eLU s\u00f6z ald\u0131. arkada\u015flar okunan komisyon raporunun komisyondan geldi\u011fi gibi kabul edilmesini teklif ediyorum. Dedi. Teklif oylamaya sunuldu. Yap\u0131lan oylama neticesinde oy birli\u011fi ile kabul edildi.\n<\/td>\n<\/tr>\n<tr>\n<td>KARAR 62<\/td>\n<\/tr>\n<tr>\n<td>G\u00fcndemde bulunan madde gere\u011fi; Belediyemiz Yaz\u0131 \u0130\u015fleri M\u00fcd\u00fcrl\u00fc\u011f\u00fcn\u00fcn \u0130l\u00e7emiz Yenimahalle s\u0131n\u0131rlar\u0131 i\u00e7erisinde Cumhuriyet Caddesi \u00fczerinde bulunan  Karaisal\u0131 Devlet Hastanesi yan\u0131na yap\u0131lmakta olan parka &#8220;\u015eehit Polis Memuru Sevda G\u00dcNG\u00d6R&#8221; isminin verilmesi ile ilgili teklif okundu. Teklifte aynen \u0130l\u00e7emiz Yenimahalle s\u0131n\u0131rlar\u0131 i\u00e7erisinde Cumhuriyet Caddesi \u00fczerinde bulunan  Karaisal\u0131 Devlet Hastanesi yan\u0131na yap\u0131lmakta olan parka &#8220;\u015eehit Polis Memuru Sevda G\u00dcNG\u00d6R&#8221; isminin verilmesi hususunda Belediyemiz Meclisine havalesini arz ederim. Denilmekte olup, teklif hakk\u0131nda s\u00f6z isteyen olup, olmad\u0131\u011f\u0131 soruldu. \u00dcyelerden Rifat K\u00d6RO\u011eLU s\u00f6z ald\u0131. Arkada\u015flar teklifin m\u00fcd\u00fcrl\u00fc\u011f\u00fcnden geldi\u011fi gibi kabul edilmesini teklif ediyorum. Dedi. Teklif oylamaya sunuldu. Yap\u0131lan oylama neticesinde teklifin kabul\u00fcne, \u0130l\u00e7emiz Yenimahalle s\u0131n\u0131rlar\u0131 i\u00e7erisinde Cumhuriyet Caddesi \u00fczerinde bulunan  Karaisal\u0131 Devlet Hastanesi yan\u0131na yap\u0131lmakta olan parka &#8220;\u015eehit Polis Memuru Sevda G\u00dcNG\u00d6R&#8221; isminin verilmesine oy birli\u011fi ile karar verildi.<\/td>\n<\/tr>\n<tr>\n<td>KARAR 63<\/td>\n<\/tr>\n<tr>\n<td>\nG\u00fcndemde bulunan madde gere\u011fi; Belediyemiz \u0130mar \u015eehircilik  ve M\u00fc\u015fterek Komisyonunun 27\/08\/2016 tarih ve 8 nolu komisyon raporunun g\u00f6r\u00fc\u015f\u00fclmesine ge\u00e7ildi. Komisyon Raporunda aynen &#8221; Belediyemiz \u0130mar \u015eehircilik  ve M\u00fc\u015fterek Komisyonu, Belediyemiz Meclisinin 04\/08\/2016  tarih ve 60 say\u0131l\u0131 Karar\u0131 ile komisyonumuza havale edilen ; Karaisal\u0131 il\u00e7esi ile K\u0131z\u0131lda\u011f Yaylas\u0131 aras\u0131nda il\u00e7emize gelen i\u00e7me suyu isale hatt\u0131 \u00fczerine elektrik enerjisi \u00fcretebilmek i\u00e7in Belediyemizce tesis yap\u0131lmas\u0131 ile ilgili madde i\u00e7in  komisyonumuz 26-27\/08\/2016 tarihlerinde toplanm\u0131\u015f olup;<br \/>\n \u0130l\u00e7emiz K\u0131z\u0131lda\u011f Yaylas\u0131ndan il\u00e7e merkezine gelen i\u00e7me suyu isale hatt\u0131nda K\u0131z\u0131lda\u011f Yaylas\u0131 ile Karaisal\u0131 Merkezi aras\u0131ndaki kot fark\u0131n\u0131n fazla olmas\u0131ndan dolay\u0131 elektrik enerjisi \u00fcretilebilir bir konumda oldu\u011fu, Belediye Ba\u015fkanl\u0131\u011f\u0131m\u0131zca K\u0131z\u0131lda\u011f Karaisal\u0131 i\u00e7me suyu isale hatt\u0131 \u00fczerinde elektrik enerjisi \u00fcretebilmek i\u00e7in Belediyemizce tesis yap\u0131lmas\u0131 hem \u00fclkemiz ad\u0131na hem de Belediyemiz ad\u0131na faydal\u0131 olaca\u011f\u0131, kaynak sular\u0131n de\u011ferlendirilmesi ile ek bir gelir elde edilece\u011fi kanaatine var\u0131lm\u0131\u015f olup, Belediyemiz Meclisine sunulmas\u0131na oy birli\u011fi ile karar verildi.&#8221; denilmekte olup, okunan komisyon raporu hakk\u0131nda s\u00f6z isteyen olup, olmad\u0131\u011f\u0131 soruldu. \u00dcyelerden Rifit K\u00d6RO\u011eLU s\u00f6z ald\u0131. Arkada\u015flar okunan komisyon raporunun komisyondan geldi\u011fi gibi kabul edilmesini teklif ediyorum. dedi. Teklif oylamaya sunuldu. Yap\u0131lan oylama neticesinde teklifin kabul\u00fcne oy birli\u011fi ile karar verildi.\n<\/td>\n<\/tr>\n<\/tbody>\n<\/table>\n","protected":false},"excerpt":{"rendered":"<p>KARAR 61 G\u00fcndemde bulunan madde gere\u011fi ; Belediyemiz \u0130mar \u015eehircilik ve M\u00fc\u015fterek Komisyonunun 18\/08\/2016 tarih ve 7 nolu karar\u0131n\u0131n g\u00f6r\u00fc\u015f\u00fclmesine ge\u00e7ildi. Komisyon Raporunda aynen \u201c Belediyemiz \u0130mar \u015eehircilik ve M\u00fc\u015fterek Komisyonu, Belediyemiz Meclisinin 11\/07\/2016 tarih ve 54 say\u0131l\u0131 Karar\u0131 ile komisyonumuza havale edilen ; Karaisal\u0131 il\u00e7esi Kuzgun mahallesi s\u0131n\u0131rlar\u0131 i\u00e7erisinde 48,49,126,127 parsellere ait 1\/1000 \u00f6l\u00e7ekli [&hellip;]<\/p>\n","protected":false},"author":4,"featured_media":0,"parent":1499,"menu_order":201609,"comment_status":"closed","ping_status":"closed","template":"","meta":{"footnotes":""},"class_list":["post-2629","page","type-page","status-publish","hentry"],"_links":{"self":[{"href":"https:\/\/www.karaisali.bel.tr\/index.php?rest_route=\/wp\/v2\/pages\/2629","targetHints":{"allow":["GET"]}}],"collection":[{"href":"https:\/\/www.karaisali.bel.tr\/index.php?rest_route=\/wp\/v2\/pages"}],"about":[{"href":"https:\/\/www.karaisali.bel.tr\/index.php?rest_route=\/wp\/v2\/types\/page"}],"author":[{"embeddable":true,"href":"https:\/\/www.karaisali.bel.tr\/index.php?rest_route=\/wp\/v2\/users\/4"}],"replies":[{"embeddable":true,"href":"https:\/\/www.karaisali.bel.tr\/index.php?rest_route=%2Fwp%2Fv2%2Fcomments&post=2629"}],"version-history":[{"count":0,"href":"https:\/\/www.karaisali.bel.tr\/index.php?rest_route=\/wp\/v2\/pages\/2629\/revisions"}],"up":[{"embeddable":true,"href":"https:\/\/www.karaisali.bel.tr\/index.php?rest_route=\/wp\/v2\/pages\/1499"}],"wp:attachment":[{"href":"https:\/\/www.karaisali.bel.tr\/index.php?rest_route=%2Fwp%2Fv2%2Fmedia&parent=2629"}],"curies":[{"name":"wp","href":"https:\/\/api.w.org\/{rel}","templated":true}]}}