{"id":2534,"date":"2016-08-08T14:08:37","date_gmt":"2016-08-08T11:08:37","guid":{"rendered":"https:\/\/www.karaisali.bel.tr\/?page_id=2534"},"modified":"2016-09-09T11:03:47","modified_gmt":"2016-09-09T08:03:47","slug":"agustos-2016-meclis-kararlari","status":"publish","type":"page","link":"https:\/\/www.karaisali.bel.tr\/?page_id=2534","title":{"rendered":"A\u011fustos 2016 Meclis Kararlar\u0131"},"content":{"rendered":"<table>\n<tbody>\n<tr>\n<td>KARAR 58<\/td>\n<\/tr>\n<tr>\n<td>G\u00fcndemde bulunan madde gere\u011fi ; Belediyemiz \u0130mar ve \u015eehircilik  Komisyonu ba\u015fkanl\u0131\u011f\u0131nda m\u00fc\u015fterek komisyonunun Karaisal\u0131 il\u00e7esi Nergizlik  Mahallesi 228, 229  nolu parseller i\u00e7in haz\u0131rlanm\u0131\u015f 1\/1000 \u00f6l\u00e7ekli uygulama imar plan\u0131 ile ilgili komisyon raporunun g\u00f6r\u00fc\u015f\u00fclmesine ge\u00e7ildi. Komisyon Raporunda aynen &#8221; Belediyemiz \u0130mar \u015eehircilik  ve M\u00fc\u015fterek Komisyonu, Belediyemiz Meclisinin 11\/07\/2016 tarih ve 53 say\u0131l\u0131 Karar\u0131 ile komisyonumuza havale edilen ; Karaisal\u0131 il\u00e7esi Nergizlik  mahallesi s\u0131n\u0131rlar\u0131 i\u00e7erisinde 228,229 parsellere ait 1\/1000 \u00f6l\u00e7ekli imar plan\u0131 i\u00e7in komisyonumuz 25-26-27-28\/07\/2016 tarihlerinde toplanm\u0131\u015f olup;<br \/>\n Belediyemiz,  Nergizlik mahallesi s\u0131n\u0131rlar\u0131 i\u00e7erisinde , N34-a-16-c paftada 1\/5000 \u00f6l\u00e7ekli  Naz\u0131m \u0130mar Plan paftas\u0131 ve N34-a-16-c-4-c , N34-a-16-c-3-d, 1\/1000 \u00f6l\u00e7ekli  uygulama imar plan\u0131  paftalar\u0131nda bulunan 0 ada 228,229 parsellerin G\u00fcne\u015f Enerjisi elektrik \u00fcretim santrali olarak planlanmas\u0131na ili\u015fkin  1\/1000 \u00f6l\u00e7ekli Uygulama \u0130mar Plan\u0131 haz\u0131rland\u0131\u011f\u0131 tespit edilmi\u015ftir. Adana B\u00fcy\u00fck\u015fehir Belediye Meclisinin  11\/06\/2015 tarih ve 197 say\u0131l\u0131 karar\u0131 ile onaylanan 1\/5000 \u00d6l\u00e7ekli Naz\u0131m \u0130mar Plan\u0131na g\u00f6re incelenmi\u015ftir.  Yenilenebilir  Enerji Kaynaklar\u0131na Dayal\u0131  \u00dcretim  Tesisi Alan\u0131 (GES)  olarak  tesis edilmesi imar komisyonumuzca uygun g\u00f6r\u00fclm\u00fc\u015f olup ;<\/p>\n<p>\t5393 say\u0131l\u0131 Belediye Kanununun 18\/c maddesine g\u00f6re Belediyemiz Meclisinde g\u00f6r\u00fc\u015f\u00fclerek karar verilmek \u00fczere i\u015f bu rapor taraf\u0131m\u0131zca d\u00fczenlenmi\u015f olup, Belediyemiz Meclisine sunulmas\u0131na oy birli\u011fi ile karar verilmi\u015ftir. denilmekte olup, okunan komisyon raporu hakk\u0131nda s\u00f6z isteyen olup, olmad\u0131\u011f\u0131 soruldu. \u00dcyelerden Rifat K\u00d6RO\u011eLU s\u00f6z ald\u0131. Arkada\u015flar okunan komisyon raporunun komisyondan geldi\u011fi gibi kabul edilmesini teklifi ediyorum. Dedi. Teklif oylamaya sunulu. Yap\u0131lan oylama neticesinde teklifin kabul\u00fcne oy birli\u011fi ile karar verildi.\n<\/td>\n<\/tr>\n<tr>\n<td>KARAR 59<\/td>\n<\/tr>\n<tr>\n<td>G\u00fcndemde bulunan madde gere\u011fi; Belediyemiz Yaz\u0131 i\u015fleri M\u00fcd\u00fcrl\u00fc\u011f\u00fcn\u00fcn \u0130l\u00e7emiz Selamp\u0131nar Mahallesi Atat\u00fcrk Caddesi \u00fczerinde yeni yap\u0131lan Park\u0131n isminin &#8221; Selamp\u0131nar \u015eehitler Park\u0131&#8221;  konulmas\u0131 ile ilgili teklifin g\u00f6r\u00fc\u015f\u00fclmesine ge\u00e7ildi. Teklifte aynen &#8221; \u0130l\u00e7emiz Selamp\u0131nar Mahallesi Atat\u00fcrk Caddesi \u00fczerinde yeni yap\u0131lan Park\u0131n isminin il\u00e7emiz n\u00fcfusuna kay\u0131tl\u0131 vatani g\u00f6revini yapmakta iken, g\u00f6revi icab\u0131 vazife ba\u015f\u0131nda hayat\u0131n\u0131 kaybeden \u015fehitlerimizin isimlerini ya\u015fatmak amac\u0131 ile  &#8221; Selamp\u0131nar \u015eehitler Park\u0131&#8221;  konulmas\u0131 hususunda, Meclis Ba\u015fkanl\u0131\u011f\u0131na havalesini arz ederim. Denilmekte olup, teklif hakk\u0131nda s\u00f6z isteyen olup, olmad\u0131\u011f\u0131 soruldu. \u00dcyelerden Rifat K\u00d6RO\u011eLU s\u00f6z ald\u0131. Arkada\u015flar okunan teklifin m\u00fcd\u00fcrl\u00fc\u011f\u00fcnden geldi\u011fi kabul edilmesini teklif ediyorum. Dedi. Teklif oylamaya sunuldu. Yap\u0131lan oylama neticesinde teklifin kabul\u00fcne oy birli\u011fi ile kabul edildi.\n<\/td>\n<\/tr>\n<tr>\n<td>KARAR 60<\/td>\n<\/tr>\n<tr>\n<td>G\u00fcndem d\u0131\u015f\u0131 g\u00fcndeme al\u0131nan madde gere\u011fi; Belediyemiz Meclis \u00fcyelerinden Rifat K\u00d6RO\u011eLU\u2019nun teklifinin g\u00f6r\u00fc\u015f\u00fclmesine ge\u00e7ildi. Teklifte aynen \u201c \u0130l\u00e7emiz K\u0131z\u0131lda\u011f Yaylas\u0131ndan il\u00e7e merkezine gelen i\u00e7mesuyu isale hatt\u0131nda  K\u0131z\u0131lda\u011f Yaylas\u0131 ile Karaisal\u0131 merkezi aras\u0131ndaki kot fark\u0131n\u0131n \u00e7ok olmas\u0131ndan dolay\u0131 elektrik enerjisi \u00fcretilebilir bir konumdad\u0131r. Belediye Ba\u015fkanl\u0131\u011f\u0131m\u0131zca K\u0131z\u0131lda\u011f \u2013Karaisal\u0131 i\u00e7mesuyu isale hatt\u0131 \u00fczerinde elektrik enerjisi \u00fcretebilmek i\u00e7in Belediyemizce tesis yap\u0131lmas\u0131 i\u00e7in gerekli meclis karar\u0131n\u0131n al\u0131nmas\u0131 arz ederim.\u201d Denilmekte olup, teklif hakk\u0131nda s\u00f6z isteyen olup , olmad\u0131\u011f\u0131 soruldu. \u00dcylelerden Rifat K\u00d6RO\u011eLU teklifin \u0130mar ve \u015eehircilik Komisyonu Ba\u015fkanl\u0131\u011f\u0131nda m\u00fc\u015fterek komisyonda g\u00f6r\u00fc\u015f\u00fclmesini teklifi ediyorum. Dedi. Teklif oylamaya sunuldu. Yap\u0131lan oylama neticesinde teklifin kabul\u00fcne oy birli\u011fi ile karar verildi.\n<\/td>\n<\/tr>\n<\/tbody>\n<\/table>\n","protected":false},"excerpt":{"rendered":"<p>KARAR 58 G\u00fcndemde bulunan madde gere\u011fi ; Belediyemiz \u0130mar ve \u015eehircilik Komisyonu ba\u015fkanl\u0131\u011f\u0131nda m\u00fc\u015fterek komisyonunun Karaisal\u0131 il\u00e7esi Nergizlik Mahallesi 228, 229 nolu parseller i\u00e7in haz\u0131rlanm\u0131\u015f 1\/1000 \u00f6l\u00e7ekli uygulama imar plan\u0131 ile ilgili komisyon raporunun g\u00f6r\u00fc\u015f\u00fclmesine ge\u00e7ildi. Komisyon Raporunda aynen &#8221; Belediyemiz \u0130mar \u015eehircilik ve M\u00fc\u015fterek Komisyonu, Belediyemiz Meclisinin 11\/07\/2016 tarih ve 53 say\u0131l\u0131 Karar\u0131 ile [&hellip;]<\/p>\n","protected":false},"author":10,"featured_media":0,"parent":1499,"menu_order":201608,"comment_status":"closed","ping_status":"closed","template":"","meta":{"footnotes":""},"class_list":["post-2534","page","type-page","status-publish","hentry"],"_links":{"self":[{"href":"https:\/\/www.karaisali.bel.tr\/index.php?rest_route=\/wp\/v2\/pages\/2534","targetHints":{"allow":["GET"]}}],"collection":[{"href":"https:\/\/www.karaisali.bel.tr\/index.php?rest_route=\/wp\/v2\/pages"}],"about":[{"href":"https:\/\/www.karaisali.bel.tr\/index.php?rest_route=\/wp\/v2\/types\/page"}],"author":[{"embeddable":true,"href":"https:\/\/www.karaisali.bel.tr\/index.php?rest_route=\/wp\/v2\/users\/10"}],"replies":[{"embeddable":true,"href":"https:\/\/www.karaisali.bel.tr\/index.php?rest_route=%2Fwp%2Fv2%2Fcomments&post=2534"}],"version-history":[{"count":0,"href":"https:\/\/www.karaisali.bel.tr\/index.php?rest_route=\/wp\/v2\/pages\/2534\/revisions"}],"up":[{"embeddable":true,"href":"https:\/\/www.karaisali.bel.tr\/index.php?rest_route=\/wp\/v2\/pages\/1499"}],"wp:attachment":[{"href":"https:\/\/www.karaisali.bel.tr\/index.php?rest_route=%2Fwp%2Fv2%2Fmedia&parent=2534"}],"curies":[{"name":"wp","href":"https:\/\/api.w.org\/{rel}","templated":true}]}}