{"id":2473,"date":"2016-07-27T09:06:36","date_gmt":"2016-07-27T06:06:36","guid":{"rendered":"https:\/\/www.karaisali.bel.tr\/?page_id=2473"},"modified":"2019-01-15T19:27:47","modified_gmt":"2019-01-15T16:27:47","slug":"imar-ve-sehircilik-komisyon-raporlari","status":"publish","type":"page","link":"https:\/\/www.karaisali.bel.tr\/?page_id=2473","title":{"rendered":"\u0130mar ve \u015eehircilik Komisyon Raporlar\u0131"},"content":{"rendered":"<ul>\n<li><a href=\"https:\/\/www.karaisali.bel.tr\/wp-content\/uploads\/2019\/01\/1-Nolu-Imar-ve-Sehir-Kom-Raporu-Plan-Notlari.docx\">1 Nolu Imar ve Sehir Kom Raporu <\/a><\/li>\n<\/ul>\n","protected":false},"excerpt":{"rendered":"<p>1 Nolu Imar ve Sehir Kom Raporu<\/p>\n","protected":false},"author":10,"featured_media":0,"parent":2284,"menu_order":0,"comment_status":"closed","ping_status":"closed","template":"","meta":{"footnotes":""},"class_list":["post-2473","page","type-page","status-publish","hentry"],"_links":{"self":[{"href":"https:\/\/www.karaisali.bel.tr\/index.php?rest_route=\/wp\/v2\/pages\/2473","targetHints":{"allow":["GET"]}}],"collection":[{"href":"https:\/\/www.karaisali.bel.tr\/index.php?rest_route=\/wp\/v2\/pages"}],"about":[{"href":"https:\/\/www.karaisali.bel.tr\/index.php?rest_route=\/wp\/v2\/types\/page"}],"author":[{"embeddable":true,"href":"https:\/\/www.karaisali.bel.tr\/index.php?rest_route=\/wp\/v2\/users\/10"}],"replies":[{"embeddable":true,"href":"https:\/\/www.karaisali.bel.tr\/index.php?rest_route=%2Fwp%2Fv2%2Fcomments&post=2473"}],"version-history":[{"count":0,"href":"https:\/\/www.karaisali.bel.tr\/index.php?rest_route=\/wp\/v2\/pages\/2473\/revisions"}],"up":[{"embeddable":true,"href":"https:\/\/www.karaisali.bel.tr\/index.php?rest_route=\/wp\/v2\/pages\/2284"}],"wp:attachment":[{"href":"https:\/\/www.karaisali.bel.tr\/index.php?rest_route=%2Fwp%2Fv2%2Fmedia&parent=2473"}],"curies":[{"name":"wp","href":"https:\/\/api.w.org\/{rel}","templated":true}]}}