{"id":231,"date":"2015-07-27T15:43:09","date_gmt":"2015-07-27T12:43:09","guid":{"rendered":"http:\/\/www.karaisali.bel.tr\/?page_id=231"},"modified":"2024-04-18T09:38:12","modified_gmt":"2024-04-18T06:38:12","slug":"ozgecmis","status":"publish","type":"page","link":"https:\/\/www.karaisali.bel.tr\/?page_id=231","title":{"rendered":"\u00d6zge\u00e7mi\u015f"},"content":{"rendered":"<h3 style=\"text-align: left;\">BEK\u0130R \u015e\u0130M\u015eEK<br \/>\nKARA\u0130SALI BELED\u0130YE BA\u015eKANI<\/h3>\n<p><img loading=\"lazy\" decoding=\"async\" class=\"img-responsive alignnone wp-image-328\" src=\"https:\/\/www.karaisali.bel.tr\/wp-content\/uploads\/2024\/04\/belediye-baskanimiz-bekir-simsek.jpg\" alt=\"Bekir \u015e\u0130M\u015eEK\" width=\"1000\" height=\"562\" \/><\/p>\n<h3 style=\"text-align: justify;\">1976 y\u0131l\u0131nda Karaisal\u0131&#8217;n\u0131n K\u0131r\u0131kl\u0131 K\u00f6y\u00fc&#8217;nde do\u011fdum. Halen Karaisal\u0131&#8217;da ikamet etmekteyim. E\u011fitim hayat\u0131ma K\u0131r\u0131kl\u0131 K\u00f6y\u00fc \u0130lkokulu&#8217;nda ba\u015flad\u0131m ve ard\u0131ndan Adana Atat\u00fcrk Ortaokulu ve Adana Mehmet Kemal Tuncel Lisesi&#8217;nde e\u011fitimimi tamamlad\u0131m. \u00dcniversite e\u011fitimimi ise Eski\u015fehir Anadolu \u00dcniversitesi \u0130ktisadi ve \u0130dari Bilimler Fak\u00fcltesi&#8217;nde \u0130\u015fletme alan\u0131nda ald\u0131m.<br \/>\nKurumsal deneyimim ise \u015fu \u015fekildedir: 2008-2012 y\u0131llar\u0131 aras\u0131nda K\u0131r\u0131kl\u0131 2920 Say\u0131l\u0131 Tar\u0131m Kredi Kooperatifi&#8217;nde Y\u00f6netim Kurulu Ba\u015fkanl\u0131\u011f\u0131, 2012-2016 y\u0131llar\u0131 aras\u0131nda \u00c7atalan Sulama Birli\u011fi&#8217;nde Y\u00f6netim Kurulu Ba\u015fkanl\u0131\u011f\u0131 ve 2014-2015 y\u0131llar\u0131 aras\u0131nda KARG\u0130DER Karaisal\u0131 Giri\u015fimcileri Destekleme Derne\u011fi&#8217;nde Ba\u015fkanl\u0131k g\u00f6revlerinde bulundum.<br \/>\nSiyasi ge\u00e7mi\u015fim ise \u015fu \u015fekildedir: 2000-2002 y\u0131llar\u0131 aras\u0131nda Karaisal\u0131 \u00dclk\u00fc Ocaklar\u0131&#8217;nda Ba\u015fkanl\u0131k yapt\u0131m. Sonras\u0131nda 2004-2012 y\u0131llar\u0131 aras\u0131nda Seyhan MHP \u0130l\u00e7e Ba\u015fkan Yard\u0131mc\u0131l\u0131\u011f\u0131 g\u00f6revini \u00fcstlendim. 2014 y\u0131l\u0131nda Karaisal\u0131 Meclis \u00dcyesi aday\u0131 oldum. Daha sonra 2015-2018 y\u0131llar\u0131 aras\u0131nda MHP Adana \u0130l Ba\u015fkan Yard\u0131mc\u0131l\u0131\u011f\u0131 g\u00f6revini \u00fcstlendim. 2019 y\u0131l\u0131nda ise Karaisal\u0131 Belediye Ba\u015fkan Aday Aday\u0131 oldum. Ayr\u0131ca, 18 Mart 2018&#8217;de MHP Genel Kongresi \u00dcst Kurul Delegesi olarak g\u00f6rev ald\u0131m. Bu s\u00fcre\u00e7te, te\u015fkilat\u0131m\u0131n ve genel ba\u015fkan\u0131m Dr. Devlet BAH\u00c7EL\u0130&#8217;nin emrinde, siyasi hayat\u0131m\u0131 devam ettirme ve hizmet etme \u015ferefine eri\u015ftim.<br \/>\n31 Mart 2024 tarihinde yap\u0131lan Mahalli \u0130dareler Se\u00e7imlerinde Genel Ba\u015fkan\u0131m\u0131z, Bilge Liderimiz Say\u0131n Dr. Devlet BAH\u00c7EL\u0130\u2019nin tensipleriyle Milliyet\u00e7i Hareket Partisi Karaisal\u0131 Belediye Ba\u015fkan Aday\u0131 olarak g\u00f6sterildim ve se\u00e7im sonucunda mazbatam\u0131 ald\u0131m. Karaisal\u0131 belediye ba\u015fkan\u0131 olarak g\u00f6revime devam ediyorum.<\/h3>\n","protected":false},"excerpt":{"rendered":"<p>BEK\u0130R \u015e\u0130M\u015eEK KARA\u0130SALI BELED\u0130YE BA\u015eKANI 1976 y\u0131l\u0131nda Karaisal\u0131&#8217;n\u0131n K\u0131r\u0131kl\u0131 K\u00f6y\u00fc&#8217;nde do\u011fdum. Halen Karaisal\u0131&#8217;da ikamet etmekteyim. E\u011fitim hayat\u0131ma K\u0131r\u0131kl\u0131 K\u00f6y\u00fc \u0130lkokulu&#8217;nda ba\u015flad\u0131m ve ard\u0131ndan Adana Atat\u00fcrk Ortaokulu ve Adana Mehmet Kemal Tuncel Lisesi&#8217;nde e\u011fitimimi tamamlad\u0131m. \u00dcniversite e\u011fitimimi ise Eski\u015fehir Anadolu \u00dcniversitesi \u0130ktisadi ve \u0130dari Bilimler Fak\u00fcltesi&#8217;nde \u0130\u015fletme alan\u0131nda ald\u0131m. Kurumsal deneyimim ise \u015fu \u015fekildedir: 2008-2012 y\u0131llar\u0131 [&hellip;]<\/p>\n","protected":false},"author":10,"featured_media":328,"parent":45,"menu_order":0,"comment_status":"closed","ping_status":"closed","template":"","meta":{"footnotes":""},"class_list":["post-231","page","type-page","status-publish","has-post-thumbnail","hentry"],"_links":{"self":[{"href":"https:\/\/www.karaisali.bel.tr\/index.php?rest_route=\/wp\/v2\/pages\/231","targetHints":{"allow":["GET"]}}],"collection":[{"href":"https:\/\/www.karaisali.bel.tr\/index.php?rest_route=\/wp\/v2\/pages"}],"about":[{"href":"https:\/\/www.karaisali.bel.tr\/index.php?rest_route=\/wp\/v2\/types\/page"}],"author":[{"embeddable":true,"href":"https:\/\/www.karaisali.bel.tr\/index.php?rest_route=\/wp\/v2\/users\/10"}],"replies":[{"embeddable":true,"href":"https:\/\/www.karaisali.bel.tr\/index.php?rest_route=%2Fwp%2Fv2%2Fcomments&post=231"}],"version-history":[{"count":4,"href":"https:\/\/www.karaisali.bel.tr\/index.php?rest_route=\/wp\/v2\/pages\/231\/revisions"}],"predecessor-version":[{"id":11255,"href":"https:\/\/www.karaisali.bel.tr\/index.php?rest_route=\/wp\/v2\/pages\/231\/revisions\/11255"}],"up":[{"embeddable":true,"href":"https:\/\/www.karaisali.bel.tr\/index.php?rest_route=\/wp\/v2\/pages\/45"}],"wp:featuredmedia":[{"embeddable":true,"href":"https:\/\/www.karaisali.bel.tr\/index.php?rest_route=\/wp\/v2\/media\/328"}],"wp:attachment":[{"href":"https:\/\/www.karaisali.bel.tr\/index.php?rest_route=%2Fwp%2Fv2%2Fmedia&parent=231"}],"curies":[{"name":"wp","href":"https:\/\/api.w.org\/{rel}","templated":true}]}}