{"id":2284,"date":"2016-06-10T11:11:26","date_gmt":"2016-06-10T08:11:26","guid":{"rendered":"https:\/\/www.karaisali.bel.tr\/?page_id=2284"},"modified":"2016-07-27T09:19:58","modified_gmt":"2016-07-27T06:19:58","slug":"komisyon-raporlari","status":"publish","type":"page","link":"https:\/\/www.karaisali.bel.tr\/?page_id=2284","title":{"rendered":"Komisyon Raporlar\u0131"},"content":{"rendered":"<table>\n<tbody>\n<tr>\n<td style=\"width: 800px;\">KOM\u0130SYON RAPORLARI<\/td>\n<\/tr>\n<tr>\n<td><ul id=\"sayfaListesi\"><li class=\"page_item page-item-2471\"><a href=\"https:\/\/www.karaisali.bel.tr\/?page_id=2471\">Plan B\u00fct\u00e7e Komisyon Raporlar\u0131<\/a><\/li>\n<li class=\"page_item page-item-2473\"><a href=\"https:\/\/www.karaisali.bel.tr\/?page_id=2473\">\u0130mar ve \u015eehircilik Komisyon Raporlar\u0131<\/a><\/li>\n<li class=\"page_item page-item-2475\"><a href=\"https:\/\/www.karaisali.bel.tr\/?page_id=2475\">Tar\u0131m Orman ve Mahalle Komisyon Raporlar\u0131<\/a><\/li>\n<li class=\"page_item page-item-2477\"><a href=\"https:\/\/www.karaisali.bel.tr\/?page_id=2477\">E\u011fitim K\u00fclt\u00fcr Gen\u00e7lik ve Spor Komisyonu<\/a><\/li>\n<li class=\"page_item page-item-2479\"><a href=\"https:\/\/www.karaisali.bel.tr\/?page_id=2479\">\u00c7evre ve Sa\u011fl\u0131k Komisyon Raporlar\u0131<\/a><\/li>\n<\/ul><\/td>\n<\/tr>\n<\/tbody>\n<\/table>\n","protected":false},"excerpt":{"rendered":"<p>KOM\u0130SYON RAPORLARI<\/p>\n","protected":false},"author":10,"featured_media":0,"parent":0,"menu_order":0,"comment_status":"closed","ping_status":"closed","template":"","meta":{"footnotes":""},"class_list":["post-2284","page","type-page","status-publish","hentry"],"_links":{"self":[{"href":"https:\/\/www.karaisali.bel.tr\/index.php?rest_route=\/wp\/v2\/pages\/2284","targetHints":{"allow":["GET"]}}],"collection":[{"href":"https:\/\/www.karaisali.bel.tr\/index.php?rest_route=\/wp\/v2\/pages"}],"about":[{"href":"https:\/\/www.karaisali.bel.tr\/index.php?rest_route=\/wp\/v2\/types\/page"}],"author":[{"embeddable":true,"href":"https:\/\/www.karaisali.bel.tr\/index.php?rest_route=\/wp\/v2\/users\/10"}],"replies":[{"embeddable":true,"href":"https:\/\/www.karaisali.bel.tr\/index.php?rest_route=%2Fwp%2Fv2%2Fcomments&post=2284"}],"version-history":[{"count":0,"href":"https:\/\/www.karaisali.bel.tr\/index.php?rest_route=\/wp\/v2\/pages\/2284\/revisions"}],"wp:attachment":[{"href":"https:\/\/www.karaisali.bel.tr\/index.php?rest_route=%2Fwp%2Fv2%2Fmedia&parent=2284"}],"curies":[{"name":"wp","href":"https:\/\/api.w.org\/{rel}","templated":true}]}}