{"id":2279,"date":"2016-06-10T10:55:15","date_gmt":"2016-06-10T07:55:15","guid":{"rendered":"https:\/\/www.karaisali.bel.tr\/?page_id=2279"},"modified":"2016-06-10T11:03:34","modified_gmt":"2016-06-10T08:03:34","slug":"haziran-2016-meclis-kararlari","status":"publish","type":"page","link":"https:\/\/www.karaisali.bel.tr\/?page_id=2279","title":{"rendered":"Haziran 2016 Meclis Kararlar\u0131"},"content":{"rendered":"<table>\n<tbody>\n<tr>\n<td>KARAR 47<\/td>\n<\/tr>\n<tr>\n<td>G\u00fcndemde bulunan madde gere\u011fi Belediyemiz Fen \u0130\u015fleri M\u00fcd\u00fcrl\u00fc\u011f\u00fcn\u00fcn 27\/05\/2016 tarih ve 623 say\u0131l\u0131 yaz\u0131lar\u0131 ile 3194 Say\u0131l\u0131 imar Kanununun 18. Maddesine g\u00f6re yap\u0131lan uygulama sonucunda Belediyemiz ile m\u00fc\u015fterek hisseli olan kurum, \u015fah\u0131s ve ki\u015filere terkin sat\u0131\u015f\u0131 yapmak \u00fczere m2 birim fiyat\u0131n\u0131n belirlenmesi ve sat\u0131\u015f i\u015flemleri i\u00e7in Belediye Ba\u015fkan\u0131 Saadettin ASLAN\u2019 a yetki verilmesi ile ilgili teklif okundu. Teklif hakk\u0131nda s\u00f6z isteyen olup, olmad\u0131\u011f\u0131 soruldu. Rifat K\u00d6RO\u011eLU  s\u00f6z ald\u0131. Arkada\u015flar teklifin \u0130mar ve \u015eehircilik komisyonu ba\u015fkanl\u0131\u011f\u0131nda m\u00fc\u015fterek komisyona havale edilmesini teklif ediyorum. Dedi. Teklif  oylamaya sunuldu. Yap\u0131lan oylama neticesinde kabul\u00fcne oy birli\u011fi ile karar verildi.\n<\/td>\n<\/tr>\n<tr>\n<td>KARAR 48<\/td>\n<\/tr>\n<tr>\n<td>G\u00fcndem d\u0131\u015f\u0131 g\u00fcndeme al\u0131nan madde gere\u011fi; \u00dcyelerden Mustafa EK\u0130C\u0130\u2019nin sunmu\u015f oldu\u011fu g\u00fcndem d\u0131\u015f\u0131 g\u00fcndeme al\u0131nan teklifinin g\u00f6r\u00fc\u015f\u00fclmesine ge\u00e7ildi. Teklifte aynen \u201cMeclisimize ilk gelen tasar\u0131 planda 15 metre ve \u00fczeri yollardan cephe olan parsellerin yap\u0131 nizami 5 kat iken 4 kata d\u00fc\u015f\u00fcr\u00fclm\u00fc\u015ft\u00fcr. Yap\u0131 nizaminin tekrar eski tasar\u0131da oldu\u011fu gibi 15 metre ve \u00fczeri yollarda cephe olan parsellere yap\u0131 nizami zemin +4 kat (Toplamda 5 kat) olarak d\u00fczeltilmesini  teklifi ediyorum dedi. Teklif hakk\u0131nda s\u00f6z isteyen olup, olmad\u0131\u011f\u0131 soruldu. \u00dcyelerden Rifat K\u00d6RO\u011eLU s\u00f6z ald\u0131. Arkada\u015flar teklifin  \u0130mar ve \u015eehircilik komisyonu ba\u015fkanl\u0131\u011f\u0131nda m\u00fc\u015fterek komisyonda g\u00f6r\u00fc\u015f\u00fclmek \u00fczere havalesini teklif ediyorum. Dedi. Teklif oylamaya sunuldu. Yap\u0131lan oylama neticesinde teklifin kabul\u00fcne oy birli\u011fi ile karar verildi.\n<\/td>\n<\/tr>\n<tr>\n<td>KARAR 49<\/td>\n<\/tr>\n<tr>\n<td>G\u00fcndemde bulunan madde gere\u011fi ; Belediyemiz \u0130mar \u015eehircilik ve M\u00fc\u015fterek komisyonunun 03\/06\/2016 tarih ve 4 nolu karar\u0131n\u0131n g\u00f6r\u00fc\u015f\u00fclmesine ge\u00e7ildi. Komisyon raporunda aynen  Belediyemiz \u0130mar \u015eehircilik  ve M\u00fc\u015fterek Komisyonu, Belediyemiz Meclisinin 01\/06\/2016 tarih ve 47 say\u0131l\u0131 Karar\u0131 ile komisyonumuza havale edilen ;  3194 Say\u0131l\u0131 \u0130mar Kanununun 18. Maddesi uygulamas\u0131 sonucunda  Belediyemiz ile m\u00fc\u015fterek olan ta\u015f\u0131nmazlar\u0131n terkin sat\u0131\u015flar\u0131na esas olmak \u00fczere m2 birim de\u011ferinin belirlenmesi ile ilgili teklifin  g\u00f6r\u00fc\u015f\u00fclmesine ge\u00e7ildi. Belediyemizce yap\u0131lan imar plan\u0131nda 3194 Say\u0131l\u0131 \u0130mar Kanununun 18. Maddesi uygulamas\u0131 sonucunda  Belediyemiz ile m\u00fc\u015fterek olan ta\u015f\u0131nmazlar\u0131n terkin sat\u0131\u015flar\u0131na esas olmak \u00fczere m2 birim de\u011ferinin emlak rai\u00e7 de\u011ferinden a\u015fa\u011f\u0131 olmamak \u00fczere sat\u0131\u015f g\u00fcn\u00fcne esas piyasa ara\u015ft\u0131rmas\u0131 yap\u0131larak belediyemiz enc\u00fcmenince terkin yap\u0131lmas\u0131na oy birli\u011fi ile karar verilmi\u015f olup,  Belediyemiz Meclisine sunulmas\u0131na oy birli\u011fi ile karar verildi. Denilmekte olup, komisyon raporu hakk\u0131nda s\u00f6z isteyen olup, olmad\u0131\u011f\u0131 soruldu. \u00dcyelerden Rifat K\u00d6RO\u011eLU s\u00f6z ald\u0131. Arkada\u015flar komisyon raporunun komisyondan geldi\u011fi gibi kabul edilmesini teklif ediyorum. Dedi. Teklif oylamaya sunuldu. Yap\u0131lan oylama neticesinde kabul\u00fcne oy birli\u011fi ile karar verildi.\n<\/td>\n<\/tr>\n<tr>\n<td>KARAR 50<\/td>\n<\/tr>\n<tr>\n<td>G\u00fcndemde bulunan madde gere\u011fi ; Belediyemiz imar ve \u015fehircilik m\u00fc\u015fterek komisyonunun 03\/06\/2016 tarih ve 5 nolu komisyon raporunun g\u00f6r\u00fc\u015f\u00fclmesine ge\u00e7ildi. Komisyon raporunda aynen \u201cBelediyemiz \u0130mar \u015eehircilik  ve M\u00fc\u015fterek Komisyonu, Belediyemiz Meclisinin 01\/06\/2016 tarih ve 48 say\u0131l\u0131 Karar\u0131 ile komisyonumuza havale edilen ;  kat art\u0131r\u0131m\u0131 ile ilgili teklifte \u201cMeclisimize ilk gelen tasar\u0131 planda 15 metre ve \u00fczeri yollardan cephe olan parsellerin yap\u0131 nizami 5 kat iken 4 kata d\u00fc\u015f\u00fcr\u00fclm\u00fc\u015ft\u00fcr. Yap\u0131 nizaminin tekrar eski tasar\u0131da oldu\u011fu gibi 15 metre ve \u00fczeri yollarda cephe olan parsellere yap\u0131 nizami zemin +4 kat (Toplamda 5 kat) olarak d\u00fczeltilmesini  teklifi ediyorum  denilmekte olup, Komisyonumuzca yap\u0131lan de\u011ferlendirme sonucunda, yap\u0131lan dilek\u00e7eli teklifin plan, proje vb. eklerinin eksik oldu\u011fundan dolay\u0131 teklifin reddine oy birli\u011fi ile karar verilmi\u015f olup, Belediyemiz Meclisine sunulmas\u0131na oy birli\u011fi ile karar verildi.\u201d Denilmekte olup, okunan komisyon raporu hakk\u0131nda s\u00f6z isteyen olup, olmad\u0131\u011f\u0131 soruldu. \u00dcyelerden Rifat K\u00d6RO\u011eLU s\u00f6z ald\u0131.Arkada\u015flar komisyon raporunun komisyondan geldi\u011fi gibi kabul edilmesini teklif ediyorum. Dedi. Teklif oylamaya sunuldu. Yap\u0131lan oylama neticesinde teklifin kabul\u00fcne oy birli\u011fi ile karar verildi.\n<\/td>\n<\/tr>\n<tr>\n<td>KARAR 51<\/td>\n<\/tr>\n<tr>\n<td>G\u00fcndemde bulunan madde gere\u011fi ; Belediyemiz Yaz\u0131 \u0130\u015fleri M\u00fcd\u00fcrl\u00fc\u011f\u00fcn\u00fcn 02\/06\/2016 tarih ve 288 say\u0131l\u0131 yaz\u0131lar\u0131nda Belediyemiz ile karde\u015f \u015fehir olunan Karada\u011f Berane Belediyesi ve di\u011fer \u00fclkelerin belediyeleri ile turizm, \u00e7evre, altyap\u0131, k\u00fclt\u00fcrel ve tarihsel doku vb. konularda kar\u015f\u0131l\u0131kl\u0131 fikir al\u0131\u015fveri\u015finde bulunmak ve yerel y\u00f6netimler olarak bilgi ve deneyimleri artt\u0131rarak ortak projeler \u00fcretmek amac\u0131yla yurtd\u0131\u015f\u0131na teknik ve inceleme gezisi yap\u0131lmas\u0131 d\u00fc\u015f\u00fcn\u00fclmektedir.<br \/>\n\tBu nedenle;  Belediyemiz Meclis \u00dcyeleri ile makam\u0131n uygun g\u00f6rece\u011fi b\u00fcrokratlar\u0131n idarece belirlenecek d\u0131\u015f \u00fclkelere teknik ve inceleme gezisi yapmak \u00fczere gidip gelmeleri ile gidi\u015f geli\u015fleri esnas\u0131nda ula\u015f\u0131m ve konaklama bedellerinin Belediyemizden kar\u015f\u0131lanmas\u0131 ve bundan sonra yurt d\u0131\u015f\u0131na yap\u0131lacak olan tetkik ve inceleme gezilerine Belediye Ba\u015fkan\u0131n\u0131n onay\u0131 ile gidilebilmesi hususunda gerekli meclis karar\u0131n\u0131n al\u0131nmas\u0131 hususunda,Meclise havalesini arz ederim.. Dinelmekte olup, teklif hakk\u0131nda s\u00f6z isteyen olup, olmad\u0131\u011f\u0131 soruldu. \u00dcyelerden Rifat K\u00d6RO\u011eLU s\u00f6z ald\u0131. Arkada\u015flar okunan teklifin m\u00fcd\u00fcrl\u00fc\u011f\u00fcnden geldi\u011fi gibi kabul edilmesini teklif ediyorum. Dedi. Teklif oylamaya sunuldu. Yap\u0131lan oylama neticesinde teklifin  kabul\u00fcne oy birli\u011fi ile karar verildi.\n<\/td>\n<\/tr>\n<\/tbody>\n<\/table>\n","protected":false},"excerpt":{"rendered":"<p>KARAR 47 G\u00fcndemde bulunan madde gere\u011fi Belediyemiz Fen \u0130\u015fleri M\u00fcd\u00fcrl\u00fc\u011f\u00fcn\u00fcn 27\/05\/2016 tarih ve 623 say\u0131l\u0131 yaz\u0131lar\u0131 ile 3194 Say\u0131l\u0131 imar Kanununun 18. Maddesine g\u00f6re yap\u0131lan uygulama sonucunda Belediyemiz ile m\u00fc\u015fterek hisseli olan kurum, \u015fah\u0131s ve ki\u015filere terkin sat\u0131\u015f\u0131 yapmak \u00fczere m2 birim fiyat\u0131n\u0131n belirlenmesi ve sat\u0131\u015f i\u015flemleri i\u00e7in Belediye Ba\u015fkan\u0131 Saadettin ASLAN\u2019 a yetki verilmesi [&hellip;]<\/p>\n","protected":false},"author":10,"featured_media":0,"parent":1499,"menu_order":201606,"comment_status":"closed","ping_status":"closed","template":"","meta":{"footnotes":""},"class_list":["post-2279","page","type-page","status-publish","hentry"],"_links":{"self":[{"href":"https:\/\/www.karaisali.bel.tr\/index.php?rest_route=\/wp\/v2\/pages\/2279","targetHints":{"allow":["GET"]}}],"collection":[{"href":"https:\/\/www.karaisali.bel.tr\/index.php?rest_route=\/wp\/v2\/pages"}],"about":[{"href":"https:\/\/www.karaisali.bel.tr\/index.php?rest_route=\/wp\/v2\/types\/page"}],"author":[{"embeddable":true,"href":"https:\/\/www.karaisali.bel.tr\/index.php?rest_route=\/wp\/v2\/users\/10"}],"replies":[{"embeddable":true,"href":"https:\/\/www.karaisali.bel.tr\/index.php?rest_route=%2Fwp%2Fv2%2Fcomments&post=2279"}],"version-history":[{"count":0,"href":"https:\/\/www.karaisali.bel.tr\/index.php?rest_route=\/wp\/v2\/pages\/2279\/revisions"}],"up":[{"embeddable":true,"href":"https:\/\/www.karaisali.bel.tr\/index.php?rest_route=\/wp\/v2\/pages\/1499"}],"wp:attachment":[{"href":"https:\/\/www.karaisali.bel.tr\/index.php?rest_route=%2Fwp%2Fv2%2Fmedia&parent=2279"}],"curies":[{"name":"wp","href":"https:\/\/api.w.org\/{rel}","templated":true}]}}